{"id":683,"date":"2024-05-01T09:08:20","date_gmt":"2024-05-01T07:08:20","guid":{"rendered":"https:\/\/demkohome.pl\/produkt\/szafka-kuchenna-dolna-80-cm-vanessa\/"},"modified":"2026-04-24T15:16:57","modified_gmt":"2026-04-24T13:16:57","slug":"szafka-kuchenna-dolna-80-cm-vanessa","status":"publish","type":"product","link":"https:\/\/demkohome.pl\/en\/product\/szafka-kuchenna-dolna-80-cm-vanessa\/","title":{"rendered":"Vanessa standing kitchen cabinet 80 cm"},"content":{"rendered":"<div style=\"font-family: 'Noto Sans', sans-serif; font-size: 17px;\">\n<h2>Standing kitchen cabinet 80 cm from the Vanessa collection - a solution tailored to your needs<\/h2>\n<p>A properly designed kitchen combines functionality and timeless aesthetics. Its furnishings must be thought through to even the smallest detail. In response to your needs, we have created the Vanessa furniture collection. In it you will find the offered standing kitchen cabinet with a width of 80 cm. It was constructed in such a way as to allow you to place a sink in it. In its space you can easily fit plumbing components.<\/p>\n<h3>Lower kitchen cabinet 80 cm, thanks to which you will organize the interior<\/h3>\n<p>Standing cabinets allow you to conveniently prepare meals, but not only. The 80 cm kitchen cabinet we offer also provides plenty of storage space. You can hide kitchen accessories in it or, like most users, plan a place for a trashcan in it. The furniture prepared by us looks great both in spacious interiors and in those where every centimeter matters.<\/p>\n<h3>Modern white standing kitchen cabinet 80 cm - a must for a stylish kitchen<\/h3>\n<p>The proposed kitchen cabinet is part of our Vanessa collection. It allows you to furnish your kitchen in a minimalist, yet eye-catching way. Simple shapes and perfectly smooth surfaces perfectly match the latest trends. Standing kitchen cabinet 80 cm in the color of oak sonoma is equipped with two white fronts. The gloss adds elegance to them, while optically enlarging the space. For your convenience, we placed two symmetrically placed handles on the doors. The standing cabinet will perfectly complement the minimalist arrangement. Interestingly, it will look equally impressive in a classic interior.<\/p>\n<h3>Details that are hard to take your eyes off of<\/h3>\n<p>The offered standing kitchen cabinet 80 cm is a design that combines functionality and timeless aesthetics. In production we use proven, high-quality materials that guarantee the above-average quality of the furniture. We took care of every detail, so you can be sure that the presented cabinet will stay with you for a long time. See for yourself that arranging a designer and practical interior can be easy. Bet on Okmed Furniture!<\/p>\n<\/div>","protected":false},"excerpt":{"rendered":"<p>Stoj\u0105ca szafka kuchenna 80 cm z kolekcji Vanessa \u2014 rozwi\u0105zanie dopasowane do Twoich potrzeb Prawid\u0142owo zaprojektowana kuchnia \u0142\u0105czy w sobie (&#8230;)<\/p>","protected":false},"featured_media":10631,"comment_status":"open","ping_status":"closed","template":"","meta":{"_acf_changed":false,"inline_featured_image":false},"product_brand":[],"product_cat":[528,140,65,137,139,106,107,116],"product_tag":[],"class_list":{"0":"post-683","1":"product","2":"type-product","3":"status-publish","4":"has-post-thumbnail","6":"product_cat-black-friday","7":"product_cat-kuchnia","8":"product_cat-meble-kuchenne","9":"product_cat-meble-systemowe","10":"product_cat-pomieszczenia","11":"product_cat-szafki-kuchenne","12":"product_cat-szafki-kuchenne-stojace","13":"product_cat-vanessa","14":"product_shipping_class-przesylka-dpd-15-pln","15":"collection-vanessa","17":"first","18":"outofstock","19":"shipping-taxable","20":"purchasable","21":"product-type-simple"},"acf":[],"yoast_head":"<!-- This site is optimized with the Yoast SEO plugin v27.4 - https:\/\/yoast.com\/product\/yoast-seo-wordpress\/ -->\n<title>Szafka kuchenna dolna 80 cm - bia\u0142y akryl\/d\u0105b sonoma | VANESSA | OKMED<\/title>\n<meta name=\"robots\" content=\"index, follow, max-snippet:-1, max-image-preview:large, max-video-preview:-1\" \/>\n<link rel=\"canonical\" href=\"https:\/\/demkohome.pl\/en\/product\/szafka-kuchenna-dolna-80-cm-vanessa\/\" \/>\n<meta property=\"og:locale\" content=\"en_US\" \/>\n<meta property=\"og:type\" content=\"article\" \/>\n<meta property=\"og:title\" content=\"Szafka kuchenna dolna 80 cm - bia\u0142y akryl\/d\u0105b sonoma | VANESSA | OKMED\" \/>\n<meta property=\"og:description\" content=\"Stoj\u0105ca szafka kuchenna 80 cm z kolekcji Vanessa \u2014 rozwi\u0105zanie dopasowane do Twoich potrzeb Prawid\u0142owo zaprojektowana kuchnia \u0142\u0105czy w sobie (...)\" \/>\n<meta property=\"og:url\" content=\"https:\/\/demkohome.pl\/en\/product\/szafka-kuchenna-dolna-80-cm-vanessa\/\" \/>\n<meta property=\"og:site_name\" content=\"Demko Home\" \/>\n<meta property=\"article:modified_time\" content=\"2026-04-24T13:16:57+00:00\" \/>\n<meta property=\"og:image\" content=\"https:\/\/demkohome.pl\/wp-content\/uploads\/2024\/05\/Kuchenna-szafka-stojaca-80-cm-Vanessa-od-Demko-Home-Meble-Okmed-kolor-bialy-dab-sonoma.jpg\" \/>\n\t<meta property=\"og:image:width\" content=\"1024\" \/>\n\t<meta property=\"og:image:height\" content=\"1024\" \/>\n\t<meta property=\"og:image:type\" content=\"image\/jpeg\" \/>\n<meta name=\"twitter:card\" content=\"summary_large_image\" \/>\n<meta name=\"twitter:label1\" content=\"Est. reading time\" \/>\n\t<meta name=\"twitter:data1\" content=\"3 minutes\" \/>\n<script type=\"application\/ld+json\" class=\"yoast-schema-graph\">{\"@context\":\"https:\\\/\\\/schema.org\",\"@graph\":[{\"@type\":\"WebPage\",\"@id\":\"https:\\\/\\\/demkohome.pl\\\/produkt\\\/szafka-kuchenna-dolna-80-cm-vanessa\\\/\",\"url\":\"https:\\\/\\\/demkohome.pl\\\/produkt\\\/szafka-kuchenna-dolna-80-cm-vanessa\\\/\",\"name\":\"Szafka kuchenna dolna 80 cm - bia\u0142y akryl\\\/d\u0105b sonoma | VANESSA | OKMED\",\"isPartOf\":{\"@id\":\"https:\\\/\\\/demkohome.pl\\\/#website\"},\"primaryImageOfPage\":{\"@id\":\"https:\\\/\\\/demkohome.pl\\\/produkt\\\/szafka-kuchenna-dolna-80-cm-vanessa\\\/#primaryimage\"},\"image\":{\"@id\":\"https:\\\/\\\/demkohome.pl\\\/produkt\\\/szafka-kuchenna-dolna-80-cm-vanessa\\\/#primaryimage\"},\"thumbnailUrl\":\"https:\\\/\\\/demkohome.pl\\\/wp-content\\\/uploads\\\/2024\\\/05\\\/Kuchenna-szafka-stojaca-80-cm-Vanessa-od-Demko-Home-Meble-Okmed-kolor-bialy-dab-sonoma.jpg\",\"datePublished\":\"2024-05-01T07:08:20+00:00\",\"dateModified\":\"2026-04-24T13:16:57+00:00\",\"breadcrumb\":{\"@id\":\"https:\\\/\\\/demkohome.pl\\\/produkt\\\/szafka-kuchenna-dolna-80-cm-vanessa\\\/#breadcrumb\"},\"inLanguage\":\"en-US\",\"potentialAction\":[{\"@type\":\"ReadAction\",\"target\":[\"https:\\\/\\\/demkohome.pl\\\/produkt\\\/szafka-kuchenna-dolna-80-cm-vanessa\\\/\"]}]},{\"@type\":\"ImageObject\",\"inLanguage\":\"en-US\",\"@id\":\"https:\\\/\\\/demkohome.pl\\\/produkt\\\/szafka-kuchenna-dolna-80-cm-vanessa\\\/#primaryimage\",\"url\":\"https:\\\/\\\/demkohome.pl\\\/wp-content\\\/uploads\\\/2024\\\/05\\\/Kuchenna-szafka-stojaca-80-cm-Vanessa-od-Demko-Home-Meble-Okmed-kolor-bialy-dab-sonoma.jpg\",\"contentUrl\":\"https:\\\/\\\/demkohome.pl\\\/wp-content\\\/uploads\\\/2024\\\/05\\\/Kuchenna-szafka-stojaca-80-cm-Vanessa-od-Demko-Home-Meble-Okmed-kolor-bialy-dab-sonoma.jpg\",\"width\":1024,\"height\":1024,\"caption\":\"Kuchenna szafka stoj\u0105ca 80 cm Vanessa od Demko Home Meble Okmed kolor bialy d\u0105b sonoma\"},{\"@type\":\"BreadcrumbList\",\"@id\":\"https:\\\/\\\/demkohome.pl\\\/produkt\\\/szafka-kuchenna-dolna-80-cm-vanessa\\\/#breadcrumb\",\"itemListElement\":[{\"@type\":\"ListItem\",\"position\":1,\"name\":\"Strona g\u0142\u00f3wna\",\"item\":\"https:\\\/\\\/demkohome.pl\\\/\"},{\"@type\":\"ListItem\",\"position\":2,\"name\":\"Sklep\",\"item\":\"https:\\\/\\\/demkohome.pl\\\/sklep\\\/\"},{\"@type\":\"ListItem\",\"position\":3,\"name\":\"Szafka kuchenna stoj\u0105ca 80 cm Vanessa\"}]},{\"@type\":\"WebSite\",\"@id\":\"https:\\\/\\\/demkohome.pl\\\/#website\",\"url\":\"https:\\\/\\\/demkohome.pl\\\/\",\"name\":\"Demko Home\",\"description\":\"Make it simple\",\"publisher\":{\"@id\":\"https:\\\/\\\/demkohome.pl\\\/#organization\"},\"potentialAction\":[{\"@type\":\"SearchAction\",\"target\":{\"@type\":\"EntryPoint\",\"urlTemplate\":\"https:\\\/\\\/demkohome.pl\\\/?s={search_term_string}\"},\"query-input\":{\"@type\":\"PropertyValueSpecification\",\"valueRequired\":true,\"valueName\":\"search_term_string\"}}],\"inLanguage\":\"en-US\"},{\"@type\":\"Organization\",\"@id\":\"https:\\\/\\\/demkohome.pl\\\/#organization\",\"name\":\"Demko Home\",\"url\":\"https:\\\/\\\/demkohome.pl\\\/\",\"logo\":{\"@type\":\"ImageObject\",\"inLanguage\":\"en-US\",\"@id\":\"https:\\\/\\\/demkohome.pl\\\/#\\\/schema\\\/logo\\\/image\\\/\",\"url\":\"https:\\\/\\\/demkohome.pl\\\/wp-content\\\/uploads\\\/2026\\\/03\\\/cropped-3.png\",\"contentUrl\":\"https:\\\/\\\/demkohome.pl\\\/wp-content\\\/uploads\\\/2026\\\/03\\\/cropped-3.png\",\"width\":250,\"height\":63,\"caption\":\"Demko Home\"},\"image\":{\"@id\":\"https:\\\/\\\/demkohome.pl\\\/#\\\/schema\\\/logo\\\/image\\\/\"}}]}<\/script>\n<!-- \/ Yoast SEO plugin. -->","yoast_head_json":{"title":"Szafka kuchenna dolna 80 cm - bia\u0142y akryl\/d\u0105b sonoma | VANESSA | OKMED","robots":{"index":"index","follow":"follow","max-snippet":"max-snippet:-1","max-image-preview":"max-image-preview:large","max-video-preview":"max-video-preview:-1"},"canonical":"https:\/\/demkohome.pl\/en\/product\/szafka-kuchenna-dolna-80-cm-vanessa\/","og_locale":"en_US","og_type":"article","og_title":"Szafka kuchenna dolna 80 cm - bia\u0142y akryl\/d\u0105b sonoma | VANESSA | OKMED","og_description":"Stoj\u0105ca szafka kuchenna 80 cm z kolekcji Vanessa \u2014 rozwi\u0105zanie dopasowane do Twoich potrzeb Prawid\u0142owo zaprojektowana kuchnia \u0142\u0105czy w sobie (...)","og_url":"https:\/\/demkohome.pl\/en\/product\/szafka-kuchenna-dolna-80-cm-vanessa\/","og_site_name":"Demko Home","article_modified_time":"2026-04-24T13:16:57+00:00","og_image":[{"width":1024,"height":1024,"url":"https:\/\/demkohome.pl\/wp-content\/uploads\/2024\/05\/Kuchenna-szafka-stojaca-80-cm-Vanessa-od-Demko-Home-Meble-Okmed-kolor-bialy-dab-sonoma.jpg","type":"image\/jpeg"}],"twitter_card":"summary_large_image","twitter_misc":{"Est. reading time":"3 minutes"},"schema":{"@context":"https:\/\/schema.org","@graph":[{"@type":"WebPage","@id":"https:\/\/demkohome.pl\/produkt\/szafka-kuchenna-dolna-80-cm-vanessa\/","url":"https:\/\/demkohome.pl\/produkt\/szafka-kuchenna-dolna-80-cm-vanessa\/","name":"Szafka kuchenna dolna 80 cm - bia\u0142y akryl\/d\u0105b sonoma | VANESSA | OKMED","isPartOf":{"@id":"https:\/\/demkohome.pl\/#website"},"primaryImageOfPage":{"@id":"https:\/\/demkohome.pl\/produkt\/szafka-kuchenna-dolna-80-cm-vanessa\/#primaryimage"},"image":{"@id":"https:\/\/demkohome.pl\/produkt\/szafka-kuchenna-dolna-80-cm-vanessa\/#primaryimage"},"thumbnailUrl":"https:\/\/demkohome.pl\/wp-content\/uploads\/2024\/05\/Kuchenna-szafka-stojaca-80-cm-Vanessa-od-Demko-Home-Meble-Okmed-kolor-bialy-dab-sonoma.jpg","datePublished":"2024-05-01T07:08:20+00:00","dateModified":"2026-04-24T13:16:57+00:00","breadcrumb":{"@id":"https:\/\/demkohome.pl\/produkt\/szafka-kuchenna-dolna-80-cm-vanessa\/#breadcrumb"},"inLanguage":"en-US","potentialAction":[{"@type":"ReadAction","target":["https:\/\/demkohome.pl\/produkt\/szafka-kuchenna-dolna-80-cm-vanessa\/"]}]},{"@type":"ImageObject","inLanguage":"en-US","@id":"https:\/\/demkohome.pl\/produkt\/szafka-kuchenna-dolna-80-cm-vanessa\/#primaryimage","url":"https:\/\/demkohome.pl\/wp-content\/uploads\/2024\/05\/Kuchenna-szafka-stojaca-80-cm-Vanessa-od-Demko-Home-Meble-Okmed-kolor-bialy-dab-sonoma.jpg","contentUrl":"https:\/\/demkohome.pl\/wp-content\/uploads\/2024\/05\/Kuchenna-szafka-stojaca-80-cm-Vanessa-od-Demko-Home-Meble-Okmed-kolor-bialy-dab-sonoma.jpg","width":1024,"height":1024,"caption":"Kuchenna szafka stoj\u0105ca 80 cm Vanessa od Demko Home Meble Okmed kolor bialy d\u0105b sonoma"},{"@type":"BreadcrumbList","@id":"https:\/\/demkohome.pl\/produkt\/szafka-kuchenna-dolna-80-cm-vanessa\/#breadcrumb","itemListElement":[{"@type":"ListItem","position":1,"name":"Strona g\u0142\u00f3wna","item":"https:\/\/demkohome.pl\/"},{"@type":"ListItem","position":2,"name":"Sklep","item":"https:\/\/demkohome.pl\/sklep\/"},{"@type":"ListItem","position":3,"name":"Szafka kuchenna stoj\u0105ca 80 cm Vanessa"}]},{"@type":"WebSite","@id":"https:\/\/demkohome.pl\/#website","url":"https:\/\/demkohome.pl\/","name":"Demko Home","description":"Make it simple","publisher":{"@id":"https:\/\/demkohome.pl\/#organization"},"potentialAction":[{"@type":"SearchAction","target":{"@type":"EntryPoint","urlTemplate":"https:\/\/demkohome.pl\/?s={search_term_string}"},"query-input":{"@type":"PropertyValueSpecification","valueRequired":true,"valueName":"search_term_string"}}],"inLanguage":"en-US"},{"@type":"Organization","@id":"https:\/\/demkohome.pl\/#organization","name":"Demko Home","url":"https:\/\/demkohome.pl\/","logo":{"@type":"ImageObject","inLanguage":"en-US","@id":"https:\/\/demkohome.pl\/#\/schema\/logo\/image\/","url":"https:\/\/demkohome.pl\/wp-content\/uploads\/2026\/03\/cropped-3.png","contentUrl":"https:\/\/demkohome.pl\/wp-content\/uploads\/2026\/03\/cropped-3.png","width":250,"height":63,"caption":"Demko Home"},"image":{"@id":"https:\/\/demkohome.pl\/#\/schema\/logo\/image\/"}}]}},"_links":{"self":[{"href":"https:\/\/demkohome.pl\/en\/wp-json\/wp\/v2\/product\/683","targetHints":{"allow":["GET"]}}],"collection":[{"href":"https:\/\/demkohome.pl\/en\/wp-json\/wp\/v2\/product"}],"about":[{"href":"https:\/\/demkohome.pl\/en\/wp-json\/wp\/v2\/types\/product"}],"replies":[{"embeddable":true,"href":"https:\/\/demkohome.pl\/en\/wp-json\/wp\/v2\/comments?post=683"}],"wp:featuredmedia":[{"embeddable":true,"href":"https:\/\/demkohome.pl\/en\/wp-json\/wp\/v2\/media\/10631"}],"wp:attachment":[{"href":"https:\/\/demkohome.pl\/en\/wp-json\/wp\/v2\/media?parent=683"}],"wp:term":[{"taxonomy":"product_brand","embeddable":true,"href":"https:\/\/demkohome.pl\/en\/wp-json\/wp\/v2\/product_brand?post=683"},{"taxonomy":"product_cat","embeddable":true,"href":"https:\/\/demkohome.pl\/en\/wp-json\/wp\/v2\/product_cat?post=683"},{"taxonomy":"product_tag","embeddable":true,"href":"https:\/\/demkohome.pl\/en\/wp-json\/wp\/v2\/product_tag?post=683"}],"curies":[{"name":"wp","href":"https:\/\/api.w.org\/{rel}","templated":true}]}}