{"id":688,"date":"2024-05-01T09:08:19","date_gmt":"2024-05-01T07:08:19","guid":{"rendered":"https:\/\/demkohome.pl\/produkt\/szafka-kuchenna-narozna-dolna-90x90-cm-vanessa\/"},"modified":"2026-04-15T03:21:44","modified_gmt":"2026-04-15T01:21:44","slug":"szafka-kuchenna-narozna-dolna-90x90-cm-vanessa","status":"publish","type":"product","link":"https:\/\/demkohome.pl\/en\/product\/szafka-kuchenna-narozna-dolna-90x90-cm-vanessa\/","title":{"rendered":"Vanessa standing corner kitchen cabinet 90 X 90cm"},"content":{"rendered":"<div style=\"font-family: 'Noto Sans', sans-serif; font-size: 17px;\">\n<h2>Kitchen cabinet 90 cm from the Vanessa collection - use every inch of space<\/h2>\n<p>Modern interior trends offer interesting solutions for both smaller and larger kitchens. One piece of equipment that will allow you to use the full potential of the room is the corner kitchen cabinet 90 cm from the Vanessa collection. It allows you to create the U- or L-shaped layout of your dreams in the kitchen. Ergonomically designed interior allows you to prepare meals comfortably and significantly speeds up the cleaning process!<\/p>\n<h3>Lower kitchen cabinet 90 cm - high-level storage<\/h3>\n<p>The presented standing kitchen cabinet 90 cm will give you the opportunity to make practical use of an unfixed corner of the kitchen. Thus, you will gain more worktop space and additional storage space. Inside the cabinet there is a capacious shelf. You can easily fit dishes, kitchen accessories or pots on it. It will also work perfectly as a small pantry for dry products. Use it as you wish!<\/p>\n<h3>Corner kitchen cabinet 90 cm - design that can not be passed by indifferently<\/h3>\n<p>The offered lower kitchen cabinet 90 cm is a timeless piece of furniture. The body in the color of oak sonoma was combined with white glossy fronts. Thus, we created a piece of furniture with an interesting appearance that will never go out of fashion. You can combine the cabinet with other elements of the Vanessa set - you will find them all in our offer. This is an easy way to arrange an interior that you will not want to leave!<\/p>\n<h3>Kitchen standing cabinet that will stay with you for years to come<\/h3>\n<p>Our designs combine ergonomics, timeless design and durability for years to come. We have been producing furniture for over 30 years, which allows us to use the best materials available. Our products are distinguished by high quality, which we have managed to combine with an attractive price. Thanks to this we know that absolutely everyone can afford a designer kitchen. We pay great attention to details. That is why we have equipped the fronts of the presented cabinet with convenient handles. Their subtle form is an additional decoration of your kitchen. Create the arrangement of your dreams - choose a corner cabinet from our offer!<\/p>\n<\/div>","protected":false},"excerpt":{"rendered":"<p>Szafka kuchenna 90 cm z kolekcji Vanessa \u2014 wykorzystaj ka\u017cdy centymetr przestrzeni Wsp\u00f3\u0142czesne trendy wn\u0119trzarskie oferuj\u0105 ciekawe rozwi\u0105zania zar\u00f3wno do (&#8230;)<\/p>","protected":false},"featured_media":10636,"comment_status":"open","ping_status":"closed","template":"","meta":{"_acf_changed":false,"inline_featured_image":false},"product_brand":[],"product_cat":[528,140,65,137,139,106,109,107,116],"product_tag":[],"class_list":{"0":"post-688","1":"product","2":"type-product","3":"status-publish","4":"has-post-thumbnail","6":"product_cat-black-friday","7":"product_cat-kuchnia","8":"product_cat-meble-kuchenne","9":"product_cat-meble-systemowe","10":"product_cat-pomieszczenia","11":"product_cat-szafki-kuchenne","12":"product_cat-szafki-kuchenne-narozne","13":"product_cat-szafki-kuchenne-stojace","14":"product_cat-vanessa","15":"product_shipping_class-przesylka-dpd-50-pln","16":"collection-vanessa","18":"first","19":"instock","20":"shipping-taxable","21":"purchasable","22":"product-type-simple"},"acf":[],"yoast_head":"<!-- This site is optimized with the Yoast SEO plugin v27.4 - https:\/\/yoast.com\/product\/yoast-seo-wordpress\/ -->\n<title>Szafka kuchenna naro\u017cna 90 cm - bia\u0142y akryl\/d\u0105b sonoma | VANESSA | OKMED<\/title>\n<meta name=\"robots\" content=\"index, follow, max-snippet:-1, max-image-preview:large, max-video-preview:-1\" \/>\n<link rel=\"canonical\" href=\"https:\/\/demkohome.pl\/en\/product\/szafka-kuchenna-narozna-dolna-90x90-cm-vanessa\/\" \/>\n<meta property=\"og:locale\" content=\"en_US\" \/>\n<meta property=\"og:type\" content=\"article\" \/>\n<meta property=\"og:title\" content=\"Szafka kuchenna naro\u017cna 90 cm - bia\u0142y akryl\/d\u0105b sonoma | VANESSA | OKMED\" \/>\n<meta property=\"og:description\" content=\"Szafka kuchenna 90 cm z kolekcji Vanessa \u2014 wykorzystaj ka\u017cdy centymetr przestrzeni Wsp\u00f3\u0142czesne trendy wn\u0119trzarskie oferuj\u0105 ciekawe rozwi\u0105zania zar\u00f3wno do (...)\" \/>\n<meta property=\"og:url\" content=\"https:\/\/demkohome.pl\/en\/product\/szafka-kuchenna-narozna-dolna-90x90-cm-vanessa\/\" \/>\n<meta property=\"og:site_name\" content=\"Demko Home\" \/>\n<meta property=\"article:modified_time\" content=\"2026-04-15T01:21:44+00:00\" \/>\n<meta property=\"og:image\" content=\"https:\/\/demkohome.pl\/wp-content\/uploads\/2024\/05\/Naroznik-kuchenny-dol-90-x-90-cm-Vanessa-Meble-Okmed-Demko-Home-kolor-bialy-dab-sonoma.jpg\" \/>\n\t<meta property=\"og:image:width\" content=\"1024\" \/>\n\t<meta property=\"og:image:height\" content=\"1024\" \/>\n\t<meta property=\"og:image:type\" content=\"image\/jpeg\" \/>\n<meta name=\"twitter:card\" content=\"summary_large_image\" \/>\n<meta name=\"twitter:label1\" content=\"Est. reading time\" \/>\n\t<meta name=\"twitter:data1\" content=\"3 minutes\" \/>\n<script type=\"application\/ld+json\" class=\"yoast-schema-graph\">{\"@context\":\"https:\\\/\\\/schema.org\",\"@graph\":[{\"@type\":\"WebPage\",\"@id\":\"https:\\\/\\\/demkohome.pl\\\/produkt\\\/szafka-kuchenna-narozna-dolna-90x90-cm-vanessa\\\/\",\"url\":\"https:\\\/\\\/demkohome.pl\\\/produkt\\\/szafka-kuchenna-narozna-dolna-90x90-cm-vanessa\\\/\",\"name\":\"Szafka kuchenna naro\u017cna 90 cm - bia\u0142y akryl\\\/d\u0105b sonoma | VANESSA | OKMED\",\"isPartOf\":{\"@id\":\"https:\\\/\\\/demkohome.pl\\\/#website\"},\"primaryImageOfPage\":{\"@id\":\"https:\\\/\\\/demkohome.pl\\\/produkt\\\/szafka-kuchenna-narozna-dolna-90x90-cm-vanessa\\\/#primaryimage\"},\"image\":{\"@id\":\"https:\\\/\\\/demkohome.pl\\\/produkt\\\/szafka-kuchenna-narozna-dolna-90x90-cm-vanessa\\\/#primaryimage\"},\"thumbnailUrl\":\"https:\\\/\\\/demkohome.pl\\\/wp-content\\\/uploads\\\/2024\\\/05\\\/Naroznik-kuchenny-dol-90-x-90-cm-Vanessa-Meble-Okmed-Demko-Home-kolor-bialy-dab-sonoma.jpg\",\"datePublished\":\"2024-05-01T07:08:19+00:00\",\"dateModified\":\"2026-04-15T01:21:44+00:00\",\"breadcrumb\":{\"@id\":\"https:\\\/\\\/demkohome.pl\\\/produkt\\\/szafka-kuchenna-narozna-dolna-90x90-cm-vanessa\\\/#breadcrumb\"},\"inLanguage\":\"en-US\",\"potentialAction\":[{\"@type\":\"ReadAction\",\"target\":[\"https:\\\/\\\/demkohome.pl\\\/produkt\\\/szafka-kuchenna-narozna-dolna-90x90-cm-vanessa\\\/\"]}]},{\"@type\":\"ImageObject\",\"inLanguage\":\"en-US\",\"@id\":\"https:\\\/\\\/demkohome.pl\\\/produkt\\\/szafka-kuchenna-narozna-dolna-90x90-cm-vanessa\\\/#primaryimage\",\"url\":\"https:\\\/\\\/demkohome.pl\\\/wp-content\\\/uploads\\\/2024\\\/05\\\/Naroznik-kuchenny-dol-90-x-90-cm-Vanessa-Meble-Okmed-Demko-Home-kolor-bialy-dab-sonoma.jpg\",\"contentUrl\":\"https:\\\/\\\/demkohome.pl\\\/wp-content\\\/uploads\\\/2024\\\/05\\\/Naroznik-kuchenny-dol-90-x-90-cm-Vanessa-Meble-Okmed-Demko-Home-kolor-bialy-dab-sonoma.jpg\",\"width\":1024,\"height\":1024,\"caption\":\"Naro\u017cnik kuchenny d\u00f3\u0142 90 x 90 cm Vanessa Meble Okmed Demko Home kolor bialy d\u0105b sonoma\"},{\"@type\":\"BreadcrumbList\",\"@id\":\"https:\\\/\\\/demkohome.pl\\\/produkt\\\/szafka-kuchenna-narozna-dolna-90x90-cm-vanessa\\\/#breadcrumb\",\"itemListElement\":[{\"@type\":\"ListItem\",\"position\":1,\"name\":\"Strona g\u0142\u00f3wna\",\"item\":\"https:\\\/\\\/demkohome.pl\\\/\"},{\"@type\":\"ListItem\",\"position\":2,\"name\":\"Sklep\",\"item\":\"https:\\\/\\\/demkohome.pl\\\/sklep\\\/\"},{\"@type\":\"ListItem\",\"position\":3,\"name\":\"Szafka kuchenna naro\u017cna stoj\u0105ca 90 X 90cm Vanessa\"}]},{\"@type\":\"WebSite\",\"@id\":\"https:\\\/\\\/demkohome.pl\\\/#website\",\"url\":\"https:\\\/\\\/demkohome.pl\\\/\",\"name\":\"Demko Home\",\"description\":\"Make it simple\",\"publisher\":{\"@id\":\"https:\\\/\\\/demkohome.pl\\\/#organization\"},\"potentialAction\":[{\"@type\":\"SearchAction\",\"target\":{\"@type\":\"EntryPoint\",\"urlTemplate\":\"https:\\\/\\\/demkohome.pl\\\/?s={search_term_string}\"},\"query-input\":{\"@type\":\"PropertyValueSpecification\",\"valueRequired\":true,\"valueName\":\"search_term_string\"}}],\"inLanguage\":\"en-US\"},{\"@type\":\"Organization\",\"@id\":\"https:\\\/\\\/demkohome.pl\\\/#organization\",\"name\":\"Demko Home\",\"url\":\"https:\\\/\\\/demkohome.pl\\\/\",\"logo\":{\"@type\":\"ImageObject\",\"inLanguage\":\"en-US\",\"@id\":\"https:\\\/\\\/demkohome.pl\\\/#\\\/schema\\\/logo\\\/image\\\/\",\"url\":\"https:\\\/\\\/demkohome.pl\\\/wp-content\\\/uploads\\\/2026\\\/03\\\/cropped-3.png\",\"contentUrl\":\"https:\\\/\\\/demkohome.pl\\\/wp-content\\\/uploads\\\/2026\\\/03\\\/cropped-3.png\",\"width\":250,\"height\":63,\"caption\":\"Demko Home\"},\"image\":{\"@id\":\"https:\\\/\\\/demkohome.pl\\\/#\\\/schema\\\/logo\\\/image\\\/\"}}]}<\/script>\n<!-- \/ Yoast SEO plugin. -->","yoast_head_json":{"title":"Szafka kuchenna naro\u017cna 90 cm - bia\u0142y akryl\/d\u0105b sonoma | VANESSA | OKMED","robots":{"index":"index","follow":"follow","max-snippet":"max-snippet:-1","max-image-preview":"max-image-preview:large","max-video-preview":"max-video-preview:-1"},"canonical":"https:\/\/demkohome.pl\/en\/product\/szafka-kuchenna-narozna-dolna-90x90-cm-vanessa\/","og_locale":"en_US","og_type":"article","og_title":"Szafka kuchenna naro\u017cna 90 cm - bia\u0142y akryl\/d\u0105b sonoma | VANESSA | OKMED","og_description":"Szafka kuchenna 90 cm z kolekcji Vanessa \u2014 wykorzystaj ka\u017cdy centymetr przestrzeni Wsp\u00f3\u0142czesne trendy wn\u0119trzarskie oferuj\u0105 ciekawe rozwi\u0105zania zar\u00f3wno do (...)","og_url":"https:\/\/demkohome.pl\/en\/product\/szafka-kuchenna-narozna-dolna-90x90-cm-vanessa\/","og_site_name":"Demko Home","article_modified_time":"2026-04-15T01:21:44+00:00","og_image":[{"width":1024,"height":1024,"url":"https:\/\/demkohome.pl\/wp-content\/uploads\/2024\/05\/Naroznik-kuchenny-dol-90-x-90-cm-Vanessa-Meble-Okmed-Demko-Home-kolor-bialy-dab-sonoma.jpg","type":"image\/jpeg"}],"twitter_card":"summary_large_image","twitter_misc":{"Est. reading time":"3 minutes"},"schema":{"@context":"https:\/\/schema.org","@graph":[{"@type":"WebPage","@id":"https:\/\/demkohome.pl\/produkt\/szafka-kuchenna-narozna-dolna-90x90-cm-vanessa\/","url":"https:\/\/demkohome.pl\/produkt\/szafka-kuchenna-narozna-dolna-90x90-cm-vanessa\/","name":"Szafka kuchenna naro\u017cna 90 cm - bia\u0142y akryl\/d\u0105b sonoma | VANESSA | OKMED","isPartOf":{"@id":"https:\/\/demkohome.pl\/#website"},"primaryImageOfPage":{"@id":"https:\/\/demkohome.pl\/produkt\/szafka-kuchenna-narozna-dolna-90x90-cm-vanessa\/#primaryimage"},"image":{"@id":"https:\/\/demkohome.pl\/produkt\/szafka-kuchenna-narozna-dolna-90x90-cm-vanessa\/#primaryimage"},"thumbnailUrl":"https:\/\/demkohome.pl\/wp-content\/uploads\/2024\/05\/Naroznik-kuchenny-dol-90-x-90-cm-Vanessa-Meble-Okmed-Demko-Home-kolor-bialy-dab-sonoma.jpg","datePublished":"2024-05-01T07:08:19+00:00","dateModified":"2026-04-15T01:21:44+00:00","breadcrumb":{"@id":"https:\/\/demkohome.pl\/produkt\/szafka-kuchenna-narozna-dolna-90x90-cm-vanessa\/#breadcrumb"},"inLanguage":"en-US","potentialAction":[{"@type":"ReadAction","target":["https:\/\/demkohome.pl\/produkt\/szafka-kuchenna-narozna-dolna-90x90-cm-vanessa\/"]}]},{"@type":"ImageObject","inLanguage":"en-US","@id":"https:\/\/demkohome.pl\/produkt\/szafka-kuchenna-narozna-dolna-90x90-cm-vanessa\/#primaryimage","url":"https:\/\/demkohome.pl\/wp-content\/uploads\/2024\/05\/Naroznik-kuchenny-dol-90-x-90-cm-Vanessa-Meble-Okmed-Demko-Home-kolor-bialy-dab-sonoma.jpg","contentUrl":"https:\/\/demkohome.pl\/wp-content\/uploads\/2024\/05\/Naroznik-kuchenny-dol-90-x-90-cm-Vanessa-Meble-Okmed-Demko-Home-kolor-bialy-dab-sonoma.jpg","width":1024,"height":1024,"caption":"Naro\u017cnik kuchenny d\u00f3\u0142 90 x 90 cm Vanessa Meble Okmed Demko Home kolor bialy d\u0105b sonoma"},{"@type":"BreadcrumbList","@id":"https:\/\/demkohome.pl\/produkt\/szafka-kuchenna-narozna-dolna-90x90-cm-vanessa\/#breadcrumb","itemListElement":[{"@type":"ListItem","position":1,"name":"Strona g\u0142\u00f3wna","item":"https:\/\/demkohome.pl\/"},{"@type":"ListItem","position":2,"name":"Sklep","item":"https:\/\/demkohome.pl\/sklep\/"},{"@type":"ListItem","position":3,"name":"Szafka kuchenna naro\u017cna stoj\u0105ca 90 X 90cm Vanessa"}]},{"@type":"WebSite","@id":"https:\/\/demkohome.pl\/#website","url":"https:\/\/demkohome.pl\/","name":"Demko Home","description":"Make it simple","publisher":{"@id":"https:\/\/demkohome.pl\/#organization"},"potentialAction":[{"@type":"SearchAction","target":{"@type":"EntryPoint","urlTemplate":"https:\/\/demkohome.pl\/?s={search_term_string}"},"query-input":{"@type":"PropertyValueSpecification","valueRequired":true,"valueName":"search_term_string"}}],"inLanguage":"en-US"},{"@type":"Organization","@id":"https:\/\/demkohome.pl\/#organization","name":"Demko Home","url":"https:\/\/demkohome.pl\/","logo":{"@type":"ImageObject","inLanguage":"en-US","@id":"https:\/\/demkohome.pl\/#\/schema\/logo\/image\/","url":"https:\/\/demkohome.pl\/wp-content\/uploads\/2026\/03\/cropped-3.png","contentUrl":"https:\/\/demkohome.pl\/wp-content\/uploads\/2026\/03\/cropped-3.png","width":250,"height":63,"caption":"Demko Home"},"image":{"@id":"https:\/\/demkohome.pl\/#\/schema\/logo\/image\/"}}]}},"_links":{"self":[{"href":"https:\/\/demkohome.pl\/en\/wp-json\/wp\/v2\/product\/688","targetHints":{"allow":["GET"]}}],"collection":[{"href":"https:\/\/demkohome.pl\/en\/wp-json\/wp\/v2\/product"}],"about":[{"href":"https:\/\/demkohome.pl\/en\/wp-json\/wp\/v2\/types\/product"}],"replies":[{"embeddable":true,"href":"https:\/\/demkohome.pl\/en\/wp-json\/wp\/v2\/comments?post=688"}],"wp:featuredmedia":[{"embeddable":true,"href":"https:\/\/demkohome.pl\/en\/wp-json\/wp\/v2\/media\/10636"}],"wp:attachment":[{"href":"https:\/\/demkohome.pl\/en\/wp-json\/wp\/v2\/media?parent=688"}],"wp:term":[{"taxonomy":"product_brand","embeddable":true,"href":"https:\/\/demkohome.pl\/en\/wp-json\/wp\/v2\/product_brand?post=688"},{"taxonomy":"product_cat","embeddable":true,"href":"https:\/\/demkohome.pl\/en\/wp-json\/wp\/v2\/product_cat?post=688"},{"taxonomy":"product_tag","embeddable":true,"href":"https:\/\/demkohome.pl\/en\/wp-json\/wp\/v2\/product_tag?post=688"}],"curies":[{"name":"wp","href":"https:\/\/api.w.org\/{rel}","templated":true}]}}