{"id":688005,"date":"2026-04-02T14:52:58","date_gmt":"2026-04-02T12:52:58","guid":{"rendered":"https:\/\/demkohome.pl\/?post_type=product&#038;p=688005"},"modified":"2026-04-16T11:47:03","modified_gmt":"2026-04-16T09:47:03","slug":"zestaw-kuchenny-diuna","status":"publish","type":"product","link":"https:\/\/demkohome.pl\/en\/product\/zestaw-kuchenny-diuna\/","title":{"rendered":"Zestaw Kuchenny Diuna"},"content":{"rendered":"<h3 data-start=\"0\" data-end=\"94\">Zestaw mebli kuchennych Diuna to funkcjonalne rozwi\u0105zanie do <strong>k<\/strong><strong>ompleksowego<\/strong> wyposa\u017cenia kuchni.<\/h3>\n<p data-start=\"96\" data-end=\"407\">W sk\u0142ad zestawu wchodzi 5 szafek, 2 szafki dolne oraz 3 szafki g\u00f3rne z podw\u00f3jnymi frontami okapowymi co z pewno\u015bci\u0105 zapewnia lepsz\u0105 funkcjonalno\u015b\u0107. Taki uk\u0142ad element\u00f3w pozwala na wygodne przechowywanie oraz ergonomiczn\u0105 organizacj\u0119 przestrzeni kuchennej, zapewniaj\u0105c \u0142atwy dost\u0119p do najcz\u0119\u015bciej u\u017cywanych przedmiot\u00f3w.<\/p>\n<p data-start=\"409\" data-end=\"530\">Przemy\u015blany zestaw modu\u0142\u00f3w umo\u017cliwia logiczne rozmieszczenie stref roboczych i komfortowe u\u017cytkowanie kuchni na co dzie\u0144.<\/p>\n<h4 data-start=\"532\" data-end=\"560\">Dopasowanie do ka\u017cdej kuchni<\/h4>\n<p data-start=\"562\" data-end=\"815\">Zestaw Diuna zosta\u0142 oparty na modu\u0142owych wymiarach, dzi\u0119ki czemu mo\u017cna go \u0142atwo dopasowa\u0107 do wi\u0119kszo\u015bci uk\u0142ad\u00f3w kuchennych. Sprawdzi si\u0119 zar\u00f3wno w mniejszych, jak i wi\u0119kszych pomieszczeniach, oferuj\u0105c funkcjonalne zagospodarowanie dost\u0119pnej przestrzeni.<\/p>\n<p data-start=\"817\" data-end=\"953\">Zestaw mo\u017ce by\u0107 uzupe\u0142niany o dodatkowe elementy dost\u0119pne w ramach kolekcji, co pozwala na jego rozbudow\u0119 wed\u0142ug indywidualnych potrzeb.<\/p>\n<h4 data-start=\"955\" data-end=\"989\">System Diuna \u2013 elastyczna zabudowa<\/h4>\n<p data-start=\"991\" data-end=\"1214\">Zestaw jest cz\u0119\u015bci\u0105 systemu modu\u0142owego Diuna, kt\u00f3ry umo\u017cliwia dowolne komponowanie i rozbudow\u0119 kuchni. Poszczeg\u00f3lne elementy mo\u017cna \u0142\u0105czy\u0107 z dodatkowymi modu\u0142ami, tworz\u0105c sp\u00f3jn\u0105 i funkcjonaln\u0105 zabudow\u0119 dopasowan\u0105 do wn\u0119trza.<\/p>\n<p data-start=\"1216\" data-end=\"1297\">To rozwi\u0105zanie daje swobod\u0119 aran\u017cacji i mo\u017cliwo\u015b\u0107 rozbudowy kuchni w przysz\u0142o\u015bci.<\/p>\n<h4 data-start=\"1299\" data-end=\"1331\">Uniwersalny design systemu Diuna<\/h4>\n<p data-start=\"1333\" data-end=\"1589\">Dolne fronty w wyko\u0144czeniu kaszmir nadaj\u0105 zabudowie elegancki i stonowany charakter, natomiast g\u00f3rne fronty w dekorze d\u0119bu linea wprowadzaj\u0105 do wn\u0119trza naturalne ciep\u0142o i przytulno\u015b\u0107. Takie po\u0142\u0105czenie kolorystyczne tworzy harmonijn\u0105, nowoczesn\u0105 kompozycj\u0119.<\/p>\n<p data-start=\"1591\" data-end=\"1720\">G\u00f3rne szafki wyr\u00f3\u017cniaj\u0105 si\u0119 dekoracyjn\u0105, ryflowan\u0105 struktur\u0105 powierzchni, kt\u00f3ra nadaje meblom g\u0142\u0119bi i subtelnej tr\u00f3jwymiarowo\u015bci.<\/p>\n<p data-start=\"1722\" data-end=\"1817\">Proste formy zosta\u0142y uzupe\u0142nione o z\u0142ote uchwyty, kt\u00f3re dodaj\u0105 ca\u0142o\u015bci eleganckiego charakteru.<\/p>\n<p data-start=\"1819\" data-end=\"1972\">Dzi\u0119ki po\u0142\u0105czeniu kaszmiru i dekoru drewna zestaw doskonale wpisuje si\u0119 w r\u00f3\u017cne style wn\u0119trzarskie \u2013 <strong>od nowoczesnych, przez skandynawskie, a\u017c po japandi.<\/strong><\/p>\n<p data-start=\"1974\" data-end=\"2024\" data-is-last-node=\"\" data-is-only-node=\"\"><strong>Diuna \u2013 stw\u00f3rz kuchni\u0119, kt\u00f3ra ro\u015bnie razem z Tob\u0105.<\/strong><\/p>\n<p><img loading=\"lazy\" decoding=\"async\" class=\"wp-image-717427 size-full\" src=\"https:\/\/demkohome.pl\/wp-content\/uploads\/2026\/04\/demko_diuna_linea_H1105_kaszmir_U702_001_przerobione-aranz-grafit-scaled.png\" alt=\"Kaszmirowa kuchnia demko home\" width=\"2560\" height=\"1920\" srcset=\"https:\/\/demkohome.pl\/wp-content\/uploads\/2026\/04\/demko_diuna_linea_H1105_kaszmir_U702_001_przerobione-aranz-grafit-scaled.png 2560w, https:\/\/demkohome.pl\/wp-content\/uploads\/2026\/04\/demko_diuna_linea_H1105_kaszmir_U702_001_przerobione-aranz-grafit-300x225.png 300w, https:\/\/demkohome.pl\/wp-content\/uploads\/2026\/04\/demko_diuna_linea_H1105_kaszmir_U702_001_przerobione-aranz-grafit-1024x768.png 1024w, https:\/\/demkohome.pl\/wp-content\/uploads\/2026\/04\/demko_diuna_linea_H1105_kaszmir_U702_001_przerobione-aranz-grafit-768x576.png 768w, https:\/\/demkohome.pl\/wp-content\/uploads\/2026\/04\/demko_diuna_linea_H1105_kaszmir_U702_001_przerobione-aranz-grafit-1536x1152.png 1536w, https:\/\/demkohome.pl\/wp-content\/uploads\/2026\/04\/demko_diuna_linea_H1105_kaszmir_U702_001_przerobione-aranz-grafit-2048x1536.png 2048w, https:\/\/demkohome.pl\/wp-content\/uploads\/2026\/04\/demko_diuna_linea_H1105_kaszmir_U702_001_przerobione-aranz-grafit-16x12.png 16w, https:\/\/demkohome.pl\/wp-content\/uploads\/2026\/04\/demko_diuna_linea_H1105_kaszmir_U702_001_przerobione-aranz-grafit-600x450.png 600w\" sizes=\"auto, (max-width: 2560px) 100vw, 2560px\" \/><\/p>\n<h4 data-start=\"680\" data-end=\"734\"><span style=\"color: #000000;\">Product Dimensions:<\/span><\/h4>\n<table class=\"o-product-features\" role=\"presentation\">\n<tbody>\n<tr class=\"m-product-attr-row\">\n<th class=\"m-product-attr-row__name\" scope=\"row\">\n<h6>Produkt po z\u0142o\u017ceniu: szeroko\u015b\u0107 (w cm)<\/h6>\n<\/th>\n<td class=\"m-product-attr-row__value\">\n<h6>200<\/h6>\n<\/td>\n<\/tr>\n<tr class=\"m-product-attr-row\">\n<th class=\"m-product-attr-row__name\" scope=\"row\">\n<h6>Produkt po z\u0142o\u017ceniu: g\u0142\u0119boko\u015b\u0107 (w cm)<\/h6>\n<\/th>\n<td class=\"m-product-attr-row__value\">\n<h6>45<\/h6>\n<\/td>\n<\/tr>\n<tr class=\"m-product-attr-row\">\n<th class=\"m-product-attr-row__name\" scope=\"row\">\n<h6>Produkt po z\u0142o\u017ceniu: wysoko\u015b\u0107 (w cm)<\/h6>\n<\/th>\n<td class=\"m-product-attr-row__value\">\n<h6>200<\/h6>\n<\/td>\n<\/tr>\n<tr class=\"m-product-attr-row\">\n<th class=\"m-product-attr-row__name\" scope=\"row\">\n<h6>Produkt w opakowaniu: waga (w kg)<\/h6>\n<\/th>\n<td class=\"m-product-attr-row__value\">\n<h6>105<\/h6>\n<\/td>\n<\/tr>\n<\/tbody>\n<\/table>\n<p>&nbsp;<\/p>\n<p><img loading=\"lazy\" decoding=\"async\" class=\"wp-image-733201\" src=\"https:\/\/demkohome.pl\/wp-content\/uploads\/2026\/04\/81-cm-9-300x300.png\" alt=\"zestaw kuchenny diuna kaszmir d\u0105b linea\" width=\"610\" height=\"610\" srcset=\"https:\/\/demkohome.pl\/wp-content\/uploads\/2026\/04\/81-cm-9-300x300.png 300w, https:\/\/demkohome.pl\/wp-content\/uploads\/2026\/04\/81-cm-9-1024x1024.png 1024w, https:\/\/demkohome.pl\/wp-content\/uploads\/2026\/04\/81-cm-9-150x150.png 150w, https:\/\/demkohome.pl\/wp-content\/uploads\/2026\/04\/81-cm-9-768x768.png 768w, https:\/\/demkohome.pl\/wp-content\/uploads\/2026\/04\/81-cm-9-1536x1536.png 1536w, https:\/\/demkohome.pl\/wp-content\/uploads\/2026\/04\/81-cm-9-12x12.png 12w, https:\/\/demkohome.pl\/wp-content\/uploads\/2026\/04\/81-cm-9-600x600.png 600w, https:\/\/demkohome.pl\/wp-content\/uploads\/2026\/04\/81-cm-9-100x100.png 100w, https:\/\/demkohome.pl\/wp-content\/uploads\/2026\/04\/81-cm-9.png 2048w\" sizes=\"auto, (max-width: 610px) 100vw, 610px\" \/><\/p>","protected":false},"excerpt":{"rendered":"<p>Zestaw mebli kuchennych Diuna to funkcjonalne rozwi\u0105zanie do kompleksowego wyposa\u017cenia kuchni. W sk\u0142ad zestawu wchodzi 5 szafek, 2 szafki dolne (&#8230;)<\/p>","protected":false},"featured_media":688006,"comment_status":"open","ping_status":"closed","template":"","meta":{"_acf_changed":false,"inline_featured_image":false},"product_brand":[533],"product_cat":[111,65,110],"product_tag":[],"class_list":{"0":"post-688005","1":"product","2":"type-product","3":"status-publish","4":"has-post-thumbnail","6":"product_brand-demko-home","7":"product_cat-kuchnie-modulowe","8":"product_cat-meble-kuchenne","9":"product_cat-zestawy-mebli-kuchennych","10":"product_shipping_class-paleta-120cmx80cm","11":"collection-meble-kuchenne-modulowe","13":"first","14":"instock","15":"shipping-taxable","16":"purchasable","17":"product-type-simple"},"acf":[],"yoast_head":"<!-- This site is optimized with the Yoast SEO plugin v27.4 - https:\/\/yoast.com\/product\/yoast-seo-wordpress\/ -->\n<title>Zestaw Kuchenny Diuna - Demko Home<\/title>\n<meta name=\"description\" content=\"Zestaw kuchenny Diuna od Demko Home w kolorze Kaszmir\/D\u0105b linea to funkcjonalna kuchnia modu\u0142owa. Sprawd\u017a system i dopasuj zabudow\u0119.\" \/>\n<meta name=\"robots\" content=\"index, follow, max-snippet:-1, max-image-preview:large, max-video-preview:-1\" \/>\n<link rel=\"canonical\" href=\"https:\/\/demkohome.pl\/en\/product\/zestaw-kuchenny-diuna\/\" \/>\n<meta property=\"og:locale\" content=\"en_US\" \/>\n<meta property=\"og:type\" content=\"article\" \/>\n<meta property=\"og:title\" content=\"kaszmirowa kuchnia Diuna\" \/>\n<meta property=\"og:description\" content=\"Zestaw kuchenny Diuna w kolorze Kaszmir\/D\u0105b linea to funkcjonalna kuchnia modu\u0142owa. Sprawd\u017a system i dopasuj zabudow\u0119.\" \/>\n<meta property=\"og:url\" content=\"https:\/\/demkohome.pl\/en\/product\/zestaw-kuchenny-diuna\/\" \/>\n<meta property=\"og:site_name\" content=\"Demko Home\" \/>\n<meta property=\"article:modified_time\" content=\"2026-04-16T09:47:03+00:00\" \/>\n<meta property=\"og:image\" content=\"https:\/\/demkohome.pl\/wp-content\/uploads\/2026\/03\/DIUNA-ARANZACJA-scaled.jpg\" \/>\n\t<meta property=\"og:image:width\" content=\"2560\" \/>\n\t<meta property=\"og:image:height\" content=\"1920\" \/>\n\t<meta property=\"og:image:type\" content=\"image\/jpeg\" \/>\n<meta name=\"twitter:card\" content=\"summary_large_image\" \/>\n<meta name=\"twitter:title\" content=\"kaszmirowa kuchnia Diuna\" \/>\n<meta name=\"twitter:description\" content=\"Zestaw kuchenny Diuna w kolorze Kaszmir\/D\u0105b linea to funkcjonalna kuchnia modu\u0142owa. Sprawd\u017a system i dopasuj zabudow\u0119.\" \/>\n<meta name=\"twitter:image\" content=\"https:\/\/demkohome.pl\/wp-content\/uploads\/2026\/03\/DIUNA-ARANZACJA-scaled.jpg\" \/>\n<meta name=\"twitter:label1\" content=\"Est. reading time\" \/>\n\t<meta name=\"twitter:data1\" content=\"3 minutes\" \/>\n<script type=\"application\/ld+json\" class=\"yoast-schema-graph\">{\"@context\":\"https:\\\/\\\/schema.org\",\"@graph\":[{\"@type\":\"WebPage\",\"@id\":\"https:\\\/\\\/demkohome.pl\\\/produkt\\\/zestaw-kuchenny-diuna\\\/\",\"url\":\"https:\\\/\\\/demkohome.pl\\\/produkt\\\/zestaw-kuchenny-diuna\\\/\",\"name\":\"Zestaw Kuchenny Diuna - Demko Home\",\"isPartOf\":{\"@id\":\"https:\\\/\\\/demkohome.pl\\\/#website\"},\"primaryImageOfPage\":{\"@id\":\"https:\\\/\\\/demkohome.pl\\\/produkt\\\/zestaw-kuchenny-diuna\\\/#primaryimage\"},\"image\":{\"@id\":\"https:\\\/\\\/demkohome.pl\\\/produkt\\\/zestaw-kuchenny-diuna\\\/#primaryimage\"},\"thumbnailUrl\":\"https:\\\/\\\/demkohome.pl\\\/wp-content\\\/uploads\\\/2026\\\/03\\\/DIUNA-ARANZACJA-scaled.jpg\",\"datePublished\":\"2026-04-02T12:52:58+00:00\",\"dateModified\":\"2026-04-16T09:47:03+00:00\",\"description\":\"Zestaw kuchenny Diuna od Demko Home w kolorze Kaszmir\\\/D\u0105b linea to funkcjonalna kuchnia modu\u0142owa. Sprawd\u017a system i dopasuj zabudow\u0119.\",\"breadcrumb\":{\"@id\":\"https:\\\/\\\/demkohome.pl\\\/produkt\\\/zestaw-kuchenny-diuna\\\/#breadcrumb\"},\"inLanguage\":\"en-US\",\"potentialAction\":[{\"@type\":\"ReadAction\",\"target\":[\"https:\\\/\\\/demkohome.pl\\\/produkt\\\/zestaw-kuchenny-diuna\\\/\"]}]},{\"@type\":\"ImageObject\",\"inLanguage\":\"en-US\",\"@id\":\"https:\\\/\\\/demkohome.pl\\\/produkt\\\/zestaw-kuchenny-diuna\\\/#primaryimage\",\"url\":\"https:\\\/\\\/demkohome.pl\\\/wp-content\\\/uploads\\\/2026\\\/03\\\/DIUNA-ARANZACJA-scaled.jpg\",\"contentUrl\":\"https:\\\/\\\/demkohome.pl\\\/wp-content\\\/uploads\\\/2026\\\/03\\\/DIUNA-ARANZACJA-scaled.jpg\",\"width\":2560,\"height\":1920,\"caption\":\"Kaszmirowa kuchnia demko home\"},{\"@type\":\"BreadcrumbList\",\"@id\":\"https:\\\/\\\/demkohome.pl\\\/produkt\\\/zestaw-kuchenny-diuna\\\/#breadcrumb\",\"itemListElement\":[{\"@type\":\"ListItem\",\"position\":1,\"name\":\"Strona g\u0142\u00f3wna\",\"item\":\"https:\\\/\\\/demkohome.pl\\\/\"},{\"@type\":\"ListItem\",\"position\":2,\"name\":\"Sklep\",\"item\":\"https:\\\/\\\/demkohome.pl\\\/sklep\\\/\"},{\"@type\":\"ListItem\",\"position\":3,\"name\":\"Zestaw Kuchenny Diuna\"}]},{\"@type\":\"WebSite\",\"@id\":\"https:\\\/\\\/demkohome.pl\\\/#website\",\"url\":\"https:\\\/\\\/demkohome.pl\\\/\",\"name\":\"Demko Home\",\"description\":\"Make it simple\",\"publisher\":{\"@id\":\"https:\\\/\\\/demkohome.pl\\\/#organization\"},\"potentialAction\":[{\"@type\":\"SearchAction\",\"target\":{\"@type\":\"EntryPoint\",\"urlTemplate\":\"https:\\\/\\\/demkohome.pl\\\/?s={search_term_string}\"},\"query-input\":{\"@type\":\"PropertyValueSpecification\",\"valueRequired\":true,\"valueName\":\"search_term_string\"}}],\"inLanguage\":\"en-US\"},{\"@type\":\"Organization\",\"@id\":\"https:\\\/\\\/demkohome.pl\\\/#organization\",\"name\":\"Demko Home\",\"url\":\"https:\\\/\\\/demkohome.pl\\\/\",\"logo\":{\"@type\":\"ImageObject\",\"inLanguage\":\"en-US\",\"@id\":\"https:\\\/\\\/demkohome.pl\\\/#\\\/schema\\\/logo\\\/image\\\/\",\"url\":\"https:\\\/\\\/demkohome.pl\\\/wp-content\\\/uploads\\\/2026\\\/03\\\/cropped-3.png\",\"contentUrl\":\"https:\\\/\\\/demkohome.pl\\\/wp-content\\\/uploads\\\/2026\\\/03\\\/cropped-3.png\",\"width\":250,\"height\":63,\"caption\":\"Demko Home\"},\"image\":{\"@id\":\"https:\\\/\\\/demkohome.pl\\\/#\\\/schema\\\/logo\\\/image\\\/\"}}]}<\/script>\n<!-- \/ Yoast SEO plugin. -->","yoast_head_json":{"title":"Zestaw Kuchenny Diuna - Demko Home","description":"Zestaw kuchenny Diuna od Demko Home w kolorze Kaszmir\/D\u0105b linea to funkcjonalna kuchnia modu\u0142owa. Sprawd\u017a system i dopasuj zabudow\u0119.","robots":{"index":"index","follow":"follow","max-snippet":"max-snippet:-1","max-image-preview":"max-image-preview:large","max-video-preview":"max-video-preview:-1"},"canonical":"https:\/\/demkohome.pl\/en\/product\/zestaw-kuchenny-diuna\/","og_locale":"en_US","og_type":"article","og_title":"kaszmirowa kuchnia Diuna","og_description":"Zestaw kuchenny Diuna w kolorze Kaszmir\/D\u0105b linea to funkcjonalna kuchnia modu\u0142owa. Sprawd\u017a system i dopasuj zabudow\u0119.","og_url":"https:\/\/demkohome.pl\/en\/product\/zestaw-kuchenny-diuna\/","og_site_name":"Demko Home","article_modified_time":"2026-04-16T09:47:03+00:00","og_image":[{"width":2560,"height":1920,"url":"https:\/\/demkohome.pl\/wp-content\/uploads\/2026\/03\/DIUNA-ARANZACJA-scaled.jpg","type":"image\/jpeg"}],"twitter_card":"summary_large_image","twitter_title":"kaszmirowa kuchnia Diuna","twitter_description":"Zestaw kuchenny Diuna w kolorze Kaszmir\/D\u0105b linea to funkcjonalna kuchnia modu\u0142owa. Sprawd\u017a system i dopasuj zabudow\u0119.","twitter_image":"https:\/\/demkohome.pl\/wp-content\/uploads\/2026\/03\/DIUNA-ARANZACJA-scaled.jpg","twitter_misc":{"Est. reading time":"3 minutes"},"schema":{"@context":"https:\/\/schema.org","@graph":[{"@type":"WebPage","@id":"https:\/\/demkohome.pl\/produkt\/zestaw-kuchenny-diuna\/","url":"https:\/\/demkohome.pl\/produkt\/zestaw-kuchenny-diuna\/","name":"Zestaw Kuchenny Diuna - Demko Home","isPartOf":{"@id":"https:\/\/demkohome.pl\/#website"},"primaryImageOfPage":{"@id":"https:\/\/demkohome.pl\/produkt\/zestaw-kuchenny-diuna\/#primaryimage"},"image":{"@id":"https:\/\/demkohome.pl\/produkt\/zestaw-kuchenny-diuna\/#primaryimage"},"thumbnailUrl":"https:\/\/demkohome.pl\/wp-content\/uploads\/2026\/03\/DIUNA-ARANZACJA-scaled.jpg","datePublished":"2026-04-02T12:52:58+00:00","dateModified":"2026-04-16T09:47:03+00:00","description":"Zestaw kuchenny Diuna od Demko Home w kolorze Kaszmir\/D\u0105b linea to funkcjonalna kuchnia modu\u0142owa. Sprawd\u017a system i dopasuj zabudow\u0119.","breadcrumb":{"@id":"https:\/\/demkohome.pl\/produkt\/zestaw-kuchenny-diuna\/#breadcrumb"},"inLanguage":"en-US","potentialAction":[{"@type":"ReadAction","target":["https:\/\/demkohome.pl\/produkt\/zestaw-kuchenny-diuna\/"]}]},{"@type":"ImageObject","inLanguage":"en-US","@id":"https:\/\/demkohome.pl\/produkt\/zestaw-kuchenny-diuna\/#primaryimage","url":"https:\/\/demkohome.pl\/wp-content\/uploads\/2026\/03\/DIUNA-ARANZACJA-scaled.jpg","contentUrl":"https:\/\/demkohome.pl\/wp-content\/uploads\/2026\/03\/DIUNA-ARANZACJA-scaled.jpg","width":2560,"height":1920,"caption":"Kaszmirowa kuchnia demko home"},{"@type":"BreadcrumbList","@id":"https:\/\/demkohome.pl\/produkt\/zestaw-kuchenny-diuna\/#breadcrumb","itemListElement":[{"@type":"ListItem","position":1,"name":"Strona g\u0142\u00f3wna","item":"https:\/\/demkohome.pl\/"},{"@type":"ListItem","position":2,"name":"Sklep","item":"https:\/\/demkohome.pl\/sklep\/"},{"@type":"ListItem","position":3,"name":"Zestaw Kuchenny Diuna"}]},{"@type":"WebSite","@id":"https:\/\/demkohome.pl\/#website","url":"https:\/\/demkohome.pl\/","name":"Demko Home","description":"Make it simple","publisher":{"@id":"https:\/\/demkohome.pl\/#organization"},"potentialAction":[{"@type":"SearchAction","target":{"@type":"EntryPoint","urlTemplate":"https:\/\/demkohome.pl\/?s={search_term_string}"},"query-input":{"@type":"PropertyValueSpecification","valueRequired":true,"valueName":"search_term_string"}}],"inLanguage":"en-US"},{"@type":"Organization","@id":"https:\/\/demkohome.pl\/#organization","name":"Demko Home","url":"https:\/\/demkohome.pl\/","logo":{"@type":"ImageObject","inLanguage":"en-US","@id":"https:\/\/demkohome.pl\/#\/schema\/logo\/image\/","url":"https:\/\/demkohome.pl\/wp-content\/uploads\/2026\/03\/cropped-3.png","contentUrl":"https:\/\/demkohome.pl\/wp-content\/uploads\/2026\/03\/cropped-3.png","width":250,"height":63,"caption":"Demko Home"},"image":{"@id":"https:\/\/demkohome.pl\/#\/schema\/logo\/image\/"}}]}},"_links":{"self":[{"href":"https:\/\/demkohome.pl\/en\/wp-json\/wp\/v2\/product\/688005","targetHints":{"allow":["GET"]}}],"collection":[{"href":"https:\/\/demkohome.pl\/en\/wp-json\/wp\/v2\/product"}],"about":[{"href":"https:\/\/demkohome.pl\/en\/wp-json\/wp\/v2\/types\/product"}],"replies":[{"embeddable":true,"href":"https:\/\/demkohome.pl\/en\/wp-json\/wp\/v2\/comments?post=688005"}],"wp:featuredmedia":[{"embeddable":true,"href":"https:\/\/demkohome.pl\/en\/wp-json\/wp\/v2\/media\/688006"}],"wp:attachment":[{"href":"https:\/\/demkohome.pl\/en\/wp-json\/wp\/v2\/media?parent=688005"}],"wp:term":[{"taxonomy":"product_brand","embeddable":true,"href":"https:\/\/demkohome.pl\/en\/wp-json\/wp\/v2\/product_brand?post=688005"},{"taxonomy":"product_cat","embeddable":true,"href":"https:\/\/demkohome.pl\/en\/wp-json\/wp\/v2\/product_cat?post=688005"},{"taxonomy":"product_tag","embeddable":true,"href":"https:\/\/demkohome.pl\/en\/wp-json\/wp\/v2\/product_tag?post=688005"}],"curies":[{"name":"wp","href":"https:\/\/api.w.org\/{rel}","templated":true}]}}