{"id":690275,"date":"2026-04-10T13:29:30","date_gmt":"2026-04-10T11:29:30","guid":{"rendered":"https:\/\/demkohome.pl\/?post_type=product&#038;p=690275"},"modified":"2026-04-16T11:24:39","modified_gmt":"2026-04-16T09:24:39","slug":"szafka-gorna-podojny-okap-80-cm-diuna","status":"publish","type":"product","link":"https:\/\/demkohome.pl\/en\/product\/szafka-gorna-podojny-okap-80-cm-diuna\/","title":{"rendered":"Szafka g\u00f3rna podw\u00f3jny okap 80 cm Diuna"},"content":{"rendered":"<div class=\"flex flex-col text-sm pb-25\">\n<section class=\"text-token-text-primary w-full focus:outline-none [--shadow-height:45px] has-data-writing-block:pointer-events-none has-data-writing-block:-mt-(--shadow-height) has-data-writing-block:pt-(--shadow-height) [&amp;:has([data-writing-block])&gt;*]:pointer-events-auto scroll-mt-[calc(var(--header-height)+min(200px,max(70px,20svh)))]\" dir=\"auto\" data-turn-id=\"request-WEB:820e504f-4254-43de-b2eb-e5166a4b9165-12\" data-testid=\"conversation-turn-26\" data-scroll-anchor=\"true\" data-turn=\"assistant\">\n<div class=\"text-base my-auto mx-auto pb-10 [--thread-content-margin:var(--thread-content-margin-xs,calc(var(--spacing)*4))] @w-sm\/main:[--thread-content-margin:var(--thread-content-margin-sm,calc(var(--spacing)*6))] @w-lg\/main:[--thread-content-margin:var(--thread-content-margin-lg,calc(var(--spacing)*16))] px-(--thread-content-margin)\">\n<div class=\"[--thread-content-max-width:40rem] @w-lg\/main:[--thread-content-max-width:48rem] mx-auto max-w-(--thread-content-max-width) flex-1 group\/turn-messages focus-visible:outline-hidden relative flex w-full min-w-0 flex-col agent-turn\">\n<div class=\"flex max-w-full flex-col gap-4 grow\">\n<div class=\"min-h-8 text-message relative flex w-full flex-col items-end gap-2 text-start break-words whitespace-normal outline-none keyboard-focused:focus-ring [.text-message+&amp;]:mt-1\" dir=\"auto\" tabindex=\"0\" data-message-author-role=\"assistant\" data-message-id=\"890d0aa3-cd25-46f4-90d7-66d0ec31437d\" data-message-model-slug=\"gpt-5-3-mini\" data-turn-start-message=\"true\">\n<div class=\"flex w-full flex-col gap-1 empty:hidden\">\n<div class=\"markdown prose dark:prose-invert w-full wrap-break-word light markdown-new-styling\">\n<h3 data-start=\"0\" data-end=\"97\">Szafka wisz\u0105ca 80 cm podw\u00f3jny okap to funkcjonalne rozwi\u0105zanie do nowoczesnej zabudowy kuchennej.<\/h3>\n<p data-start=\"99\" data-end=\"405\">Szafka zosta\u0142a zaprojektowana jako modu\u0142 z podw\u00f3jnym frontem otwieranym do g\u00f3ry, co zapewnia wygodny dost\u0119p do przechowywanych przedmiot\u00f3w oraz komfort codziennego u\u017cytkowania. Dzi\u0119ki swojej konstrukcji pozwala na praktyczne zagospodarowanie g\u00f3rnej strefy kuchni i utrzymanie sp\u00f3jnej, estetycznej zabudowy.<\/p>\n<p data-start=\"407\" data-end=\"486\">To funkcjonalny element, kt\u00f3ry \u0142\u0105czy wygod\u0119 u\u017cytkowania z nowoczesnym wygl\u0105dem.<\/p>\n<h3 data-start=\"488\" data-end=\"516\">Dopasowanie do ka\u017cdej kuchni<\/h3>\n<p data-start=\"518\" data-end=\"719\">Szafka wisz\u0105ca 80 cm podw\u00f3jny okap to uniwersalny wymiar, kt\u00f3ry mo\u017cna \u0142atwo dopasowa\u0107 do wi\u0119kszo\u015bci uk\u0142ad\u00f3w kuchennych. Sprawdzi si\u0119 zar\u00f3wno jako pojedynczy modu\u0142, jak i cz\u0119\u015b\u0107 wi\u0119kszej zabudowy g\u00f3rnej.<\/p>\n<p data-start=\"721\" data-end=\"796\">Produkt mo\u017ce by\u0107 stosowany zar\u00f3wno w mniejszych, jak i wi\u0119kszych kuchniach.<\/p>\n<h3 data-start=\"798\" data-end=\"832\">System Diuna \u2013 elastyczna zabudowa<\/h3>\n<p data-start=\"834\" data-end=\"1066\">Szafka jest cz\u0119\u015bci\u0105 \u00a0<a href=\"https:\/\/demkohome.pl\/produkt\/kuchania-diuna\/\" data-original-clean-href=\"https:\/\/demkohome.pl\/produkt\/kuchania-diuna\/\" data-clean-link-processed=\"true\">systemu modu\u0142owego Diuna<\/a>, kt\u00f3ry umo\u017cliwia dowolne komponowanie zabudowy kuchennej. Dzi\u0119ki temu mo\u017cesz stopniowo rozbudowywa\u0107 swoj\u0105 kuchni\u0119 i dopasowywa\u0107 j\u0105 do dost\u0119pnej przestrzeni oraz zmieniaj\u0105cych si\u0119 potrzeb.<\/p>\n<h3 data-start=\"1068\" data-end=\"1100\">Uniwersalny design systemu Diuna<\/h3>\n<p data-start=\"1102\" data-end=\"1297\">G\u00f3rne fronty w dekorze d\u0119bu linea nadaj\u0105 zabudowie naturalny, ciep\u0142y i ponadczasowy charakter. Dekor drewna wprowadza do wn\u0119trza przytulno\u015b\u0107 i doskonale komponuje si\u0119 z r\u00f3\u017cnymi stylami aran\u017cacji.<\/p>\n<p data-start=\"1299\" data-end=\"1413\">Prosta forma front\u00f3w oraz sp\u00f3jne wyko\u0144czenie sprawiaj\u0105, \u017ce mebel tworzy harmonijn\u0105 i estetyczn\u0105 zabudow\u0119 kuchenn\u0105.<\/p>\n<p data-start=\"1415\" data-end=\"1540\">Dzi\u0119ki naturalnemu wyko\u0144czeniu d\u0105b linea szafka doskonale wpisuje si\u0119 w style takie jak <strong>nowoczesny, skandynawski czy japandi.<\/strong><\/p>\n<p data-start=\"1542\" data-end=\"1592\" data-is-last-node=\"\" data-is-only-node=\"\"><strong>Diuna \u2013 stw\u00f3rz kuchni\u0119, kt\u00f3ra ro\u015bnie razem z Tob\u0105.<\/strong><\/p>\n<\/div>\n<p><img loading=\"lazy\" decoding=\"async\" class=\"wp-image-717427 size-full\" src=\"https:\/\/demkohome.pl\/wp-content\/uploads\/2026\/04\/demko_diuna_linea_H1105_kaszmir_U702_001_przerobione-aranz-grafit-scaled.png\" alt=\"Kaszmirowa kuchnia demko home\" width=\"2560\" height=\"1920\" srcset=\"https:\/\/demkohome.pl\/wp-content\/uploads\/2026\/04\/demko_diuna_linea_H1105_kaszmir_U702_001_przerobione-aranz-grafit-scaled.png 2560w, https:\/\/demkohome.pl\/wp-content\/uploads\/2026\/04\/demko_diuna_linea_H1105_kaszmir_U702_001_przerobione-aranz-grafit-300x225.png 300w, https:\/\/demkohome.pl\/wp-content\/uploads\/2026\/04\/demko_diuna_linea_H1105_kaszmir_U702_001_przerobione-aranz-grafit-1024x768.png 1024w, https:\/\/demkohome.pl\/wp-content\/uploads\/2026\/04\/demko_diuna_linea_H1105_kaszmir_U702_001_przerobione-aranz-grafit-768x576.png 768w, https:\/\/demkohome.pl\/wp-content\/uploads\/2026\/04\/demko_diuna_linea_H1105_kaszmir_U702_001_przerobione-aranz-grafit-1536x1152.png 1536w, https:\/\/demkohome.pl\/wp-content\/uploads\/2026\/04\/demko_diuna_linea_H1105_kaszmir_U702_001_przerobione-aranz-grafit-2048x1536.png 2048w, https:\/\/demkohome.pl\/wp-content\/uploads\/2026\/04\/demko_diuna_linea_H1105_kaszmir_U702_001_przerobione-aranz-grafit-16x12.png 16w, https:\/\/demkohome.pl\/wp-content\/uploads\/2026\/04\/demko_diuna_linea_H1105_kaszmir_U702_001_przerobione-aranz-grafit-600x450.png 600w\" sizes=\"auto, (max-width: 2560px) 100vw, 2560px\" \/><\/p>\n<\/div>\n<\/div>\n<\/div>\n<div class=\"z-0 flex min-h-[46px] justify-start\">\n<h4 data-start=\"680\" data-end=\"734\"><span style=\"color: #000000;\">Wymiary produktu:<\/span><\/h4>\n<table class=\"o-product-features\" role=\"presentation\">\n<tbody>\n<tr class=\"m-product-attr-row\">\n<th class=\"m-product-attr-row__name\" scope=\"row\">\n<h6>Produkt po z\u0142o\u017ceniu: szeroko\u015b\u0107 (w cm)<\/h6>\n<\/th>\n<td class=\"m-product-attr-row__value\">\n<h6>80<\/h6>\n<\/td>\n<\/tr>\n<tr class=\"m-product-attr-row\">\n<th class=\"m-product-attr-row__name\" scope=\"row\">\n<h6>Produkt po z\u0142o\u017ceniu: g\u0142\u0119boko\u015b\u0107 (w cm)<\/h6>\n<\/th>\n<td class=\"m-product-attr-row__value\">\n<h6>30<\/h6>\n<\/td>\n<\/tr>\n<tr class=\"m-product-attr-row\">\n<th class=\"m-product-attr-row__name\" scope=\"row\">\n<h6>Produkt po z\u0142o\u017ceniu: wysoko\u015b\u0107 (w cm)<\/h6>\n<\/th>\n<td class=\"m-product-attr-row__value\">\n<h6>72<\/h6>\n<\/td>\n<\/tr>\n<tr class=\"m-product-attr-row\">\n<th class=\"m-product-attr-row__name\" scope=\"row\">\n<h6>Produkt w opakowaniu: waga (w kg)<\/h6>\n<\/th>\n<td class=\"m-product-attr-row__value\">\n<h6>24<\/h6>\n<\/td>\n<\/tr>\n<\/tbody>\n<\/table>\n<\/div>\n<\/div>\n<\/div>\n<\/section>\n<\/div>\n<div class=\"pointer-events-none h-px w-px absolute bottom-0\" aria-hidden=\"true\" data-edge=\"true\"><img loading=\"lazy\" decoding=\"async\" class=\"wp-image-733228\" src=\"https:\/\/demkohome.pl\/wp-content\/uploads\/2026\/04\/81-cm-11-300x300.png\" alt=\"szafka g\u00f3rna 80 cm d\u0105b linea demko home \" width=\"610\" height=\"610\" srcset=\"https:\/\/demkohome.pl\/wp-content\/uploads\/2026\/04\/81-cm-11-300x300.png 300w, https:\/\/demkohome.pl\/wp-content\/uploads\/2026\/04\/81-cm-11-1024x1024.png 1024w, https:\/\/demkohome.pl\/wp-content\/uploads\/2026\/04\/81-cm-11-150x150.png 150w, https:\/\/demkohome.pl\/wp-content\/uploads\/2026\/04\/81-cm-11-768x768.png 768w, https:\/\/demkohome.pl\/wp-content\/uploads\/2026\/04\/81-cm-11-1536x1536.png 1536w, https:\/\/demkohome.pl\/wp-content\/uploads\/2026\/04\/81-cm-11-12x12.png 12w, https:\/\/demkohome.pl\/wp-content\/uploads\/2026\/04\/81-cm-11-600x600.png 600w, https:\/\/demkohome.pl\/wp-content\/uploads\/2026\/04\/81-cm-11-100x100.png 100w, https:\/\/demkohome.pl\/wp-content\/uploads\/2026\/04\/81-cm-11.png 2048w\" sizes=\"auto, (max-width: 610px) 100vw, 610px\" \/><\/div>\n","protected":false},"excerpt":{"rendered":"<p>Szafka wisz\u0105ca 80 cm podw\u00f3jny okap to funkcjonalne rozwi\u0105zanie do nowoczesnej zabudowy kuchennej. Szafka zosta\u0142a zaprojektowana jako modu\u0142 z podw\u00f3jnym (&#8230;)<\/p>","protected":false},"featured_media":690364,"comment_status":"open","ping_status":"closed","template":"","meta":{"_acf_changed":false,"inline_featured_image":false},"product_brand":[533],"product_cat":[532,297,65,106],"product_tag":[],"class_list":{"0":"post-690275","1":"product","2":"type-product","3":"status-publish","4":"has-post-thumbnail","6":"product_brand-demko-home","7":"product_cat-diuna","8":"product_cat-kolekcje","9":"product_cat-meble-kuchenne","10":"product_cat-szafki-kuchenne","11":"product_shipping_class-paczka-st-x-1","12":"collection-meble-kuchenne-modulowe","14":"first","15":"outofstock","16":"shipping-taxable","17":"purchasable","18":"product-type-simple"},"acf":[],"yoast_head":"<!-- This site is optimized with the Yoast SEO plugin v27.4 - https:\/\/yoast.com\/product\/yoast-seo-wordpress\/ -->\n<title>Szafka g\u00f3rna podw\u00f3jny okap 80 cm Diuna - Demko Home<\/title>\n<meta name=\"description\" content=\"Szafka kuchenna 80 cm wisz\u0105ca Diuna od Demko Home to funkcjonalna szafka do kuchni. Sprawd\u017a system modu\u0142owy i dopasuj zabudow\u0119.\" \/>\n<meta name=\"robots\" content=\"index, follow, max-snippet:-1, max-image-preview:large, max-video-preview:-1\" \/>\n<link rel=\"canonical\" href=\"https:\/\/demkohome.pl\/en\/product\/szafka-gorna-podojny-okap-80-cm-diuna\/\" \/>\n<meta property=\"og:locale\" content=\"en_US\" \/>\n<meta property=\"og:type\" content=\"article\" \/>\n<meta property=\"og:title\" content=\"szafka kuchenna 80 cm g\u00f3na\" \/>\n<meta property=\"og:description\" content=\"Szafka kuchenna 80 cm wisz\u0105ca Diuna to funkcjonalna szafka do kuchni. Sprawd\u017a system modu\u0142owy i dopasuj zabudow\u0119.\" \/>\n<meta property=\"og:url\" content=\"https:\/\/demkohome.pl\/en\/product\/szafka-gorna-podojny-okap-80-cm-diuna\/\" \/>\n<meta property=\"og:site_name\" content=\"Demko Home\" \/>\n<meta property=\"article:modified_time\" content=\"2026-04-16T09:24:39+00:00\" \/>\n<meta property=\"og:image\" content=\"https:\/\/demkohome.pl\/wp-content\/uploads\/2026\/03\/00007418__DIUNA_G80_OKAP_PODWOJNY_CLOSED-1024x1024.png\" \/>\n\t<meta property=\"og:image:width\" content=\"1024\" \/>\n\t<meta property=\"og:image:height\" content=\"1024\" \/>\n\t<meta property=\"og:image:type\" content=\"image\/png\" \/>\n<meta name=\"twitter:card\" content=\"summary_large_image\" \/>\n<meta name=\"twitter:title\" content=\"szafka kuchnna 80 cm g\u00f3rna\" \/>\n<meta name=\"twitter:description\" content=\"Szafka kuchenna 80 cm wisz\u0105ca Diuna to funkcjonalna szafka do kuchni. Sprawd\u017a system modu\u0142owy i dopasuj zabudow\u0119.\" \/>\n<meta name=\"twitter:image\" content=\"https:\/\/demkohome.pl\/wp-content\/uploads\/2026\/03\/00007418__DIUNA_G80_OKAP_PODWOJNY_CLOSED.png\" \/>\n<meta name=\"twitter:label1\" content=\"Est. reading time\" \/>\n\t<meta name=\"twitter:data1\" content=\"3 minutes\" \/>\n<script type=\"application\/ld+json\" class=\"yoast-schema-graph\">{\"@context\":\"https:\\\/\\\/schema.org\",\"@graph\":[{\"@type\":\"WebPage\",\"@id\":\"https:\\\/\\\/demkohome.pl\\\/produkt\\\/szafka-gorna-podojny-okap-80-cm-diuna\\\/\",\"url\":\"https:\\\/\\\/demkohome.pl\\\/produkt\\\/szafka-gorna-podojny-okap-80-cm-diuna\\\/\",\"name\":\"Szafka g\u00f3rna podw\u00f3jny okap 80 cm Diuna - Demko Home\",\"isPartOf\":{\"@id\":\"https:\\\/\\\/demkohome.pl\\\/#website\"},\"primaryImageOfPage\":{\"@id\":\"https:\\\/\\\/demkohome.pl\\\/produkt\\\/szafka-gorna-podojny-okap-80-cm-diuna\\\/#primaryimage\"},\"image\":{\"@id\":\"https:\\\/\\\/demkohome.pl\\\/produkt\\\/szafka-gorna-podojny-okap-80-cm-diuna\\\/#primaryimage\"},\"thumbnailUrl\":\"https:\\\/\\\/demkohome.pl\\\/wp-content\\\/uploads\\\/2026\\\/03\\\/00007418__DIUNA_G80_OKAP_PODWOJNY_CLOSED.png\",\"datePublished\":\"2026-04-10T11:29:30+00:00\",\"dateModified\":\"2026-04-16T09:24:39+00:00\",\"description\":\"Szafka kuchenna 80 cm wisz\u0105ca Diuna od Demko Home to funkcjonalna szafka do kuchni. Sprawd\u017a system modu\u0142owy i dopasuj zabudow\u0119.\",\"breadcrumb\":{\"@id\":\"https:\\\/\\\/demkohome.pl\\\/produkt\\\/szafka-gorna-podojny-okap-80-cm-diuna\\\/#breadcrumb\"},\"inLanguage\":\"en-US\",\"potentialAction\":[{\"@type\":\"ReadAction\",\"target\":[\"https:\\\/\\\/demkohome.pl\\\/produkt\\\/szafka-gorna-podojny-okap-80-cm-diuna\\\/\"]}]},{\"@type\":\"ImageObject\",\"inLanguage\":\"en-US\",\"@id\":\"https:\\\/\\\/demkohome.pl\\\/produkt\\\/szafka-gorna-podojny-okap-80-cm-diuna\\\/#primaryimage\",\"url\":\"https:\\\/\\\/demkohome.pl\\\/wp-content\\\/uploads\\\/2026\\\/03\\\/00007418__DIUNA_G80_OKAP_PODWOJNY_CLOSED.png\",\"contentUrl\":\"https:\\\/\\\/demkohome.pl\\\/wp-content\\\/uploads\\\/2026\\\/03\\\/00007418__DIUNA_G80_OKAP_PODWOJNY_CLOSED.png\",\"width\":2500,\"height\":2500},{\"@type\":\"BreadcrumbList\",\"@id\":\"https:\\\/\\\/demkohome.pl\\\/produkt\\\/szafka-gorna-podojny-okap-80-cm-diuna\\\/#breadcrumb\",\"itemListElement\":[{\"@type\":\"ListItem\",\"position\":1,\"name\":\"Strona g\u0142\u00f3wna\",\"item\":\"https:\\\/\\\/demkohome.pl\\\/\"},{\"@type\":\"ListItem\",\"position\":2,\"name\":\"Sklep\",\"item\":\"https:\\\/\\\/demkohome.pl\\\/sklep\\\/\"},{\"@type\":\"ListItem\",\"position\":3,\"name\":\"Szafka g\u00f3rna podw\u00f3jny okap 80 cm Diuna\"}]},{\"@type\":\"WebSite\",\"@id\":\"https:\\\/\\\/demkohome.pl\\\/#website\",\"url\":\"https:\\\/\\\/demkohome.pl\\\/\",\"name\":\"Demko Home\",\"description\":\"Make it simple\",\"publisher\":{\"@id\":\"https:\\\/\\\/demkohome.pl\\\/#organization\"},\"potentialAction\":[{\"@type\":\"SearchAction\",\"target\":{\"@type\":\"EntryPoint\",\"urlTemplate\":\"https:\\\/\\\/demkohome.pl\\\/?s={search_term_string}\"},\"query-input\":{\"@type\":\"PropertyValueSpecification\",\"valueRequired\":true,\"valueName\":\"search_term_string\"}}],\"inLanguage\":\"en-US\"},{\"@type\":\"Organization\",\"@id\":\"https:\\\/\\\/demkohome.pl\\\/#organization\",\"name\":\"Demko Home\",\"url\":\"https:\\\/\\\/demkohome.pl\\\/\",\"logo\":{\"@type\":\"ImageObject\",\"inLanguage\":\"en-US\",\"@id\":\"https:\\\/\\\/demkohome.pl\\\/#\\\/schema\\\/logo\\\/image\\\/\",\"url\":\"https:\\\/\\\/demkohome.pl\\\/wp-content\\\/uploads\\\/2026\\\/03\\\/cropped-3.png\",\"contentUrl\":\"https:\\\/\\\/demkohome.pl\\\/wp-content\\\/uploads\\\/2026\\\/03\\\/cropped-3.png\",\"width\":250,\"height\":63,\"caption\":\"Demko Home\"},\"image\":{\"@id\":\"https:\\\/\\\/demkohome.pl\\\/#\\\/schema\\\/logo\\\/image\\\/\"}}]}<\/script>\n<!-- \/ Yoast SEO plugin. -->","yoast_head_json":{"title":"Szafka g\u00f3rna podw\u00f3jny okap 80 cm Diuna - Demko Home","description":"Szafka kuchenna 80 cm wisz\u0105ca Diuna od Demko Home to funkcjonalna szafka do kuchni. Sprawd\u017a system modu\u0142owy i dopasuj zabudow\u0119.","robots":{"index":"index","follow":"follow","max-snippet":"max-snippet:-1","max-image-preview":"max-image-preview:large","max-video-preview":"max-video-preview:-1"},"canonical":"https:\/\/demkohome.pl\/en\/product\/szafka-gorna-podojny-okap-80-cm-diuna\/","og_locale":"en_US","og_type":"article","og_title":"szafka kuchenna 80 cm g\u00f3na","og_description":"Szafka kuchenna 80 cm wisz\u0105ca Diuna to funkcjonalna szafka do kuchni. Sprawd\u017a system modu\u0142owy i dopasuj zabudow\u0119.","og_url":"https:\/\/demkohome.pl\/en\/product\/szafka-gorna-podojny-okap-80-cm-diuna\/","og_site_name":"Demko Home","article_modified_time":"2026-04-16T09:24:39+00:00","og_image":[{"width":1024,"height":1024,"url":"https:\/\/demkohome.pl\/wp-content\/uploads\/2026\/03\/00007418__DIUNA_G80_OKAP_PODWOJNY_CLOSED-1024x1024.png","type":"image\/png"}],"twitter_card":"summary_large_image","twitter_title":"szafka kuchnna 80 cm g\u00f3rna","twitter_description":"Szafka kuchenna 80 cm wisz\u0105ca Diuna to funkcjonalna szafka do kuchni. Sprawd\u017a system modu\u0142owy i dopasuj zabudow\u0119.","twitter_image":"https:\/\/demkohome.pl\/wp-content\/uploads\/2026\/03\/00007418__DIUNA_G80_OKAP_PODWOJNY_CLOSED.png","twitter_misc":{"Est. reading time":"3 minutes"},"schema":{"@context":"https:\/\/schema.org","@graph":[{"@type":"WebPage","@id":"https:\/\/demkohome.pl\/produkt\/szafka-gorna-podojny-okap-80-cm-diuna\/","url":"https:\/\/demkohome.pl\/produkt\/szafka-gorna-podojny-okap-80-cm-diuna\/","name":"Szafka g\u00f3rna podw\u00f3jny okap 80 cm Diuna - Demko Home","isPartOf":{"@id":"https:\/\/demkohome.pl\/#website"},"primaryImageOfPage":{"@id":"https:\/\/demkohome.pl\/produkt\/szafka-gorna-podojny-okap-80-cm-diuna\/#primaryimage"},"image":{"@id":"https:\/\/demkohome.pl\/produkt\/szafka-gorna-podojny-okap-80-cm-diuna\/#primaryimage"},"thumbnailUrl":"https:\/\/demkohome.pl\/wp-content\/uploads\/2026\/03\/00007418__DIUNA_G80_OKAP_PODWOJNY_CLOSED.png","datePublished":"2026-04-10T11:29:30+00:00","dateModified":"2026-04-16T09:24:39+00:00","description":"Szafka kuchenna 80 cm wisz\u0105ca Diuna od Demko Home to funkcjonalna szafka do kuchni. Sprawd\u017a system modu\u0142owy i dopasuj zabudow\u0119.","breadcrumb":{"@id":"https:\/\/demkohome.pl\/produkt\/szafka-gorna-podojny-okap-80-cm-diuna\/#breadcrumb"},"inLanguage":"en-US","potentialAction":[{"@type":"ReadAction","target":["https:\/\/demkohome.pl\/produkt\/szafka-gorna-podojny-okap-80-cm-diuna\/"]}]},{"@type":"ImageObject","inLanguage":"en-US","@id":"https:\/\/demkohome.pl\/produkt\/szafka-gorna-podojny-okap-80-cm-diuna\/#primaryimage","url":"https:\/\/demkohome.pl\/wp-content\/uploads\/2026\/03\/00007418__DIUNA_G80_OKAP_PODWOJNY_CLOSED.png","contentUrl":"https:\/\/demkohome.pl\/wp-content\/uploads\/2026\/03\/00007418__DIUNA_G80_OKAP_PODWOJNY_CLOSED.png","width":2500,"height":2500},{"@type":"BreadcrumbList","@id":"https:\/\/demkohome.pl\/produkt\/szafka-gorna-podojny-okap-80-cm-diuna\/#breadcrumb","itemListElement":[{"@type":"ListItem","position":1,"name":"Strona g\u0142\u00f3wna","item":"https:\/\/demkohome.pl\/"},{"@type":"ListItem","position":2,"name":"Sklep","item":"https:\/\/demkohome.pl\/sklep\/"},{"@type":"ListItem","position":3,"name":"Szafka g\u00f3rna podw\u00f3jny okap 80 cm Diuna"}]},{"@type":"WebSite","@id":"https:\/\/demkohome.pl\/#website","url":"https:\/\/demkohome.pl\/","name":"Demko Home","description":"Make it simple","publisher":{"@id":"https:\/\/demkohome.pl\/#organization"},"potentialAction":[{"@type":"SearchAction","target":{"@type":"EntryPoint","urlTemplate":"https:\/\/demkohome.pl\/?s={search_term_string}"},"query-input":{"@type":"PropertyValueSpecification","valueRequired":true,"valueName":"search_term_string"}}],"inLanguage":"en-US"},{"@type":"Organization","@id":"https:\/\/demkohome.pl\/#organization","name":"Demko Home","url":"https:\/\/demkohome.pl\/","logo":{"@type":"ImageObject","inLanguage":"en-US","@id":"https:\/\/demkohome.pl\/#\/schema\/logo\/image\/","url":"https:\/\/demkohome.pl\/wp-content\/uploads\/2026\/03\/cropped-3.png","contentUrl":"https:\/\/demkohome.pl\/wp-content\/uploads\/2026\/03\/cropped-3.png","width":250,"height":63,"caption":"Demko Home"},"image":{"@id":"https:\/\/demkohome.pl\/#\/schema\/logo\/image\/"}}]}},"_links":{"self":[{"href":"https:\/\/demkohome.pl\/en\/wp-json\/wp\/v2\/product\/690275","targetHints":{"allow":["GET"]}}],"collection":[{"href":"https:\/\/demkohome.pl\/en\/wp-json\/wp\/v2\/product"}],"about":[{"href":"https:\/\/demkohome.pl\/en\/wp-json\/wp\/v2\/types\/product"}],"replies":[{"embeddable":true,"href":"https:\/\/demkohome.pl\/en\/wp-json\/wp\/v2\/comments?post=690275"}],"wp:featuredmedia":[{"embeddable":true,"href":"https:\/\/demkohome.pl\/en\/wp-json\/wp\/v2\/media\/690364"}],"wp:attachment":[{"href":"https:\/\/demkohome.pl\/en\/wp-json\/wp\/v2\/media?parent=690275"}],"wp:term":[{"taxonomy":"product_brand","embeddable":true,"href":"https:\/\/demkohome.pl\/en\/wp-json\/wp\/v2\/product_brand?post=690275"},{"taxonomy":"product_cat","embeddable":true,"href":"https:\/\/demkohome.pl\/en\/wp-json\/wp\/v2\/product_cat?post=690275"},{"taxonomy":"product_tag","embeddable":true,"href":"https:\/\/demkohome.pl\/en\/wp-json\/wp\/v2\/product_tag?post=690275"}],"curies":[{"name":"wp","href":"https:\/\/api.w.org\/{rel}","templated":true}]}}