{"id":690446,"date":"2026-04-10T12:49:27","date_gmt":"2026-04-10T10:49:27","guid":{"rendered":"https:\/\/demkohome.pl\/?post_type=product&#038;p=690446"},"modified":"2026-04-16T11:29:09","modified_gmt":"2026-04-16T09:29:09","slug":"szafka-gorna-podwojny-okap-60-cm-diuna","status":"publish","type":"product","link":"https:\/\/demkohome.pl\/en\/product\/szafka-gorna-podwojny-okap-60-cm-diuna\/","title":{"rendered":"Szafka g\u00f3rna podw\u00f3jny okap 60 cm Diuna"},"content":{"rendered":"<h3 data-start=\"0\" data-end=\"129\">Szafka wisz\u0105ca 60 cm podw\u00f3jny okap, otwierana do g\u00f3ry, to funkcjonalne i nowoczesne rozwi\u0105zanie do zabudowy kuchennej nad okapem.<\/h3>\n<p data-start=\"131\" data-end=\"372\">Zosta\u0142a zaprojektowana z my\u015bl\u0105 o maksymalnym wykorzystaniu przestrzeni oraz estetycznym wyko\u0144czeniu strefy kuchennej. Podw\u00f3jna konstrukcja oraz system otwierania do g\u00f3ry zapewniaj\u0105 wygodny dost\u0119p do wn\u0119trza i komfort u\u017cytkowania na co dzie\u0144.<\/p>\n<p data-start=\"374\" data-end=\"471\">To praktyczny element, kt\u00f3ry \u0142\u0105czy oszcz\u0119dno\u015b\u0107 miejsca z nowoczesnym wygl\u0105dem zabudowy kuchennej.<\/p>\n<h4 data-start=\"473\" data-end=\"505\"><strong data-start=\"473\" data-end=\"505\">Dopasowanie do ka\u017cdej kuchni<\/strong><\/h4>\n<p data-start=\"507\" data-end=\"723\">Szafka wisz\u0105ca 60 cm pod okap to uniwersalny modu\u0142, kt\u00f3ry mo\u017cna \u0142atwo dopasowa\u0107 do r\u00f3\u017cnych uk\u0142ad\u00f3w kuchennych. Idealnie sprawdzi si\u0119 jako element zabudowy nad okapem, tworz\u0105c sp\u00f3jn\u0105 i estetyczn\u0105 lini\u0119 g\u00f3rnych szafek.<\/p>\n<p data-start=\"725\" data-end=\"874\">Produkt doskonale odnajdzie si\u0119 zar\u00f3wno w mniejszych, jak i wi\u0119kszych kuchniach, gdzie liczy si\u0119 funkcjonalno\u015b\u0107 i dobre zagospodarowanie przestrzeni.<\/p>\n<p><strong data-start=\"876\" data-end=\"914\">System Diuna \u2013 elastyczna zabudowa<\/strong><\/p>\n<p data-start=\"916\" data-end=\"1132\">Szafka jest cz\u0119\u015bci\u0105 <span style=\"color: #333333;\"><a style=\"color: #333333;\" href=\"https:\/\/demkohome.pl\/en\/product\/kuchania-diuna\/\">systemu modu\u0142owego Diuna<\/a><\/span>, kt\u00f3ry umo\u017cliwia swobodne komponowanie zabudowy kuchennej. Dzi\u0119ki temu mo\u017cesz rozwija\u0107 swoj\u0105 kuchni\u0119 etapami i dopasowa\u0107 j\u0105 do dost\u0119pnej przestrzeni oraz w\u0142asnych potrzeb.<\/p>\n<h4 data-start=\"1134\" data-end=\"1170\"><strong data-start=\"1134\" data-end=\"1170\">Uniwersalny design systemu Diuna<\/strong><\/h4>\n<p data-start=\"1172\" data-end=\"1365\">Fronty w dekorze d\u0119bu linea nadaj\u0105 zabudowie naturalny, ciep\u0142y i ponadczasowy charakter. Struktura drewna wprowadza do wn\u0119trza przytulno\u015b\u0107 i doskonale komponuje si\u0119 z r\u00f3\u017cnymi stylami aran\u017cacji.<\/p>\n<p data-start=\"1367\" data-end=\"1482\">Prosta forma oraz system otwierania do g\u00f3ry podkre\u015blaj\u0105 nowoczesny charakter mebla i zapewniaj\u0105 wygod\u0119 u\u017cytkowania.<\/p>\n<p data-start=\"1484\" data-end=\"1607\">Dzi\u0119ki wyko\u0144czeniu w dekorze d\u0105b linea szafka doskonale wpisuje si\u0119 w style takie jak <strong>nowoczesny, skandynawski czy japandi<\/strong>.<\/p>\n<p data-start=\"1609\" data-end=\"1663\" data-is-last-node=\"\" data-is-only-node=\"\"><strong data-start=\"1609\" data-end=\"1663\" data-is-last-node=\"\">Diuna \u2013 stw\u00f3rz kuchni\u0119, kt\u00f3ra ro\u015bnie razem z Tob\u0105.<\/strong><\/p>\n<p data-start=\"1609\" data-end=\"1663\" data-is-last-node=\"\" data-is-only-node=\"\"><img loading=\"lazy\" decoding=\"async\" class=\"wp-image-717427 size-full\" src=\"https:\/\/demkohome.pl\/wp-content\/uploads\/2026\/04\/demko_diuna_linea_H1105_kaszmir_U702_001_przerobione-aranz-grafit-scaled.png\" alt=\"Kaszmirowa kuchnia demko home\" width=\"2560\" height=\"1920\" srcset=\"https:\/\/demkohome.pl\/wp-content\/uploads\/2026\/04\/demko_diuna_linea_H1105_kaszmir_U702_001_przerobione-aranz-grafit-scaled.png 2560w, https:\/\/demkohome.pl\/wp-content\/uploads\/2026\/04\/demko_diuna_linea_H1105_kaszmir_U702_001_przerobione-aranz-grafit-300x225.png 300w, https:\/\/demkohome.pl\/wp-content\/uploads\/2026\/04\/demko_diuna_linea_H1105_kaszmir_U702_001_przerobione-aranz-grafit-1024x768.png 1024w, https:\/\/demkohome.pl\/wp-content\/uploads\/2026\/04\/demko_diuna_linea_H1105_kaszmir_U702_001_przerobione-aranz-grafit-768x576.png 768w, https:\/\/demkohome.pl\/wp-content\/uploads\/2026\/04\/demko_diuna_linea_H1105_kaszmir_U702_001_przerobione-aranz-grafit-1536x1152.png 1536w, https:\/\/demkohome.pl\/wp-content\/uploads\/2026\/04\/demko_diuna_linea_H1105_kaszmir_U702_001_przerobione-aranz-grafit-2048x1536.png 2048w, https:\/\/demkohome.pl\/wp-content\/uploads\/2026\/04\/demko_diuna_linea_H1105_kaszmir_U702_001_przerobione-aranz-grafit-16x12.png 16w, https:\/\/demkohome.pl\/wp-content\/uploads\/2026\/04\/demko_diuna_linea_H1105_kaszmir_U702_001_przerobione-aranz-grafit-600x450.png 600w\" sizes=\"auto, (max-width: 2560px) 100vw, 2560px\" \/><\/p>\n<h4 data-start=\"680\" data-end=\"734\"><span style=\"color: #000000;\">Product Dimensions:<\/span><\/h4>\n<p>&nbsp;<\/p>\n<table class=\"o-product-features\" role=\"presentation\">\n<tbody>\n<tr class=\"m-product-attr-row\">\n<th class=\"m-product-attr-row__name\" scope=\"row\">\n<h6>Produkt po z\u0142o\u017ceniu: szeroko\u015b\u0107 (w cm)<\/h6>\n<\/th>\n<td class=\"m-product-attr-row__value\">\n<h6>60<\/h6>\n<\/td>\n<\/tr>\n<tr class=\"m-product-attr-row\">\n<th class=\"m-product-attr-row__name\" scope=\"row\">\n<h6>Produkt po z\u0142o\u017ceniu: g\u0142\u0119boko\u015b\u0107 (w cm)<\/h6>\n<\/th>\n<td class=\"m-product-attr-row__value\">\n<h6>30<\/h6>\n<\/td>\n<\/tr>\n<tr class=\"m-product-attr-row\">\n<th class=\"m-product-attr-row__name\" scope=\"row\">\n<h6>Produkt po z\u0142o\u017ceniu: wysoko\u015b\u0107 (w cm)<\/h6>\n<\/th>\n<td class=\"m-product-attr-row__value\">\n<h6>72<\/h6>\n<\/td>\n<\/tr>\n<tr class=\"m-product-attr-row\">\n<th class=\"m-product-attr-row__name\" scope=\"row\">\n<h6>Produkt w opakowaniu: waga (w kg)<\/h6>\n<\/th>\n<td class=\"m-product-attr-row__value\">\n<h6>23<\/h6>\n<\/td>\n<\/tr>\n<\/tbody>\n<\/table>\n<p>&nbsp;<\/p>\n<p><img loading=\"lazy\" decoding=\"async\" class=\"alignleft wp-image-741034\" src=\"https:\/\/demkohome.pl\/wp-content\/uploads\/2026\/04\/81-cm-19-300x300.png\" alt=\"\" width=\"610\" height=\"610\" srcset=\"https:\/\/demkohome.pl\/wp-content\/uploads\/2026\/04\/81-cm-19-300x300.png 300w, https:\/\/demkohome.pl\/wp-content\/uploads\/2026\/04\/81-cm-19-1024x1024.png 1024w, https:\/\/demkohome.pl\/wp-content\/uploads\/2026\/04\/81-cm-19-150x150.png 150w, https:\/\/demkohome.pl\/wp-content\/uploads\/2026\/04\/81-cm-19-768x768.png 768w, https:\/\/demkohome.pl\/wp-content\/uploads\/2026\/04\/81-cm-19-1536x1536.png 1536w, https:\/\/demkohome.pl\/wp-content\/uploads\/2026\/04\/81-cm-19-12x12.png 12w, https:\/\/demkohome.pl\/wp-content\/uploads\/2026\/04\/81-cm-19-600x600.png 600w, https:\/\/demkohome.pl\/wp-content\/uploads\/2026\/04\/81-cm-19-100x100.png 100w, https:\/\/demkohome.pl\/wp-content\/uploads\/2026\/04\/81-cm-19.png 2048w\" sizes=\"auto, (max-width: 610px) 100vw, 610px\" \/><\/p>","protected":false},"excerpt":{"rendered":"<p>Szafka wisz\u0105ca 60 cm podw\u00f3jny okap, otwierana do g\u00f3ry, to funkcjonalne i nowoczesne rozwi\u0105zanie do zabudowy kuchennej nad okapem. Zosta\u0142a (&#8230;)<\/p>","protected":false},"featured_media":690447,"comment_status":"open","ping_status":"closed","template":"","meta":{"_acf_changed":false,"inline_featured_image":false},"product_brand":[533],"product_cat":[532,297,65,106],"product_tag":[],"class_list":{"0":"post-690446","1":"product","2":"type-product","3":"status-publish","4":"has-post-thumbnail","6":"product_brand-demko-home","7":"product_cat-diuna","8":"product_cat-kolekcje","9":"product_cat-meble-kuchenne","10":"product_cat-szafki-kuchenne","11":"product_shipping_class-paczka-st-x-1","12":"collection-meble-kuchenne-modulowe","14":"first","15":"outofstock","16":"shipping-taxable","17":"purchasable","18":"product-type-simple"},"acf":[],"yoast_head":"<!-- This site is optimized with the Yoast SEO plugin v27.4 - https:\/\/yoast.com\/product\/yoast-seo-wordpress\/ -->\n<title>Szafka g\u00f3rna podw\u00f3jny okap 60 cm Diuna - Demko Home<\/title>\n<meta name=\"description\" content=\"Szafka kuchenna Diuna 60 cm wisz\u0105ca to funkcjonalna szafka g\u00f3rna do kuchni. Sprawd\u017a system modu\u0142owy i dopasuj zabudow\u0119.\" \/>\n<meta name=\"robots\" content=\"index, follow, max-snippet:-1, max-image-preview:large, max-video-preview:-1\" \/>\n<link rel=\"canonical\" href=\"https:\/\/demkohome.pl\/en\/product\/szafka-gorna-podwojny-okap-60-cm-diuna\/\" \/>\n<meta property=\"og:locale\" content=\"en_US\" \/>\n<meta property=\"og:type\" content=\"article\" \/>\n<meta property=\"og:title\" content=\"Szafka kuchenna 60 cm wisz\u0105ca Diuna-nowoczesna szafka g\u00f3rna\" \/>\n<meta property=\"og:description\" content=\"Szafka kuchenna 60 cm wisz\u0105ca Diuna to funkcjonalna szafka g\u00f3rna do kuchni. Sprawd\u017a system modu\u0142owy i dopasuj zabudow\u0119.\" \/>\n<meta property=\"og:url\" content=\"https:\/\/demkohome.pl\/en\/product\/szafka-gorna-podwojny-okap-60-cm-diuna\/\" \/>\n<meta property=\"og:site_name\" content=\"Demko Home\" \/>\n<meta property=\"article:modified_time\" content=\"2026-04-16T09:29:09+00:00\" \/>\n<meta property=\"og:image\" content=\"https:\/\/demkohome.pl\/wp-content\/uploads\/2026\/03\/00008191__DIUNA_G60_OKAP_PODWOJNY_CLOSED-1024x1024.png\" \/>\n\t<meta property=\"og:image:width\" content=\"1024\" \/>\n\t<meta property=\"og:image:height\" content=\"1024\" \/>\n\t<meta property=\"og:image:type\" content=\"image\/png\" \/>\n<meta name=\"twitter:card\" content=\"summary_large_image\" \/>\n<meta name=\"twitter:title\" content=\"Szafka kuchenna 60 cm wisz\u0105ca Diuna-nowoczesna szafka g\u00f3rna\" \/>\n<meta name=\"twitter:description\" content=\"Szafka kuchenna 60 cm wisz\u0105ca Diuna to funkcjonalna szafka g\u00f3rna do kuchni. Sprawd\u017a system modu\u0142owy i dopasuj zabudow\u0119.\" \/>\n<meta name=\"twitter:image\" content=\"https:\/\/demkohome.pl\/wp-content\/uploads\/2026\/03\/00008191__DIUNA_G60_OKAP_PODWOJNY_CLOSED.png\" \/>\n<meta name=\"twitter:label1\" content=\"Est. reading time\" \/>\n\t<meta name=\"twitter:data1\" content=\"3 minutes\" \/>\n<script type=\"application\/ld+json\" class=\"yoast-schema-graph\">{\"@context\":\"https:\\\/\\\/schema.org\",\"@graph\":[{\"@type\":\"WebPage\",\"@id\":\"https:\\\/\\\/demkohome.pl\\\/produkt\\\/szafka-gorna-podwojny-okap-60-cm-diuna\\\/\",\"url\":\"https:\\\/\\\/demkohome.pl\\\/produkt\\\/szafka-gorna-podwojny-okap-60-cm-diuna\\\/\",\"name\":\"Szafka g\u00f3rna podw\u00f3jny okap 60 cm Diuna - Demko Home\",\"isPartOf\":{\"@id\":\"https:\\\/\\\/demkohome.pl\\\/#website\"},\"primaryImageOfPage\":{\"@id\":\"https:\\\/\\\/demkohome.pl\\\/produkt\\\/szafka-gorna-podwojny-okap-60-cm-diuna\\\/#primaryimage\"},\"image\":{\"@id\":\"https:\\\/\\\/demkohome.pl\\\/produkt\\\/szafka-gorna-podwojny-okap-60-cm-diuna\\\/#primaryimage\"},\"thumbnailUrl\":\"https:\\\/\\\/demkohome.pl\\\/wp-content\\\/uploads\\\/2026\\\/03\\\/00008191__DIUNA_G60_OKAP_PODWOJNY_CLOSED.png\",\"datePublished\":\"2026-04-10T10:49:27+00:00\",\"dateModified\":\"2026-04-16T09:29:09+00:00\",\"description\":\"Szafka kuchenna Diuna 60 cm wisz\u0105ca to funkcjonalna szafka g\u00f3rna do kuchni. Sprawd\u017a system modu\u0142owy i dopasuj zabudow\u0119.\",\"breadcrumb\":{\"@id\":\"https:\\\/\\\/demkohome.pl\\\/produkt\\\/szafka-gorna-podwojny-okap-60-cm-diuna\\\/#breadcrumb\"},\"inLanguage\":\"en-US\",\"potentialAction\":[{\"@type\":\"ReadAction\",\"target\":[\"https:\\\/\\\/demkohome.pl\\\/produkt\\\/szafka-gorna-podwojny-okap-60-cm-diuna\\\/\"]}]},{\"@type\":\"ImageObject\",\"inLanguage\":\"en-US\",\"@id\":\"https:\\\/\\\/demkohome.pl\\\/produkt\\\/szafka-gorna-podwojny-okap-60-cm-diuna\\\/#primaryimage\",\"url\":\"https:\\\/\\\/demkohome.pl\\\/wp-content\\\/uploads\\\/2026\\\/03\\\/00008191__DIUNA_G60_OKAP_PODWOJNY_CLOSED.png\",\"contentUrl\":\"https:\\\/\\\/demkohome.pl\\\/wp-content\\\/uploads\\\/2026\\\/03\\\/00008191__DIUNA_G60_OKAP_PODWOJNY_CLOSED.png\",\"width\":2500,\"height\":2500},{\"@type\":\"BreadcrumbList\",\"@id\":\"https:\\\/\\\/demkohome.pl\\\/produkt\\\/szafka-gorna-podwojny-okap-60-cm-diuna\\\/#breadcrumb\",\"itemListElement\":[{\"@type\":\"ListItem\",\"position\":1,\"name\":\"Strona g\u0142\u00f3wna\",\"item\":\"https:\\\/\\\/demkohome.pl\\\/\"},{\"@type\":\"ListItem\",\"position\":2,\"name\":\"Sklep\",\"item\":\"https:\\\/\\\/demkohome.pl\\\/sklep\\\/\"},{\"@type\":\"ListItem\",\"position\":3,\"name\":\"Szafka g\u00f3rna podw\u00f3jny okap 60 cm Diuna\"}]},{\"@type\":\"WebSite\",\"@id\":\"https:\\\/\\\/demkohome.pl\\\/#website\",\"url\":\"https:\\\/\\\/demkohome.pl\\\/\",\"name\":\"Demko Home\",\"description\":\"Make it simple\",\"publisher\":{\"@id\":\"https:\\\/\\\/demkohome.pl\\\/#organization\"},\"potentialAction\":[{\"@type\":\"SearchAction\",\"target\":{\"@type\":\"EntryPoint\",\"urlTemplate\":\"https:\\\/\\\/demkohome.pl\\\/?s={search_term_string}\"},\"query-input\":{\"@type\":\"PropertyValueSpecification\",\"valueRequired\":true,\"valueName\":\"search_term_string\"}}],\"inLanguage\":\"en-US\"},{\"@type\":\"Organization\",\"@id\":\"https:\\\/\\\/demkohome.pl\\\/#organization\",\"name\":\"Demko Home\",\"url\":\"https:\\\/\\\/demkohome.pl\\\/\",\"logo\":{\"@type\":\"ImageObject\",\"inLanguage\":\"en-US\",\"@id\":\"https:\\\/\\\/demkohome.pl\\\/#\\\/schema\\\/logo\\\/image\\\/\",\"url\":\"https:\\\/\\\/demkohome.pl\\\/wp-content\\\/uploads\\\/2026\\\/03\\\/cropped-3.png\",\"contentUrl\":\"https:\\\/\\\/demkohome.pl\\\/wp-content\\\/uploads\\\/2026\\\/03\\\/cropped-3.png\",\"width\":250,\"height\":63,\"caption\":\"Demko Home\"},\"image\":{\"@id\":\"https:\\\/\\\/demkohome.pl\\\/#\\\/schema\\\/logo\\\/image\\\/\"}}]}<\/script>\n<!-- \/ Yoast SEO plugin. -->","yoast_head_json":{"title":"Szafka g\u00f3rna podw\u00f3jny okap 60 cm Diuna - Demko Home","description":"Szafka kuchenna Diuna 60 cm wisz\u0105ca to funkcjonalna szafka g\u00f3rna do kuchni. Sprawd\u017a system modu\u0142owy i dopasuj zabudow\u0119.","robots":{"index":"index","follow":"follow","max-snippet":"max-snippet:-1","max-image-preview":"max-image-preview:large","max-video-preview":"max-video-preview:-1"},"canonical":"https:\/\/demkohome.pl\/en\/product\/szafka-gorna-podwojny-okap-60-cm-diuna\/","og_locale":"en_US","og_type":"article","og_title":"Szafka kuchenna 60 cm wisz\u0105ca Diuna-nowoczesna szafka g\u00f3rna","og_description":"Szafka kuchenna 60 cm wisz\u0105ca Diuna to funkcjonalna szafka g\u00f3rna do kuchni. Sprawd\u017a system modu\u0142owy i dopasuj zabudow\u0119.","og_url":"https:\/\/demkohome.pl\/en\/product\/szafka-gorna-podwojny-okap-60-cm-diuna\/","og_site_name":"Demko Home","article_modified_time":"2026-04-16T09:29:09+00:00","og_image":[{"width":1024,"height":1024,"url":"https:\/\/demkohome.pl\/wp-content\/uploads\/2026\/03\/00008191__DIUNA_G60_OKAP_PODWOJNY_CLOSED-1024x1024.png","type":"image\/png"}],"twitter_card":"summary_large_image","twitter_title":"Szafka kuchenna 60 cm wisz\u0105ca Diuna-nowoczesna szafka g\u00f3rna","twitter_description":"Szafka kuchenna 60 cm wisz\u0105ca Diuna to funkcjonalna szafka g\u00f3rna do kuchni. Sprawd\u017a system modu\u0142owy i dopasuj zabudow\u0119.","twitter_image":"https:\/\/demkohome.pl\/wp-content\/uploads\/2026\/03\/00008191__DIUNA_G60_OKAP_PODWOJNY_CLOSED.png","twitter_misc":{"Est. reading time":"3 minutes"},"schema":{"@context":"https:\/\/schema.org","@graph":[{"@type":"WebPage","@id":"https:\/\/demkohome.pl\/produkt\/szafka-gorna-podwojny-okap-60-cm-diuna\/","url":"https:\/\/demkohome.pl\/produkt\/szafka-gorna-podwojny-okap-60-cm-diuna\/","name":"Szafka g\u00f3rna podw\u00f3jny okap 60 cm Diuna - Demko Home","isPartOf":{"@id":"https:\/\/demkohome.pl\/#website"},"primaryImageOfPage":{"@id":"https:\/\/demkohome.pl\/produkt\/szafka-gorna-podwojny-okap-60-cm-diuna\/#primaryimage"},"image":{"@id":"https:\/\/demkohome.pl\/produkt\/szafka-gorna-podwojny-okap-60-cm-diuna\/#primaryimage"},"thumbnailUrl":"https:\/\/demkohome.pl\/wp-content\/uploads\/2026\/03\/00008191__DIUNA_G60_OKAP_PODWOJNY_CLOSED.png","datePublished":"2026-04-10T10:49:27+00:00","dateModified":"2026-04-16T09:29:09+00:00","description":"Szafka kuchenna Diuna 60 cm wisz\u0105ca to funkcjonalna szafka g\u00f3rna do kuchni. Sprawd\u017a system modu\u0142owy i dopasuj zabudow\u0119.","breadcrumb":{"@id":"https:\/\/demkohome.pl\/produkt\/szafka-gorna-podwojny-okap-60-cm-diuna\/#breadcrumb"},"inLanguage":"en-US","potentialAction":[{"@type":"ReadAction","target":["https:\/\/demkohome.pl\/produkt\/szafka-gorna-podwojny-okap-60-cm-diuna\/"]}]},{"@type":"ImageObject","inLanguage":"en-US","@id":"https:\/\/demkohome.pl\/produkt\/szafka-gorna-podwojny-okap-60-cm-diuna\/#primaryimage","url":"https:\/\/demkohome.pl\/wp-content\/uploads\/2026\/03\/00008191__DIUNA_G60_OKAP_PODWOJNY_CLOSED.png","contentUrl":"https:\/\/demkohome.pl\/wp-content\/uploads\/2026\/03\/00008191__DIUNA_G60_OKAP_PODWOJNY_CLOSED.png","width":2500,"height":2500},{"@type":"BreadcrumbList","@id":"https:\/\/demkohome.pl\/produkt\/szafka-gorna-podwojny-okap-60-cm-diuna\/#breadcrumb","itemListElement":[{"@type":"ListItem","position":1,"name":"Strona g\u0142\u00f3wna","item":"https:\/\/demkohome.pl\/"},{"@type":"ListItem","position":2,"name":"Sklep","item":"https:\/\/demkohome.pl\/sklep\/"},{"@type":"ListItem","position":3,"name":"Szafka g\u00f3rna podw\u00f3jny okap 60 cm Diuna"}]},{"@type":"WebSite","@id":"https:\/\/demkohome.pl\/#website","url":"https:\/\/demkohome.pl\/","name":"Demko Home","description":"Make it simple","publisher":{"@id":"https:\/\/demkohome.pl\/#organization"},"potentialAction":[{"@type":"SearchAction","target":{"@type":"EntryPoint","urlTemplate":"https:\/\/demkohome.pl\/?s={search_term_string}"},"query-input":{"@type":"PropertyValueSpecification","valueRequired":true,"valueName":"search_term_string"}}],"inLanguage":"en-US"},{"@type":"Organization","@id":"https:\/\/demkohome.pl\/#organization","name":"Demko Home","url":"https:\/\/demkohome.pl\/","logo":{"@type":"ImageObject","inLanguage":"en-US","@id":"https:\/\/demkohome.pl\/#\/schema\/logo\/image\/","url":"https:\/\/demkohome.pl\/wp-content\/uploads\/2026\/03\/cropped-3.png","contentUrl":"https:\/\/demkohome.pl\/wp-content\/uploads\/2026\/03\/cropped-3.png","width":250,"height":63,"caption":"Demko Home"},"image":{"@id":"https:\/\/demkohome.pl\/#\/schema\/logo\/image\/"}}]}},"_links":{"self":[{"href":"https:\/\/demkohome.pl\/en\/wp-json\/wp\/v2\/product\/690446","targetHints":{"allow":["GET"]}}],"collection":[{"href":"https:\/\/demkohome.pl\/en\/wp-json\/wp\/v2\/product"}],"about":[{"href":"https:\/\/demkohome.pl\/en\/wp-json\/wp\/v2\/types\/product"}],"replies":[{"embeddable":true,"href":"https:\/\/demkohome.pl\/en\/wp-json\/wp\/v2\/comments?post=690446"}],"wp:featuredmedia":[{"embeddable":true,"href":"https:\/\/demkohome.pl\/en\/wp-json\/wp\/v2\/media\/690447"}],"wp:attachment":[{"href":"https:\/\/demkohome.pl\/en\/wp-json\/wp\/v2\/media?parent=690446"}],"wp:term":[{"taxonomy":"product_brand","embeddable":true,"href":"https:\/\/demkohome.pl\/en\/wp-json\/wp\/v2\/product_brand?post=690446"},{"taxonomy":"product_cat","embeddable":true,"href":"https:\/\/demkohome.pl\/en\/wp-json\/wp\/v2\/product_cat?post=690446"},{"taxonomy":"product_tag","embeddable":true,"href":"https:\/\/demkohome.pl\/en\/wp-json\/wp\/v2\/product_tag?post=690446"}],"curies":[{"name":"wp","href":"https:\/\/api.w.org\/{rel}","templated":true}]}}