{"id":698085,"date":"2026-04-09T11:08:29","date_gmt":"2026-04-09T09:08:29","guid":{"rendered":"https:\/\/demkohome.pl\/?post_type=product&#038;p=698085"},"modified":"2026-04-16T11:46:12","modified_gmt":"2026-04-16T09:46:12","slug":"szafka-dolna-30-cm-diuna","status":"publish","type":"product","link":"https:\/\/demkohome.pl\/en\/product\/szafka-dolna-30-cm-diuna\/","title":{"rendered":"Szafka dolna 30 cm Diuna"},"content":{"rendered":"<h3 data-section-id=\"18azfzj\" data-start=\"74\" data-end=\"142\"><span role=\"text\"><strong data-start=\"78\" data-end=\"142\">Szafka dolna 30 cm \u2013 kompaktowe rozwi\u0105zanie do ka\u017cdej kuchni<\/strong><\/span><\/h3>\n<p data-start=\"144\" data-end=\"413\"><strong data-start=\"144\" data-end=\"176\">Dopasowanie do ka\u017cdej kuchni<\/strong><br data-start=\"176\" data-end=\"179\" \/>Szafka dolna 30 cm to idealne rozwi\u0105zanie do niewielkich przestrzeni oraz jako uzupe\u0142nienie wi\u0119kszej zabudowy. W\u0105ski modu\u0142 \u015bwietnie sprawdza si\u0119 w trudno dost\u0119pnych miejscach, pozwalaj\u0105c maksymalnie wykorzysta\u0107 ka\u017cdy centymetr kuchni.<\/p>\n<p data-start=\"415\" data-end=\"553\">Produkt doskonale odnajdzie si\u0119 zar\u00f3wno w ma\u0142ych aneksach kuchennych, jak i przestronnych wn\u0119trzach jako praktyczny element uzupe\u0142niaj\u0105cy.<\/p>\n<p data-start=\"555\" data-end=\"791\"><strong data-start=\"555\" data-end=\"593\">System Diuna \u2013 elastyczna zabudowa<\/strong><br data-start=\"593\" data-end=\"596\" \/>Szafka nale\u017cy do <span style=\"color: #333333;\"><a style=\"color: #333333;\" href=\"https:\/\/demkohome.pl\/en\/product\/kuchania-diuna\/\">systemu modu\u0142owego Diuna<\/a><\/span>, kt\u00f3ry umo\u017cliwia swobodne tworzenie i rozbudow\u0119 kuchni. Mo\u017cesz dowolnie \u0142\u0105czy\u0107 elementy, dostosowuj\u0105c uk\u0142ad do swoich potrzeb oraz dost\u0119pnej przestrzeni.<\/p>\n<p data-start=\"793\" data-end=\"1040\"><strong data-start=\"793\" data-end=\"829\">Uniwersalny design systemu Diuna<\/strong><br data-start=\"829\" data-end=\"832\" \/>Kaszmirowe fronty w po\u0142\u0105czeniu z dekorem d\u0119bu linea nadaj\u0105 meblowi nowoczesny, a jednocze\u015bnie ponadczasowy charakter. Prosta forma zosta\u0142a uzupe\u0142niona eleganckim z\u0142otym uchwytem, kt\u00f3ry podkre\u015bla styl ca\u0142o\u015bci.<\/p>\n<p data-start=\"1042\" data-end=\"1173\">Neutralna kolorystyka sprawia, \u017ce szafka doskonale wpisuje si\u0119 w aran\u017cacje nowoczesne, minimalistyczne, skandynawskie oraz japandi.<\/p>\n<p data-start=\"1175\" data-end=\"1229\"><strong data-start=\"1175\" data-end=\"1229\">Diuna \u2013 stw\u00f3rz kuchni\u0119, kt\u00f3ra ro\u015bnie razem z Tob\u0105.<\/strong><\/p>\n<p><img loading=\"lazy\" decoding=\"async\" class=\"wp-image-717427 size-full\" src=\"https:\/\/demkohome.pl\/wp-content\/uploads\/2026\/04\/demko_diuna_linea_H1105_kaszmir_U702_001_przerobione-aranz-grafit-scaled.png\" alt=\"Kaszmirowa kuchnia demko home\" width=\"2560\" height=\"1920\" srcset=\"https:\/\/demkohome.pl\/wp-content\/uploads\/2026\/04\/demko_diuna_linea_H1105_kaszmir_U702_001_przerobione-aranz-grafit-scaled.png 2560w, https:\/\/demkohome.pl\/wp-content\/uploads\/2026\/04\/demko_diuna_linea_H1105_kaszmir_U702_001_przerobione-aranz-grafit-300x225.png 300w, https:\/\/demkohome.pl\/wp-content\/uploads\/2026\/04\/demko_diuna_linea_H1105_kaszmir_U702_001_przerobione-aranz-grafit-1024x768.png 1024w, https:\/\/demkohome.pl\/wp-content\/uploads\/2026\/04\/demko_diuna_linea_H1105_kaszmir_U702_001_przerobione-aranz-grafit-768x576.png 768w, https:\/\/demkohome.pl\/wp-content\/uploads\/2026\/04\/demko_diuna_linea_H1105_kaszmir_U702_001_przerobione-aranz-grafit-1536x1152.png 1536w, https:\/\/demkohome.pl\/wp-content\/uploads\/2026\/04\/demko_diuna_linea_H1105_kaszmir_U702_001_przerobione-aranz-grafit-2048x1536.png 2048w, https:\/\/demkohome.pl\/wp-content\/uploads\/2026\/04\/demko_diuna_linea_H1105_kaszmir_U702_001_przerobione-aranz-grafit-16x12.png 16w, https:\/\/demkohome.pl\/wp-content\/uploads\/2026\/04\/demko_diuna_linea_H1105_kaszmir_U702_001_przerobione-aranz-grafit-600x450.png 600w\" sizes=\"auto, (max-width: 2560px) 100vw, 2560px\" \/><\/p>\n<h4 data-start=\"680\" data-end=\"734\"><span style=\"color: #000000;\">Product Dimensions:<\/span><\/h4>\n<table class=\"o-product-features\" role=\"presentation\">\n<tbody>\n<tr class=\"m-product-attr-row\">\n<th class=\"m-product-attr-row__name\" scope=\"row\">\n<h6>Produkt po z\u0142o\u017ceniu: szeroko\u015b\u0107 (w cm)<\/h6>\n<\/th>\n<td class=\"m-product-attr-row__value\">\n<h6>30<\/h6>\n<\/td>\n<\/tr>\n<tr class=\"m-product-attr-row\">\n<th class=\"m-product-attr-row__name\" scope=\"row\">\n<h6>Produkt po z\u0142o\u017ceniu: g\u0142\u0119boko\u015b\u0107 (w cm)<\/h6>\n<\/th>\n<td class=\"m-product-attr-row__value\">\n<h6>45<\/h6>\n<\/td>\n<\/tr>\n<tr class=\"m-product-attr-row\">\n<th class=\"m-product-attr-row__name\" scope=\"row\">\n<h6>Produkt po z\u0142o\u017ceniu: wysoko\u015b\u0107 (w cm)<\/h6>\n<\/th>\n<td class=\"m-product-attr-row__value\">\n<h6>81<\/h6>\n<\/td>\n<\/tr>\n<tr class=\"m-product-attr-row\">\n<th class=\"m-product-attr-row__name\" scope=\"row\">\n<h6>Produkt w opakowaniu: waga (w kg)<\/h6>\n<\/th>\n<td class=\"m-product-attr-row__value\">\n<h6>17<\/h6>\n<\/td>\n<\/tr>\n<\/tbody>\n<\/table>\n<figure id=\"attachment_731076\" aria-describedby=\"caption-attachment-731076\" style=\"width: 610px\" class=\"wp-caption alignleft\"><img loading=\"lazy\" decoding=\"async\" class=\"wp-image-731076\" src=\"https:\/\/demkohome.pl\/wp-content\/uploads\/2026\/04\/81-cm-2-1-300x300.png\" alt=\"Diuna szafka 30\" width=\"610\" height=\"610\" srcset=\"https:\/\/demkohome.pl\/wp-content\/uploads\/2026\/04\/81-cm-2-1-300x300.png 300w, https:\/\/demkohome.pl\/wp-content\/uploads\/2026\/04\/81-cm-2-1-1024x1024.png 1024w, https:\/\/demkohome.pl\/wp-content\/uploads\/2026\/04\/81-cm-2-1-150x150.png 150w, https:\/\/demkohome.pl\/wp-content\/uploads\/2026\/04\/81-cm-2-1-768x768.png 768w, https:\/\/demkohome.pl\/wp-content\/uploads\/2026\/04\/81-cm-2-1-1536x1536.png 1536w, https:\/\/demkohome.pl\/wp-content\/uploads\/2026\/04\/81-cm-2-1-12x12.png 12w, https:\/\/demkohome.pl\/wp-content\/uploads\/2026\/04\/81-cm-2-1-600x600.png 600w, https:\/\/demkohome.pl\/wp-content\/uploads\/2026\/04\/81-cm-2-1-100x100.png 100w, https:\/\/demkohome.pl\/wp-content\/uploads\/2026\/04\/81-cm-2-1.png 2048w\" sizes=\"auto, (max-width: 610px) 100vw, 610px\" \/><figcaption id=\"caption-attachment-731076\" class=\"wp-caption-text\">Diuna szafka 30<\/figcaption><\/figure>","protected":false},"excerpt":{"rendered":"<p>Szafka dolna 30 cm \u2013 kompaktowe rozwi\u0105zanie do ka\u017cdej kuchni Dopasowanie do ka\u017cdej kuchniSzafka dolna 30 cm to idealne rozwi\u0105zanie (&#8230;)<\/p>","protected":false},"featured_media":690453,"comment_status":"open","ping_status":"closed","template":"","meta":{"_acf_changed":false,"inline_featured_image":false},"product_brand":[533],"product_cat":[532,65,106,110],"product_tag":[],"class_list":{"0":"post-698085","1":"product","2":"type-product","3":"status-publish","4":"has-post-thumbnail","6":"product_brand-demko-home","7":"product_cat-diuna","8":"product_cat-meble-kuchenne","9":"product_cat-szafki-kuchenne","10":"product_cat-zestawy-mebli-kuchennych","11":"product_shipping_class-paczka-st-x-1","12":"collection-meble-kuchenne-modulowe","14":"first","15":"outofstock","16":"shipping-taxable","17":"purchasable","18":"product-type-simple"},"acf":[],"yoast_head":"<!-- This site is optimized with the Yoast SEO plugin v27.4 - https:\/\/yoast.com\/product\/yoast-seo-wordpress\/ -->\n<title>Szafka dolna 30 cm Diuna - Demko Home<\/title>\n<meta name=\"description\" content=\"Szafka kuchenna 30 cm Diuna od Demko Home to funkcjonalna szafka dolna do kuchni. Sprawd\u017a system modu\u0142owy i dopasuj zabudow\u0119.\" \/>\n<meta name=\"robots\" content=\"index, follow, max-snippet:-1, max-image-preview:large, max-video-preview:-1\" \/>\n<link rel=\"canonical\" href=\"https:\/\/demkohome.pl\/en\/product\/szafka-dolna-30-cm-diuna\/\" \/>\n<meta property=\"og:locale\" content=\"en_US\" \/>\n<meta property=\"og:type\" content=\"article\" \/>\n<meta property=\"og:title\" content=\"Szafka kuchenna 30 cm -nowoczesna szafka dolna\" \/>\n<meta property=\"og:description\" content=\"Szafka kuchenna 30 cm Diuna to funkcjonalna szafka dolna do kuchni. Sprawd\u017a system modu\u0142owy i dopasuj zabudow\u0119.\" \/>\n<meta property=\"og:url\" content=\"https:\/\/demkohome.pl\/en\/product\/szafka-dolna-30-cm-diuna\/\" \/>\n<meta property=\"og:site_name\" content=\"Demko Home\" \/>\n<meta property=\"article:modified_time\" content=\"2026-04-16T09:46:12+00:00\" \/>\n<meta property=\"og:image\" content=\"https:\/\/demkohome.pl\/wp-content\/uploads\/2026\/03\/00008145__DIUNA_D40_CLOSED-1024x1024.png\" \/>\n\t<meta property=\"og:image:width\" content=\"1024\" \/>\n\t<meta property=\"og:image:height\" content=\"1024\" \/>\n\t<meta property=\"og:image:type\" content=\"image\/png\" \/>\n<meta name=\"twitter:card\" content=\"summary_large_image\" \/>\n<meta name=\"twitter:title\" content=\"Szafka kuchenna 30 cm -nowoczesna szafka dolna\" \/>\n<meta name=\"twitter:description\" content=\"Szafka kuchenna 30 cm Diuna to funkcjonalna szafka dolna do kuchni. Sprawd\u017a system modu\u0142owy i dopasuj zabudow\u0119.\" \/>\n<meta name=\"twitter:image\" content=\"https:\/\/demkohome.pl\/wp-content\/uploads\/2026\/03\/00008145__DIUNA_D40_CLOSED.png\" \/>\n<meta name=\"twitter:label1\" content=\"Est. reading time\" \/>\n\t<meta name=\"twitter:data1\" content=\"3 minutes\" \/>\n<script type=\"application\/ld+json\" class=\"yoast-schema-graph\">{\"@context\":\"https:\\\/\\\/schema.org\",\"@graph\":[{\"@type\":\"WebPage\",\"@id\":\"https:\\\/\\\/demkohome.pl\\\/produkt\\\/szafka-dolna-30-cm-diuna\\\/\",\"url\":\"https:\\\/\\\/demkohome.pl\\\/produkt\\\/szafka-dolna-30-cm-diuna\\\/\",\"name\":\"Szafka dolna 30 cm Diuna - Demko Home\",\"isPartOf\":{\"@id\":\"https:\\\/\\\/demkohome.pl\\\/#website\"},\"primaryImageOfPage\":{\"@id\":\"https:\\\/\\\/demkohome.pl\\\/produkt\\\/szafka-dolna-30-cm-diuna\\\/#primaryimage\"},\"image\":{\"@id\":\"https:\\\/\\\/demkohome.pl\\\/produkt\\\/szafka-dolna-30-cm-diuna\\\/#primaryimage\"},\"thumbnailUrl\":\"https:\\\/\\\/demkohome.pl\\\/wp-content\\\/uploads\\\/2026\\\/03\\\/00008136__DIUNA_D30_CLOSED.png\",\"datePublished\":\"2026-04-09T09:08:29+00:00\",\"dateModified\":\"2026-04-16T09:46:12+00:00\",\"description\":\"Szafka kuchenna 30 cm Diuna od Demko Home to funkcjonalna szafka dolna do kuchni. Sprawd\u017a system modu\u0142owy i dopasuj zabudow\u0119.\",\"breadcrumb\":{\"@id\":\"https:\\\/\\\/demkohome.pl\\\/produkt\\\/szafka-dolna-30-cm-diuna\\\/#breadcrumb\"},\"inLanguage\":\"en-US\",\"potentialAction\":[{\"@type\":\"ReadAction\",\"target\":[\"https:\\\/\\\/demkohome.pl\\\/produkt\\\/szafka-dolna-30-cm-diuna\\\/\"]}]},{\"@type\":\"ImageObject\",\"inLanguage\":\"en-US\",\"@id\":\"https:\\\/\\\/demkohome.pl\\\/produkt\\\/szafka-dolna-30-cm-diuna\\\/#primaryimage\",\"url\":\"https:\\\/\\\/demkohome.pl\\\/wp-content\\\/uploads\\\/2026\\\/03\\\/00008136__DIUNA_D30_CLOSED.png\",\"contentUrl\":\"https:\\\/\\\/demkohome.pl\\\/wp-content\\\/uploads\\\/2026\\\/03\\\/00008136__DIUNA_D30_CLOSED.png\",\"width\":2500,\"height\":2500},{\"@type\":\"BreadcrumbList\",\"@id\":\"https:\\\/\\\/demkohome.pl\\\/produkt\\\/szafka-dolna-30-cm-diuna\\\/#breadcrumb\",\"itemListElement\":[{\"@type\":\"ListItem\",\"position\":1,\"name\":\"Strona g\u0142\u00f3wna\",\"item\":\"https:\\\/\\\/demkohome.pl\\\/\"},{\"@type\":\"ListItem\",\"position\":2,\"name\":\"Sklep\",\"item\":\"https:\\\/\\\/demkohome.pl\\\/sklep\\\/\"},{\"@type\":\"ListItem\",\"position\":3,\"name\":\"Szafka dolna 30 cm Diuna\"}]},{\"@type\":\"WebSite\",\"@id\":\"https:\\\/\\\/demkohome.pl\\\/#website\",\"url\":\"https:\\\/\\\/demkohome.pl\\\/\",\"name\":\"Demko Home\",\"description\":\"Make it simple\",\"publisher\":{\"@id\":\"https:\\\/\\\/demkohome.pl\\\/#organization\"},\"potentialAction\":[{\"@type\":\"SearchAction\",\"target\":{\"@type\":\"EntryPoint\",\"urlTemplate\":\"https:\\\/\\\/demkohome.pl\\\/?s={search_term_string}\"},\"query-input\":{\"@type\":\"PropertyValueSpecification\",\"valueRequired\":true,\"valueName\":\"search_term_string\"}}],\"inLanguage\":\"en-US\"},{\"@type\":\"Organization\",\"@id\":\"https:\\\/\\\/demkohome.pl\\\/#organization\",\"name\":\"Demko Home\",\"url\":\"https:\\\/\\\/demkohome.pl\\\/\",\"logo\":{\"@type\":\"ImageObject\",\"inLanguage\":\"en-US\",\"@id\":\"https:\\\/\\\/demkohome.pl\\\/#\\\/schema\\\/logo\\\/image\\\/\",\"url\":\"https:\\\/\\\/demkohome.pl\\\/wp-content\\\/uploads\\\/2026\\\/03\\\/cropped-3.png\",\"contentUrl\":\"https:\\\/\\\/demkohome.pl\\\/wp-content\\\/uploads\\\/2026\\\/03\\\/cropped-3.png\",\"width\":250,\"height\":63,\"caption\":\"Demko Home\"},\"image\":{\"@id\":\"https:\\\/\\\/demkohome.pl\\\/#\\\/schema\\\/logo\\\/image\\\/\"}}]}<\/script>\n<!-- \/ Yoast SEO plugin. -->","yoast_head_json":{"title":"Szafka dolna 30 cm Diuna - Demko Home","description":"Szafka kuchenna 30 cm Diuna od Demko Home to funkcjonalna szafka dolna do kuchni. Sprawd\u017a system modu\u0142owy i dopasuj zabudow\u0119.","robots":{"index":"index","follow":"follow","max-snippet":"max-snippet:-1","max-image-preview":"max-image-preview:large","max-video-preview":"max-video-preview:-1"},"canonical":"https:\/\/demkohome.pl\/en\/product\/szafka-dolna-30-cm-diuna\/","og_locale":"en_US","og_type":"article","og_title":"Szafka kuchenna 30 cm -nowoczesna szafka dolna","og_description":"Szafka kuchenna 30 cm Diuna to funkcjonalna szafka dolna do kuchni. Sprawd\u017a system modu\u0142owy i dopasuj zabudow\u0119.","og_url":"https:\/\/demkohome.pl\/en\/product\/szafka-dolna-30-cm-diuna\/","og_site_name":"Demko Home","article_modified_time":"2026-04-16T09:46:12+00:00","og_image":[{"width":1024,"height":1024,"url":"https:\/\/demkohome.pl\/wp-content\/uploads\/2026\/03\/00008145__DIUNA_D40_CLOSED-1024x1024.png","type":"image\/png"}],"twitter_card":"summary_large_image","twitter_title":"Szafka kuchenna 30 cm -nowoczesna szafka dolna","twitter_description":"Szafka kuchenna 30 cm Diuna to funkcjonalna szafka dolna do kuchni. Sprawd\u017a system modu\u0142owy i dopasuj zabudow\u0119.","twitter_image":"https:\/\/demkohome.pl\/wp-content\/uploads\/2026\/03\/00008145__DIUNA_D40_CLOSED.png","twitter_misc":{"Est. reading time":"3 minutes"},"schema":{"@context":"https:\/\/schema.org","@graph":[{"@type":"WebPage","@id":"https:\/\/demkohome.pl\/produkt\/szafka-dolna-30-cm-diuna\/","url":"https:\/\/demkohome.pl\/produkt\/szafka-dolna-30-cm-diuna\/","name":"Szafka dolna 30 cm Diuna - Demko Home","isPartOf":{"@id":"https:\/\/demkohome.pl\/#website"},"primaryImageOfPage":{"@id":"https:\/\/demkohome.pl\/produkt\/szafka-dolna-30-cm-diuna\/#primaryimage"},"image":{"@id":"https:\/\/demkohome.pl\/produkt\/szafka-dolna-30-cm-diuna\/#primaryimage"},"thumbnailUrl":"https:\/\/demkohome.pl\/wp-content\/uploads\/2026\/03\/00008136__DIUNA_D30_CLOSED.png","datePublished":"2026-04-09T09:08:29+00:00","dateModified":"2026-04-16T09:46:12+00:00","description":"Szafka kuchenna 30 cm Diuna od Demko Home to funkcjonalna szafka dolna do kuchni. Sprawd\u017a system modu\u0142owy i dopasuj zabudow\u0119.","breadcrumb":{"@id":"https:\/\/demkohome.pl\/produkt\/szafka-dolna-30-cm-diuna\/#breadcrumb"},"inLanguage":"en-US","potentialAction":[{"@type":"ReadAction","target":["https:\/\/demkohome.pl\/produkt\/szafka-dolna-30-cm-diuna\/"]}]},{"@type":"ImageObject","inLanguage":"en-US","@id":"https:\/\/demkohome.pl\/produkt\/szafka-dolna-30-cm-diuna\/#primaryimage","url":"https:\/\/demkohome.pl\/wp-content\/uploads\/2026\/03\/00008136__DIUNA_D30_CLOSED.png","contentUrl":"https:\/\/demkohome.pl\/wp-content\/uploads\/2026\/03\/00008136__DIUNA_D30_CLOSED.png","width":2500,"height":2500},{"@type":"BreadcrumbList","@id":"https:\/\/demkohome.pl\/produkt\/szafka-dolna-30-cm-diuna\/#breadcrumb","itemListElement":[{"@type":"ListItem","position":1,"name":"Strona g\u0142\u00f3wna","item":"https:\/\/demkohome.pl\/"},{"@type":"ListItem","position":2,"name":"Sklep","item":"https:\/\/demkohome.pl\/sklep\/"},{"@type":"ListItem","position":3,"name":"Szafka dolna 30 cm Diuna"}]},{"@type":"WebSite","@id":"https:\/\/demkohome.pl\/#website","url":"https:\/\/demkohome.pl\/","name":"Demko Home","description":"Make it simple","publisher":{"@id":"https:\/\/demkohome.pl\/#organization"},"potentialAction":[{"@type":"SearchAction","target":{"@type":"EntryPoint","urlTemplate":"https:\/\/demkohome.pl\/?s={search_term_string}"},"query-input":{"@type":"PropertyValueSpecification","valueRequired":true,"valueName":"search_term_string"}}],"inLanguage":"en-US"},{"@type":"Organization","@id":"https:\/\/demkohome.pl\/#organization","name":"Demko Home","url":"https:\/\/demkohome.pl\/","logo":{"@type":"ImageObject","inLanguage":"en-US","@id":"https:\/\/demkohome.pl\/#\/schema\/logo\/image\/","url":"https:\/\/demkohome.pl\/wp-content\/uploads\/2026\/03\/cropped-3.png","contentUrl":"https:\/\/demkohome.pl\/wp-content\/uploads\/2026\/03\/cropped-3.png","width":250,"height":63,"caption":"Demko Home"},"image":{"@id":"https:\/\/demkohome.pl\/#\/schema\/logo\/image\/"}}]}},"_links":{"self":[{"href":"https:\/\/demkohome.pl\/en\/wp-json\/wp\/v2\/product\/698085","targetHints":{"allow":["GET"]}}],"collection":[{"href":"https:\/\/demkohome.pl\/en\/wp-json\/wp\/v2\/product"}],"about":[{"href":"https:\/\/demkohome.pl\/en\/wp-json\/wp\/v2\/types\/product"}],"replies":[{"embeddable":true,"href":"https:\/\/demkohome.pl\/en\/wp-json\/wp\/v2\/comments?post=698085"}],"wp:featuredmedia":[{"embeddable":true,"href":"https:\/\/demkohome.pl\/en\/wp-json\/wp\/v2\/media\/690453"}],"wp:attachment":[{"href":"https:\/\/demkohome.pl\/en\/wp-json\/wp\/v2\/media?parent=698085"}],"wp:term":[{"taxonomy":"product_brand","embeddable":true,"href":"https:\/\/demkohome.pl\/en\/wp-json\/wp\/v2\/product_brand?post=698085"},{"taxonomy":"product_cat","embeddable":true,"href":"https:\/\/demkohome.pl\/en\/wp-json\/wp\/v2\/product_cat?post=698085"},{"taxonomy":"product_tag","embeddable":true,"href":"https:\/\/demkohome.pl\/en\/wp-json\/wp\/v2\/product_tag?post=698085"}],"curies":[{"name":"wp","href":"https:\/\/api.w.org\/{rel}","templated":true}]}}