{"id":698326,"date":"2026-04-09T12:27:05","date_gmt":"2026-04-09T10:27:05","guid":{"rendered":"https:\/\/demkohome.pl\/?post_type=product&#038;p=698326"},"modified":"2026-04-16T11:44:05","modified_gmt":"2026-04-16T09:44:05","slug":"szafka-dolna-80-cm-diuna","status":"publish","type":"product","link":"https:\/\/demkohome.pl\/en\/product\/szafka-dolna-80-cm-diuna\/","title":{"rendered":"Szafka dolna 80 cm Diuna"},"content":{"rendered":"<h3 data-section-id=\"rao5uh\" data-start=\"3309\" data-end=\"3385\"><span role=\"text\"><strong data-start=\"3313\" data-end=\"3385\">Szafka dolna 80 cm z dwoma drzwiami \u2013 maksymalna przestrze\u0144 i wygoda<\/strong><\/span><\/h3>\n<p data-start=\"3387\" data-end=\"3620\"><strong data-start=\"3387\" data-end=\"3419\">Dopasowanie do ka\u017cdej kuchni<\/strong><br data-start=\"3419\" data-end=\"3422\" \/>Szafka dolna 80 cm z dwoma drzwiami to pojemny modu\u0142, kt\u00f3ry zapewnia du\u017c\u0105 przestrze\u0144 do przechowywania. Szeroki format sprawia, \u017ce idealnie nadaje si\u0119 do organizacji wi\u0119kszych akcesori\u00f3w kuchennych.<\/p>\n<p data-start=\"3622\" data-end=\"3734\">Doskonale sprawdzi si\u0119 w wi\u0119kszych kuchniach, ale mo\u017ce by\u0107 r\u00f3wnie\u017c elementem centralnym w mniejszych zabudowach.<\/p>\n<p data-start=\"3736\" data-end=\"3934\"><strong data-start=\"3736\" data-end=\"3774\">System Diuna \u2013 elastyczna zabudowa<\/strong><br data-start=\"3774\" data-end=\"3777\" \/>Jako cz\u0119\u015b\u0107 <span style=\"color: #333333;\"><a style=\"color: #333333;\" href=\"https:\/\/demkohome.pl\/en\/product\/kuchania-diuna\/\">systemu modu\u0142owego Diuna<\/a><\/span>, szafka umo\u017cliwia pe\u0142n\u0105 swobod\u0119 aran\u017cacji. Mo\u017cesz dowolnie \u0142\u0105czy\u0107 modu\u0142y i rozbudowywa\u0107 swoj\u0105 kuchni\u0119 zgodnie z w\u0142asnymi potrzebami.<\/p>\n<p data-start=\"3936\" data-end=\"4167\"><strong data-start=\"3936\" data-end=\"3972\">Uniwersalny design systemu Diuna<\/strong><br data-start=\"3972\" data-end=\"3975\" \/>Eleganckie kaszmirowe fronty zestawione z dekorem d\u0119bu linea tworz\u0105 sp\u00f3jn\u0105 i stylow\u0105 ca\u0142o\u015b\u0107. Dwa szerokie fronty drzwiowe z subtelnymi z\u0142otymi uchwytami podkre\u015blaj\u0105 nowoczesny charakter mebla.<\/p>\n<p data-start=\"4169\" data-end=\"4315\">Neutralna estetyka sprawia, \u017ce szafka harmonijnie komponuje si\u0119 z wieloma stylami aran\u017cacyjnymi \u2013 od minimalistycznych po skandynawskie i japandi.<\/p>\n<p data-start=\"4317\" data-end=\"4371\"><strong data-start=\"4317\" data-end=\"4371\">Diuna \u2013 stw\u00f3rz kuchni\u0119, kt\u00f3ra ro\u015bnie razem z Tob\u0105.<\/strong><\/p>\n<p><img loading=\"lazy\" decoding=\"async\" class=\"wp-image-717427 size-full\" src=\"https:\/\/demkohome.pl\/wp-content\/uploads\/2026\/04\/demko_diuna_linea_H1105_kaszmir_U702_001_przerobione-aranz-grafit-scaled.png\" alt=\"Kaszmirowa kuchnia demko home\" width=\"2560\" height=\"1920\" srcset=\"https:\/\/demkohome.pl\/wp-content\/uploads\/2026\/04\/demko_diuna_linea_H1105_kaszmir_U702_001_przerobione-aranz-grafit-scaled.png 2560w, https:\/\/demkohome.pl\/wp-content\/uploads\/2026\/04\/demko_diuna_linea_H1105_kaszmir_U702_001_przerobione-aranz-grafit-300x225.png 300w, https:\/\/demkohome.pl\/wp-content\/uploads\/2026\/04\/demko_diuna_linea_H1105_kaszmir_U702_001_przerobione-aranz-grafit-1024x768.png 1024w, https:\/\/demkohome.pl\/wp-content\/uploads\/2026\/04\/demko_diuna_linea_H1105_kaszmir_U702_001_przerobione-aranz-grafit-768x576.png 768w, https:\/\/demkohome.pl\/wp-content\/uploads\/2026\/04\/demko_diuna_linea_H1105_kaszmir_U702_001_przerobione-aranz-grafit-1536x1152.png 1536w, https:\/\/demkohome.pl\/wp-content\/uploads\/2026\/04\/demko_diuna_linea_H1105_kaszmir_U702_001_przerobione-aranz-grafit-2048x1536.png 2048w, https:\/\/demkohome.pl\/wp-content\/uploads\/2026\/04\/demko_diuna_linea_H1105_kaszmir_U702_001_przerobione-aranz-grafit-16x12.png 16w, https:\/\/demkohome.pl\/wp-content\/uploads\/2026\/04\/demko_diuna_linea_H1105_kaszmir_U702_001_przerobione-aranz-grafit-600x450.png 600w\" sizes=\"auto, (max-width: 2560px) 100vw, 2560px\" \/><\/p>\n<h4 data-start=\"680\" data-end=\"734\"><span style=\"color: #000000;\">Product Dimensions:<\/span><\/h4>\n<table class=\"o-product-features\" role=\"presentation\">\n<tbody>\n<tr class=\"m-product-attr-row\">\n<th class=\"m-product-attr-row__name\" scope=\"row\">\n<h6>Produkt po z\u0142o\u017ceniu: szeroko\u015b\u0107 (w cm)<\/h6>\n<\/th>\n<td class=\"m-product-attr-row__value\">\n<h6>80<\/h6>\n<\/td>\n<\/tr>\n<tr class=\"m-product-attr-row\">\n<th class=\"m-product-attr-row__name\" scope=\"row\">\n<h6>Produkt po z\u0142o\u017ceniu: g\u0142\u0119boko\u015b\u0107 (w cm)<\/h6>\n<\/th>\n<td class=\"m-product-attr-row__value\">\n<h6>45<\/h6>\n<\/td>\n<\/tr>\n<tr class=\"m-product-attr-row\">\n<th class=\"m-product-attr-row__name\" scope=\"row\">\n<h6>Produkt po z\u0142o\u017ceniu: wysoko\u015b\u0107 (w cm)<\/h6>\n<\/th>\n<td class=\"m-product-attr-row__value\">\n<h6>81<\/h6>\n<\/td>\n<\/tr>\n<tr class=\"m-product-attr-row\">\n<th class=\"m-product-attr-row__name\" scope=\"row\">\n<h6>Produkt w opakowaniu: waga (w kg)<\/h6>\n<\/th>\n<td class=\"m-product-attr-row__value\">\n<h6>30<\/h6>\n<\/td>\n<\/tr>\n<\/tbody>\n<\/table>\n<p>&nbsp;<\/p>\n<p><img loading=\"lazy\" decoding=\"async\" class=\"wp-image-731224\" src=\"https:\/\/demkohome.pl\/wp-content\/uploads\/2026\/04\/81-cm-5-300x300.png\" alt=\"szafka kuchenna Kaszmir 80 cm demko home\" width=\"610\" height=\"610\" srcset=\"https:\/\/demkohome.pl\/wp-content\/uploads\/2026\/04\/81-cm-5-300x300.png 300w, https:\/\/demkohome.pl\/wp-content\/uploads\/2026\/04\/81-cm-5-1024x1024.png 1024w, https:\/\/demkohome.pl\/wp-content\/uploads\/2026\/04\/81-cm-5-150x150.png 150w, https:\/\/demkohome.pl\/wp-content\/uploads\/2026\/04\/81-cm-5-768x768.png 768w, https:\/\/demkohome.pl\/wp-content\/uploads\/2026\/04\/81-cm-5-1536x1536.png 1536w, https:\/\/demkohome.pl\/wp-content\/uploads\/2026\/04\/81-cm-5-12x12.png 12w, https:\/\/demkohome.pl\/wp-content\/uploads\/2026\/04\/81-cm-5-600x600.png 600w, https:\/\/demkohome.pl\/wp-content\/uploads\/2026\/04\/81-cm-5-100x100.png 100w, https:\/\/demkohome.pl\/wp-content\/uploads\/2026\/04\/81-cm-5.png 2048w\" sizes=\"auto, (max-width: 610px) 100vw, 610px\" \/><\/p>","protected":false},"excerpt":{"rendered":"<p>Szafka dolna 80 cm z dwoma drzwiami \u2013 maksymalna przestrze\u0144 i wygoda Dopasowanie do ka\u017cdej kuchniSzafka dolna 80 cm z (&#8230;)<\/p>","protected":false},"featured_media":698327,"comment_status":"open","ping_status":"closed","template":"","meta":{"_acf_changed":false,"inline_featured_image":false},"product_brand":[533],"product_cat":[532,297,65,106,110],"product_tag":[],"class_list":{"0":"post-698326","1":"product","2":"type-product","3":"status-publish","4":"has-post-thumbnail","6":"product_brand-demko-home","7":"product_cat-diuna","8":"product_cat-kolekcje","9":"product_cat-meble-kuchenne","10":"product_cat-szafki-kuchenne","11":"product_cat-zestawy-mebli-kuchennych","12":"product_shipping_class-paczka-st-x-1","13":"collection-meble-kuchenne-modulowe","15":"first","16":"outofstock","17":"shipping-taxable","18":"purchasable","19":"product-type-simple"},"acf":[],"yoast_head":"<!-- This site is optimized with the Yoast SEO plugin v27.4 - https:\/\/yoast.com\/product\/yoast-seo-wordpress\/ -->\n<title>Szafka dolna 80 cm Diuna - Demko Home<\/title>\n<meta name=\"description\" content=\"Szafka kuchenna 80 cm z szuflad\u0105 Diuna to funkcjonalna szafka dolna do kuchni. Sprawd\u017a system modu\u0142owy i dopasuj zabudow\u0119.\" \/>\n<meta name=\"robots\" content=\"index, follow, max-snippet:-1, max-image-preview:large, max-video-preview:-1\" \/>\n<link rel=\"canonical\" href=\"https:\/\/demkohome.pl\/en\/product\/szafka-dolna-80-cm-diuna\/\" \/>\n<meta property=\"og:locale\" content=\"en_US\" \/>\n<meta property=\"og:type\" content=\"article\" \/>\n<meta property=\"og:title\" content=\"Szafka kuchenna 80 cm z szuflad\u0105 Diuna \u2013 nowoczesna szafka dolna\" \/>\n<meta property=\"og:description\" content=\"Szafka kuchenna 80 cm z szuflad\u0105 Diuna to funkcjonalna szafka dolna do kuchni. Sprawd\u017a system modu\u0142owy i dopasuj zabudow\u0119.\" \/>\n<meta property=\"og:url\" content=\"https:\/\/demkohome.pl\/en\/product\/szafka-dolna-80-cm-diuna\/\" \/>\n<meta property=\"og:site_name\" content=\"Demko Home\" \/>\n<meta property=\"article:modified_time\" content=\"2026-04-16T09:44:05+00:00\" \/>\n<meta property=\"og:image\" content=\"https:\/\/demkohome.pl\/wp-content\/uploads\/2026\/03\/00008149__DIUNA_D80_2D_CLOSED-1024x1024.png\" \/>\n\t<meta property=\"og:image:width\" content=\"1024\" \/>\n\t<meta property=\"og:image:height\" content=\"1024\" \/>\n\t<meta property=\"og:image:type\" content=\"image\/png\" \/>\n<meta name=\"twitter:card\" content=\"summary_large_image\" \/>\n<meta name=\"twitter:title\" content=\"Szafka kuchenna 80 cm z szuflad\u0105 Diuna \u2013 nowoczesna szafka dolna\" \/>\n<meta name=\"twitter:description\" content=\"Szafka kuchenna 80 cm z szuflad\u0105 Diuna to funkcjonalna szafka dolna do kuchni. Sprawd\u017a system modu\u0142owy i dopasuj zabudow\u0119.\" \/>\n<meta name=\"twitter:image\" content=\"https:\/\/demkohome.pl\/wp-content\/uploads\/2026\/03\/00008149__DIUNA_D80_2D_CLOSED.png\" \/>\n<meta name=\"twitter:label1\" content=\"Est. reading time\" \/>\n\t<meta name=\"twitter:data1\" content=\"3 minutes\" \/>\n<script type=\"application\/ld+json\" class=\"yoast-schema-graph\">{\"@context\":\"https:\\\/\\\/schema.org\",\"@graph\":[{\"@type\":\"WebPage\",\"@id\":\"https:\\\/\\\/demkohome.pl\\\/produkt\\\/szafka-dolna-80-cm-diuna\\\/\",\"url\":\"https:\\\/\\\/demkohome.pl\\\/produkt\\\/szafka-dolna-80-cm-diuna\\\/\",\"name\":\"Szafka dolna 80 cm Diuna - Demko Home\",\"isPartOf\":{\"@id\":\"https:\\\/\\\/demkohome.pl\\\/#website\"},\"primaryImageOfPage\":{\"@id\":\"https:\\\/\\\/demkohome.pl\\\/produkt\\\/szafka-dolna-80-cm-diuna\\\/#primaryimage\"},\"image\":{\"@id\":\"https:\\\/\\\/demkohome.pl\\\/produkt\\\/szafka-dolna-80-cm-diuna\\\/#primaryimage\"},\"thumbnailUrl\":\"https:\\\/\\\/demkohome.pl\\\/wp-content\\\/uploads\\\/2026\\\/03\\\/00008149__DIUNA_D80_2D_CLOSED.png\",\"datePublished\":\"2026-04-09T10:27:05+00:00\",\"dateModified\":\"2026-04-16T09:44:05+00:00\",\"description\":\"Szafka kuchenna 80 cm z szuflad\u0105 Diuna to funkcjonalna szafka dolna do kuchni. Sprawd\u017a system modu\u0142owy i dopasuj zabudow\u0119.\",\"breadcrumb\":{\"@id\":\"https:\\\/\\\/demkohome.pl\\\/produkt\\\/szafka-dolna-80-cm-diuna\\\/#breadcrumb\"},\"inLanguage\":\"en-US\",\"potentialAction\":[{\"@type\":\"ReadAction\",\"target\":[\"https:\\\/\\\/demkohome.pl\\\/produkt\\\/szafka-dolna-80-cm-diuna\\\/\"]}]},{\"@type\":\"ImageObject\",\"inLanguage\":\"en-US\",\"@id\":\"https:\\\/\\\/demkohome.pl\\\/produkt\\\/szafka-dolna-80-cm-diuna\\\/#primaryimage\",\"url\":\"https:\\\/\\\/demkohome.pl\\\/wp-content\\\/uploads\\\/2026\\\/03\\\/00008149__DIUNA_D80_2D_CLOSED.png\",\"contentUrl\":\"https:\\\/\\\/demkohome.pl\\\/wp-content\\\/uploads\\\/2026\\\/03\\\/00008149__DIUNA_D80_2D_CLOSED.png\",\"width\":2500,\"height\":2500},{\"@type\":\"BreadcrumbList\",\"@id\":\"https:\\\/\\\/demkohome.pl\\\/produkt\\\/szafka-dolna-80-cm-diuna\\\/#breadcrumb\",\"itemListElement\":[{\"@type\":\"ListItem\",\"position\":1,\"name\":\"Strona g\u0142\u00f3wna\",\"item\":\"https:\\\/\\\/demkohome.pl\\\/\"},{\"@type\":\"ListItem\",\"position\":2,\"name\":\"Sklep\",\"item\":\"https:\\\/\\\/demkohome.pl\\\/sklep\\\/\"},{\"@type\":\"ListItem\",\"position\":3,\"name\":\"Szafka dolna 80 cm Diuna\"}]},{\"@type\":\"WebSite\",\"@id\":\"https:\\\/\\\/demkohome.pl\\\/#website\",\"url\":\"https:\\\/\\\/demkohome.pl\\\/\",\"name\":\"Demko Home\",\"description\":\"Make it simple\",\"publisher\":{\"@id\":\"https:\\\/\\\/demkohome.pl\\\/#organization\"},\"potentialAction\":[{\"@type\":\"SearchAction\",\"target\":{\"@type\":\"EntryPoint\",\"urlTemplate\":\"https:\\\/\\\/demkohome.pl\\\/?s={search_term_string}\"},\"query-input\":{\"@type\":\"PropertyValueSpecification\",\"valueRequired\":true,\"valueName\":\"search_term_string\"}}],\"inLanguage\":\"en-US\"},{\"@type\":\"Organization\",\"@id\":\"https:\\\/\\\/demkohome.pl\\\/#organization\",\"name\":\"Demko Home\",\"url\":\"https:\\\/\\\/demkohome.pl\\\/\",\"logo\":{\"@type\":\"ImageObject\",\"inLanguage\":\"en-US\",\"@id\":\"https:\\\/\\\/demkohome.pl\\\/#\\\/schema\\\/logo\\\/image\\\/\",\"url\":\"https:\\\/\\\/demkohome.pl\\\/wp-content\\\/uploads\\\/2026\\\/03\\\/cropped-3.png\",\"contentUrl\":\"https:\\\/\\\/demkohome.pl\\\/wp-content\\\/uploads\\\/2026\\\/03\\\/cropped-3.png\",\"width\":250,\"height\":63,\"caption\":\"Demko Home\"},\"image\":{\"@id\":\"https:\\\/\\\/demkohome.pl\\\/#\\\/schema\\\/logo\\\/image\\\/\"}}]}<\/script>\n<!-- \/ Yoast SEO plugin. -->","yoast_head_json":{"title":"Szafka dolna 80 cm Diuna - Demko Home","description":"Szafka kuchenna 80 cm z szuflad\u0105 Diuna to funkcjonalna szafka dolna do kuchni. Sprawd\u017a system modu\u0142owy i dopasuj zabudow\u0119.","robots":{"index":"index","follow":"follow","max-snippet":"max-snippet:-1","max-image-preview":"max-image-preview:large","max-video-preview":"max-video-preview:-1"},"canonical":"https:\/\/demkohome.pl\/en\/product\/szafka-dolna-80-cm-diuna\/","og_locale":"en_US","og_type":"article","og_title":"Szafka kuchenna 80 cm z szuflad\u0105 Diuna \u2013 nowoczesna szafka dolna","og_description":"Szafka kuchenna 80 cm z szuflad\u0105 Diuna to funkcjonalna szafka dolna do kuchni. Sprawd\u017a system modu\u0142owy i dopasuj zabudow\u0119.","og_url":"https:\/\/demkohome.pl\/en\/product\/szafka-dolna-80-cm-diuna\/","og_site_name":"Demko Home","article_modified_time":"2026-04-16T09:44:05+00:00","og_image":[{"width":1024,"height":1024,"url":"https:\/\/demkohome.pl\/wp-content\/uploads\/2026\/03\/00008149__DIUNA_D80_2D_CLOSED-1024x1024.png","type":"image\/png"}],"twitter_card":"summary_large_image","twitter_title":"Szafka kuchenna 80 cm z szuflad\u0105 Diuna \u2013 nowoczesna szafka dolna","twitter_description":"Szafka kuchenna 80 cm z szuflad\u0105 Diuna to funkcjonalna szafka dolna do kuchni. Sprawd\u017a system modu\u0142owy i dopasuj zabudow\u0119.","twitter_image":"https:\/\/demkohome.pl\/wp-content\/uploads\/2026\/03\/00008149__DIUNA_D80_2D_CLOSED.png","twitter_misc":{"Est. reading time":"3 minutes"},"schema":{"@context":"https:\/\/schema.org","@graph":[{"@type":"WebPage","@id":"https:\/\/demkohome.pl\/produkt\/szafka-dolna-80-cm-diuna\/","url":"https:\/\/demkohome.pl\/produkt\/szafka-dolna-80-cm-diuna\/","name":"Szafka dolna 80 cm Diuna - Demko Home","isPartOf":{"@id":"https:\/\/demkohome.pl\/#website"},"primaryImageOfPage":{"@id":"https:\/\/demkohome.pl\/produkt\/szafka-dolna-80-cm-diuna\/#primaryimage"},"image":{"@id":"https:\/\/demkohome.pl\/produkt\/szafka-dolna-80-cm-diuna\/#primaryimage"},"thumbnailUrl":"https:\/\/demkohome.pl\/wp-content\/uploads\/2026\/03\/00008149__DIUNA_D80_2D_CLOSED.png","datePublished":"2026-04-09T10:27:05+00:00","dateModified":"2026-04-16T09:44:05+00:00","description":"Szafka kuchenna 80 cm z szuflad\u0105 Diuna to funkcjonalna szafka dolna do kuchni. Sprawd\u017a system modu\u0142owy i dopasuj zabudow\u0119.","breadcrumb":{"@id":"https:\/\/demkohome.pl\/produkt\/szafka-dolna-80-cm-diuna\/#breadcrumb"},"inLanguage":"en-US","potentialAction":[{"@type":"ReadAction","target":["https:\/\/demkohome.pl\/produkt\/szafka-dolna-80-cm-diuna\/"]}]},{"@type":"ImageObject","inLanguage":"en-US","@id":"https:\/\/demkohome.pl\/produkt\/szafka-dolna-80-cm-diuna\/#primaryimage","url":"https:\/\/demkohome.pl\/wp-content\/uploads\/2026\/03\/00008149__DIUNA_D80_2D_CLOSED.png","contentUrl":"https:\/\/demkohome.pl\/wp-content\/uploads\/2026\/03\/00008149__DIUNA_D80_2D_CLOSED.png","width":2500,"height":2500},{"@type":"BreadcrumbList","@id":"https:\/\/demkohome.pl\/produkt\/szafka-dolna-80-cm-diuna\/#breadcrumb","itemListElement":[{"@type":"ListItem","position":1,"name":"Strona g\u0142\u00f3wna","item":"https:\/\/demkohome.pl\/"},{"@type":"ListItem","position":2,"name":"Sklep","item":"https:\/\/demkohome.pl\/sklep\/"},{"@type":"ListItem","position":3,"name":"Szafka dolna 80 cm Diuna"}]},{"@type":"WebSite","@id":"https:\/\/demkohome.pl\/#website","url":"https:\/\/demkohome.pl\/","name":"Demko Home","description":"Make it simple","publisher":{"@id":"https:\/\/demkohome.pl\/#organization"},"potentialAction":[{"@type":"SearchAction","target":{"@type":"EntryPoint","urlTemplate":"https:\/\/demkohome.pl\/?s={search_term_string}"},"query-input":{"@type":"PropertyValueSpecification","valueRequired":true,"valueName":"search_term_string"}}],"inLanguage":"en-US"},{"@type":"Organization","@id":"https:\/\/demkohome.pl\/#organization","name":"Demko Home","url":"https:\/\/demkohome.pl\/","logo":{"@type":"ImageObject","inLanguage":"en-US","@id":"https:\/\/demkohome.pl\/#\/schema\/logo\/image\/","url":"https:\/\/demkohome.pl\/wp-content\/uploads\/2026\/03\/cropped-3.png","contentUrl":"https:\/\/demkohome.pl\/wp-content\/uploads\/2026\/03\/cropped-3.png","width":250,"height":63,"caption":"Demko Home"},"image":{"@id":"https:\/\/demkohome.pl\/#\/schema\/logo\/image\/"}}]}},"_links":{"self":[{"href":"https:\/\/demkohome.pl\/en\/wp-json\/wp\/v2\/product\/698326","targetHints":{"allow":["GET"]}}],"collection":[{"href":"https:\/\/demkohome.pl\/en\/wp-json\/wp\/v2\/product"}],"about":[{"href":"https:\/\/demkohome.pl\/en\/wp-json\/wp\/v2\/types\/product"}],"replies":[{"embeddable":true,"href":"https:\/\/demkohome.pl\/en\/wp-json\/wp\/v2\/comments?post=698326"}],"wp:featuredmedia":[{"embeddable":true,"href":"https:\/\/demkohome.pl\/en\/wp-json\/wp\/v2\/media\/698327"}],"wp:attachment":[{"href":"https:\/\/demkohome.pl\/en\/wp-json\/wp\/v2\/media?parent=698326"}],"wp:term":[{"taxonomy":"product_brand","embeddable":true,"href":"https:\/\/demkohome.pl\/en\/wp-json\/wp\/v2\/product_brand?post=698326"},{"taxonomy":"product_cat","embeddable":true,"href":"https:\/\/demkohome.pl\/en\/wp-json\/wp\/v2\/product_cat?post=698326"},{"taxonomy":"product_tag","embeddable":true,"href":"https:\/\/demkohome.pl\/en\/wp-json\/wp\/v2\/product_tag?post=698326"}],"curies":[{"name":"wp","href":"https:\/\/api.w.org\/{rel}","templated":true}]}}