{"id":698333,"date":"2026-04-02T13:28:27","date_gmt":"2026-04-02T11:28:27","guid":{"rendered":"https:\/\/demkohome.pl\/?post_type=product&#038;p=698333"},"modified":"2026-04-18T09:16:44","modified_gmt":"2026-04-18T07:16:44","slug":"szafka-kuchenna-60-cm-z-szuflada-diuna","status":"publish","type":"product","link":"https:\/\/demkohome.pl\/en\/product\/szafka-kuchenna-60-cm-z-szuflada-diuna\/","title":{"rendered":"Szafka dolna 60 cm z szuflad\u0105 Diuna"},"content":{"rendered":"<h3 data-section-id=\"pnhij4\" data-start=\"338\" data-end=\"429\">Szafka kuchenna 60 cm z szuflad\u0105 to funkcjonalne rozwi\u0105zanie do codziennego przechowywania w kuchni.<\/h3>\n<p data-start=\"639\" data-end=\"887\">Szafka zosta\u0142a zaprojektowana z my\u015bl\u0105 o codziennym u\u017cytkowaniu. G\u00f3rna szuflada umo\u017cliwia uporz\u0105dkowanie sztu\u0107c\u00f3w oraz drobnych akcesori\u00f3w, natomiast dolna cz\u0119\u015b\u0107 z drzwiami zapewnia miejsce na wi\u0119ksze elementy, takie jak garnki, naczynia czy zapasy.<\/p>\n<p data-start=\"889\" data-end=\"1001\">Takie rozwi\u0105zanie u\u0142atwia organizacj\u0119 przestrzeni i zapewnia szybki dost\u0119p do najcz\u0119\u015bciej u\u017cywanych przedmiot\u00f3w.<\/p>\n<h4 data-section-id=\"lml1hv\" data-start=\"996\" data-end=\"1027\">Dopasowanie do ka\u017cdej kuchni<\/h4>\n<p data-start=\"1041\" data-end=\"1230\">Szafka kuchenna 60 cm stanowi standardowy wymiar, kt\u00f3ry mo\u017cna \u0142atwo dopasowa\u0107 do wi\u0119kszo\u015bci uk\u0142ad\u00f3w kuchennych. Szafka sprawdzi si\u0119 zar\u00f3wno jako pojedynczy modu\u0142, jak i element wi\u0119kszej zabudowy.<\/p>\n<p data-start=\"1232\" data-end=\"1307\">Produkt mo\u017ce by\u0107 stosowany zar\u00f3wno w mniejszych, jak i wi\u0119kszych kuchniach.<\/p>\n<h4 data-section-id=\"1f17r6d\" data-start=\"1505\" data-end=\"1542\"><span style=\"color: #000000;\"><span style=\"color: #333333;\">System Diuna<\/span><\/span> \u2013 elastyczna zabudowa<\/h4>\n<p data-start=\"1544\" data-end=\"1776\">Szafka jest cz\u0119\u015bci\u0105<span style=\"color: #333333;\"> <a style=\"color: #333333;\" href=\"https:\/\/demkohome.pl\/en\/product\/kuchania-diuna\/\">systemu modu\u0142owego Diuna<\/a>,<\/span> kt\u00f3ry umo\u017cliwia dowolne komponowanie zabudowy kuchennej. Dzi\u0119ki temu mo\u017cesz stopniowo rozbudowywa\u0107 swoj\u0105 kuchni\u0119 i dopasowywa\u0107 j\u0105 do dost\u0119pnej przestrzeni oraz zmieniaj\u0105cych si\u0119 potrzeb.<\/p>\n<h4 data-section-id=\"k1gdyk\" data-start=\"1213\" data-end=\"1234\">Uniwersalny design systemu Diuna<\/h4>\n<p data-start=\"234\" data-end=\"457\">Po\u0142\u0105czenie kaszmirowych front\u00f3w z dekorem d\u0119bu linea tworzy nowoczesny i ponadczasowy wygl\u0105d. G\u00f3rne szafki wyr\u00f3\u017cniaj\u0105 si\u0119 dekoracyjn\u0105, ryflowan\u0105 struktur\u0105 powierzchni, kt\u00f3ra nadaje meblom g\u0142\u0119bi i subtelnej tr\u00f3jwymiarowo\u015bci.<\/p>\n<p data-start=\"459\" data-end=\"554\">Proste formy zosta\u0142y uzupe\u0142nione o z\u0142ote uchwyty, kt\u00f3re dodaj\u0105 ca\u0142o\u015bci eleganckiego charakteru.<\/p>\n<p data-start=\"556\" data-end=\"746\">Dzi\u0119ki neutralnej kolorystyce oraz po\u0142\u0105czeniu g\u0142adkich i ryflowanych powierzchni mebel pasuje do wielu styl\u00f3w wn\u0119trzarskich, takich jak <strong>nowoczesny, minimalistyczny, skandynawski czy japandi<\/strong>.<\/p>\n<h4 data-start=\"680\" data-end=\"734\"><strong data-start=\"680\" data-end=\"734\" data-is-last-node=\"\">Diuna \u2013 stw\u00f3rz kuchni\u0119, kt\u00f3ra ro\u015bnie razem z Tob\u0105.<\/strong><\/h4>\n<p data-start=\"680\" data-end=\"734\" data-is-last-node=\"\" data-is-only-node=\"\"><img loading=\"lazy\" decoding=\"async\" class=\"alignnone wp-image-717427\" src=\"https:\/\/demkohome.pl\/wp-content\/uploads\/2026\/04\/demko_diuna_linea_H1105_kaszmir_U702_001_przerobione-aranz-grafit-300x225.png\" alt=\"\" width=\"1096\" height=\"822\" srcset=\"https:\/\/demkohome.pl\/wp-content\/uploads\/2026\/04\/demko_diuna_linea_H1105_kaszmir_U702_001_przerobione-aranz-grafit-300x225.png 300w, https:\/\/demkohome.pl\/wp-content\/uploads\/2026\/04\/demko_diuna_linea_H1105_kaszmir_U702_001_przerobione-aranz-grafit-1024x768.png 1024w, https:\/\/demkohome.pl\/wp-content\/uploads\/2026\/04\/demko_diuna_linea_H1105_kaszmir_U702_001_przerobione-aranz-grafit-768x576.png 768w, https:\/\/demkohome.pl\/wp-content\/uploads\/2026\/04\/demko_diuna_linea_H1105_kaszmir_U702_001_przerobione-aranz-grafit-1536x1152.png 1536w, https:\/\/demkohome.pl\/wp-content\/uploads\/2026\/04\/demko_diuna_linea_H1105_kaszmir_U702_001_przerobione-aranz-grafit-2048x1536.png 2048w, https:\/\/demkohome.pl\/wp-content\/uploads\/2026\/04\/demko_diuna_linea_H1105_kaszmir_U702_001_przerobione-aranz-grafit-16x12.png 16w, https:\/\/demkohome.pl\/wp-content\/uploads\/2026\/04\/demko_diuna_linea_H1105_kaszmir_U702_001_przerobione-aranz-grafit-600x450.png 600w\" sizes=\"auto, (max-width: 1096px) 100vw, 1096px\" \/><\/p>\n<h4 data-start=\"680\" data-end=\"734\"><span style=\"color: #000000;\">Product Dimensions:<\/span><\/h4>\n<table class=\"o-product-features\" role=\"presentation\">\n<tbody>\n<tr class=\"m-product-attr-row\">\n<th class=\"m-product-attr-row__name\" scope=\"row\">\n<h6>Produkt po z\u0142o\u017ceniu: szeroko\u015b\u0107 (w cm)<\/h6>\n<\/th>\n<td class=\"m-product-attr-row__value\">\n<h6>60<\/h6>\n<\/td>\n<\/tr>\n<tr class=\"m-product-attr-row\">\n<th class=\"m-product-attr-row__name\" scope=\"row\">\n<h6>Produkt po z\u0142o\u017ceniu: g\u0142\u0119boko\u015b\u0107 (w cm)<\/h6>\n<\/th>\n<td class=\"m-product-attr-row__value\">\n<h6>45<\/h6>\n<\/td>\n<\/tr>\n<tr class=\"m-product-attr-row\">\n<th class=\"m-product-attr-row__name\" scope=\"row\">\n<h6>Produkt po z\u0142o\u017ceniu: wysoko\u015b\u0107 (w cm)<\/h6>\n<\/th>\n<td class=\"m-product-attr-row__value\">\n<h6>81<\/h6>\n<\/td>\n<\/tr>\n<tr class=\"m-product-attr-row\">\n<th class=\"m-product-attr-row__name\" scope=\"row\">\n<h6>Produkt w opakowaniu: waga (w kg)<\/h6>\n<\/th>\n<td class=\"m-product-attr-row__value\">\n<h6>27<\/h6>\n<\/td>\n<\/tr>\n<\/tbody>\n<\/table>\n<p><img loading=\"lazy\" decoding=\"async\" class=\"wp-image-717430 alignleft\" src=\"https:\/\/demkohome.pl\/wp-content\/uploads\/2026\/04\/81-cm-2-300x300.png\" alt=\"\" width=\"610\" height=\"610\" srcset=\"https:\/\/demkohome.pl\/wp-content\/uploads\/2026\/04\/81-cm-2-300x300.png 300w, https:\/\/demkohome.pl\/wp-content\/uploads\/2026\/04\/81-cm-2-1024x1024.png 1024w, https:\/\/demkohome.pl\/wp-content\/uploads\/2026\/04\/81-cm-2-150x150.png 150w, https:\/\/demkohome.pl\/wp-content\/uploads\/2026\/04\/81-cm-2-768x768.png 768w, https:\/\/demkohome.pl\/wp-content\/uploads\/2026\/04\/81-cm-2-1536x1536.png 1536w, https:\/\/demkohome.pl\/wp-content\/uploads\/2026\/04\/81-cm-2-12x12.png 12w, https:\/\/demkohome.pl\/wp-content\/uploads\/2026\/04\/81-cm-2-600x600.png 600w, https:\/\/demkohome.pl\/wp-content\/uploads\/2026\/04\/81-cm-2-100x100.png 100w, https:\/\/demkohome.pl\/wp-content\/uploads\/2026\/04\/81-cm-2.png 2048w\" sizes=\"auto, (max-width: 610px) 100vw, 610px\" \/><\/p>\n<p data-start=\"680\" data-end=\"734\" data-is-last-node=\"\" data-is-only-node=\"\">","protected":false},"excerpt":{"rendered":"<p>Szafka kuchenna 60 cm z szuflad\u0105 to funkcjonalne rozwi\u0105zanie do codziennego przechowywania w kuchni. Szafka zosta\u0142a zaprojektowana z my\u015bl\u0105 o (&#8230;)<\/p>","protected":false},"featured_media":698334,"comment_status":"open","ping_status":"closed","template":"","meta":{"_acf_changed":false,"inline_featured_image":false},"product_brand":[533],"product_cat":[532,297,302,111,65,300,317,106,107,110],"product_tag":[],"class_list":{"0":"post-698333","1":"product","2":"type-product","3":"status-publish","4":"has-post-thumbnail","6":"product_brand-demko-home","7":"product_cat-diuna","8":"product_cat-kolekcje","9":"product_cat-kuchnia-pomieszczenia","10":"product_cat-kuchnie-modulowe","11":"product_cat-meble-kuchenne","12":"product_cat-meble-kuchenne-meble","13":"product_cat-szafki-meble-kuchenne-meble","14":"product_cat-szafki-kuchenne","15":"product_cat-szafki-kuchenne-stojace","16":"product_cat-zestawy-mebli-kuchennych","17":"product_shipping_class-paczka-st-x-1","18":"collection-meble-kuchenne-modulowe","20":"first","21":"outofstock","22":"shipping-taxable","23":"purchasable","24":"product-type-simple"},"acf":[],"yoast_head":"<!-- This site is optimized with the Yoast SEO plugin v27.4 - https:\/\/yoast.com\/product\/yoast-seo-wordpress\/ -->\n<title>Szafka dolna 60 cm z szuflad\u0105 Diuna - Demko Home<\/title>\n<meta name=\"description\" content=\"Szafka kuchenna 60 cm z szuflad\u0105 Diuna to funkcjonalna szafka dolna do kuchni. Sprawd\u017a system modu\u0142owy i dopasuj zabudow\u0119.\" \/>\n<meta name=\"robots\" content=\"index, follow, max-snippet:-1, max-image-preview:large, max-video-preview:-1\" \/>\n<link rel=\"canonical\" href=\"https:\/\/demkohome.pl\/en\/product\/szafka-kuchenna-60-cm-z-szuflada-diuna\/\" \/>\n<meta property=\"og:locale\" content=\"en_US\" \/>\n<meta property=\"og:type\" content=\"article\" \/>\n<meta property=\"og:title\" content=\"Szafka kuchenna 60 cm z szuflad\u0105 Diuna \u2013 nowoczesna szafka dolna\" \/>\n<meta property=\"og:description\" content=\"Szafka kuchenna 60 cm z szuflad\u0105 Diuna to funkcjonalna szafka dolna do kuchni. Sprawd\u017a system modu\u0142owy i dopasuj zabudow\u0119.\" \/>\n<meta property=\"og:url\" content=\"https:\/\/demkohome.pl\/en\/product\/szafka-kuchenna-60-cm-z-szuflada-diuna\/\" \/>\n<meta property=\"og:site_name\" content=\"Demko Home\" \/>\n<meta property=\"article:modified_time\" content=\"2026-04-18T07:16:44+00:00\" \/>\n<meta property=\"og:image\" content=\"https:\/\/demkohome.pl\/wp-content\/uploads\/2026\/03\/00008214__DIUNA_D60_1D1S_CLOSED-1024x1024.png\" \/>\n\t<meta property=\"og:image:width\" content=\"1024\" \/>\n\t<meta property=\"og:image:height\" content=\"1024\" \/>\n\t<meta property=\"og:image:type\" content=\"image\/png\" \/>\n<meta name=\"twitter:card\" content=\"summary_large_image\" \/>\n<meta name=\"twitter:title\" content=\"Szafka kuchenna 60 cm z szuflad\u0105 Diuna \u2013 nowoczesna szafka dolna\" \/>\n<meta name=\"twitter:description\" content=\"Szafka kuchenna 60 cm z szuflad\u0105 Diuna to funkcjonalna szafka dolna do kuchni. Sprawd\u017a system modu\u0142owy i dopasuj zabudow\u0119.\" \/>\n<meta name=\"twitter:image\" content=\"https:\/\/demkohome.pl\/wp-content\/uploads\/2026\/03\/00008214__DIUNA_D60_1D1S_CLOSED.png\" \/>\n<meta name=\"twitter:label1\" content=\"Est. reading time\" \/>\n\t<meta name=\"twitter:data1\" content=\"3 minutes\" \/>\n<script type=\"application\/ld+json\" class=\"yoast-schema-graph\">{\"@context\":\"https:\\\/\\\/schema.org\",\"@graph\":[{\"@type\":\"WebPage\",\"@id\":\"https:\\\/\\\/demkohome.pl\\\/produkt\\\/szafka-kuchenna-60-cm-z-szuflada-diuna\\\/\",\"url\":\"https:\\\/\\\/demkohome.pl\\\/produkt\\\/szafka-kuchenna-60-cm-z-szuflada-diuna\\\/\",\"name\":\"Szafka dolna 60 cm z szuflad\u0105 Diuna - Demko Home\",\"isPartOf\":{\"@id\":\"https:\\\/\\\/demkohome.pl\\\/#website\"},\"primaryImageOfPage\":{\"@id\":\"https:\\\/\\\/demkohome.pl\\\/produkt\\\/szafka-kuchenna-60-cm-z-szuflada-diuna\\\/#primaryimage\"},\"image\":{\"@id\":\"https:\\\/\\\/demkohome.pl\\\/produkt\\\/szafka-kuchenna-60-cm-z-szuflada-diuna\\\/#primaryimage\"},\"thumbnailUrl\":\"https:\\\/\\\/demkohome.pl\\\/wp-content\\\/uploads\\\/2026\\\/03\\\/00008214__DIUNA_D60_1D1S_CLOSED.png\",\"datePublished\":\"2026-04-02T11:28:27+00:00\",\"dateModified\":\"2026-04-18T07:16:44+00:00\",\"description\":\"Szafka kuchenna 60 cm z szuflad\u0105 Diuna to funkcjonalna szafka dolna do kuchni. Sprawd\u017a system modu\u0142owy i dopasuj zabudow\u0119.\",\"breadcrumb\":{\"@id\":\"https:\\\/\\\/demkohome.pl\\\/produkt\\\/szafka-kuchenna-60-cm-z-szuflada-diuna\\\/#breadcrumb\"},\"inLanguage\":\"en-US\",\"potentialAction\":[{\"@type\":\"ReadAction\",\"target\":[\"https:\\\/\\\/demkohome.pl\\\/produkt\\\/szafka-kuchenna-60-cm-z-szuflada-diuna\\\/\"]}]},{\"@type\":\"ImageObject\",\"inLanguage\":\"en-US\",\"@id\":\"https:\\\/\\\/demkohome.pl\\\/produkt\\\/szafka-kuchenna-60-cm-z-szuflada-diuna\\\/#primaryimage\",\"url\":\"https:\\\/\\\/demkohome.pl\\\/wp-content\\\/uploads\\\/2026\\\/03\\\/00008214__DIUNA_D60_1D1S_CLOSED.png\",\"contentUrl\":\"https:\\\/\\\/demkohome.pl\\\/wp-content\\\/uploads\\\/2026\\\/03\\\/00008214__DIUNA_D60_1D1S_CLOSED.png\",\"width\":2500,\"height\":2500,\"caption\":\"Szafka kuchenna Kaszmir 60 cm demko home\"},{\"@type\":\"BreadcrumbList\",\"@id\":\"https:\\\/\\\/demkohome.pl\\\/produkt\\\/szafka-kuchenna-60-cm-z-szuflada-diuna\\\/#breadcrumb\",\"itemListElement\":[{\"@type\":\"ListItem\",\"position\":1,\"name\":\"Strona g\u0142\u00f3wna\",\"item\":\"https:\\\/\\\/demkohome.pl\\\/\"},{\"@type\":\"ListItem\",\"position\":2,\"name\":\"Sklep\",\"item\":\"https:\\\/\\\/demkohome.pl\\\/sklep\\\/\"},{\"@type\":\"ListItem\",\"position\":3,\"name\":\"Szafka dolna 60 cm Diuna\"}]},{\"@type\":\"WebSite\",\"@id\":\"https:\\\/\\\/demkohome.pl\\\/#website\",\"url\":\"https:\\\/\\\/demkohome.pl\\\/\",\"name\":\"Demko Home\",\"description\":\"Make it simple\",\"publisher\":{\"@id\":\"https:\\\/\\\/demkohome.pl\\\/#organization\"},\"potentialAction\":[{\"@type\":\"SearchAction\",\"target\":{\"@type\":\"EntryPoint\",\"urlTemplate\":\"https:\\\/\\\/demkohome.pl\\\/?s={search_term_string}\"},\"query-input\":{\"@type\":\"PropertyValueSpecification\",\"valueRequired\":true,\"valueName\":\"search_term_string\"}}],\"inLanguage\":\"en-US\"},{\"@type\":\"Organization\",\"@id\":\"https:\\\/\\\/demkohome.pl\\\/#organization\",\"name\":\"Demko Home\",\"url\":\"https:\\\/\\\/demkohome.pl\\\/\",\"logo\":{\"@type\":\"ImageObject\",\"inLanguage\":\"en-US\",\"@id\":\"https:\\\/\\\/demkohome.pl\\\/#\\\/schema\\\/logo\\\/image\\\/\",\"url\":\"https:\\\/\\\/demkohome.pl\\\/wp-content\\\/uploads\\\/2026\\\/03\\\/cropped-3.png\",\"contentUrl\":\"https:\\\/\\\/demkohome.pl\\\/wp-content\\\/uploads\\\/2026\\\/03\\\/cropped-3.png\",\"width\":250,\"height\":63,\"caption\":\"Demko Home\"},\"image\":{\"@id\":\"https:\\\/\\\/demkohome.pl\\\/#\\\/schema\\\/logo\\\/image\\\/\"}}]}<\/script>\n<!-- \/ Yoast SEO plugin. -->","yoast_head_json":{"title":"Szafka dolna 60 cm z szuflad\u0105 Diuna - Demko Home","description":"Szafka kuchenna 60 cm z szuflad\u0105 Diuna to funkcjonalna szafka dolna do kuchni. Sprawd\u017a system modu\u0142owy i dopasuj zabudow\u0119.","robots":{"index":"index","follow":"follow","max-snippet":"max-snippet:-1","max-image-preview":"max-image-preview:large","max-video-preview":"max-video-preview:-1"},"canonical":"https:\/\/demkohome.pl\/en\/product\/szafka-kuchenna-60-cm-z-szuflada-diuna\/","og_locale":"en_US","og_type":"article","og_title":"Szafka kuchenna 60 cm z szuflad\u0105 Diuna \u2013 nowoczesna szafka dolna","og_description":"Szafka kuchenna 60 cm z szuflad\u0105 Diuna to funkcjonalna szafka dolna do kuchni. Sprawd\u017a system modu\u0142owy i dopasuj zabudow\u0119.","og_url":"https:\/\/demkohome.pl\/en\/product\/szafka-kuchenna-60-cm-z-szuflada-diuna\/","og_site_name":"Demko Home","article_modified_time":"2026-04-18T07:16:44+00:00","og_image":[{"width":1024,"height":1024,"url":"https:\/\/demkohome.pl\/wp-content\/uploads\/2026\/03\/00008214__DIUNA_D60_1D1S_CLOSED-1024x1024.png","type":"image\/png"}],"twitter_card":"summary_large_image","twitter_title":"Szafka kuchenna 60 cm z szuflad\u0105 Diuna \u2013 nowoczesna szafka dolna","twitter_description":"Szafka kuchenna 60 cm z szuflad\u0105 Diuna to funkcjonalna szafka dolna do kuchni. Sprawd\u017a system modu\u0142owy i dopasuj zabudow\u0119.","twitter_image":"https:\/\/demkohome.pl\/wp-content\/uploads\/2026\/03\/00008214__DIUNA_D60_1D1S_CLOSED.png","twitter_misc":{"Est. reading time":"3 minutes"},"schema":{"@context":"https:\/\/schema.org","@graph":[{"@type":"WebPage","@id":"https:\/\/demkohome.pl\/produkt\/szafka-kuchenna-60-cm-z-szuflada-diuna\/","url":"https:\/\/demkohome.pl\/produkt\/szafka-kuchenna-60-cm-z-szuflada-diuna\/","name":"Szafka dolna 60 cm z szuflad\u0105 Diuna - Demko Home","isPartOf":{"@id":"https:\/\/demkohome.pl\/#website"},"primaryImageOfPage":{"@id":"https:\/\/demkohome.pl\/produkt\/szafka-kuchenna-60-cm-z-szuflada-diuna\/#primaryimage"},"image":{"@id":"https:\/\/demkohome.pl\/produkt\/szafka-kuchenna-60-cm-z-szuflada-diuna\/#primaryimage"},"thumbnailUrl":"https:\/\/demkohome.pl\/wp-content\/uploads\/2026\/03\/00008214__DIUNA_D60_1D1S_CLOSED.png","datePublished":"2026-04-02T11:28:27+00:00","dateModified":"2026-04-18T07:16:44+00:00","description":"Szafka kuchenna 60 cm z szuflad\u0105 Diuna to funkcjonalna szafka dolna do kuchni. Sprawd\u017a system modu\u0142owy i dopasuj zabudow\u0119.","breadcrumb":{"@id":"https:\/\/demkohome.pl\/produkt\/szafka-kuchenna-60-cm-z-szuflada-diuna\/#breadcrumb"},"inLanguage":"en-US","potentialAction":[{"@type":"ReadAction","target":["https:\/\/demkohome.pl\/produkt\/szafka-kuchenna-60-cm-z-szuflada-diuna\/"]}]},{"@type":"ImageObject","inLanguage":"en-US","@id":"https:\/\/demkohome.pl\/produkt\/szafka-kuchenna-60-cm-z-szuflada-diuna\/#primaryimage","url":"https:\/\/demkohome.pl\/wp-content\/uploads\/2026\/03\/00008214__DIUNA_D60_1D1S_CLOSED.png","contentUrl":"https:\/\/demkohome.pl\/wp-content\/uploads\/2026\/03\/00008214__DIUNA_D60_1D1S_CLOSED.png","width":2500,"height":2500,"caption":"Szafka kuchenna Kaszmir 60 cm demko home"},{"@type":"BreadcrumbList","@id":"https:\/\/demkohome.pl\/produkt\/szafka-kuchenna-60-cm-z-szuflada-diuna\/#breadcrumb","itemListElement":[{"@type":"ListItem","position":1,"name":"Strona g\u0142\u00f3wna","item":"https:\/\/demkohome.pl\/"},{"@type":"ListItem","position":2,"name":"Sklep","item":"https:\/\/demkohome.pl\/sklep\/"},{"@type":"ListItem","position":3,"name":"Szafka dolna 60 cm Diuna"}]},{"@type":"WebSite","@id":"https:\/\/demkohome.pl\/#website","url":"https:\/\/demkohome.pl\/","name":"Demko Home","description":"Make it simple","publisher":{"@id":"https:\/\/demkohome.pl\/#organization"},"potentialAction":[{"@type":"SearchAction","target":{"@type":"EntryPoint","urlTemplate":"https:\/\/demkohome.pl\/?s={search_term_string}"},"query-input":{"@type":"PropertyValueSpecification","valueRequired":true,"valueName":"search_term_string"}}],"inLanguage":"en-US"},{"@type":"Organization","@id":"https:\/\/demkohome.pl\/#organization","name":"Demko Home","url":"https:\/\/demkohome.pl\/","logo":{"@type":"ImageObject","inLanguage":"en-US","@id":"https:\/\/demkohome.pl\/#\/schema\/logo\/image\/","url":"https:\/\/demkohome.pl\/wp-content\/uploads\/2026\/03\/cropped-3.png","contentUrl":"https:\/\/demkohome.pl\/wp-content\/uploads\/2026\/03\/cropped-3.png","width":250,"height":63,"caption":"Demko Home"},"image":{"@id":"https:\/\/demkohome.pl\/#\/schema\/logo\/image\/"}}]}},"_links":{"self":[{"href":"https:\/\/demkohome.pl\/en\/wp-json\/wp\/v2\/product\/698333","targetHints":{"allow":["GET"]}}],"collection":[{"href":"https:\/\/demkohome.pl\/en\/wp-json\/wp\/v2\/product"}],"about":[{"href":"https:\/\/demkohome.pl\/en\/wp-json\/wp\/v2\/types\/product"}],"replies":[{"embeddable":true,"href":"https:\/\/demkohome.pl\/en\/wp-json\/wp\/v2\/comments?post=698333"}],"wp:featuredmedia":[{"embeddable":true,"href":"https:\/\/demkohome.pl\/en\/wp-json\/wp\/v2\/media\/698334"}],"wp:attachment":[{"href":"https:\/\/demkohome.pl\/en\/wp-json\/wp\/v2\/media?parent=698333"}],"wp:term":[{"taxonomy":"product_brand","embeddable":true,"href":"https:\/\/demkohome.pl\/en\/wp-json\/wp\/v2\/product_brand?post=698333"},{"taxonomy":"product_cat","embeddable":true,"href":"https:\/\/demkohome.pl\/en\/wp-json\/wp\/v2\/product_cat?post=698333"},{"taxonomy":"product_tag","embeddable":true,"href":"https:\/\/demkohome.pl\/en\/wp-json\/wp\/v2\/product_tag?post=698333"}],"curies":[{"name":"wp","href":"https:\/\/api.w.org\/{rel}","templated":true}]}}