{"id":71241,"date":"2025-07-11T08:20:22","date_gmt":"2025-07-11T06:20:22","guid":{"rendered":"https:\/\/demkohome.pl\/?post_type=product&#038;p=71241"},"modified":"2026-05-06T15:16:59","modified_gmt":"2026-05-06T13:16:59","slug":"komoda-lunis-3-drzwi-3-szuflady","status":"publish","type":"product","link":"https:\/\/demkohome.pl\/en\/product\/komoda-lunis-3-drzwi-3-szuflady\/","title":{"rendered":"Lunis 3 Door 3 Drawer Chest of Drawers"},"content":{"rendered":"<p data-start=\"91\" data-end=\"454\">Lunis 3 Doors 3 Drawers chest of drawers is a combination of elegance and functionality in a modern edition, which will work perfectly in any interior, giving it a warm and cozy character. Made in San Remo oak decor, it delights with its natural grain and subtle colors, which perfectly match both bright and more expressive arrangements.<\/p>\n<p data-start=\"456\" data-end=\"992\">The furniture was designed for maximum storage comfort and space organization. It features three practical drawers located in the upper part, ideal for small items, documents or everyday accessories. Below are three capacious cabinets with doors, which will allow you to store larger items such as clothes, textiles, dishes or binders. Thoughtful division of the interior makes it easy to organize all the things you need and maintain the aesthetic appearance of the room.<\/p>\n<p data-start=\"994\" data-end=\"1355\">Lunis 3D3S chest of drawers is made of durable and solid laminated board resistant to scratches, moisture and daily use. Stable construction ensures safety and comfort of use for many years. The furniture is distinguished by elegant metal handles in matte aluminum color, which emphasize the modern character and give lightness to the chest of drawers.<\/p>\n<p data-start=\"1357\" data-end=\"1604\">Thanks to the large usable area, the top of the dresser can be used as a place to display decorations, potted plants, photo frames or stylish accessories, creating a cozy and harmonious space in the living room, bedroom or hallway.<\/p>\n<p data-start=\"1606\" data-end=\"1863\" data-is-last-node=\"\" data-is-only-node=\"\">This is an excellent choice for those who are looking for a functional storage piece of furniture in an elegant design. The Lunis 3 Door 3 Drawer Chest of Drawers will help you easily organize your home interior, while giving it a unique, warm atmosphere and timeless style.<\/p>","protected":false},"excerpt":{"rendered":"<p>Komoda Lunis 3 Drzwi 3 Szuflady to po\u0142\u0105czenie elegancji i funkcjonalno\u015bci w nowoczesnym wydaniu, kt\u00f3re doskonale sprawdzi si\u0119 w ka\u017cdym (&#8230;)<\/p>","protected":false},"featured_media":71242,"comment_status":"open","ping_status":"closed","template":"","meta":{"_acf_changed":false,"inline_featured_image":false},"product_brand":[],"product_cat":[128,127],"product_tag":[],"class_list":{"0":"post-71241","1":"product","2":"type-product","3":"status-publish","4":"has-post-thumbnail","6":"product_cat-komody","7":"product_cat-meble-pokojowe","8":"product_shipping_class-przesylka-dpd-30-pln","9":"collection-lunis","11":"first","12":"instock","13":"sale","14":"shipping-taxable","15":"purchasable","16":"product-type-simple"},"acf":[],"yoast_head":"<!-- This site is optimized with the Yoast SEO plugin v27.4 - https:\/\/yoast.com\/product\/yoast-seo-wordpress\/ -->\n<title>Komoda Lunis 3 Drzwi 3 Szuflady - Demko Home<\/title>\n<meta name=\"robots\" content=\"index, follow, max-snippet:-1, max-image-preview:large, max-video-preview:-1\" \/>\n<link rel=\"canonical\" href=\"https:\/\/demkohome.pl\/en\/product\/komoda-lunis-3-drzwi-3-szuflady\/\" \/>\n<meta property=\"og:locale\" content=\"en_US\" \/>\n<meta property=\"og:type\" content=\"article\" \/>\n<meta property=\"og:title\" content=\"Komoda Lunis 3 Drzwi 3 Szuflady - Demko Home\" \/>\n<meta property=\"og:description\" content=\"Komoda Lunis 3 Drzwi 3 Szuflady to po\u0142\u0105czenie elegancji i funkcjonalno\u015bci w nowoczesnym wydaniu, kt\u00f3re doskonale sprawdzi si\u0119 w ka\u017cdym (...)\" \/>\n<meta property=\"og:url\" content=\"https:\/\/demkohome.pl\/en\/product\/komoda-lunis-3-drzwi-3-szuflady\/\" \/>\n<meta property=\"og:site_name\" content=\"Demko Home\" \/>\n<meta property=\"article:modified_time\" content=\"2026-05-06T13:16:59+00:00\" \/>\n<meta property=\"og:image\" content=\"https:\/\/demkohome.pl\/wp-content\/uploads\/2025\/07\/LINUS-Komoda-3D3S-SAN_REMO-5907736139194-scaled.jpg\" \/>\n\t<meta property=\"og:image:width\" content=\"2560\" \/>\n\t<meta property=\"og:image:height\" content=\"2560\" \/>\n\t<meta property=\"og:image:type\" content=\"image\/jpeg\" \/>\n<meta name=\"twitter:card\" content=\"summary_large_image\" \/>\n<meta name=\"twitter:label1\" content=\"Est. reading time\" \/>\n\t<meta name=\"twitter:data1\" content=\"2 minutes\" \/>\n<script type=\"application\/ld+json\" class=\"yoast-schema-graph\">{\"@context\":\"https:\\\/\\\/schema.org\",\"@graph\":[{\"@type\":\"WebPage\",\"@id\":\"https:\\\/\\\/demkohome.pl\\\/produkt\\\/komoda-lunis-3-drzwi-3-szuflady\\\/\",\"url\":\"https:\\\/\\\/demkohome.pl\\\/produkt\\\/komoda-lunis-3-drzwi-3-szuflady\\\/\",\"name\":\"Komoda Lunis 3 Drzwi 3 Szuflady - Demko Home\",\"isPartOf\":{\"@id\":\"https:\\\/\\\/demkohome.pl\\\/#website\"},\"primaryImageOfPage\":{\"@id\":\"https:\\\/\\\/demkohome.pl\\\/produkt\\\/komoda-lunis-3-drzwi-3-szuflady\\\/#primaryimage\"},\"image\":{\"@id\":\"https:\\\/\\\/demkohome.pl\\\/produkt\\\/komoda-lunis-3-drzwi-3-szuflady\\\/#primaryimage\"},\"thumbnailUrl\":\"https:\\\/\\\/demkohome.pl\\\/wp-content\\\/uploads\\\/2025\\\/07\\\/LINUS-Komoda-3D3S-SAN_REMO-5907736139194-scaled.jpg\",\"datePublished\":\"2025-07-11T06:20:22+00:00\",\"dateModified\":\"2026-05-06T13:16:59+00:00\",\"breadcrumb\":{\"@id\":\"https:\\\/\\\/demkohome.pl\\\/produkt\\\/komoda-lunis-3-drzwi-3-szuflady\\\/#breadcrumb\"},\"inLanguage\":\"en-US\",\"potentialAction\":[{\"@type\":\"ReadAction\",\"target\":[\"https:\\\/\\\/demkohome.pl\\\/produkt\\\/komoda-lunis-3-drzwi-3-szuflady\\\/\"]}]},{\"@type\":\"ImageObject\",\"inLanguage\":\"en-US\",\"@id\":\"https:\\\/\\\/demkohome.pl\\\/produkt\\\/komoda-lunis-3-drzwi-3-szuflady\\\/#primaryimage\",\"url\":\"https:\\\/\\\/demkohome.pl\\\/wp-content\\\/uploads\\\/2025\\\/07\\\/LINUS-Komoda-3D3S-SAN_REMO-5907736139194-scaled.jpg\",\"contentUrl\":\"https:\\\/\\\/demkohome.pl\\\/wp-content\\\/uploads\\\/2025\\\/07\\\/LINUS-Komoda-3D3S-SAN_REMO-5907736139194-scaled.jpg\",\"width\":2560,\"height\":2560},{\"@type\":\"BreadcrumbList\",\"@id\":\"https:\\\/\\\/demkohome.pl\\\/produkt\\\/komoda-lunis-3-drzwi-3-szuflady\\\/#breadcrumb\",\"itemListElement\":[{\"@type\":\"ListItem\",\"position\":1,\"name\":\"Strona g\u0142\u00f3wna\",\"item\":\"https:\\\/\\\/demkohome.pl\\\/\"},{\"@type\":\"ListItem\",\"position\":2,\"name\":\"Sklep\",\"item\":\"https:\\\/\\\/demkohome.pl\\\/sklep\\\/\"},{\"@type\":\"ListItem\",\"position\":3,\"name\":\"Komoda Lunis 3 Drzwi 3 Szuflady\"}]},{\"@type\":\"WebSite\",\"@id\":\"https:\\\/\\\/demkohome.pl\\\/#website\",\"url\":\"https:\\\/\\\/demkohome.pl\\\/\",\"name\":\"Demko Home\",\"description\":\"Make it simple\",\"publisher\":{\"@id\":\"https:\\\/\\\/demkohome.pl\\\/#organization\"},\"potentialAction\":[{\"@type\":\"SearchAction\",\"target\":{\"@type\":\"EntryPoint\",\"urlTemplate\":\"https:\\\/\\\/demkohome.pl\\\/?s={search_term_string}\"},\"query-input\":{\"@type\":\"PropertyValueSpecification\",\"valueRequired\":true,\"valueName\":\"search_term_string\"}}],\"inLanguage\":\"en-US\"},{\"@type\":\"Organization\",\"@id\":\"https:\\\/\\\/demkohome.pl\\\/#organization\",\"name\":\"Demko Home\",\"url\":\"https:\\\/\\\/demkohome.pl\\\/\",\"logo\":{\"@type\":\"ImageObject\",\"inLanguage\":\"en-US\",\"@id\":\"https:\\\/\\\/demkohome.pl\\\/#\\\/schema\\\/logo\\\/image\\\/\",\"url\":\"https:\\\/\\\/demkohome.pl\\\/wp-content\\\/uploads\\\/2026\\\/03\\\/cropped-3.png\",\"contentUrl\":\"https:\\\/\\\/demkohome.pl\\\/wp-content\\\/uploads\\\/2026\\\/03\\\/cropped-3.png\",\"width\":250,\"height\":63,\"caption\":\"Demko Home\"},\"image\":{\"@id\":\"https:\\\/\\\/demkohome.pl\\\/#\\\/schema\\\/logo\\\/image\\\/\"}}]}<\/script>\n<!-- \/ Yoast SEO plugin. -->","yoast_head_json":{"title":"Komoda Lunis 3 Drzwi 3 Szuflady - Demko Home","robots":{"index":"index","follow":"follow","max-snippet":"max-snippet:-1","max-image-preview":"max-image-preview:large","max-video-preview":"max-video-preview:-1"},"canonical":"https:\/\/demkohome.pl\/en\/product\/komoda-lunis-3-drzwi-3-szuflady\/","og_locale":"en_US","og_type":"article","og_title":"Komoda Lunis 3 Drzwi 3 Szuflady - Demko Home","og_description":"Komoda Lunis 3 Drzwi 3 Szuflady to po\u0142\u0105czenie elegancji i funkcjonalno\u015bci w nowoczesnym wydaniu, kt\u00f3re doskonale sprawdzi si\u0119 w ka\u017cdym (...)","og_url":"https:\/\/demkohome.pl\/en\/product\/komoda-lunis-3-drzwi-3-szuflady\/","og_site_name":"Demko Home","article_modified_time":"2026-05-06T13:16:59+00:00","og_image":[{"width":2560,"height":2560,"url":"https:\/\/demkohome.pl\/wp-content\/uploads\/2025\/07\/LINUS-Komoda-3D3S-SAN_REMO-5907736139194-scaled.jpg","type":"image\/jpeg"}],"twitter_card":"summary_large_image","twitter_misc":{"Est. reading time":"2 minutes"},"schema":{"@context":"https:\/\/schema.org","@graph":[{"@type":"WebPage","@id":"https:\/\/demkohome.pl\/produkt\/komoda-lunis-3-drzwi-3-szuflady\/","url":"https:\/\/demkohome.pl\/produkt\/komoda-lunis-3-drzwi-3-szuflady\/","name":"Komoda Lunis 3 Drzwi 3 Szuflady - Demko Home","isPartOf":{"@id":"https:\/\/demkohome.pl\/#website"},"primaryImageOfPage":{"@id":"https:\/\/demkohome.pl\/produkt\/komoda-lunis-3-drzwi-3-szuflady\/#primaryimage"},"image":{"@id":"https:\/\/demkohome.pl\/produkt\/komoda-lunis-3-drzwi-3-szuflady\/#primaryimage"},"thumbnailUrl":"https:\/\/demkohome.pl\/wp-content\/uploads\/2025\/07\/LINUS-Komoda-3D3S-SAN_REMO-5907736139194-scaled.jpg","datePublished":"2025-07-11T06:20:22+00:00","dateModified":"2026-05-06T13:16:59+00:00","breadcrumb":{"@id":"https:\/\/demkohome.pl\/produkt\/komoda-lunis-3-drzwi-3-szuflady\/#breadcrumb"},"inLanguage":"en-US","potentialAction":[{"@type":"ReadAction","target":["https:\/\/demkohome.pl\/produkt\/komoda-lunis-3-drzwi-3-szuflady\/"]}]},{"@type":"ImageObject","inLanguage":"en-US","@id":"https:\/\/demkohome.pl\/produkt\/komoda-lunis-3-drzwi-3-szuflady\/#primaryimage","url":"https:\/\/demkohome.pl\/wp-content\/uploads\/2025\/07\/LINUS-Komoda-3D3S-SAN_REMO-5907736139194-scaled.jpg","contentUrl":"https:\/\/demkohome.pl\/wp-content\/uploads\/2025\/07\/LINUS-Komoda-3D3S-SAN_REMO-5907736139194-scaled.jpg","width":2560,"height":2560},{"@type":"BreadcrumbList","@id":"https:\/\/demkohome.pl\/produkt\/komoda-lunis-3-drzwi-3-szuflady\/#breadcrumb","itemListElement":[{"@type":"ListItem","position":1,"name":"Strona g\u0142\u00f3wna","item":"https:\/\/demkohome.pl\/"},{"@type":"ListItem","position":2,"name":"Sklep","item":"https:\/\/demkohome.pl\/sklep\/"},{"@type":"ListItem","position":3,"name":"Komoda Lunis 3 Drzwi 3 Szuflady"}]},{"@type":"WebSite","@id":"https:\/\/demkohome.pl\/#website","url":"https:\/\/demkohome.pl\/","name":"Demko Home","description":"Make it simple","publisher":{"@id":"https:\/\/demkohome.pl\/#organization"},"potentialAction":[{"@type":"SearchAction","target":{"@type":"EntryPoint","urlTemplate":"https:\/\/demkohome.pl\/?s={search_term_string}"},"query-input":{"@type":"PropertyValueSpecification","valueRequired":true,"valueName":"search_term_string"}}],"inLanguage":"en-US"},{"@type":"Organization","@id":"https:\/\/demkohome.pl\/#organization","name":"Demko Home","url":"https:\/\/demkohome.pl\/","logo":{"@type":"ImageObject","inLanguage":"en-US","@id":"https:\/\/demkohome.pl\/#\/schema\/logo\/image\/","url":"https:\/\/demkohome.pl\/wp-content\/uploads\/2026\/03\/cropped-3.png","contentUrl":"https:\/\/demkohome.pl\/wp-content\/uploads\/2026\/03\/cropped-3.png","width":250,"height":63,"caption":"Demko Home"},"image":{"@id":"https:\/\/demkohome.pl\/#\/schema\/logo\/image\/"}}]}},"_links":{"self":[{"href":"https:\/\/demkohome.pl\/en\/wp-json\/wp\/v2\/product\/71241","targetHints":{"allow":["GET"]}}],"collection":[{"href":"https:\/\/demkohome.pl\/en\/wp-json\/wp\/v2\/product"}],"about":[{"href":"https:\/\/demkohome.pl\/en\/wp-json\/wp\/v2\/types\/product"}],"replies":[{"embeddable":true,"href":"https:\/\/demkohome.pl\/en\/wp-json\/wp\/v2\/comments?post=71241"}],"wp:featuredmedia":[{"embeddable":true,"href":"https:\/\/demkohome.pl\/en\/wp-json\/wp\/v2\/media\/71242"}],"wp:attachment":[{"href":"https:\/\/demkohome.pl\/en\/wp-json\/wp\/v2\/media?parent=71241"}],"wp:term":[{"taxonomy":"product_brand","embeddable":true,"href":"https:\/\/demkohome.pl\/en\/wp-json\/wp\/v2\/product_brand?post=71241"},{"taxonomy":"product_cat","embeddable":true,"href":"https:\/\/demkohome.pl\/en\/wp-json\/wp\/v2\/product_cat?post=71241"},{"taxonomy":"product_tag","embeddable":true,"href":"https:\/\/demkohome.pl\/en\/wp-json\/wp\/v2\/product_tag?post=71241"}],"curies":[{"name":"wp","href":"https:\/\/api.w.org\/{rel}","templated":true}]}}