{"id":71243,"date":"2025-07-04T14:13:42","date_gmt":"2025-07-04T12:13:42","guid":{"rendered":"https:\/\/demkohome.pl\/?post_type=product&#038;p=71243"},"modified":"2026-04-18T03:16:48","modified_gmt":"2026-04-18T01:16:48","slug":"lustro-lunis-pr","status":"publish","type":"product","link":"https:\/\/demkohome.pl\/en\/product\/lustro-lunis-pr\/","title":{"rendered":"Lunis PR mirror"},"content":{"rendered":"<p data-start=\"78\" data-end=\"424\">Lunis PR mirror is an elegant and practical addition to any hallway, which will not only optically enlarge the space, but also give the interior a modern and orderly character. Its simple, minimalist form makes it go well with a variety of arrangements - from Scandinavian interiors, through modern to classic.<\/p>\n<p data-start=\"426\" data-end=\"744\">The surface of the mirror is made of high-quality glass sheet, which perfectly reflects light, brightening the room and adding depth to it. The mirror is set on a furniture board in San Remo oak decor, which gives it a natural and warm look, harmoniously matching the rest of the Lunis collection.<\/p>\n<p data-start=\"746\" data-end=\"1156\">This functional mirror is not only a practical piece of hallway equipment - allowing you to comfortably check your appearance before leaving the house - but also a decorative accent that will emphasize the aesthetics of the space and bring more light into it. Thanks to its universal dimensions, the Lunis PR mirror will work well in both larger hallways and small anterooms, without visually overwhelming them.<\/p>\n<p data-start=\"1158\" data-end=\"1442\">The mirror can be easily hung on the wall vertically or horizontally, adjusting its positioning to individual needs and the character of the interior. This is a timeless solution for people who are looking for practical and aesthetic accessories, combining high quality workmanship with an elegant appearance.<\/p>\n<p data-start=\"1444\" data-end=\"1572\" data-is-last-node=\"\" data-is-only-node=\"\">Lunis PR mirror is an excellent choice that will transform your hallway, bringing more light, spaciousness and style to it.<\/p>\n<p data-start=\"1444\" data-end=\"1572\" data-is-last-node=\"\" data-is-only-node=\"\"><img loading=\"lazy\" decoding=\"async\" class=\"alignnone wp-image-76407 size-full\" src=\"https:\/\/demkohome.pl\/wp-content\/uploads\/2025\/07\/LUNIS-garderoba-aranzacja-scaled.jpg\" alt=\"\" width=\"2560\" height=\"1658\" srcset=\"https:\/\/demkohome.pl\/wp-content\/uploads\/2025\/07\/LUNIS-garderoba-aranzacja-scaled.jpg 2560w, https:\/\/demkohome.pl\/wp-content\/uploads\/2025\/07\/LUNIS-garderoba-aranzacja-300x194.jpg 300w, https:\/\/demkohome.pl\/wp-content\/uploads\/2025\/07\/LUNIS-garderoba-aranzacja-1024x663.jpg 1024w, https:\/\/demkohome.pl\/wp-content\/uploads\/2025\/07\/LUNIS-garderoba-aranzacja-768x497.jpg 768w, https:\/\/demkohome.pl\/wp-content\/uploads\/2025\/07\/LUNIS-garderoba-aranzacja-1536x995.jpg 1536w, https:\/\/demkohome.pl\/wp-content\/uploads\/2025\/07\/LUNIS-garderoba-aranzacja-2048x1326.jpg 2048w, https:\/\/demkohome.pl\/wp-content\/uploads\/2025\/07\/LUNIS-garderoba-aranzacja-18x12.jpg 18w, https:\/\/demkohome.pl\/wp-content\/uploads\/2025\/07\/LUNIS-garderoba-aranzacja-600x389.jpg 600w\" sizes=\"auto, (max-width: 2560px) 100vw, 2560px\" \/><\/p>","protected":false},"excerpt":{"rendered":"<p>Lustro Lunis PR to elegancki i praktyczny dodatek do ka\u017cdego przedpokoju, kt\u00f3ry nie tylko optycznie powi\u0119kszy przestrze\u0144, ale r\u00f3wnie\u017c nada (&#8230;)<\/p>","protected":false},"featured_media":71244,"comment_status":"open","ping_status":"closed","template":"","meta":{"_acf_changed":false,"inline_featured_image":false},"product_brand":[],"product_cat":[123,27],"product_tag":[],"class_list":{"0":"post-71243","1":"product","2":"type-product","3":"status-publish","4":"has-post-thumbnail","6":"product_cat-lustra-do-przedpokoju","7":"product_cat-przedpokoje","8":"product_shipping_class-paczka-st-x-1","9":"collection-lunis-pr","11":"first","12":"instock","13":"sale","14":"shipping-taxable","15":"purchasable","16":"product-type-simple"},"acf":[],"yoast_head":"<!-- This site is optimized with the Yoast SEO plugin v27.4 - https:\/\/yoast.com\/product\/yoast-seo-wordpress\/ -->\n<title>Lustro Lunis PR - Demko Home<\/title>\n<meta name=\"robots\" content=\"index, follow, max-snippet:-1, max-image-preview:large, max-video-preview:-1\" \/>\n<link rel=\"canonical\" href=\"https:\/\/demkohome.pl\/en\/product\/lustro-lunis-pr\/\" \/>\n<meta property=\"og:locale\" content=\"en_US\" \/>\n<meta property=\"og:type\" content=\"article\" \/>\n<meta property=\"og:title\" content=\"Lustro Lunis PR - Demko Home\" \/>\n<meta property=\"og:description\" content=\"Lustro Lunis PR to elegancki i praktyczny dodatek do ka\u017cdego przedpokoju, kt\u00f3ry nie tylko optycznie powi\u0119kszy przestrze\u0144, ale r\u00f3wnie\u017c nada (...)\" \/>\n<meta property=\"og:url\" content=\"https:\/\/demkohome.pl\/en\/product\/lustro-lunis-pr\/\" \/>\n<meta property=\"og:site_name\" content=\"Demko Home\" \/>\n<meta property=\"article:modified_time\" content=\"2026-04-18T01:16:48+00:00\" \/>\n<meta property=\"og:image\" content=\"https:\/\/demkohome.pl\/wp-content\/uploads\/2025\/07\/LINUS-G-Lustro-SAN_REMO-5907736139279-scaled.jpg\" \/>\n\t<meta property=\"og:image:width\" content=\"2560\" \/>\n\t<meta property=\"og:image:height\" content=\"2560\" \/>\n\t<meta property=\"og:image:type\" content=\"image\/jpeg\" \/>\n<meta name=\"twitter:card\" content=\"summary_large_image\" \/>\n<meta name=\"twitter:label1\" content=\"Est. reading time\" \/>\n\t<meta name=\"twitter:data1\" content=\"2 minutes\" \/>\n<script type=\"application\/ld+json\" class=\"yoast-schema-graph\">{\"@context\":\"https:\\\/\\\/schema.org\",\"@graph\":[{\"@type\":\"WebPage\",\"@id\":\"https:\\\/\\\/demkohome.pl\\\/produkt\\\/lustro-lunis-pr\\\/\",\"url\":\"https:\\\/\\\/demkohome.pl\\\/produkt\\\/lustro-lunis-pr\\\/\",\"name\":\"Lustro Lunis PR - Demko Home\",\"isPartOf\":{\"@id\":\"https:\\\/\\\/demkohome.pl\\\/#website\"},\"primaryImageOfPage\":{\"@id\":\"https:\\\/\\\/demkohome.pl\\\/produkt\\\/lustro-lunis-pr\\\/#primaryimage\"},\"image\":{\"@id\":\"https:\\\/\\\/demkohome.pl\\\/produkt\\\/lustro-lunis-pr\\\/#primaryimage\"},\"thumbnailUrl\":\"https:\\\/\\\/demkohome.pl\\\/wp-content\\\/uploads\\\/2025\\\/07\\\/LINUS-G-Lustro-SAN_REMO-5907736139279-scaled.jpg\",\"datePublished\":\"2025-07-04T12:13:42+00:00\",\"dateModified\":\"2026-04-18T01:16:48+00:00\",\"breadcrumb\":{\"@id\":\"https:\\\/\\\/demkohome.pl\\\/produkt\\\/lustro-lunis-pr\\\/#breadcrumb\"},\"inLanguage\":\"en-US\",\"potentialAction\":[{\"@type\":\"ReadAction\",\"target\":[\"https:\\\/\\\/demkohome.pl\\\/produkt\\\/lustro-lunis-pr\\\/\"]}]},{\"@type\":\"ImageObject\",\"inLanguage\":\"en-US\",\"@id\":\"https:\\\/\\\/demkohome.pl\\\/produkt\\\/lustro-lunis-pr\\\/#primaryimage\",\"url\":\"https:\\\/\\\/demkohome.pl\\\/wp-content\\\/uploads\\\/2025\\\/07\\\/LINUS-G-Lustro-SAN_REMO-5907736139279-scaled.jpg\",\"contentUrl\":\"https:\\\/\\\/demkohome.pl\\\/wp-content\\\/uploads\\\/2025\\\/07\\\/LINUS-G-Lustro-SAN_REMO-5907736139279-scaled.jpg\",\"width\":2560,\"height\":2560},{\"@type\":\"BreadcrumbList\",\"@id\":\"https:\\\/\\\/demkohome.pl\\\/produkt\\\/lustro-lunis-pr\\\/#breadcrumb\",\"itemListElement\":[{\"@type\":\"ListItem\",\"position\":1,\"name\":\"Strona g\u0142\u00f3wna\",\"item\":\"https:\\\/\\\/demkohome.pl\\\/\"},{\"@type\":\"ListItem\",\"position\":2,\"name\":\"Sklep\",\"item\":\"https:\\\/\\\/demkohome.pl\\\/sklep\\\/\"},{\"@type\":\"ListItem\",\"position\":3,\"name\":\"Lustro Lunis PR\"}]},{\"@type\":\"WebSite\",\"@id\":\"https:\\\/\\\/demkohome.pl\\\/#website\",\"url\":\"https:\\\/\\\/demkohome.pl\\\/\",\"name\":\"Demko Home\",\"description\":\"Make it simple\",\"publisher\":{\"@id\":\"https:\\\/\\\/demkohome.pl\\\/#organization\"},\"potentialAction\":[{\"@type\":\"SearchAction\",\"target\":{\"@type\":\"EntryPoint\",\"urlTemplate\":\"https:\\\/\\\/demkohome.pl\\\/?s={search_term_string}\"},\"query-input\":{\"@type\":\"PropertyValueSpecification\",\"valueRequired\":true,\"valueName\":\"search_term_string\"}}],\"inLanguage\":\"en-US\"},{\"@type\":\"Organization\",\"@id\":\"https:\\\/\\\/demkohome.pl\\\/#organization\",\"name\":\"Demko Home\",\"url\":\"https:\\\/\\\/demkohome.pl\\\/\",\"logo\":{\"@type\":\"ImageObject\",\"inLanguage\":\"en-US\",\"@id\":\"https:\\\/\\\/demkohome.pl\\\/#\\\/schema\\\/logo\\\/image\\\/\",\"url\":\"https:\\\/\\\/demkohome.pl\\\/wp-content\\\/uploads\\\/2026\\\/03\\\/cropped-3.png\",\"contentUrl\":\"https:\\\/\\\/demkohome.pl\\\/wp-content\\\/uploads\\\/2026\\\/03\\\/cropped-3.png\",\"width\":250,\"height\":63,\"caption\":\"Demko Home\"},\"image\":{\"@id\":\"https:\\\/\\\/demkohome.pl\\\/#\\\/schema\\\/logo\\\/image\\\/\"}}]}<\/script>\n<!-- \/ Yoast SEO plugin. -->","yoast_head_json":{"title":"Lustro Lunis PR - Demko Home","robots":{"index":"index","follow":"follow","max-snippet":"max-snippet:-1","max-image-preview":"max-image-preview:large","max-video-preview":"max-video-preview:-1"},"canonical":"https:\/\/demkohome.pl\/en\/product\/lustro-lunis-pr\/","og_locale":"en_US","og_type":"article","og_title":"Lustro Lunis PR - Demko Home","og_description":"Lustro Lunis PR to elegancki i praktyczny dodatek do ka\u017cdego przedpokoju, kt\u00f3ry nie tylko optycznie powi\u0119kszy przestrze\u0144, ale r\u00f3wnie\u017c nada (...)","og_url":"https:\/\/demkohome.pl\/en\/product\/lustro-lunis-pr\/","og_site_name":"Demko Home","article_modified_time":"2026-04-18T01:16:48+00:00","og_image":[{"width":2560,"height":2560,"url":"https:\/\/demkohome.pl\/wp-content\/uploads\/2025\/07\/LINUS-G-Lustro-SAN_REMO-5907736139279-scaled.jpg","type":"image\/jpeg"}],"twitter_card":"summary_large_image","twitter_misc":{"Est. reading time":"2 minutes"},"schema":{"@context":"https:\/\/schema.org","@graph":[{"@type":"WebPage","@id":"https:\/\/demkohome.pl\/produkt\/lustro-lunis-pr\/","url":"https:\/\/demkohome.pl\/produkt\/lustro-lunis-pr\/","name":"Lustro Lunis PR - Demko Home","isPartOf":{"@id":"https:\/\/demkohome.pl\/#website"},"primaryImageOfPage":{"@id":"https:\/\/demkohome.pl\/produkt\/lustro-lunis-pr\/#primaryimage"},"image":{"@id":"https:\/\/demkohome.pl\/produkt\/lustro-lunis-pr\/#primaryimage"},"thumbnailUrl":"https:\/\/demkohome.pl\/wp-content\/uploads\/2025\/07\/LINUS-G-Lustro-SAN_REMO-5907736139279-scaled.jpg","datePublished":"2025-07-04T12:13:42+00:00","dateModified":"2026-04-18T01:16:48+00:00","breadcrumb":{"@id":"https:\/\/demkohome.pl\/produkt\/lustro-lunis-pr\/#breadcrumb"},"inLanguage":"en-US","potentialAction":[{"@type":"ReadAction","target":["https:\/\/demkohome.pl\/produkt\/lustro-lunis-pr\/"]}]},{"@type":"ImageObject","inLanguage":"en-US","@id":"https:\/\/demkohome.pl\/produkt\/lustro-lunis-pr\/#primaryimage","url":"https:\/\/demkohome.pl\/wp-content\/uploads\/2025\/07\/LINUS-G-Lustro-SAN_REMO-5907736139279-scaled.jpg","contentUrl":"https:\/\/demkohome.pl\/wp-content\/uploads\/2025\/07\/LINUS-G-Lustro-SAN_REMO-5907736139279-scaled.jpg","width":2560,"height":2560},{"@type":"BreadcrumbList","@id":"https:\/\/demkohome.pl\/produkt\/lustro-lunis-pr\/#breadcrumb","itemListElement":[{"@type":"ListItem","position":1,"name":"Strona g\u0142\u00f3wna","item":"https:\/\/demkohome.pl\/"},{"@type":"ListItem","position":2,"name":"Sklep","item":"https:\/\/demkohome.pl\/sklep\/"},{"@type":"ListItem","position":3,"name":"Lustro Lunis PR"}]},{"@type":"WebSite","@id":"https:\/\/demkohome.pl\/#website","url":"https:\/\/demkohome.pl\/","name":"Demko Home","description":"Make it simple","publisher":{"@id":"https:\/\/demkohome.pl\/#organization"},"potentialAction":[{"@type":"SearchAction","target":{"@type":"EntryPoint","urlTemplate":"https:\/\/demkohome.pl\/?s={search_term_string}"},"query-input":{"@type":"PropertyValueSpecification","valueRequired":true,"valueName":"search_term_string"}}],"inLanguage":"en-US"},{"@type":"Organization","@id":"https:\/\/demkohome.pl\/#organization","name":"Demko Home","url":"https:\/\/demkohome.pl\/","logo":{"@type":"ImageObject","inLanguage":"en-US","@id":"https:\/\/demkohome.pl\/#\/schema\/logo\/image\/","url":"https:\/\/demkohome.pl\/wp-content\/uploads\/2026\/03\/cropped-3.png","contentUrl":"https:\/\/demkohome.pl\/wp-content\/uploads\/2026\/03\/cropped-3.png","width":250,"height":63,"caption":"Demko Home"},"image":{"@id":"https:\/\/demkohome.pl\/#\/schema\/logo\/image\/"}}]}},"_links":{"self":[{"href":"https:\/\/demkohome.pl\/en\/wp-json\/wp\/v2\/product\/71243","targetHints":{"allow":["GET"]}}],"collection":[{"href":"https:\/\/demkohome.pl\/en\/wp-json\/wp\/v2\/product"}],"about":[{"href":"https:\/\/demkohome.pl\/en\/wp-json\/wp\/v2\/types\/product"}],"replies":[{"embeddable":true,"href":"https:\/\/demkohome.pl\/en\/wp-json\/wp\/v2\/comments?post=71243"}],"wp:featuredmedia":[{"embeddable":true,"href":"https:\/\/demkohome.pl\/en\/wp-json\/wp\/v2\/media\/71244"}],"wp:attachment":[{"href":"https:\/\/demkohome.pl\/en\/wp-json\/wp\/v2\/media?parent=71243"}],"wp:term":[{"taxonomy":"product_brand","embeddable":true,"href":"https:\/\/demkohome.pl\/en\/wp-json\/wp\/v2\/product_brand?post=71243"},{"taxonomy":"product_cat","embeddable":true,"href":"https:\/\/demkohome.pl\/en\/wp-json\/wp\/v2\/product_cat?post=71243"},{"taxonomy":"product_tag","embeddable":true,"href":"https:\/\/demkohome.pl\/en\/wp-json\/wp\/v2\/product_tag?post=71243"}],"curies":[{"name":"wp","href":"https:\/\/api.w.org\/{rel}","templated":true}]}}