{"id":71245,"date":"2025-07-11T08:23:25","date_gmt":"2025-07-11T06:23:25","guid":{"rendered":"https:\/\/demkohome.pl\/?post_type=product&#038;p=71245"},"modified":"2026-04-18T03:16:48","modified_gmt":"2026-04-18T01:16:48","slug":"lawka-lunis-pr","status":"publish","type":"product","link":"https:\/\/demkohome.pl\/en\/product\/lawka-lunis-pr\/","title":{"rendered":"Lunis PR bench"},"content":{"rendered":"<p data-start=\"62\" data-end=\"359\">Lunis PR bench is a practical and elegant piece of hallway furniture, which perfectly combines the function of seating with storage space. Made in San Remo oak decor, it brings a pleasant warmth and natural character to the interior, matching both modern and classic arrangements.<\/p>\n<p data-start=\"361\" data-end=\"785\">The minimalist form of the bench makes it look great in any hallway, while not overwhelming the space. The solid top can serve as a comfortable seat, which will make it easier to put on shoes or take a short rest. Under the flap there is a spacious storage compartment, where you can fit shoes, accessories or other items that you want to have at hand, while discreetly hidden from the sight of guests.<\/p>\n<p data-start=\"787\" data-end=\"1147\">Lunis PR bench is made of durable laminated board resistant to scratches, moisture and everyday use. It is equipped with an aesthetically pleasing metal handle in matte aluminum, which emphasizes the modern character of the furniture and ensures comfortable opening of the lid. Stable construction guarantees safety and convenience of use for a long time.<\/p>\n<p data-start=\"1149\" data-end=\"1361\" data-is-last-node=\"\" data-is-only-node=\"\">It is the perfect solution for a hallway, where order, functionality and aesthetic appearance are important. Lunis PR bench will allow you to create an orderly space and add an elegant, consistent character to the interior.<\/p>\n<p data-start=\"1149\" data-end=\"1361\" data-is-last-node=\"\" data-is-only-node=\"\"><img loading=\"lazy\" decoding=\"async\" class=\"alignnone wp-image-76407 size-full\" src=\"https:\/\/demkohome.pl\/wp-content\/uploads\/2025\/07\/LUNIS-garderoba-aranzacja-scaled.jpg\" alt=\"\" width=\"2560\" height=\"1658\" srcset=\"https:\/\/demkohome.pl\/wp-content\/uploads\/2025\/07\/LUNIS-garderoba-aranzacja-scaled.jpg 2560w, https:\/\/demkohome.pl\/wp-content\/uploads\/2025\/07\/LUNIS-garderoba-aranzacja-300x194.jpg 300w, https:\/\/demkohome.pl\/wp-content\/uploads\/2025\/07\/LUNIS-garderoba-aranzacja-1024x663.jpg 1024w, https:\/\/demkohome.pl\/wp-content\/uploads\/2025\/07\/LUNIS-garderoba-aranzacja-768x497.jpg 768w, https:\/\/demkohome.pl\/wp-content\/uploads\/2025\/07\/LUNIS-garderoba-aranzacja-1536x995.jpg 1536w, https:\/\/demkohome.pl\/wp-content\/uploads\/2025\/07\/LUNIS-garderoba-aranzacja-2048x1326.jpg 2048w, https:\/\/demkohome.pl\/wp-content\/uploads\/2025\/07\/LUNIS-garderoba-aranzacja-18x12.jpg 18w, https:\/\/demkohome.pl\/wp-content\/uploads\/2025\/07\/LUNIS-garderoba-aranzacja-600x389.jpg 600w\" sizes=\"auto, (max-width: 2560px) 100vw, 2560px\" \/><\/p>","protected":false},"excerpt":{"rendered":"<p>\u0141awka Lunis PR to praktyczny i elegancki element wyposa\u017cenia przedpokoju, kt\u00f3ry doskonale \u0142\u0105czy funkcj\u0119 siedziska z miejscem do przechowywania. Wykonana (&#8230;)<\/p>","protected":false},"featured_media":71246,"comment_status":"open","ping_status":"closed","template":"","meta":{"_acf_changed":false,"inline_featured_image":false},"product_brand":[],"product_cat":[121,27],"product_tag":[],"class_list":{"0":"post-71245","1":"product","2":"type-product","3":"status-publish","4":"has-post-thumbnail","6":"product_cat-garderoby-do-przedpokoju","7":"product_cat-przedpokoje","8":"product_shipping_class-paczka-st-x-1","9":"collection-lunis-pr","11":"first","12":"instock","13":"sale","14":"shipping-taxable","15":"purchasable","16":"product-type-simple"},"acf":[],"yoast_head":"<!-- This site is optimized with the Yoast SEO plugin v27.4 - https:\/\/yoast.com\/product\/yoast-seo-wordpress\/ -->\n<title>\u0141awka Lunis PR - Demko Home<\/title>\n<meta name=\"robots\" content=\"index, follow, max-snippet:-1, max-image-preview:large, max-video-preview:-1\" \/>\n<link rel=\"canonical\" href=\"https:\/\/demkohome.pl\/en\/product\/lawka-lunis-pr\/\" \/>\n<meta property=\"og:locale\" content=\"en_US\" \/>\n<meta property=\"og:type\" content=\"article\" \/>\n<meta property=\"og:title\" content=\"\u0141awka Lunis PR - Demko Home\" \/>\n<meta property=\"og:description\" content=\"\u0141awka Lunis PR to praktyczny i elegancki element wyposa\u017cenia przedpokoju, kt\u00f3ry doskonale \u0142\u0105czy funkcj\u0119 siedziska z miejscem do przechowywania. Wykonana (...)\" \/>\n<meta property=\"og:url\" content=\"https:\/\/demkohome.pl\/en\/product\/lawka-lunis-pr\/\" \/>\n<meta property=\"og:site_name\" content=\"Demko Home\" \/>\n<meta property=\"article:modified_time\" content=\"2026-04-18T01:16:48+00:00\" \/>\n<meta property=\"og:image\" content=\"https:\/\/demkohome.pl\/wp-content\/uploads\/2025\/07\/LINUS-G-Lawka-SAN_REMO-biale-tlo-5907736139231-scaled.jpg\" \/>\n\t<meta property=\"og:image:width\" content=\"2560\" \/>\n\t<meta property=\"og:image:height\" content=\"2560\" \/>\n\t<meta property=\"og:image:type\" content=\"image\/jpeg\" \/>\n<meta name=\"twitter:card\" content=\"summary_large_image\" \/>\n<meta name=\"twitter:label1\" content=\"Est. reading time\" \/>\n\t<meta name=\"twitter:data1\" content=\"2 minutes\" \/>\n<script type=\"application\/ld+json\" class=\"yoast-schema-graph\">{\"@context\":\"https:\\\/\\\/schema.org\",\"@graph\":[{\"@type\":\"WebPage\",\"@id\":\"https:\\\/\\\/demkohome.pl\\\/produkt\\\/lawka-lunis-pr\\\/\",\"url\":\"https:\\\/\\\/demkohome.pl\\\/produkt\\\/lawka-lunis-pr\\\/\",\"name\":\"\u0141awka Lunis PR - Demko Home\",\"isPartOf\":{\"@id\":\"https:\\\/\\\/demkohome.pl\\\/#website\"},\"primaryImageOfPage\":{\"@id\":\"https:\\\/\\\/demkohome.pl\\\/produkt\\\/lawka-lunis-pr\\\/#primaryimage\"},\"image\":{\"@id\":\"https:\\\/\\\/demkohome.pl\\\/produkt\\\/lawka-lunis-pr\\\/#primaryimage\"},\"thumbnailUrl\":\"https:\\\/\\\/demkohome.pl\\\/wp-content\\\/uploads\\\/2025\\\/07\\\/LINUS-G-Lawka-SAN_REMO-biale-tlo-5907736139231-scaled.jpg\",\"datePublished\":\"2025-07-11T06:23:25+00:00\",\"dateModified\":\"2026-04-18T01:16:48+00:00\",\"breadcrumb\":{\"@id\":\"https:\\\/\\\/demkohome.pl\\\/produkt\\\/lawka-lunis-pr\\\/#breadcrumb\"},\"inLanguage\":\"en-US\",\"potentialAction\":[{\"@type\":\"ReadAction\",\"target\":[\"https:\\\/\\\/demkohome.pl\\\/produkt\\\/lawka-lunis-pr\\\/\"]}]},{\"@type\":\"ImageObject\",\"inLanguage\":\"en-US\",\"@id\":\"https:\\\/\\\/demkohome.pl\\\/produkt\\\/lawka-lunis-pr\\\/#primaryimage\",\"url\":\"https:\\\/\\\/demkohome.pl\\\/wp-content\\\/uploads\\\/2025\\\/07\\\/LINUS-G-Lawka-SAN_REMO-biale-tlo-5907736139231-scaled.jpg\",\"contentUrl\":\"https:\\\/\\\/demkohome.pl\\\/wp-content\\\/uploads\\\/2025\\\/07\\\/LINUS-G-Lawka-SAN_REMO-biale-tlo-5907736139231-scaled.jpg\",\"width\":2560,\"height\":2560},{\"@type\":\"BreadcrumbList\",\"@id\":\"https:\\\/\\\/demkohome.pl\\\/produkt\\\/lawka-lunis-pr\\\/#breadcrumb\",\"itemListElement\":[{\"@type\":\"ListItem\",\"position\":1,\"name\":\"Strona g\u0142\u00f3wna\",\"item\":\"https:\\\/\\\/demkohome.pl\\\/\"},{\"@type\":\"ListItem\",\"position\":2,\"name\":\"Sklep\",\"item\":\"https:\\\/\\\/demkohome.pl\\\/sklep\\\/\"},{\"@type\":\"ListItem\",\"position\":3,\"name\":\"\u0141awka Lunis PR\"}]},{\"@type\":\"WebSite\",\"@id\":\"https:\\\/\\\/demkohome.pl\\\/#website\",\"url\":\"https:\\\/\\\/demkohome.pl\\\/\",\"name\":\"Demko Home\",\"description\":\"Make it simple\",\"publisher\":{\"@id\":\"https:\\\/\\\/demkohome.pl\\\/#organization\"},\"potentialAction\":[{\"@type\":\"SearchAction\",\"target\":{\"@type\":\"EntryPoint\",\"urlTemplate\":\"https:\\\/\\\/demkohome.pl\\\/?s={search_term_string}\"},\"query-input\":{\"@type\":\"PropertyValueSpecification\",\"valueRequired\":true,\"valueName\":\"search_term_string\"}}],\"inLanguage\":\"en-US\"},{\"@type\":\"Organization\",\"@id\":\"https:\\\/\\\/demkohome.pl\\\/#organization\",\"name\":\"Demko Home\",\"url\":\"https:\\\/\\\/demkohome.pl\\\/\",\"logo\":{\"@type\":\"ImageObject\",\"inLanguage\":\"en-US\",\"@id\":\"https:\\\/\\\/demkohome.pl\\\/#\\\/schema\\\/logo\\\/image\\\/\",\"url\":\"https:\\\/\\\/demkohome.pl\\\/wp-content\\\/uploads\\\/2026\\\/03\\\/cropped-3.png\",\"contentUrl\":\"https:\\\/\\\/demkohome.pl\\\/wp-content\\\/uploads\\\/2026\\\/03\\\/cropped-3.png\",\"width\":250,\"height\":63,\"caption\":\"Demko Home\"},\"image\":{\"@id\":\"https:\\\/\\\/demkohome.pl\\\/#\\\/schema\\\/logo\\\/image\\\/\"}}]}<\/script>\n<!-- \/ Yoast SEO plugin. -->","yoast_head_json":{"title":"\u0141awka Lunis PR - Demko Home","robots":{"index":"index","follow":"follow","max-snippet":"max-snippet:-1","max-image-preview":"max-image-preview:large","max-video-preview":"max-video-preview:-1"},"canonical":"https:\/\/demkohome.pl\/en\/product\/lawka-lunis-pr\/","og_locale":"en_US","og_type":"article","og_title":"\u0141awka Lunis PR - Demko Home","og_description":"\u0141awka Lunis PR to praktyczny i elegancki element wyposa\u017cenia przedpokoju, kt\u00f3ry doskonale \u0142\u0105czy funkcj\u0119 siedziska z miejscem do przechowywania. Wykonana (...)","og_url":"https:\/\/demkohome.pl\/en\/product\/lawka-lunis-pr\/","og_site_name":"Demko Home","article_modified_time":"2026-04-18T01:16:48+00:00","og_image":[{"width":2560,"height":2560,"url":"https:\/\/demkohome.pl\/wp-content\/uploads\/2025\/07\/LINUS-G-Lawka-SAN_REMO-biale-tlo-5907736139231-scaled.jpg","type":"image\/jpeg"}],"twitter_card":"summary_large_image","twitter_misc":{"Est. reading time":"2 minutes"},"schema":{"@context":"https:\/\/schema.org","@graph":[{"@type":"WebPage","@id":"https:\/\/demkohome.pl\/produkt\/lawka-lunis-pr\/","url":"https:\/\/demkohome.pl\/produkt\/lawka-lunis-pr\/","name":"\u0141awka Lunis PR - Demko Home","isPartOf":{"@id":"https:\/\/demkohome.pl\/#website"},"primaryImageOfPage":{"@id":"https:\/\/demkohome.pl\/produkt\/lawka-lunis-pr\/#primaryimage"},"image":{"@id":"https:\/\/demkohome.pl\/produkt\/lawka-lunis-pr\/#primaryimage"},"thumbnailUrl":"https:\/\/demkohome.pl\/wp-content\/uploads\/2025\/07\/LINUS-G-Lawka-SAN_REMO-biale-tlo-5907736139231-scaled.jpg","datePublished":"2025-07-11T06:23:25+00:00","dateModified":"2026-04-18T01:16:48+00:00","breadcrumb":{"@id":"https:\/\/demkohome.pl\/produkt\/lawka-lunis-pr\/#breadcrumb"},"inLanguage":"en-US","potentialAction":[{"@type":"ReadAction","target":["https:\/\/demkohome.pl\/produkt\/lawka-lunis-pr\/"]}]},{"@type":"ImageObject","inLanguage":"en-US","@id":"https:\/\/demkohome.pl\/produkt\/lawka-lunis-pr\/#primaryimage","url":"https:\/\/demkohome.pl\/wp-content\/uploads\/2025\/07\/LINUS-G-Lawka-SAN_REMO-biale-tlo-5907736139231-scaled.jpg","contentUrl":"https:\/\/demkohome.pl\/wp-content\/uploads\/2025\/07\/LINUS-G-Lawka-SAN_REMO-biale-tlo-5907736139231-scaled.jpg","width":2560,"height":2560},{"@type":"BreadcrumbList","@id":"https:\/\/demkohome.pl\/produkt\/lawka-lunis-pr\/#breadcrumb","itemListElement":[{"@type":"ListItem","position":1,"name":"Strona g\u0142\u00f3wna","item":"https:\/\/demkohome.pl\/"},{"@type":"ListItem","position":2,"name":"Sklep","item":"https:\/\/demkohome.pl\/sklep\/"},{"@type":"ListItem","position":3,"name":"\u0141awka Lunis PR"}]},{"@type":"WebSite","@id":"https:\/\/demkohome.pl\/#website","url":"https:\/\/demkohome.pl\/","name":"Demko Home","description":"Make it simple","publisher":{"@id":"https:\/\/demkohome.pl\/#organization"},"potentialAction":[{"@type":"SearchAction","target":{"@type":"EntryPoint","urlTemplate":"https:\/\/demkohome.pl\/?s={search_term_string}"},"query-input":{"@type":"PropertyValueSpecification","valueRequired":true,"valueName":"search_term_string"}}],"inLanguage":"en-US"},{"@type":"Organization","@id":"https:\/\/demkohome.pl\/#organization","name":"Demko Home","url":"https:\/\/demkohome.pl\/","logo":{"@type":"ImageObject","inLanguage":"en-US","@id":"https:\/\/demkohome.pl\/#\/schema\/logo\/image\/","url":"https:\/\/demkohome.pl\/wp-content\/uploads\/2026\/03\/cropped-3.png","contentUrl":"https:\/\/demkohome.pl\/wp-content\/uploads\/2026\/03\/cropped-3.png","width":250,"height":63,"caption":"Demko Home"},"image":{"@id":"https:\/\/demkohome.pl\/#\/schema\/logo\/image\/"}}]}},"_links":{"self":[{"href":"https:\/\/demkohome.pl\/en\/wp-json\/wp\/v2\/product\/71245","targetHints":{"allow":["GET"]}}],"collection":[{"href":"https:\/\/demkohome.pl\/en\/wp-json\/wp\/v2\/product"}],"about":[{"href":"https:\/\/demkohome.pl\/en\/wp-json\/wp\/v2\/types\/product"}],"replies":[{"embeddable":true,"href":"https:\/\/demkohome.pl\/en\/wp-json\/wp\/v2\/comments?post=71245"}],"wp:featuredmedia":[{"embeddable":true,"href":"https:\/\/demkohome.pl\/en\/wp-json\/wp\/v2\/media\/71246"}],"wp:attachment":[{"href":"https:\/\/demkohome.pl\/en\/wp-json\/wp\/v2\/media?parent=71245"}],"wp:term":[{"taxonomy":"product_brand","embeddable":true,"href":"https:\/\/demkohome.pl\/en\/wp-json\/wp\/v2\/product_brand?post=71245"},{"taxonomy":"product_cat","embeddable":true,"href":"https:\/\/demkohome.pl\/en\/wp-json\/wp\/v2\/product_cat?post=71245"},{"taxonomy":"product_tag","embeddable":true,"href":"https:\/\/demkohome.pl\/en\/wp-json\/wp\/v2\/product_tag?post=71245"}],"curies":[{"name":"wp","href":"https:\/\/api.w.org\/{rel}","templated":true}]}}