{"id":71247,"date":"2025-07-11T08:23:09","date_gmt":"2025-07-11T06:23:09","guid":{"rendered":"https:\/\/demkohome.pl\/?post_type=product&#038;p=71247"},"modified":"2026-04-18T03:16:48","modified_gmt":"2026-04-18T01:16:48","slug":"szafa-lunis-pr","status":"publish","type":"product","link":"https:\/\/demkohome.pl\/en\/product\/szafa-lunis-pr\/","title":{"rendered":"Lunis PR closet"},"content":{"rendered":"<p data-start=\"61\" data-end=\"359\">Lunis PR closet for the hallway is an elegant and extremely practical solution that will help you organize the entrance space in your home. The modern design in San Remo oak decor gives the interior a warm, natural character and introduces a cozy atmosphere that will welcome every guest.<\/p>\n<p data-start=\"361\" data-end=\"654\">The piece of furniture was designed for storing outerwear, shoes, bags and other accessories you want to have on hand when you leave the house. The interior of the closet conceals practical shelves and space for hangers, so you can easily organize jackets, coats or scarves.<\/p>\n<p data-start=\"656\" data-end=\"971\">The advantage of the closet is an elegant, large mirror placed on the front, which not only allows you to comfortably inspect your appearance before leaving, but also optically enlarges and brightens the hallway. A metal handle in the color of matte aluminum emphasizes the modern character of the furniture and ensures comfortable opening of the door.<\/p>\n<p data-start=\"973\" data-end=\"1300\">Lunis PR closet is made of high-quality laminated board resistant to scratches and moisture, which guarantees its durability for years of daily use. The slim and tall form will be perfect even in a narrow hallway, providing plenty of storage space without taking up excessive space.<\/p>\n<p data-start=\"1302\" data-end=\"1517\" data-is-last-node=\"\" data-is-only-node=\"\">This is an ideal solution for those who value practicality, aesthetics and order in the home hallway. Lunis PR closet will help create an orderly and elegant entrance area where everything will find its place.<\/p>\n<p data-start=\"1302\" data-end=\"1517\" data-is-last-node=\"\" data-is-only-node=\"\"><img loading=\"lazy\" decoding=\"async\" class=\"alignnone wp-image-76407 size-full\" src=\"https:\/\/demkohome.pl\/wp-content\/uploads\/2025\/07\/LUNIS-garderoba-aranzacja-scaled.jpg\" alt=\"\" width=\"2560\" height=\"1658\" srcset=\"https:\/\/demkohome.pl\/wp-content\/uploads\/2025\/07\/LUNIS-garderoba-aranzacja-scaled.jpg 2560w, https:\/\/demkohome.pl\/wp-content\/uploads\/2025\/07\/LUNIS-garderoba-aranzacja-300x194.jpg 300w, https:\/\/demkohome.pl\/wp-content\/uploads\/2025\/07\/LUNIS-garderoba-aranzacja-1024x663.jpg 1024w, https:\/\/demkohome.pl\/wp-content\/uploads\/2025\/07\/LUNIS-garderoba-aranzacja-768x497.jpg 768w, https:\/\/demkohome.pl\/wp-content\/uploads\/2025\/07\/LUNIS-garderoba-aranzacja-1536x995.jpg 1536w, https:\/\/demkohome.pl\/wp-content\/uploads\/2025\/07\/LUNIS-garderoba-aranzacja-2048x1326.jpg 2048w, https:\/\/demkohome.pl\/wp-content\/uploads\/2025\/07\/LUNIS-garderoba-aranzacja-18x12.jpg 18w, https:\/\/demkohome.pl\/wp-content\/uploads\/2025\/07\/LUNIS-garderoba-aranzacja-600x389.jpg 600w\" sizes=\"auto, (max-width: 2560px) 100vw, 2560px\" \/><\/p>","protected":false},"excerpt":{"rendered":"<p>Szafa Lunis PR do przedpokoju to eleganckie i wyj\u0105tkowo praktyczne rozwi\u0105zanie, kt\u00f3re pomo\u017ce Ci uporz\u0105dkowa\u0107 przestrze\u0144 wej\u015bciow\u0105 w Twoim domu. (&#8230;)<\/p>","protected":false},"featured_media":71248,"comment_status":"open","ping_status":"closed","template":"","meta":{"_acf_changed":false,"inline_featured_image":false},"product_brand":[],"product_cat":[27,122],"product_tag":[],"class_list":{"0":"post-71247","1":"product","2":"type-product","3":"status-publish","4":"has-post-thumbnail","6":"product_cat-przedpokoje","7":"product_cat-szafy-do-przedpokoju","8":"product_shipping_class-paleta-210cm-x-80cm","9":"collection-lunis-pr","11":"first","12":"instock","13":"sale","14":"shipping-taxable","15":"purchasable","16":"product-type-simple"},"acf":[],"yoast_head":"<!-- This site is optimized with the Yoast SEO plugin v27.4 - https:\/\/yoast.com\/product\/yoast-seo-wordpress\/ -->\n<title>Szafa Lunis PR - Demko Home<\/title>\n<meta name=\"robots\" content=\"index, follow, max-snippet:-1, max-image-preview:large, max-video-preview:-1\" \/>\n<link rel=\"canonical\" href=\"https:\/\/demkohome.pl\/en\/product\/szafa-lunis-pr\/\" \/>\n<meta property=\"og:locale\" content=\"en_US\" \/>\n<meta property=\"og:type\" content=\"article\" \/>\n<meta property=\"og:title\" content=\"Szafa Lunis PR - Demko Home\" \/>\n<meta property=\"og:description\" content=\"Szafa Lunis PR do przedpokoju to eleganckie i wyj\u0105tkowo praktyczne rozwi\u0105zanie, kt\u00f3re pomo\u017ce Ci uporz\u0105dkowa\u0107 przestrze\u0144 wej\u015bciow\u0105 w Twoim domu. (...)\" \/>\n<meta property=\"og:url\" content=\"https:\/\/demkohome.pl\/en\/product\/szafa-lunis-pr\/\" \/>\n<meta property=\"og:site_name\" content=\"Demko Home\" \/>\n<meta property=\"article:modified_time\" content=\"2026-04-18T01:16:48+00:00\" \/>\n<meta property=\"og:image\" content=\"https:\/\/demkohome.pl\/wp-content\/uploads\/2025\/07\/LINUS-G-Szafa-SAN_REMO-5907736139286-scaled.jpg\" \/>\n\t<meta property=\"og:image:width\" content=\"2560\" \/>\n\t<meta property=\"og:image:height\" content=\"2560\" \/>\n\t<meta property=\"og:image:type\" content=\"image\/jpeg\" \/>\n<meta name=\"twitter:card\" content=\"summary_large_image\" \/>\n<meta name=\"twitter:label1\" content=\"Est. reading time\" \/>\n\t<meta name=\"twitter:data1\" content=\"2 minutes\" \/>\n<script type=\"application\/ld+json\" class=\"yoast-schema-graph\">{\"@context\":\"https:\\\/\\\/schema.org\",\"@graph\":[{\"@type\":\"WebPage\",\"@id\":\"https:\\\/\\\/demkohome.pl\\\/produkt\\\/szafa-lunis-pr\\\/\",\"url\":\"https:\\\/\\\/demkohome.pl\\\/produkt\\\/szafa-lunis-pr\\\/\",\"name\":\"Szafa Lunis PR - Demko Home\",\"isPartOf\":{\"@id\":\"https:\\\/\\\/demkohome.pl\\\/#website\"},\"primaryImageOfPage\":{\"@id\":\"https:\\\/\\\/demkohome.pl\\\/produkt\\\/szafa-lunis-pr\\\/#primaryimage\"},\"image\":{\"@id\":\"https:\\\/\\\/demkohome.pl\\\/produkt\\\/szafa-lunis-pr\\\/#primaryimage\"},\"thumbnailUrl\":\"https:\\\/\\\/demkohome.pl\\\/wp-content\\\/uploads\\\/2025\\\/07\\\/LINUS-G-Szafa-SAN_REMO-5907736139286-scaled.jpg\",\"datePublished\":\"2025-07-11T06:23:09+00:00\",\"dateModified\":\"2026-04-18T01:16:48+00:00\",\"breadcrumb\":{\"@id\":\"https:\\\/\\\/demkohome.pl\\\/produkt\\\/szafa-lunis-pr\\\/#breadcrumb\"},\"inLanguage\":\"en-US\",\"potentialAction\":[{\"@type\":\"ReadAction\",\"target\":[\"https:\\\/\\\/demkohome.pl\\\/produkt\\\/szafa-lunis-pr\\\/\"]}]},{\"@type\":\"ImageObject\",\"inLanguage\":\"en-US\",\"@id\":\"https:\\\/\\\/demkohome.pl\\\/produkt\\\/szafa-lunis-pr\\\/#primaryimage\",\"url\":\"https:\\\/\\\/demkohome.pl\\\/wp-content\\\/uploads\\\/2025\\\/07\\\/LINUS-G-Szafa-SAN_REMO-5907736139286-scaled.jpg\",\"contentUrl\":\"https:\\\/\\\/demkohome.pl\\\/wp-content\\\/uploads\\\/2025\\\/07\\\/LINUS-G-Szafa-SAN_REMO-5907736139286-scaled.jpg\",\"width\":2560,\"height\":2560},{\"@type\":\"BreadcrumbList\",\"@id\":\"https:\\\/\\\/demkohome.pl\\\/produkt\\\/szafa-lunis-pr\\\/#breadcrumb\",\"itemListElement\":[{\"@type\":\"ListItem\",\"position\":1,\"name\":\"Strona g\u0142\u00f3wna\",\"item\":\"https:\\\/\\\/demkohome.pl\\\/\"},{\"@type\":\"ListItem\",\"position\":2,\"name\":\"Sklep\",\"item\":\"https:\\\/\\\/demkohome.pl\\\/sklep\\\/\"},{\"@type\":\"ListItem\",\"position\":3,\"name\":\"Szafa Lunis PR\"}]},{\"@type\":\"WebSite\",\"@id\":\"https:\\\/\\\/demkohome.pl\\\/#website\",\"url\":\"https:\\\/\\\/demkohome.pl\\\/\",\"name\":\"Demko Home\",\"description\":\"Make it simple\",\"publisher\":{\"@id\":\"https:\\\/\\\/demkohome.pl\\\/#organization\"},\"potentialAction\":[{\"@type\":\"SearchAction\",\"target\":{\"@type\":\"EntryPoint\",\"urlTemplate\":\"https:\\\/\\\/demkohome.pl\\\/?s={search_term_string}\"},\"query-input\":{\"@type\":\"PropertyValueSpecification\",\"valueRequired\":true,\"valueName\":\"search_term_string\"}}],\"inLanguage\":\"en-US\"},{\"@type\":\"Organization\",\"@id\":\"https:\\\/\\\/demkohome.pl\\\/#organization\",\"name\":\"Demko Home\",\"url\":\"https:\\\/\\\/demkohome.pl\\\/\",\"logo\":{\"@type\":\"ImageObject\",\"inLanguage\":\"en-US\",\"@id\":\"https:\\\/\\\/demkohome.pl\\\/#\\\/schema\\\/logo\\\/image\\\/\",\"url\":\"https:\\\/\\\/demkohome.pl\\\/wp-content\\\/uploads\\\/2026\\\/03\\\/cropped-3.png\",\"contentUrl\":\"https:\\\/\\\/demkohome.pl\\\/wp-content\\\/uploads\\\/2026\\\/03\\\/cropped-3.png\",\"width\":250,\"height\":63,\"caption\":\"Demko Home\"},\"image\":{\"@id\":\"https:\\\/\\\/demkohome.pl\\\/#\\\/schema\\\/logo\\\/image\\\/\"}}]}<\/script>\n<!-- \/ Yoast SEO plugin. -->","yoast_head_json":{"title":"Szafa Lunis PR - Demko Home","robots":{"index":"index","follow":"follow","max-snippet":"max-snippet:-1","max-image-preview":"max-image-preview:large","max-video-preview":"max-video-preview:-1"},"canonical":"https:\/\/demkohome.pl\/en\/product\/szafa-lunis-pr\/","og_locale":"en_US","og_type":"article","og_title":"Szafa Lunis PR - Demko Home","og_description":"Szafa Lunis PR do przedpokoju to eleganckie i wyj\u0105tkowo praktyczne rozwi\u0105zanie, kt\u00f3re pomo\u017ce Ci uporz\u0105dkowa\u0107 przestrze\u0144 wej\u015bciow\u0105 w Twoim domu. (...)","og_url":"https:\/\/demkohome.pl\/en\/product\/szafa-lunis-pr\/","og_site_name":"Demko Home","article_modified_time":"2026-04-18T01:16:48+00:00","og_image":[{"width":2560,"height":2560,"url":"https:\/\/demkohome.pl\/wp-content\/uploads\/2025\/07\/LINUS-G-Szafa-SAN_REMO-5907736139286-scaled.jpg","type":"image\/jpeg"}],"twitter_card":"summary_large_image","twitter_misc":{"Est. reading time":"2 minutes"},"schema":{"@context":"https:\/\/schema.org","@graph":[{"@type":"WebPage","@id":"https:\/\/demkohome.pl\/produkt\/szafa-lunis-pr\/","url":"https:\/\/demkohome.pl\/produkt\/szafa-lunis-pr\/","name":"Szafa Lunis PR - Demko Home","isPartOf":{"@id":"https:\/\/demkohome.pl\/#website"},"primaryImageOfPage":{"@id":"https:\/\/demkohome.pl\/produkt\/szafa-lunis-pr\/#primaryimage"},"image":{"@id":"https:\/\/demkohome.pl\/produkt\/szafa-lunis-pr\/#primaryimage"},"thumbnailUrl":"https:\/\/demkohome.pl\/wp-content\/uploads\/2025\/07\/LINUS-G-Szafa-SAN_REMO-5907736139286-scaled.jpg","datePublished":"2025-07-11T06:23:09+00:00","dateModified":"2026-04-18T01:16:48+00:00","breadcrumb":{"@id":"https:\/\/demkohome.pl\/produkt\/szafa-lunis-pr\/#breadcrumb"},"inLanguage":"en-US","potentialAction":[{"@type":"ReadAction","target":["https:\/\/demkohome.pl\/produkt\/szafa-lunis-pr\/"]}]},{"@type":"ImageObject","inLanguage":"en-US","@id":"https:\/\/demkohome.pl\/produkt\/szafa-lunis-pr\/#primaryimage","url":"https:\/\/demkohome.pl\/wp-content\/uploads\/2025\/07\/LINUS-G-Szafa-SAN_REMO-5907736139286-scaled.jpg","contentUrl":"https:\/\/demkohome.pl\/wp-content\/uploads\/2025\/07\/LINUS-G-Szafa-SAN_REMO-5907736139286-scaled.jpg","width":2560,"height":2560},{"@type":"BreadcrumbList","@id":"https:\/\/demkohome.pl\/produkt\/szafa-lunis-pr\/#breadcrumb","itemListElement":[{"@type":"ListItem","position":1,"name":"Strona g\u0142\u00f3wna","item":"https:\/\/demkohome.pl\/"},{"@type":"ListItem","position":2,"name":"Sklep","item":"https:\/\/demkohome.pl\/sklep\/"},{"@type":"ListItem","position":3,"name":"Szafa Lunis PR"}]},{"@type":"WebSite","@id":"https:\/\/demkohome.pl\/#website","url":"https:\/\/demkohome.pl\/","name":"Demko Home","description":"Make it simple","publisher":{"@id":"https:\/\/demkohome.pl\/#organization"},"potentialAction":[{"@type":"SearchAction","target":{"@type":"EntryPoint","urlTemplate":"https:\/\/demkohome.pl\/?s={search_term_string}"},"query-input":{"@type":"PropertyValueSpecification","valueRequired":true,"valueName":"search_term_string"}}],"inLanguage":"en-US"},{"@type":"Organization","@id":"https:\/\/demkohome.pl\/#organization","name":"Demko Home","url":"https:\/\/demkohome.pl\/","logo":{"@type":"ImageObject","inLanguage":"en-US","@id":"https:\/\/demkohome.pl\/#\/schema\/logo\/image\/","url":"https:\/\/demkohome.pl\/wp-content\/uploads\/2026\/03\/cropped-3.png","contentUrl":"https:\/\/demkohome.pl\/wp-content\/uploads\/2026\/03\/cropped-3.png","width":250,"height":63,"caption":"Demko Home"},"image":{"@id":"https:\/\/demkohome.pl\/#\/schema\/logo\/image\/"}}]}},"_links":{"self":[{"href":"https:\/\/demkohome.pl\/en\/wp-json\/wp\/v2\/product\/71247","targetHints":{"allow":["GET"]}}],"collection":[{"href":"https:\/\/demkohome.pl\/en\/wp-json\/wp\/v2\/product"}],"about":[{"href":"https:\/\/demkohome.pl\/en\/wp-json\/wp\/v2\/types\/product"}],"replies":[{"embeddable":true,"href":"https:\/\/demkohome.pl\/en\/wp-json\/wp\/v2\/comments?post=71247"}],"wp:featuredmedia":[{"embeddable":true,"href":"https:\/\/demkohome.pl\/en\/wp-json\/wp\/v2\/media\/71248"}],"wp:attachment":[{"href":"https:\/\/demkohome.pl\/en\/wp-json\/wp\/v2\/media?parent=71247"}],"wp:term":[{"taxonomy":"product_brand","embeddable":true,"href":"https:\/\/demkohome.pl\/en\/wp-json\/wp\/v2\/product_brand?post=71247"},{"taxonomy":"product_cat","embeddable":true,"href":"https:\/\/demkohome.pl\/en\/wp-json\/wp\/v2\/product_cat?post=71247"},{"taxonomy":"product_tag","embeddable":true,"href":"https:\/\/demkohome.pl\/en\/wp-json\/wp\/v2\/product_tag?post=71247"}],"curies":[{"name":"wp","href":"https:\/\/api.w.org\/{rel}","templated":true}]}}