{"id":713,"date":"2024-04-30T14:53:59","date_gmt":"2024-04-30T12:53:59","guid":{"rendered":"https:\/\/demkohome.pl\/produkt\/szafka-kuchenna-gorna-60-cm-2-okapy-vanessa\/"},"modified":"2026-04-20T03:17:09","modified_gmt":"2026-04-20T01:17:09","slug":"szafka-kuchenna-wiszaca-60-cm-otwierana-do-gory-vanessa","status":"publish","type":"product","link":"https:\/\/demkohome.pl\/en\/product\/szafka-kuchenna-wiszaca-60-cm-otwierana-do-gory-vanessa\/","title":{"rendered":"Vanessa 60 cm top opening kitchen wall cabinet"},"content":{"rendered":"<div style=\"font-family: 'Noto Sans', sans-serif; font-size: 17px;\">\n<h2>Vanessa 60 cm top opening kitchen wall cabinet - modernity and functionality<\/h2>\n<p>Looking for an elegant and practical solution for your kitchen? The 60 cm top-opening wall kitchen cabinet from the Vanessa collection is the perfect choice. Its white glossy fronts and laminated chipboard finish in the shade of Sonoma oak create a harmonious and functional unit that fits perfectly into various kitchen interior arrangements.<\/p>\n<h3>Functionality and elegance<\/h3>\n<p>The 60 cm hanging kitchen cabinet from the Vanessa collection is the perfect solution for any kitchen where optimal use of space is important. Its dimensions: 60 x 72 x 30 cm, make it ideal for smaller and larger rooms. The top-opening cabinet provides convenient access to stored items, while saving space in the kitchen.<\/p>\n<p>The upward opening mechanism provides easy access to the interior of the cabinet, which is convenient for daily use.<\/p>\n<h3>Elegant design and careful workmanship<\/h3>\n<p>The 60 cm hanging kitchen cabinet from the Vanessa collection is distinguished by its simple, modern design and attention to detail. The body in the shade of Sonoma oak perfectly harmonizes with the white glossy fronts, creating an elegant and stylish whole. Minimalist handles and the lack of unnecessary decorative details give the furniture a modern character, which perfectly harmonizes with modernist, Scandinavian, minimalist, glamorous and elegant interior designs.<\/p>\n<h3>Hanging kitchen cabinet 60 cm opening to the top - oak Sonoma in the collection of modular furniture Vanessa<\/h3>\n<p>The 60 cm top-opening wall kitchen cabinet from the Vanessa collection, like the other elements of this set, has a body made of laminated particle board in the shade of Sonoma oak. This is a characteristic feature of this collection, which allows you to harmoniously combine different modules. The ability to arrange the cabinets independently allows you to add an elegant, modern touch to any kitchen.<\/p>\n<\/div>","protected":false},"excerpt":{"rendered":"<p>Szafka kuchenna wisz\u0105ca 60 cm otwierana do g\u00f3ry Vanessa \u2014 nowoczesno\u015b\u0107 i funkcjonalno\u015b\u0107 Szukasz eleganckiego i praktycznego rozwi\u0105zania do swojej (&#8230;)<\/p>","protected":false},"featured_media":10619,"comment_status":"open","ping_status":"closed","template":"","meta":{"_acf_changed":false,"inline_featured_image":false},"product_brand":[],"product_cat":[528,140,65,137,139,106,108,116],"product_tag":[],"class_list":{"0":"post-713","1":"product","2":"type-product","3":"status-publish","4":"has-post-thumbnail","6":"product_cat-black-friday","7":"product_cat-kuchnia","8":"product_cat-meble-kuchenne","9":"product_cat-meble-systemowe","10":"product_cat-pomieszczenia","11":"product_cat-szafki-kuchenne","12":"product_cat-szafki-kuchenne-wiszace","13":"product_cat-vanessa","14":"product_shipping_class-przesylka-dpd-15-pln","15":"collection-vanessa","17":"first","18":"outofstock","19":"shipping-taxable","20":"purchasable","21":"product-type-simple"},"acf":[],"yoast_head":"<!-- This site is optimized with the Yoast SEO plugin v27.4 - https:\/\/yoast.com\/product\/yoast-seo-wordpress\/ -->\n<title>Szafka kuchenna wisz\u0105ca 60 cm otwierana do g\u00f3ry Vanessa - Demko Home<\/title>\n<meta name=\"robots\" content=\"index, follow, max-snippet:-1, max-image-preview:large, max-video-preview:-1\" \/>\n<link rel=\"canonical\" href=\"https:\/\/demkohome.pl\/en\/product\/szafka-kuchenna-wiszaca-60-cm-otwierana-do-gory-vanessa\/\" \/>\n<meta property=\"og:locale\" content=\"en_US\" \/>\n<meta property=\"og:type\" content=\"article\" \/>\n<meta property=\"og:title\" content=\"Szafka kuchenna wisz\u0105ca 60 cm otwierana do g\u00f3ry Vanessa - Demko Home\" \/>\n<meta property=\"og:description\" content=\"Szafka kuchenna wisz\u0105ca 60 cm otwierana do g\u00f3ry Vanessa \u2014 nowoczesno\u015b\u0107 i funkcjonalno\u015b\u0107 Szukasz eleganckiego i praktycznego rozwi\u0105zania do swojej (...)\" \/>\n<meta property=\"og:url\" content=\"https:\/\/demkohome.pl\/en\/product\/szafka-kuchenna-wiszaca-60-cm-otwierana-do-gory-vanessa\/\" \/>\n<meta property=\"og:site_name\" content=\"Demko Home\" \/>\n<meta property=\"article:modified_time\" content=\"2026-04-20T01:17:09+00:00\" \/>\n<meta property=\"og:image\" content=\"https:\/\/demkohome.pl\/wp-content\/uploads\/2024\/04\/Wiszaca-szafka-kuchenna-60-cm-Vanessa-otwierana-do-gory-Meble-Okmed-Demko-Home.jpg\" \/>\n\t<meta property=\"og:image:width\" content=\"1024\" \/>\n\t<meta property=\"og:image:height\" content=\"1024\" \/>\n\t<meta property=\"og:image:type\" content=\"image\/jpeg\" \/>\n<meta name=\"twitter:card\" content=\"summary_large_image\" \/>\n<meta name=\"twitter:label1\" content=\"Est. reading time\" \/>\n\t<meta name=\"twitter:data1\" content=\"3 minutes\" \/>\n<script type=\"application\/ld+json\" class=\"yoast-schema-graph\">{\"@context\":\"https:\\\/\\\/schema.org\",\"@graph\":[{\"@type\":\"WebPage\",\"@id\":\"https:\\\/\\\/demkohome.pl\\\/produkt\\\/szafka-kuchenna-wiszaca-60-cm-otwierana-do-gory-vanessa\\\/\",\"url\":\"https:\\\/\\\/demkohome.pl\\\/produkt\\\/szafka-kuchenna-wiszaca-60-cm-otwierana-do-gory-vanessa\\\/\",\"name\":\"Szafka kuchenna wisz\u0105ca 60 cm otwierana do g\u00f3ry Vanessa - Demko Home\",\"isPartOf\":{\"@id\":\"https:\\\/\\\/demkohome.pl\\\/#website\"},\"primaryImageOfPage\":{\"@id\":\"https:\\\/\\\/demkohome.pl\\\/produkt\\\/szafka-kuchenna-wiszaca-60-cm-otwierana-do-gory-vanessa\\\/#primaryimage\"},\"image\":{\"@id\":\"https:\\\/\\\/demkohome.pl\\\/produkt\\\/szafka-kuchenna-wiszaca-60-cm-otwierana-do-gory-vanessa\\\/#primaryimage\"},\"thumbnailUrl\":\"https:\\\/\\\/demkohome.pl\\\/wp-content\\\/uploads\\\/2024\\\/04\\\/Wiszaca-szafka-kuchenna-60-cm-Vanessa-otwierana-do-gory-Meble-Okmed-Demko-Home.jpg\",\"datePublished\":\"2024-04-30T12:53:59+00:00\",\"dateModified\":\"2026-04-20T01:17:09+00:00\",\"breadcrumb\":{\"@id\":\"https:\\\/\\\/demkohome.pl\\\/produkt\\\/szafka-kuchenna-wiszaca-60-cm-otwierana-do-gory-vanessa\\\/#breadcrumb\"},\"inLanguage\":\"en-US\",\"potentialAction\":[{\"@type\":\"ReadAction\",\"target\":[\"https:\\\/\\\/demkohome.pl\\\/produkt\\\/szafka-kuchenna-wiszaca-60-cm-otwierana-do-gory-vanessa\\\/\"]}]},{\"@type\":\"ImageObject\",\"inLanguage\":\"en-US\",\"@id\":\"https:\\\/\\\/demkohome.pl\\\/produkt\\\/szafka-kuchenna-wiszaca-60-cm-otwierana-do-gory-vanessa\\\/#primaryimage\",\"url\":\"https:\\\/\\\/demkohome.pl\\\/wp-content\\\/uploads\\\/2024\\\/04\\\/Wiszaca-szafka-kuchenna-60-cm-Vanessa-otwierana-do-gory-Meble-Okmed-Demko-Home.jpg\",\"contentUrl\":\"https:\\\/\\\/demkohome.pl\\\/wp-content\\\/uploads\\\/2024\\\/04\\\/Wiszaca-szafka-kuchenna-60-cm-Vanessa-otwierana-do-gory-Meble-Okmed-Demko-Home.jpg\",\"width\":1024,\"height\":1024,\"caption\":\"Wisz\u0105ca szafka kuchenna 60 cm Vanessa otwierana do g\u00f3ry Meble Okmed Demko Home\"},{\"@type\":\"BreadcrumbList\",\"@id\":\"https:\\\/\\\/demkohome.pl\\\/produkt\\\/szafka-kuchenna-wiszaca-60-cm-otwierana-do-gory-vanessa\\\/#breadcrumb\",\"itemListElement\":[{\"@type\":\"ListItem\",\"position\":1,\"name\":\"Strona g\u0142\u00f3wna\",\"item\":\"https:\\\/\\\/demkohome.pl\\\/\"},{\"@type\":\"ListItem\",\"position\":2,\"name\":\"Sklep\",\"item\":\"https:\\\/\\\/demkohome.pl\\\/sklep\\\/\"},{\"@type\":\"ListItem\",\"position\":3,\"name\":\"Szafka kuchenna wisz\u0105ca 60 cm otwierana do g\u00f3ry Vanessa\"}]},{\"@type\":\"WebSite\",\"@id\":\"https:\\\/\\\/demkohome.pl\\\/#website\",\"url\":\"https:\\\/\\\/demkohome.pl\\\/\",\"name\":\"Demko Home\",\"description\":\"Make it simple\",\"publisher\":{\"@id\":\"https:\\\/\\\/demkohome.pl\\\/#organization\"},\"potentialAction\":[{\"@type\":\"SearchAction\",\"target\":{\"@type\":\"EntryPoint\",\"urlTemplate\":\"https:\\\/\\\/demkohome.pl\\\/?s={search_term_string}\"},\"query-input\":{\"@type\":\"PropertyValueSpecification\",\"valueRequired\":true,\"valueName\":\"search_term_string\"}}],\"inLanguage\":\"en-US\"},{\"@type\":\"Organization\",\"@id\":\"https:\\\/\\\/demkohome.pl\\\/#organization\",\"name\":\"Demko Home\",\"url\":\"https:\\\/\\\/demkohome.pl\\\/\",\"logo\":{\"@type\":\"ImageObject\",\"inLanguage\":\"en-US\",\"@id\":\"https:\\\/\\\/demkohome.pl\\\/#\\\/schema\\\/logo\\\/image\\\/\",\"url\":\"https:\\\/\\\/demkohome.pl\\\/wp-content\\\/uploads\\\/2026\\\/03\\\/cropped-3.png\",\"contentUrl\":\"https:\\\/\\\/demkohome.pl\\\/wp-content\\\/uploads\\\/2026\\\/03\\\/cropped-3.png\",\"width\":250,\"height\":63,\"caption\":\"Demko Home\"},\"image\":{\"@id\":\"https:\\\/\\\/demkohome.pl\\\/#\\\/schema\\\/logo\\\/image\\\/\"}}]}<\/script>\n<!-- \/ Yoast SEO plugin. -->","yoast_head_json":{"title":"Szafka kuchenna wisz\u0105ca 60 cm otwierana do g\u00f3ry Vanessa - Demko Home","robots":{"index":"index","follow":"follow","max-snippet":"max-snippet:-1","max-image-preview":"max-image-preview:large","max-video-preview":"max-video-preview:-1"},"canonical":"https:\/\/demkohome.pl\/en\/product\/szafka-kuchenna-wiszaca-60-cm-otwierana-do-gory-vanessa\/","og_locale":"en_US","og_type":"article","og_title":"Szafka kuchenna wisz\u0105ca 60 cm otwierana do g\u00f3ry Vanessa - Demko Home","og_description":"Szafka kuchenna wisz\u0105ca 60 cm otwierana do g\u00f3ry Vanessa \u2014 nowoczesno\u015b\u0107 i funkcjonalno\u015b\u0107 Szukasz eleganckiego i praktycznego rozwi\u0105zania do swojej (...)","og_url":"https:\/\/demkohome.pl\/en\/product\/szafka-kuchenna-wiszaca-60-cm-otwierana-do-gory-vanessa\/","og_site_name":"Demko Home","article_modified_time":"2026-04-20T01:17:09+00:00","og_image":[{"width":1024,"height":1024,"url":"https:\/\/demkohome.pl\/wp-content\/uploads\/2024\/04\/Wiszaca-szafka-kuchenna-60-cm-Vanessa-otwierana-do-gory-Meble-Okmed-Demko-Home.jpg","type":"image\/jpeg"}],"twitter_card":"summary_large_image","twitter_misc":{"Est. reading time":"3 minutes"},"schema":{"@context":"https:\/\/schema.org","@graph":[{"@type":"WebPage","@id":"https:\/\/demkohome.pl\/produkt\/szafka-kuchenna-wiszaca-60-cm-otwierana-do-gory-vanessa\/","url":"https:\/\/demkohome.pl\/produkt\/szafka-kuchenna-wiszaca-60-cm-otwierana-do-gory-vanessa\/","name":"Szafka kuchenna wisz\u0105ca 60 cm otwierana do g\u00f3ry Vanessa - Demko Home","isPartOf":{"@id":"https:\/\/demkohome.pl\/#website"},"primaryImageOfPage":{"@id":"https:\/\/demkohome.pl\/produkt\/szafka-kuchenna-wiszaca-60-cm-otwierana-do-gory-vanessa\/#primaryimage"},"image":{"@id":"https:\/\/demkohome.pl\/produkt\/szafka-kuchenna-wiszaca-60-cm-otwierana-do-gory-vanessa\/#primaryimage"},"thumbnailUrl":"https:\/\/demkohome.pl\/wp-content\/uploads\/2024\/04\/Wiszaca-szafka-kuchenna-60-cm-Vanessa-otwierana-do-gory-Meble-Okmed-Demko-Home.jpg","datePublished":"2024-04-30T12:53:59+00:00","dateModified":"2026-04-20T01:17:09+00:00","breadcrumb":{"@id":"https:\/\/demkohome.pl\/produkt\/szafka-kuchenna-wiszaca-60-cm-otwierana-do-gory-vanessa\/#breadcrumb"},"inLanguage":"en-US","potentialAction":[{"@type":"ReadAction","target":["https:\/\/demkohome.pl\/produkt\/szafka-kuchenna-wiszaca-60-cm-otwierana-do-gory-vanessa\/"]}]},{"@type":"ImageObject","inLanguage":"en-US","@id":"https:\/\/demkohome.pl\/produkt\/szafka-kuchenna-wiszaca-60-cm-otwierana-do-gory-vanessa\/#primaryimage","url":"https:\/\/demkohome.pl\/wp-content\/uploads\/2024\/04\/Wiszaca-szafka-kuchenna-60-cm-Vanessa-otwierana-do-gory-Meble-Okmed-Demko-Home.jpg","contentUrl":"https:\/\/demkohome.pl\/wp-content\/uploads\/2024\/04\/Wiszaca-szafka-kuchenna-60-cm-Vanessa-otwierana-do-gory-Meble-Okmed-Demko-Home.jpg","width":1024,"height":1024,"caption":"Wisz\u0105ca szafka kuchenna 60 cm Vanessa otwierana do g\u00f3ry Meble Okmed Demko Home"},{"@type":"BreadcrumbList","@id":"https:\/\/demkohome.pl\/produkt\/szafka-kuchenna-wiszaca-60-cm-otwierana-do-gory-vanessa\/#breadcrumb","itemListElement":[{"@type":"ListItem","position":1,"name":"Strona g\u0142\u00f3wna","item":"https:\/\/demkohome.pl\/"},{"@type":"ListItem","position":2,"name":"Sklep","item":"https:\/\/demkohome.pl\/sklep\/"},{"@type":"ListItem","position":3,"name":"Szafka kuchenna wisz\u0105ca 60 cm otwierana do g\u00f3ry Vanessa"}]},{"@type":"WebSite","@id":"https:\/\/demkohome.pl\/#website","url":"https:\/\/demkohome.pl\/","name":"Demko Home","description":"Make it simple","publisher":{"@id":"https:\/\/demkohome.pl\/#organization"},"potentialAction":[{"@type":"SearchAction","target":{"@type":"EntryPoint","urlTemplate":"https:\/\/demkohome.pl\/?s={search_term_string}"},"query-input":{"@type":"PropertyValueSpecification","valueRequired":true,"valueName":"search_term_string"}}],"inLanguage":"en-US"},{"@type":"Organization","@id":"https:\/\/demkohome.pl\/#organization","name":"Demko Home","url":"https:\/\/demkohome.pl\/","logo":{"@type":"ImageObject","inLanguage":"en-US","@id":"https:\/\/demkohome.pl\/#\/schema\/logo\/image\/","url":"https:\/\/demkohome.pl\/wp-content\/uploads\/2026\/03\/cropped-3.png","contentUrl":"https:\/\/demkohome.pl\/wp-content\/uploads\/2026\/03\/cropped-3.png","width":250,"height":63,"caption":"Demko Home"},"image":{"@id":"https:\/\/demkohome.pl\/#\/schema\/logo\/image\/"}}]}},"_links":{"self":[{"href":"https:\/\/demkohome.pl\/en\/wp-json\/wp\/v2\/product\/713","targetHints":{"allow":["GET"]}}],"collection":[{"href":"https:\/\/demkohome.pl\/en\/wp-json\/wp\/v2\/product"}],"about":[{"href":"https:\/\/demkohome.pl\/en\/wp-json\/wp\/v2\/types\/product"}],"replies":[{"embeddable":true,"href":"https:\/\/demkohome.pl\/en\/wp-json\/wp\/v2\/comments?post=713"}],"wp:featuredmedia":[{"embeddable":true,"href":"https:\/\/demkohome.pl\/en\/wp-json\/wp\/v2\/media\/10619"}],"wp:attachment":[{"href":"https:\/\/demkohome.pl\/en\/wp-json\/wp\/v2\/media?parent=713"}],"wp:term":[{"taxonomy":"product_brand","embeddable":true,"href":"https:\/\/demkohome.pl\/en\/wp-json\/wp\/v2\/product_brand?post=713"},{"taxonomy":"product_cat","embeddable":true,"href":"https:\/\/demkohome.pl\/en\/wp-json\/wp\/v2\/product_cat?post=713"},{"taxonomy":"product_tag","embeddable":true,"href":"https:\/\/demkohome.pl\/en\/wp-json\/wp\/v2\/product_tag?post=713"}],"curies":[{"name":"wp","href":"https:\/\/api.w.org\/{rel}","templated":true}]}}