{"id":728,"date":"2024-04-30T14:53:55","date_gmt":"2024-04-30T12:53:55","guid":{"rendered":"https:\/\/demkohome.pl\/produkt\/szafka-kuchenna-gorna-80-cm-vanessa\/"},"modified":"2026-04-20T03:17:09","modified_gmt":"2026-04-20T01:17:09","slug":"szafka-kuchenna-gorna-80-cm-vanessa","status":"publish","type":"product","link":"https:\/\/demkohome.pl\/en\/product\/szafka-kuchenna-gorna-80-cm-vanessa\/","title":{"rendered":"Kitchen wall cabinet 80 cm Vanessa"},"content":{"rendered":"<div style=\"font-family: 'Noto Sans', sans-serif; font-size: 17px;\">\n<h2>Vanessa kitchen wall cabinet 80 cm - spaciousness and elegance in one<\/h2>\n<p>Are you looking for a solution that combines functionality with modern design? The 80 cm hanging kitchen cabinet from the Vanessa collection is the perfect choice. Its white glossy fronts and laminated chipboard finish in the shade of Sonoma oak create an aesthetically pleasing and practical unit that fits perfectly into a variety of kitchen interior arrangements.<\/p>\n<h3>Functionality and spaciousness<\/h3>\n<p>Thanks to its impressive dimensions: 80 x 72 x 30 cm, the wall cabinet is ideal for both small and larger kitchens. It offers enough space to store the necessary kitchen accessories, while ensuring order and organization.<\/p>\n<p>The cabinet is equipped with a modern silent closing mechanism, which not only provides comfort of use, but also provides an additional elegant accent to the entire kitchen.<\/p>\n<h3>Elegant design and precision workmanship<\/h3>\n<p>The 80 cm hanging kitchen cabinet from the Vanessa collection is distinguished by its simplicity and modern approach to details. The body in the shade of Sonoma oak blends perfectly with the white glossy fronts, creating an elegant yet functional whole. Minimalist handles and lack of unnecessary decorative elements emphasize the modern character of the furniture, which perfectly harmonizes with various interior styles, such as modernist, Scandinavian, minimalist, glamorous and elegant.<\/p>\n<h3>Hanging kitchen cabinet 80 cm - oak Sonoma in the collection of modular furniture Vanessa<\/h3>\n<p>The hanging kitchen cabinet 80 cm from the Vanessa collection, like other elements of this set, has a body made of laminated particle board in the shade of Sonoma oak. This characteristic feature of the collection allows you to harmoniously combine different furniture modules. The ability to arrange the cabinets independently allows you to add an elegant and modern touch to any kitchen.<\/p>\n<\/div>","protected":false},"excerpt":{"rendered":"<p>Szafka kuchenna wisz\u0105ca 80 cm Vanessa \u2014 przestronno\u015b\u0107 i elegancja w jednym Szukasz rozwi\u0105zania, kt\u00f3re po\u0142\u0105czy funkcjonalno\u015b\u0107 z nowoczesnym designem? (&#8230;)<\/p>","protected":false},"featured_media":10613,"comment_status":"open","ping_status":"closed","template":"","meta":{"_acf_changed":false,"inline_featured_image":false},"product_brand":[],"product_cat":[528,140,65,137,139,106,108,116],"product_tag":[],"class_list":{"0":"post-728","1":"product","2":"type-product","3":"status-publish","4":"has-post-thumbnail","6":"product_cat-black-friday","7":"product_cat-kuchnia","8":"product_cat-meble-kuchenne","9":"product_cat-meble-systemowe","10":"product_cat-pomieszczenia","11":"product_cat-szafki-kuchenne","12":"product_cat-szafki-kuchenne-wiszace","13":"product_cat-vanessa","14":"product_shipping_class-przesylka-dpd-15-pln","15":"collection-vanessa","17":"first","18":"outofstock","19":"shipping-taxable","20":"purchasable","21":"product-type-simple"},"acf":[],"yoast_head":"<!-- This site is optimized with the Yoast SEO plugin v27.4 - https:\/\/yoast.com\/product\/yoast-seo-wordpress\/ -->\n<title>Szafka kuchenna wisz\u0105ca 80 cm Vanessa - Demko Home<\/title>\n<meta name=\"robots\" content=\"index, follow, max-snippet:-1, max-image-preview:large, max-video-preview:-1\" \/>\n<link rel=\"canonical\" href=\"https:\/\/demkohome.pl\/en\/product\/szafka-kuchenna-gorna-80-cm-vanessa\/\" \/>\n<meta property=\"og:locale\" content=\"en_US\" \/>\n<meta property=\"og:type\" content=\"article\" \/>\n<meta property=\"og:title\" content=\"Szafka kuchenna wisz\u0105ca 80 cm Vanessa - Demko Home\" \/>\n<meta property=\"og:description\" content=\"Szafka kuchenna wisz\u0105ca 80 cm Vanessa \u2014 przestronno\u015b\u0107 i elegancja w jednym Szukasz rozwi\u0105zania, kt\u00f3re po\u0142\u0105czy funkcjonalno\u015b\u0107 z nowoczesnym designem? (...)\" \/>\n<meta property=\"og:url\" content=\"https:\/\/demkohome.pl\/en\/product\/szafka-kuchenna-gorna-80-cm-vanessa\/\" \/>\n<meta property=\"og:site_name\" content=\"Demko Home\" \/>\n<meta property=\"article:modified_time\" content=\"2026-04-20T01:17:09+00:00\" \/>\n<meta property=\"og:image\" content=\"https:\/\/demkohome.pl\/wp-content\/uploads\/2024\/04\/Kuchenna-szafka-wiszaca-80-cm-Vanessa-od-Demko-Home-Meble-Okmed-kolor-Bialy-Dab_Sonoma.jpg\" \/>\n\t<meta property=\"og:image:width\" content=\"1024\" \/>\n\t<meta property=\"og:image:height\" content=\"1024\" \/>\n\t<meta property=\"og:image:type\" content=\"image\/jpeg\" \/>\n<meta name=\"twitter:card\" content=\"summary_large_image\" \/>\n<meta name=\"twitter:label1\" content=\"Est. reading time\" \/>\n\t<meta name=\"twitter:data1\" content=\"3 minutes\" \/>\n<script type=\"application\/ld+json\" class=\"yoast-schema-graph\">{\"@context\":\"https:\\\/\\\/schema.org\",\"@graph\":[{\"@type\":\"WebPage\",\"@id\":\"https:\\\/\\\/demkohome.pl\\\/produkt\\\/szafka-kuchenna-gorna-80-cm-vanessa\\\/\",\"url\":\"https:\\\/\\\/demkohome.pl\\\/produkt\\\/szafka-kuchenna-gorna-80-cm-vanessa\\\/\",\"name\":\"Szafka kuchenna wisz\u0105ca 80 cm Vanessa - Demko Home\",\"isPartOf\":{\"@id\":\"https:\\\/\\\/demkohome.pl\\\/#website\"},\"primaryImageOfPage\":{\"@id\":\"https:\\\/\\\/demkohome.pl\\\/produkt\\\/szafka-kuchenna-gorna-80-cm-vanessa\\\/#primaryimage\"},\"image\":{\"@id\":\"https:\\\/\\\/demkohome.pl\\\/produkt\\\/szafka-kuchenna-gorna-80-cm-vanessa\\\/#primaryimage\"},\"thumbnailUrl\":\"https:\\\/\\\/demkohome.pl\\\/wp-content\\\/uploads\\\/2024\\\/04\\\/Kuchenna-szafka-wiszaca-80-cm-Vanessa-od-Demko-Home-Meble-Okmed-kolor-Bialy-Dab_Sonoma.jpg\",\"datePublished\":\"2024-04-30T12:53:55+00:00\",\"dateModified\":\"2026-04-20T01:17:09+00:00\",\"breadcrumb\":{\"@id\":\"https:\\\/\\\/demkohome.pl\\\/produkt\\\/szafka-kuchenna-gorna-80-cm-vanessa\\\/#breadcrumb\"},\"inLanguage\":\"en-US\",\"potentialAction\":[{\"@type\":\"ReadAction\",\"target\":[\"https:\\\/\\\/demkohome.pl\\\/produkt\\\/szafka-kuchenna-gorna-80-cm-vanessa\\\/\"]}]},{\"@type\":\"ImageObject\",\"inLanguage\":\"en-US\",\"@id\":\"https:\\\/\\\/demkohome.pl\\\/produkt\\\/szafka-kuchenna-gorna-80-cm-vanessa\\\/#primaryimage\",\"url\":\"https:\\\/\\\/demkohome.pl\\\/wp-content\\\/uploads\\\/2024\\\/04\\\/Kuchenna-szafka-wiszaca-80-cm-Vanessa-od-Demko-Home-Meble-Okmed-kolor-Bialy-Dab_Sonoma.jpg\",\"contentUrl\":\"https:\\\/\\\/demkohome.pl\\\/wp-content\\\/uploads\\\/2024\\\/04\\\/Kuchenna-szafka-wiszaca-80-cm-Vanessa-od-Demko-Home-Meble-Okmed-kolor-Bialy-Dab_Sonoma.jpg\",\"width\":1024,\"height\":1024,\"caption\":\"Kuchenna szafka wisz\u0105ca 80 cm Vanessa od Demko Home Meble Okmed kolor Bia\u0142y D\u0105b_Sonoma\"},{\"@type\":\"BreadcrumbList\",\"@id\":\"https:\\\/\\\/demkohome.pl\\\/produkt\\\/szafka-kuchenna-gorna-80-cm-vanessa\\\/#breadcrumb\",\"itemListElement\":[{\"@type\":\"ListItem\",\"position\":1,\"name\":\"Strona g\u0142\u00f3wna\",\"item\":\"https:\\\/\\\/demkohome.pl\\\/\"},{\"@type\":\"ListItem\",\"position\":2,\"name\":\"Sklep\",\"item\":\"https:\\\/\\\/demkohome.pl\\\/sklep\\\/\"},{\"@type\":\"ListItem\",\"position\":3,\"name\":\"Szafka kuchenna wisz\u0105ca 80 cm Vanessa\"}]},{\"@type\":\"WebSite\",\"@id\":\"https:\\\/\\\/demkohome.pl\\\/#website\",\"url\":\"https:\\\/\\\/demkohome.pl\\\/\",\"name\":\"Demko Home\",\"description\":\"Make it simple\",\"publisher\":{\"@id\":\"https:\\\/\\\/demkohome.pl\\\/#organization\"},\"potentialAction\":[{\"@type\":\"SearchAction\",\"target\":{\"@type\":\"EntryPoint\",\"urlTemplate\":\"https:\\\/\\\/demkohome.pl\\\/?s={search_term_string}\"},\"query-input\":{\"@type\":\"PropertyValueSpecification\",\"valueRequired\":true,\"valueName\":\"search_term_string\"}}],\"inLanguage\":\"en-US\"},{\"@type\":\"Organization\",\"@id\":\"https:\\\/\\\/demkohome.pl\\\/#organization\",\"name\":\"Demko Home\",\"url\":\"https:\\\/\\\/demkohome.pl\\\/\",\"logo\":{\"@type\":\"ImageObject\",\"inLanguage\":\"en-US\",\"@id\":\"https:\\\/\\\/demkohome.pl\\\/#\\\/schema\\\/logo\\\/image\\\/\",\"url\":\"https:\\\/\\\/demkohome.pl\\\/wp-content\\\/uploads\\\/2026\\\/03\\\/cropped-3.png\",\"contentUrl\":\"https:\\\/\\\/demkohome.pl\\\/wp-content\\\/uploads\\\/2026\\\/03\\\/cropped-3.png\",\"width\":250,\"height\":63,\"caption\":\"Demko Home\"},\"image\":{\"@id\":\"https:\\\/\\\/demkohome.pl\\\/#\\\/schema\\\/logo\\\/image\\\/\"}}]}<\/script>\n<!-- \/ Yoast SEO plugin. -->","yoast_head_json":{"title":"Szafka kuchenna wisz\u0105ca 80 cm Vanessa - Demko Home","robots":{"index":"index","follow":"follow","max-snippet":"max-snippet:-1","max-image-preview":"max-image-preview:large","max-video-preview":"max-video-preview:-1"},"canonical":"https:\/\/demkohome.pl\/en\/product\/szafka-kuchenna-gorna-80-cm-vanessa\/","og_locale":"en_US","og_type":"article","og_title":"Szafka kuchenna wisz\u0105ca 80 cm Vanessa - Demko Home","og_description":"Szafka kuchenna wisz\u0105ca 80 cm Vanessa \u2014 przestronno\u015b\u0107 i elegancja w jednym Szukasz rozwi\u0105zania, kt\u00f3re po\u0142\u0105czy funkcjonalno\u015b\u0107 z nowoczesnym designem? (...)","og_url":"https:\/\/demkohome.pl\/en\/product\/szafka-kuchenna-gorna-80-cm-vanessa\/","og_site_name":"Demko Home","article_modified_time":"2026-04-20T01:17:09+00:00","og_image":[{"width":1024,"height":1024,"url":"https:\/\/demkohome.pl\/wp-content\/uploads\/2024\/04\/Kuchenna-szafka-wiszaca-80-cm-Vanessa-od-Demko-Home-Meble-Okmed-kolor-Bialy-Dab_Sonoma.jpg","type":"image\/jpeg"}],"twitter_card":"summary_large_image","twitter_misc":{"Est. reading time":"3 minutes"},"schema":{"@context":"https:\/\/schema.org","@graph":[{"@type":"WebPage","@id":"https:\/\/demkohome.pl\/produkt\/szafka-kuchenna-gorna-80-cm-vanessa\/","url":"https:\/\/demkohome.pl\/produkt\/szafka-kuchenna-gorna-80-cm-vanessa\/","name":"Szafka kuchenna wisz\u0105ca 80 cm Vanessa - Demko Home","isPartOf":{"@id":"https:\/\/demkohome.pl\/#website"},"primaryImageOfPage":{"@id":"https:\/\/demkohome.pl\/produkt\/szafka-kuchenna-gorna-80-cm-vanessa\/#primaryimage"},"image":{"@id":"https:\/\/demkohome.pl\/produkt\/szafka-kuchenna-gorna-80-cm-vanessa\/#primaryimage"},"thumbnailUrl":"https:\/\/demkohome.pl\/wp-content\/uploads\/2024\/04\/Kuchenna-szafka-wiszaca-80-cm-Vanessa-od-Demko-Home-Meble-Okmed-kolor-Bialy-Dab_Sonoma.jpg","datePublished":"2024-04-30T12:53:55+00:00","dateModified":"2026-04-20T01:17:09+00:00","breadcrumb":{"@id":"https:\/\/demkohome.pl\/produkt\/szafka-kuchenna-gorna-80-cm-vanessa\/#breadcrumb"},"inLanguage":"en-US","potentialAction":[{"@type":"ReadAction","target":["https:\/\/demkohome.pl\/produkt\/szafka-kuchenna-gorna-80-cm-vanessa\/"]}]},{"@type":"ImageObject","inLanguage":"en-US","@id":"https:\/\/demkohome.pl\/produkt\/szafka-kuchenna-gorna-80-cm-vanessa\/#primaryimage","url":"https:\/\/demkohome.pl\/wp-content\/uploads\/2024\/04\/Kuchenna-szafka-wiszaca-80-cm-Vanessa-od-Demko-Home-Meble-Okmed-kolor-Bialy-Dab_Sonoma.jpg","contentUrl":"https:\/\/demkohome.pl\/wp-content\/uploads\/2024\/04\/Kuchenna-szafka-wiszaca-80-cm-Vanessa-od-Demko-Home-Meble-Okmed-kolor-Bialy-Dab_Sonoma.jpg","width":1024,"height":1024,"caption":"Kuchenna szafka wisz\u0105ca 80 cm Vanessa od Demko Home Meble Okmed kolor Bia\u0142y D\u0105b_Sonoma"},{"@type":"BreadcrumbList","@id":"https:\/\/demkohome.pl\/produkt\/szafka-kuchenna-gorna-80-cm-vanessa\/#breadcrumb","itemListElement":[{"@type":"ListItem","position":1,"name":"Strona g\u0142\u00f3wna","item":"https:\/\/demkohome.pl\/"},{"@type":"ListItem","position":2,"name":"Sklep","item":"https:\/\/demkohome.pl\/sklep\/"},{"@type":"ListItem","position":3,"name":"Szafka kuchenna wisz\u0105ca 80 cm Vanessa"}]},{"@type":"WebSite","@id":"https:\/\/demkohome.pl\/#website","url":"https:\/\/demkohome.pl\/","name":"Demko Home","description":"Make it simple","publisher":{"@id":"https:\/\/demkohome.pl\/#organization"},"potentialAction":[{"@type":"SearchAction","target":{"@type":"EntryPoint","urlTemplate":"https:\/\/demkohome.pl\/?s={search_term_string}"},"query-input":{"@type":"PropertyValueSpecification","valueRequired":true,"valueName":"search_term_string"}}],"inLanguage":"en-US"},{"@type":"Organization","@id":"https:\/\/demkohome.pl\/#organization","name":"Demko Home","url":"https:\/\/demkohome.pl\/","logo":{"@type":"ImageObject","inLanguage":"en-US","@id":"https:\/\/demkohome.pl\/#\/schema\/logo\/image\/","url":"https:\/\/demkohome.pl\/wp-content\/uploads\/2026\/03\/cropped-3.png","contentUrl":"https:\/\/demkohome.pl\/wp-content\/uploads\/2026\/03\/cropped-3.png","width":250,"height":63,"caption":"Demko Home"},"image":{"@id":"https:\/\/demkohome.pl\/#\/schema\/logo\/image\/"}}]}},"_links":{"self":[{"href":"https:\/\/demkohome.pl\/en\/wp-json\/wp\/v2\/product\/728","targetHints":{"allow":["GET"]}}],"collection":[{"href":"https:\/\/demkohome.pl\/en\/wp-json\/wp\/v2\/product"}],"about":[{"href":"https:\/\/demkohome.pl\/en\/wp-json\/wp\/v2\/types\/product"}],"replies":[{"embeddable":true,"href":"https:\/\/demkohome.pl\/en\/wp-json\/wp\/v2\/comments?post=728"}],"wp:featuredmedia":[{"embeddable":true,"href":"https:\/\/demkohome.pl\/en\/wp-json\/wp\/v2\/media\/10613"}],"wp:attachment":[{"href":"https:\/\/demkohome.pl\/en\/wp-json\/wp\/v2\/media?parent=728"}],"wp:term":[{"taxonomy":"product_brand","embeddable":true,"href":"https:\/\/demkohome.pl\/en\/wp-json\/wp\/v2\/product_brand?post=728"},{"taxonomy":"product_cat","embeddable":true,"href":"https:\/\/demkohome.pl\/en\/wp-json\/wp\/v2\/product_cat?post=728"},{"taxonomy":"product_tag","embeddable":true,"href":"https:\/\/demkohome.pl\/en\/wp-json\/wp\/v2\/product_tag?post=728"}],"curies":[{"name":"wp","href":"https:\/\/api.w.org\/{rel}","templated":true}]}}