{"id":733,"date":"2023-08-25T00:32:34","date_gmt":"2023-08-24T22:32:34","guid":{"rendered":"https:\/\/demkohome.pl\/produkt\/kuchenny-laxy-hikora_natura-hikora_natura\/"},"modified":"2026-05-01T21:21:24","modified_gmt":"2026-05-01T19:21:24","slug":"kuchenny-laxy-hikora_natura-hikora_natura","status":"publish","type":"product","link":"https:\/\/demkohome.pl\/en\/product\/kuchenny-laxy-hikora_natura-hikora_natura\/","title":{"rendered":"Kitchen furniture set 200 cm Laxy"},"content":{"rendered":"<div style=\"font-family: 'Noto Sans', sans-serif; font-size: 17px;\">Laxy kitchen furniture collection was created for lovers of modern, minimalist interiors in Scandinavian style. Bright, warm bodies and fronts made of Hickory Natura board and the vertical structure of the wood grain give the interior an optical spaciousness and brighten the composition. In addition, the upper wall cabinets are equipped with open shelves, which allow you to display your favorite kitchen accessories. Laxy kitchen cabinets not only look aesthetically pleasing, but also have many functional advantages. The quiet closing system of the fronts ensures smooth and noiseless closing of the cabinets, and the steel-colored metal handles add a modern touch. A wide range of cabinets allows for any arrangement of kitchen space. The Laxy kitchen furniture collection is an excellent choice for those looking for modern and functional solutions for their kitchen. Its minimalist design combined with high quality workmanship make the interior gain character and style, while providing practical solutions for storage and organization in the kitchen.<\/div>","protected":false},"excerpt":{"rendered":"<p>Kolekcja mebli kuchennych Laxy zosta\u0142a stworzona z my\u015bl\u0105 o mi\u0142o\u015bnikach nowoczesnych, minimalistycznych wn\u0119trz w stylu skandynawskim. Jasne, ciep\u0142e korpusy i (&#8230;)<\/p>","protected":false},"featured_media":734,"comment_status":"open","ping_status":"closed","template":"","meta":{"_acf_changed":false,"inline_featured_image":false},"product_brand":[],"product_cat":[528,65,110],"product_tag":[],"class_list":{"0":"post-733","1":"product","2":"type-product","3":"status-publish","4":"has-post-thumbnail","6":"product_cat-black-friday","7":"product_cat-meble-kuchenne","8":"product_cat-zestawy-mebli-kuchennych","9":"product_shipping_class-paleta-120cmx80cm","10":"collection-laxy","12":"first","13":"instock","14":"shipping-taxable","15":"purchasable","16":"product-type-simple"},"acf":[],"yoast_head":"<!-- This site is optimized with the Yoast SEO plugin v27.4 - https:\/\/yoast.com\/product\/yoast-seo-wordpress\/ -->\n<title>Zestaw mebli kuchennych 200 cm Laxy - Demko Home<\/title>\n<meta name=\"robots\" content=\"index, follow, max-snippet:-1, max-image-preview:large, max-video-preview:-1\" \/>\n<link rel=\"canonical\" href=\"https:\/\/demkohome.pl\/en\/product\/kuchenny-laxy-hikora_natura-hikora_natura\/\" \/>\n<meta property=\"og:locale\" content=\"en_US\" \/>\n<meta property=\"og:type\" content=\"article\" \/>\n<meta property=\"og:title\" content=\"Zestaw mebli kuchennych 200 cm Laxy - Demko Home\" \/>\n<meta property=\"og:description\" content=\"Kolekcja mebli kuchennych Laxy zosta\u0142a stworzona z my\u015bl\u0105 o mi\u0142o\u015bnikach nowoczesnych, minimalistycznych wn\u0119trz w stylu skandynawskim. Jasne, ciep\u0142e korpusy i (...)\" \/>\n<meta property=\"og:url\" content=\"https:\/\/demkohome.pl\/en\/product\/kuchenny-laxy-hikora_natura-hikora_natura\/\" \/>\n<meta property=\"og:site_name\" content=\"Demko Home\" \/>\n<meta property=\"article:modified_time\" content=\"2026-05-01T19:21:24+00:00\" \/>\n<meta property=\"og:image\" content=\"https:\/\/demkohome.pl\/wp-content\/uploads\/2023\/08\/Segment-kuch.-LAXY-200_72-Hikora_Natura-Hikora_Natura-FSC-1920-EAN_-5907736137923.jpg\" \/>\n\t<meta property=\"og:image:width\" content=\"1920\" \/>\n\t<meta property=\"og:image:height\" content=\"1280\" \/>\n\t<meta property=\"og:image:type\" content=\"image\/jpeg\" \/>\n<meta name=\"twitter:card\" content=\"summary_large_image\" \/>\n<meta name=\"twitter:label1\" content=\"Est. reading time\" \/>\n\t<meta name=\"twitter:data1\" content=\"2 minutes\" \/>\n<script type=\"application\/ld+json\" class=\"yoast-schema-graph\">{\"@context\":\"https:\\\/\\\/schema.org\",\"@graph\":[{\"@type\":\"WebPage\",\"@id\":\"https:\\\/\\\/demkohome.pl\\\/produkt\\\/kuchenny-laxy-hikora_natura-hikora_natura\\\/\",\"url\":\"https:\\\/\\\/demkohome.pl\\\/produkt\\\/kuchenny-laxy-hikora_natura-hikora_natura\\\/\",\"name\":\"Zestaw mebli kuchennych 200 cm Laxy - Demko Home\",\"isPartOf\":{\"@id\":\"https:\\\/\\\/demkohome.pl\\\/#website\"},\"primaryImageOfPage\":{\"@id\":\"https:\\\/\\\/demkohome.pl\\\/produkt\\\/kuchenny-laxy-hikora_natura-hikora_natura\\\/#primaryimage\"},\"image\":{\"@id\":\"https:\\\/\\\/demkohome.pl\\\/produkt\\\/kuchenny-laxy-hikora_natura-hikora_natura\\\/#primaryimage\"},\"thumbnailUrl\":\"https:\\\/\\\/demkohome.pl\\\/wp-content\\\/uploads\\\/2023\\\/08\\\/Segment-kuch.-LAXY-200_72-Hikora_Natura-Hikora_Natura-FSC-1920-EAN_-5907736137923.jpg\",\"datePublished\":\"2023-08-24T22:32:34+00:00\",\"dateModified\":\"2026-05-01T19:21:24+00:00\",\"breadcrumb\":{\"@id\":\"https:\\\/\\\/demkohome.pl\\\/produkt\\\/kuchenny-laxy-hikora_natura-hikora_natura\\\/#breadcrumb\"},\"inLanguage\":\"en-US\",\"potentialAction\":[{\"@type\":\"ReadAction\",\"target\":[\"https:\\\/\\\/demkohome.pl\\\/produkt\\\/kuchenny-laxy-hikora_natura-hikora_natura\\\/\"]}]},{\"@type\":\"ImageObject\",\"inLanguage\":\"en-US\",\"@id\":\"https:\\\/\\\/demkohome.pl\\\/produkt\\\/kuchenny-laxy-hikora_natura-hikora_natura\\\/#primaryimage\",\"url\":\"https:\\\/\\\/demkohome.pl\\\/wp-content\\\/uploads\\\/2023\\\/08\\\/Segment-kuch.-LAXY-200_72-Hikora_Natura-Hikora_Natura-FSC-1920-EAN_-5907736137923.jpg\",\"contentUrl\":\"https:\\\/\\\/demkohome.pl\\\/wp-content\\\/uploads\\\/2023\\\/08\\\/Segment-kuch.-LAXY-200_72-Hikora_Natura-Hikora_Natura-FSC-1920-EAN_-5907736137923.jpg\",\"width\":1920,\"height\":1280,\"caption\":\"Segment kuchenny LAXY HIKORA\"},{\"@type\":\"BreadcrumbList\",\"@id\":\"https:\\\/\\\/demkohome.pl\\\/produkt\\\/kuchenny-laxy-hikora_natura-hikora_natura\\\/#breadcrumb\",\"itemListElement\":[{\"@type\":\"ListItem\",\"position\":1,\"name\":\"Strona g\u0142\u00f3wna\",\"item\":\"https:\\\/\\\/demkohome.pl\\\/\"},{\"@type\":\"ListItem\",\"position\":2,\"name\":\"Sklep\",\"item\":\"https:\\\/\\\/demkohome.pl\\\/sklep\\\/\"},{\"@type\":\"ListItem\",\"position\":3,\"name\":\"Zestaw mebli kuchennych 200 cm Laxy\"}]},{\"@type\":\"WebSite\",\"@id\":\"https:\\\/\\\/demkohome.pl\\\/#website\",\"url\":\"https:\\\/\\\/demkohome.pl\\\/\",\"name\":\"Demko Home\",\"description\":\"Make it simple\",\"publisher\":{\"@id\":\"https:\\\/\\\/demkohome.pl\\\/#organization\"},\"potentialAction\":[{\"@type\":\"SearchAction\",\"target\":{\"@type\":\"EntryPoint\",\"urlTemplate\":\"https:\\\/\\\/demkohome.pl\\\/?s={search_term_string}\"},\"query-input\":{\"@type\":\"PropertyValueSpecification\",\"valueRequired\":true,\"valueName\":\"search_term_string\"}}],\"inLanguage\":\"en-US\"},{\"@type\":\"Organization\",\"@id\":\"https:\\\/\\\/demkohome.pl\\\/#organization\",\"name\":\"Demko Home\",\"url\":\"https:\\\/\\\/demkohome.pl\\\/\",\"logo\":{\"@type\":\"ImageObject\",\"inLanguage\":\"en-US\",\"@id\":\"https:\\\/\\\/demkohome.pl\\\/#\\\/schema\\\/logo\\\/image\\\/\",\"url\":\"https:\\\/\\\/demkohome.pl\\\/wp-content\\\/uploads\\\/2026\\\/03\\\/cropped-3.png\",\"contentUrl\":\"https:\\\/\\\/demkohome.pl\\\/wp-content\\\/uploads\\\/2026\\\/03\\\/cropped-3.png\",\"width\":250,\"height\":63,\"caption\":\"Demko Home\"},\"image\":{\"@id\":\"https:\\\/\\\/demkohome.pl\\\/#\\\/schema\\\/logo\\\/image\\\/\"}}]}<\/script>\n<!-- \/ Yoast SEO plugin. -->","yoast_head_json":{"title":"Zestaw mebli kuchennych 200 cm Laxy - Demko Home","robots":{"index":"index","follow":"follow","max-snippet":"max-snippet:-1","max-image-preview":"max-image-preview:large","max-video-preview":"max-video-preview:-1"},"canonical":"https:\/\/demkohome.pl\/en\/product\/kuchenny-laxy-hikora_natura-hikora_natura\/","og_locale":"en_US","og_type":"article","og_title":"Zestaw mebli kuchennych 200 cm Laxy - Demko Home","og_description":"Kolekcja mebli kuchennych Laxy zosta\u0142a stworzona z my\u015bl\u0105 o mi\u0142o\u015bnikach nowoczesnych, minimalistycznych wn\u0119trz w stylu skandynawskim. Jasne, ciep\u0142e korpusy i (...)","og_url":"https:\/\/demkohome.pl\/en\/product\/kuchenny-laxy-hikora_natura-hikora_natura\/","og_site_name":"Demko Home","article_modified_time":"2026-05-01T19:21:24+00:00","og_image":[{"width":1920,"height":1280,"url":"https:\/\/demkohome.pl\/wp-content\/uploads\/2023\/08\/Segment-kuch.-LAXY-200_72-Hikora_Natura-Hikora_Natura-FSC-1920-EAN_-5907736137923.jpg","type":"image\/jpeg"}],"twitter_card":"summary_large_image","twitter_misc":{"Est. reading time":"2 minutes"},"schema":{"@context":"https:\/\/schema.org","@graph":[{"@type":"WebPage","@id":"https:\/\/demkohome.pl\/produkt\/kuchenny-laxy-hikora_natura-hikora_natura\/","url":"https:\/\/demkohome.pl\/produkt\/kuchenny-laxy-hikora_natura-hikora_natura\/","name":"Zestaw mebli kuchennych 200 cm Laxy - Demko Home","isPartOf":{"@id":"https:\/\/demkohome.pl\/#website"},"primaryImageOfPage":{"@id":"https:\/\/demkohome.pl\/produkt\/kuchenny-laxy-hikora_natura-hikora_natura\/#primaryimage"},"image":{"@id":"https:\/\/demkohome.pl\/produkt\/kuchenny-laxy-hikora_natura-hikora_natura\/#primaryimage"},"thumbnailUrl":"https:\/\/demkohome.pl\/wp-content\/uploads\/2023\/08\/Segment-kuch.-LAXY-200_72-Hikora_Natura-Hikora_Natura-FSC-1920-EAN_-5907736137923.jpg","datePublished":"2023-08-24T22:32:34+00:00","dateModified":"2026-05-01T19:21:24+00:00","breadcrumb":{"@id":"https:\/\/demkohome.pl\/produkt\/kuchenny-laxy-hikora_natura-hikora_natura\/#breadcrumb"},"inLanguage":"en-US","potentialAction":[{"@type":"ReadAction","target":["https:\/\/demkohome.pl\/produkt\/kuchenny-laxy-hikora_natura-hikora_natura\/"]}]},{"@type":"ImageObject","inLanguage":"en-US","@id":"https:\/\/demkohome.pl\/produkt\/kuchenny-laxy-hikora_natura-hikora_natura\/#primaryimage","url":"https:\/\/demkohome.pl\/wp-content\/uploads\/2023\/08\/Segment-kuch.-LAXY-200_72-Hikora_Natura-Hikora_Natura-FSC-1920-EAN_-5907736137923.jpg","contentUrl":"https:\/\/demkohome.pl\/wp-content\/uploads\/2023\/08\/Segment-kuch.-LAXY-200_72-Hikora_Natura-Hikora_Natura-FSC-1920-EAN_-5907736137923.jpg","width":1920,"height":1280,"caption":"Segment kuchenny LAXY HIKORA"},{"@type":"BreadcrumbList","@id":"https:\/\/demkohome.pl\/produkt\/kuchenny-laxy-hikora_natura-hikora_natura\/#breadcrumb","itemListElement":[{"@type":"ListItem","position":1,"name":"Strona g\u0142\u00f3wna","item":"https:\/\/demkohome.pl\/"},{"@type":"ListItem","position":2,"name":"Sklep","item":"https:\/\/demkohome.pl\/sklep\/"},{"@type":"ListItem","position":3,"name":"Zestaw mebli kuchennych 200 cm Laxy"}]},{"@type":"WebSite","@id":"https:\/\/demkohome.pl\/#website","url":"https:\/\/demkohome.pl\/","name":"Demko Home","description":"Make it simple","publisher":{"@id":"https:\/\/demkohome.pl\/#organization"},"potentialAction":[{"@type":"SearchAction","target":{"@type":"EntryPoint","urlTemplate":"https:\/\/demkohome.pl\/?s={search_term_string}"},"query-input":{"@type":"PropertyValueSpecification","valueRequired":true,"valueName":"search_term_string"}}],"inLanguage":"en-US"},{"@type":"Organization","@id":"https:\/\/demkohome.pl\/#organization","name":"Demko Home","url":"https:\/\/demkohome.pl\/","logo":{"@type":"ImageObject","inLanguage":"en-US","@id":"https:\/\/demkohome.pl\/#\/schema\/logo\/image\/","url":"https:\/\/demkohome.pl\/wp-content\/uploads\/2026\/03\/cropped-3.png","contentUrl":"https:\/\/demkohome.pl\/wp-content\/uploads\/2026\/03\/cropped-3.png","width":250,"height":63,"caption":"Demko Home"},"image":{"@id":"https:\/\/demkohome.pl\/#\/schema\/logo\/image\/"}}]}},"_links":{"self":[{"href":"https:\/\/demkohome.pl\/en\/wp-json\/wp\/v2\/product\/733","targetHints":{"allow":["GET"]}}],"collection":[{"href":"https:\/\/demkohome.pl\/en\/wp-json\/wp\/v2\/product"}],"about":[{"href":"https:\/\/demkohome.pl\/en\/wp-json\/wp\/v2\/types\/product"}],"replies":[{"embeddable":true,"href":"https:\/\/demkohome.pl\/en\/wp-json\/wp\/v2\/comments?post=733"}],"wp:featuredmedia":[{"embeddable":true,"href":"https:\/\/demkohome.pl\/en\/wp-json\/wp\/v2\/media\/734"}],"wp:attachment":[{"href":"https:\/\/demkohome.pl\/en\/wp-json\/wp\/v2\/media?parent=733"}],"wp:term":[{"taxonomy":"product_brand","embeddable":true,"href":"https:\/\/demkohome.pl\/en\/wp-json\/wp\/v2\/product_brand?post=733"},{"taxonomy":"product_cat","embeddable":true,"href":"https:\/\/demkohome.pl\/en\/wp-json\/wp\/v2\/product_cat?post=733"},{"taxonomy":"product_tag","embeddable":true,"href":"https:\/\/demkohome.pl\/en\/wp-json\/wp\/v2\/product_tag?post=733"}],"curies":[{"name":"wp","href":"https:\/\/api.w.org\/{rel}","templated":true}]}}