{"id":738941,"date":"2026-04-13T10:21:16","date_gmt":"2026-04-13T08:21:16","guid":{"rendered":"https:\/\/demkohome.pl\/?post_type=product&#038;p=738941"},"modified":"2026-04-16T11:19:47","modified_gmt":"2026-04-16T09:19:47","slug":"gorna-blenda-diuna","status":"publish","type":"product","link":"https:\/\/demkohome.pl\/en\/product\/gorna-blenda-diuna\/","title":{"rendered":"G\u00f3rna blenda diuna"},"content":{"rendered":"<h3 data-start=\"0\" data-end=\"150\">Blenda g\u00f3rna to funkcjonalny i estetyczny element wyko\u0144czeniowy zabudowy kuchennej, kt\u00f3ry pozwala na eleganckie zamaskowanie przestrzeni pod szafkami.<\/h3>\n<p data-start=\"152\" data-end=\"341\">Zosta\u0142a zaprojektowana z my\u015bl\u0105 o sp\u00f3jnym i schludnym wygl\u0105dzie kuchni. Skutecznie ukrywa szczeliny konstrukcyjne oraz elementy monta\u017cowe, nadaj\u0105c ca\u0142o\u015bci nowoczesny i dopracowany charakter.<\/p>\n<p data-start=\"343\" data-end=\"446\">To praktyczne rozwi\u0105zanie, kt\u00f3re podnosi estetyk\u0119 zabudowy i wp\u0142ywa na komfort codziennego u\u017cytkowania.<\/p>\n<h4 data-start=\"448\" data-end=\"480\"><strong data-start=\"448\" data-end=\"480\">Dopasowanie do ka\u017cdej kuchni<\/strong><\/h4>\n<p data-start=\"482\" data-end=\"644\">Blenda g\u00f3rna to uniwersalny element, kt\u00f3ry mo\u017cna \u0142atwo dopasowa\u0107 do r\u00f3\u017cnych uk\u0142ad\u00f3w kuchennych. Doskonale uzupe\u0142nia zabudow\u0119, tworz\u0105c sp\u00f3jn\u0105 lini\u0119 dolnych szafek.<\/p>\n<p data-start=\"646\" data-end=\"752\">Sprawdzi si\u0119 zar\u00f3wno w mniejszych, jak i wi\u0119kszych kuchniach, gdzie liczy si\u0119 estetyka i dba\u0142o\u015b\u0107 o detale.<\/p>\n<h4 data-start=\"754\" data-end=\"792\"><strong data-start=\"754\" data-end=\"792\">System Diuna \u2013 elastyczna zabudowa<\/strong><\/h4>\n<p data-start=\"794\" data-end=\"966\">Blenda jest cz\u0119\u015bci\u0105\u00a0<a href=\"https:\/\/demkohome.pl\/en\/product\/kuchania-diuna\/\" data-original-clean-href=\"https:\/\/demkohome.pl\/produkt\/kuchania-diuna\/\" data-clean-link-processed=\"true\">systemu modu\u0142owego Diuna<\/a>, kt\u00f3ry umo\u017cliwia swobodne komponowanie kuchni. Dzi\u0119ki temu mo\u017cesz dopasowa\u0107 zabudow\u0119 do w\u0142asnych potrzeb i rozwija\u0107 j\u0105 etapami.<\/p>\n<h4 data-start=\"968\" data-end=\"1004\"><strong data-start=\"968\" data-end=\"1004\">Uniwersalny design systemu Diuna<\/strong><\/h4>\n<p data-start=\"1006\" data-end=\"1120\">Prosta forma blendy podkre\u015bla nowoczesny charakter zabudowy i zapewnia estetyczne wyko\u0144czenie dolnej cz\u0119\u015bci mebli.<\/p>\n<p data-start=\"1122\" data-end=\"1259\">Dzi\u0119ki uniwersalnemu designowi element ten doskonale wpisuje si\u0119 w r\u00f3\u017cne style aran\u017cacji \u2013\u00a0<strong>od nowoczesnych po bardziej klasyczne wn\u0119trza<\/strong>.<\/p>\n<p data-start=\"1261\" data-end=\"1315\" data-is-last-node=\"\" data-is-only-node=\"\"><strong data-start=\"1261\" data-end=\"1315\" data-is-last-node=\"\">Diuna \u2013 stw\u00f3rz kuchni\u0119, kt\u00f3ra ro\u015bnie razem z Tob\u0105.<\/strong><\/p>\n<p>&nbsp;<\/p>\n<p><img loading=\"lazy\" decoding=\"async\" class=\"wp-image-717427 size-full\" src=\"https:\/\/demkohome.pl\/wp-content\/uploads\/2026\/04\/demko_diuna_linea_H1105_kaszmir_U702_001_przerobione-aranz-grafit-scaled.png\" alt=\"Kaszmirowa kuchnia demko home\" width=\"2560\" height=\"1920\" srcset=\"https:\/\/demkohome.pl\/wp-content\/uploads\/2026\/04\/demko_diuna_linea_H1105_kaszmir_U702_001_przerobione-aranz-grafit-scaled.png 2560w, https:\/\/demkohome.pl\/wp-content\/uploads\/2026\/04\/demko_diuna_linea_H1105_kaszmir_U702_001_przerobione-aranz-grafit-300x225.png 300w, https:\/\/demkohome.pl\/wp-content\/uploads\/2026\/04\/demko_diuna_linea_H1105_kaszmir_U702_001_przerobione-aranz-grafit-1024x768.png 1024w, https:\/\/demkohome.pl\/wp-content\/uploads\/2026\/04\/demko_diuna_linea_H1105_kaszmir_U702_001_przerobione-aranz-grafit-768x576.png 768w, https:\/\/demkohome.pl\/wp-content\/uploads\/2026\/04\/demko_diuna_linea_H1105_kaszmir_U702_001_przerobione-aranz-grafit-1536x1152.png 1536w, https:\/\/demkohome.pl\/wp-content\/uploads\/2026\/04\/demko_diuna_linea_H1105_kaszmir_U702_001_przerobione-aranz-grafit-2048x1536.png 2048w, https:\/\/demkohome.pl\/wp-content\/uploads\/2026\/04\/demko_diuna_linea_H1105_kaszmir_U702_001_przerobione-aranz-grafit-16x12.png 16w, https:\/\/demkohome.pl\/wp-content\/uploads\/2026\/04\/demko_diuna_linea_H1105_kaszmir_U702_001_przerobione-aranz-grafit-600x450.png 600w\" sizes=\"auto, (max-width: 2560px) 100vw, 2560px\" \/><\/p>\n<h4 data-start=\"680\" data-end=\"734\">Product Dimensions:<\/h4>\n<table class=\"o-product-features\" role=\"presentation\">\n<tbody>\n<tr class=\"m-product-attr-row\">\n<th class=\"m-product-attr-row__name\" scope=\"row\">\n<h6>Produkt po z\u0142o\u017ceniu: szeroko\u015b\u0107 (w cm)<\/h6>\n<\/th>\n<td class=\"m-product-attr-row__value\">\n<h6>32<\/h6>\n<\/td>\n<\/tr>\n<tr class=\"m-product-attr-row\">\n<th class=\"m-product-attr-row__name\" scope=\"row\"><\/th>\n<td class=\"m-product-attr-row__value\"><\/td>\n<\/tr>\n<tr class=\"m-product-attr-row\">\n<th class=\"m-product-attr-row__name\" scope=\"row\">\n<h6>Produkt po z\u0142o\u017ceniu: wysoko\u015b\u0107 (w cm)<\/h6>\n<\/th>\n<td class=\"m-product-attr-row__value\">\n<h6>72<\/h6>\n<\/td>\n<\/tr>\n<tr class=\"m-product-attr-row\">\n<th class=\"m-product-attr-row__name\" scope=\"row\">\n<h6>Produkt w opakowaniu: waga (w kg)<\/h6>\n<\/th>\n<td class=\"m-product-attr-row__value\">\n<h6>13<\/h6>\n<\/td>\n<\/tr>\n<\/tbody>\n<\/table>\n<p data-start=\"1261\" data-end=\"1315\" data-is-last-node=\"\" data-is-only-node=\"\"><strong data-start=\"1261\" data-end=\"1315\" data-is-last-node=\"\">\u00a0<\/strong><\/p>\n<p data-start=\"1261\" data-end=\"1315\" data-is-last-node=\"\" data-is-only-node=\"\"><img loading=\"lazy\" decoding=\"async\" class=\"alignleft wp-image-742978\" src=\"https:\/\/demkohome.pl\/wp-content\/uploads\/2026\/04\/81-cm-24-300x300.png\" alt=\"\" width=\"610\" height=\"610\" srcset=\"https:\/\/demkohome.pl\/wp-content\/uploads\/2026\/04\/81-cm-24-300x300.png 300w, https:\/\/demkohome.pl\/wp-content\/uploads\/2026\/04\/81-cm-24-1024x1024.png 1024w, https:\/\/demkohome.pl\/wp-content\/uploads\/2026\/04\/81-cm-24-150x150.png 150w, https:\/\/demkohome.pl\/wp-content\/uploads\/2026\/04\/81-cm-24-768x768.png 768w, https:\/\/demkohome.pl\/wp-content\/uploads\/2026\/04\/81-cm-24-1536x1536.png 1536w, https:\/\/demkohome.pl\/wp-content\/uploads\/2026\/04\/81-cm-24-12x12.png 12w, https:\/\/demkohome.pl\/wp-content\/uploads\/2026\/04\/81-cm-24-600x600.png 600w, https:\/\/demkohome.pl\/wp-content\/uploads\/2026\/04\/81-cm-24-100x100.png 100w, https:\/\/demkohome.pl\/wp-content\/uploads\/2026\/04\/81-cm-24.png 2048w\" sizes=\"auto, (max-width: 610px) 100vw, 610px\" \/><\/p>","protected":false},"excerpt":{"rendered":"<p>Blenda g\u00f3rna to funkcjonalny i estetyczny element wyko\u0144czeniowy zabudowy kuchennej, kt\u00f3ry pozwala na eleganckie zamaskowanie przestrzeni pod szafkami. Zosta\u0142a zaprojektowana (&#8230;)<\/p>","protected":false},"featured_media":742979,"comment_status":"open","ping_status":"closed","template":"","meta":{"_acf_changed":false,"inline_featured_image":false},"product_brand":[533],"product_cat":[65],"product_tag":[],"class_list":{"0":"post-738941","1":"product","2":"type-product","3":"status-publish","4":"has-post-thumbnail","6":"product_brand-demko-home","7":"product_cat-meble-kuchenne","8":"product_shipping_class-paczka-st-x-1","9":"collection-meble-kuchenne-modulowe","11":"first","12":"outofstock","13":"shipping-taxable","14":"purchasable","15":"product-type-simple"},"acf":[],"yoast_head":"<!-- This site is optimized with the Yoast SEO plugin v27.4 - https:\/\/yoast.com\/product\/yoast-seo-wordpress\/ -->\n<title>G\u00f3rna blenda diuna - Demko Home<\/title>\n<meta name=\"robots\" content=\"index, follow, max-snippet:-1, max-image-preview:large, max-video-preview:-1\" \/>\n<link rel=\"canonical\" href=\"https:\/\/demkohome.pl\/en\/product\/gorna-blenda-diuna\/\" \/>\n<meta property=\"og:locale\" content=\"en_US\" \/>\n<meta property=\"og:type\" content=\"article\" \/>\n<meta property=\"og:title\" content=\"G\u00f3rna blenda diuna - Demko Home\" \/>\n<meta property=\"og:description\" content=\"Blenda g\u00f3rna to funkcjonalny i estetyczny element wyko\u0144czeniowy zabudowy kuchennej, kt\u00f3ry pozwala na eleganckie zamaskowanie przestrzeni pod szafkami. Zosta\u0142a zaprojektowana (...)\" \/>\n<meta property=\"og:url\" content=\"https:\/\/demkohome.pl\/en\/product\/gorna-blenda-diuna\/\" \/>\n<meta property=\"og:site_name\" content=\"Demko Home\" \/>\n<meta property=\"article:modified_time\" content=\"2026-04-16T09:19:47+00:00\" \/>\n<meta property=\"og:image\" content=\"https:\/\/demkohome.pl\/wp-content\/uploads\/2026\/04\/5907736169290__DIUNA_G_BLENDA-1024x1024.png\" \/>\n\t<meta property=\"og:image:width\" content=\"1024\" \/>\n\t<meta property=\"og:image:height\" content=\"1024\" \/>\n\t<meta property=\"og:image:type\" content=\"image\/png\" \/>\n<meta name=\"twitter:card\" content=\"summary_large_image\" \/>\n<meta name=\"twitter:label1\" content=\"Est. reading time\" \/>\n\t<meta name=\"twitter:data1\" content=\"3 minutes\" \/>\n<script type=\"application\/ld+json\" class=\"yoast-schema-graph\">{\"@context\":\"https:\\\/\\\/schema.org\",\"@graph\":[{\"@type\":\"WebPage\",\"@id\":\"https:\\\/\\\/demkohome.pl\\\/produkt\\\/gorna-blenda-diuna\\\/\",\"url\":\"https:\\\/\\\/demkohome.pl\\\/produkt\\\/gorna-blenda-diuna\\\/\",\"name\":\"G\u00f3rna blenda diuna - Demko Home\",\"isPartOf\":{\"@id\":\"https:\\\/\\\/demkohome.pl\\\/#website\"},\"primaryImageOfPage\":{\"@id\":\"https:\\\/\\\/demkohome.pl\\\/produkt\\\/gorna-blenda-diuna\\\/#primaryimage\"},\"image\":{\"@id\":\"https:\\\/\\\/demkohome.pl\\\/produkt\\\/gorna-blenda-diuna\\\/#primaryimage\"},\"thumbnailUrl\":\"https:\\\/\\\/demkohome.pl\\\/wp-content\\\/uploads\\\/2026\\\/04\\\/5907736169290__DIUNA_G_BLENDA.png\",\"datePublished\":\"2026-04-13T08:21:16+00:00\",\"dateModified\":\"2026-04-16T09:19:47+00:00\",\"breadcrumb\":{\"@id\":\"https:\\\/\\\/demkohome.pl\\\/produkt\\\/gorna-blenda-diuna\\\/#breadcrumb\"},\"inLanguage\":\"en-US\",\"potentialAction\":[{\"@type\":\"ReadAction\",\"target\":[\"https:\\\/\\\/demkohome.pl\\\/produkt\\\/gorna-blenda-diuna\\\/\"]}]},{\"@type\":\"ImageObject\",\"inLanguage\":\"en-US\",\"@id\":\"https:\\\/\\\/demkohome.pl\\\/produkt\\\/gorna-blenda-diuna\\\/#primaryimage\",\"url\":\"https:\\\/\\\/demkohome.pl\\\/wp-content\\\/uploads\\\/2026\\\/04\\\/5907736169290__DIUNA_G_BLENDA.png\",\"contentUrl\":\"https:\\\/\\\/demkohome.pl\\\/wp-content\\\/uploads\\\/2026\\\/04\\\/5907736169290__DIUNA_G_BLENDA.png\",\"width\":2500,\"height\":2500,\"caption\":\"blenda g\u00f3rna Diuna demko home\"},{\"@type\":\"BreadcrumbList\",\"@id\":\"https:\\\/\\\/demkohome.pl\\\/produkt\\\/gorna-blenda-diuna\\\/#breadcrumb\",\"itemListElement\":[{\"@type\":\"ListItem\",\"position\":1,\"name\":\"Strona g\u0142\u00f3wna\",\"item\":\"https:\\\/\\\/demkohome.pl\\\/\"},{\"@type\":\"ListItem\",\"position\":2,\"name\":\"Sklep\",\"item\":\"https:\\\/\\\/demkohome.pl\\\/sklep\\\/\"},{\"@type\":\"ListItem\",\"position\":3,\"name\":\"G\u00f3rna blenda diuna\"}]},{\"@type\":\"WebSite\",\"@id\":\"https:\\\/\\\/demkohome.pl\\\/#website\",\"url\":\"https:\\\/\\\/demkohome.pl\\\/\",\"name\":\"Demko Home\",\"description\":\"Make it simple\",\"publisher\":{\"@id\":\"https:\\\/\\\/demkohome.pl\\\/#organization\"},\"potentialAction\":[{\"@type\":\"SearchAction\",\"target\":{\"@type\":\"EntryPoint\",\"urlTemplate\":\"https:\\\/\\\/demkohome.pl\\\/?s={search_term_string}\"},\"query-input\":{\"@type\":\"PropertyValueSpecification\",\"valueRequired\":true,\"valueName\":\"search_term_string\"}}],\"inLanguage\":\"en-US\"},{\"@type\":\"Organization\",\"@id\":\"https:\\\/\\\/demkohome.pl\\\/#organization\",\"name\":\"Demko Home\",\"url\":\"https:\\\/\\\/demkohome.pl\\\/\",\"logo\":{\"@type\":\"ImageObject\",\"inLanguage\":\"en-US\",\"@id\":\"https:\\\/\\\/demkohome.pl\\\/#\\\/schema\\\/logo\\\/image\\\/\",\"url\":\"https:\\\/\\\/demkohome.pl\\\/wp-content\\\/uploads\\\/2026\\\/03\\\/cropped-3.png\",\"contentUrl\":\"https:\\\/\\\/demkohome.pl\\\/wp-content\\\/uploads\\\/2026\\\/03\\\/cropped-3.png\",\"width\":250,\"height\":63,\"caption\":\"Demko Home\"},\"image\":{\"@id\":\"https:\\\/\\\/demkohome.pl\\\/#\\\/schema\\\/logo\\\/image\\\/\"}}]}<\/script>\n<!-- \/ Yoast SEO plugin. -->","yoast_head_json":{"title":"G\u00f3rna blenda diuna - Demko Home","robots":{"index":"index","follow":"follow","max-snippet":"max-snippet:-1","max-image-preview":"max-image-preview:large","max-video-preview":"max-video-preview:-1"},"canonical":"https:\/\/demkohome.pl\/en\/product\/gorna-blenda-diuna\/","og_locale":"en_US","og_type":"article","og_title":"G\u00f3rna blenda diuna - Demko Home","og_description":"Blenda g\u00f3rna to funkcjonalny i estetyczny element wyko\u0144czeniowy zabudowy kuchennej, kt\u00f3ry pozwala na eleganckie zamaskowanie przestrzeni pod szafkami. Zosta\u0142a zaprojektowana (...)","og_url":"https:\/\/demkohome.pl\/en\/product\/gorna-blenda-diuna\/","og_site_name":"Demko Home","article_modified_time":"2026-04-16T09:19:47+00:00","og_image":[{"width":1024,"height":1024,"url":"https:\/\/demkohome.pl\/wp-content\/uploads\/2026\/04\/5907736169290__DIUNA_G_BLENDA-1024x1024.png","type":"image\/png"}],"twitter_card":"summary_large_image","twitter_misc":{"Est. reading time":"3 minutes"},"schema":{"@context":"https:\/\/schema.org","@graph":[{"@type":"WebPage","@id":"https:\/\/demkohome.pl\/produkt\/gorna-blenda-diuna\/","url":"https:\/\/demkohome.pl\/produkt\/gorna-blenda-diuna\/","name":"G\u00f3rna blenda diuna - Demko Home","isPartOf":{"@id":"https:\/\/demkohome.pl\/#website"},"primaryImageOfPage":{"@id":"https:\/\/demkohome.pl\/produkt\/gorna-blenda-diuna\/#primaryimage"},"image":{"@id":"https:\/\/demkohome.pl\/produkt\/gorna-blenda-diuna\/#primaryimage"},"thumbnailUrl":"https:\/\/demkohome.pl\/wp-content\/uploads\/2026\/04\/5907736169290__DIUNA_G_BLENDA.png","datePublished":"2026-04-13T08:21:16+00:00","dateModified":"2026-04-16T09:19:47+00:00","breadcrumb":{"@id":"https:\/\/demkohome.pl\/produkt\/gorna-blenda-diuna\/#breadcrumb"},"inLanguage":"en-US","potentialAction":[{"@type":"ReadAction","target":["https:\/\/demkohome.pl\/produkt\/gorna-blenda-diuna\/"]}]},{"@type":"ImageObject","inLanguage":"en-US","@id":"https:\/\/demkohome.pl\/produkt\/gorna-blenda-diuna\/#primaryimage","url":"https:\/\/demkohome.pl\/wp-content\/uploads\/2026\/04\/5907736169290__DIUNA_G_BLENDA.png","contentUrl":"https:\/\/demkohome.pl\/wp-content\/uploads\/2026\/04\/5907736169290__DIUNA_G_BLENDA.png","width":2500,"height":2500,"caption":"blenda g\u00f3rna Diuna demko home"},{"@type":"BreadcrumbList","@id":"https:\/\/demkohome.pl\/produkt\/gorna-blenda-diuna\/#breadcrumb","itemListElement":[{"@type":"ListItem","position":1,"name":"Strona g\u0142\u00f3wna","item":"https:\/\/demkohome.pl\/"},{"@type":"ListItem","position":2,"name":"Sklep","item":"https:\/\/demkohome.pl\/sklep\/"},{"@type":"ListItem","position":3,"name":"G\u00f3rna blenda diuna"}]},{"@type":"WebSite","@id":"https:\/\/demkohome.pl\/#website","url":"https:\/\/demkohome.pl\/","name":"Demko Home","description":"Make it simple","publisher":{"@id":"https:\/\/demkohome.pl\/#organization"},"potentialAction":[{"@type":"SearchAction","target":{"@type":"EntryPoint","urlTemplate":"https:\/\/demkohome.pl\/?s={search_term_string}"},"query-input":{"@type":"PropertyValueSpecification","valueRequired":true,"valueName":"search_term_string"}}],"inLanguage":"en-US"},{"@type":"Organization","@id":"https:\/\/demkohome.pl\/#organization","name":"Demko Home","url":"https:\/\/demkohome.pl\/","logo":{"@type":"ImageObject","inLanguage":"en-US","@id":"https:\/\/demkohome.pl\/#\/schema\/logo\/image\/","url":"https:\/\/demkohome.pl\/wp-content\/uploads\/2026\/03\/cropped-3.png","contentUrl":"https:\/\/demkohome.pl\/wp-content\/uploads\/2026\/03\/cropped-3.png","width":250,"height":63,"caption":"Demko Home"},"image":{"@id":"https:\/\/demkohome.pl\/#\/schema\/logo\/image\/"}}]}},"_links":{"self":[{"href":"https:\/\/demkohome.pl\/en\/wp-json\/wp\/v2\/product\/738941","targetHints":{"allow":["GET"]}}],"collection":[{"href":"https:\/\/demkohome.pl\/en\/wp-json\/wp\/v2\/product"}],"about":[{"href":"https:\/\/demkohome.pl\/en\/wp-json\/wp\/v2\/types\/product"}],"replies":[{"embeddable":true,"href":"https:\/\/demkohome.pl\/en\/wp-json\/wp\/v2\/comments?post=738941"}],"wp:featuredmedia":[{"embeddable":true,"href":"https:\/\/demkohome.pl\/en\/wp-json\/wp\/v2\/media\/742979"}],"wp:attachment":[{"href":"https:\/\/demkohome.pl\/en\/wp-json\/wp\/v2\/media?parent=738941"}],"wp:term":[{"taxonomy":"product_brand","embeddable":true,"href":"https:\/\/demkohome.pl\/en\/wp-json\/wp\/v2\/product_brand?post=738941"},{"taxonomy":"product_cat","embeddable":true,"href":"https:\/\/demkohome.pl\/en\/wp-json\/wp\/v2\/product_cat?post=738941"},{"taxonomy":"product_tag","embeddable":true,"href":"https:\/\/demkohome.pl\/en\/wp-json\/wp\/v2\/product_tag?post=738941"}],"curies":[{"name":"wp","href":"https:\/\/api.w.org\/{rel}","templated":true}]}}