{"id":742969,"date":"2026-04-15T12:16:30","date_gmt":"2026-04-15T10:16:30","guid":{"rendered":"https:\/\/demkohome.pl\/?post_type=product&#038;p=742969"},"modified":"2026-04-16T11:19:14","modified_gmt":"2026-04-16T09:19:14","slug":"panel-zmywarki-60-cm-diuna","status":"publish","type":"product","link":"https:\/\/demkohome.pl\/en\/product\/panel-zmywarki-60-cm-diuna\/","title":{"rendered":"Panel zmywarki 60 cm Diuna"},"content":{"rendered":"<h3 data-start=\"0\" data-end=\"144\">Panel zmywarki 60 cm w kolorze kaszmir to estetyczne i funkcjonalne rozwi\u0105zanie, kt\u00f3re pozwala na pe\u0142n\u0105 integracj\u0119 zmywarki z zabudow\u0105 kuchenn\u0105.<\/h3>\n<p data-start=\"146\" data-end=\"326\">Zosta\u0142 zaprojektowany z my\u015bl\u0105 o stworzeniu sp\u00f3jnej i eleganckiej linii front\u00f3w. Dzi\u0119ki niemu zmywarka staje si\u0119 niemal niewidoczna, idealnie wpisuj\u0105c si\u0119 w ca\u0142o\u015b\u0107 aran\u017cacji kuchni.<\/p>\n<p data-start=\"328\" data-end=\"422\">To praktyczny element wyko\u0144czeniowy, kt\u00f3ry \u0142\u0105czy nowoczesny wygl\u0105d z wysok\u0105 estetyk\u0105 zabudowy.<\/p>\n<h4 data-start=\"424\" data-end=\"456\"><strong data-start=\"424\" data-end=\"456\">Dopasowanie do ka\u017cdej kuchni<\/strong><\/h4>\n<p data-start=\"458\" data-end=\"660\">Panel zmywarki 60 cm to uniwersalne rozwi\u0105zanie pasuj\u0105ce do wi\u0119kszo\u015bci standardowych zmywarek do zabudowy. Doskonale sprawdzi si\u0119 w r\u00f3\u017cnych uk\u0142adach kuchennych, zapewniaj\u0105c sp\u00f3jny wygl\u0105d ca\u0142ej zabudowy.<\/p>\n<p data-start=\"662\" data-end=\"770\">Idealny zar\u00f3wno do mniejszych, jak i wi\u0119kszych przestrzeni, gdzie liczy si\u0119 estetyka i harmonia wyko\u0144czenia.<\/p>\n<h4 data-start=\"772\" data-end=\"810\"><strong data-start=\"772\" data-end=\"810\">System Diuna \u2013 elastyczna zabudowa<\/strong><\/h4>\n<p data-start=\"812\" data-end=\"1018\">Panel jest cz\u0119\u015bci\u0105 <span style=\"color: #333333;\"><a style=\"color: #333333;\" href=\"https:\/\/demkohome.pl\/en\/product\/kuchania-diuna\/\">systemu modu\u0142owego Diuna<\/a><\/span>, kt\u00f3ry umo\u017cliwia swobodne komponowanie kuchni wed\u0142ug w\u0142asnych potrzeb. Dzi\u0119ki temu mo\u017cesz w prosty spos\u00f3b stworzy\u0107 funkcjonaln\u0105 i dopasowan\u0105 do siebie przestrze\u0144.<\/p>\n<h4 data-start=\"1020\" data-end=\"1056\"><strong data-start=\"1020\" data-end=\"1056\">Uniwersalny design systemu Diuna<\/strong><\/h4>\n<p data-start=\"1058\" data-end=\"1263\">Wyko\u0144czenie w kolorze kaszmiru nadaje zabudowie subtelny, elegancki i ponadczasowy charakter. Delikatny, neutralny odcie\u0144 doskonale rozja\u015bnia wn\u0119trze i harmonijnie wsp\u00f3\u0142gra z innymi elementami wyposa\u017cenia.<\/p>\n<p data-start=\"1265\" data-end=\"1383\">Minimalistyczna forma panelu podkre\u015bla nowoczesny styl kuchni i sprawia, \u017ce ca\u0142o\u015b\u0107 prezentuje si\u0119 lekko i estetycznie.<\/p>\n<p data-start=\"1385\" data-end=\"1469\">Kolor kaszmir \u015bwietnie wpisuje si\u0119 w aran\u017cacje <strong>nowoczesne, klasyczne oraz soft loft<\/strong>.<\/p>\n<p data-start=\"1471\" data-end=\"1525\" data-is-last-node=\"\" data-is-only-node=\"\"><strong data-start=\"1471\" data-end=\"1525\" data-is-last-node=\"\">Diuna \u2013 stw\u00f3rz kuchni\u0119, kt\u00f3ra ro\u015bnie razem z Tob\u0105.<\/strong><\/p>\n<p data-start=\"1471\" data-end=\"1525\" data-is-last-node=\"\" data-is-only-node=\"\"><img loading=\"lazy\" decoding=\"async\" class=\"wp-image-717427 size-full\" src=\"https:\/\/demkohome.pl\/wp-content\/uploads\/2026\/04\/demko_diuna_linea_H1105_kaszmir_U702_001_przerobione-aranz-grafit-scaled.png\" alt=\"Kaszmirowa kuchnia demko home\" width=\"2560\" height=\"1920\" srcset=\"https:\/\/demkohome.pl\/wp-content\/uploads\/2026\/04\/demko_diuna_linea_H1105_kaszmir_U702_001_przerobione-aranz-grafit-scaled.png 2560w, https:\/\/demkohome.pl\/wp-content\/uploads\/2026\/04\/demko_diuna_linea_H1105_kaszmir_U702_001_przerobione-aranz-grafit-300x225.png 300w, https:\/\/demkohome.pl\/wp-content\/uploads\/2026\/04\/demko_diuna_linea_H1105_kaszmir_U702_001_przerobione-aranz-grafit-1024x768.png 1024w, https:\/\/demkohome.pl\/wp-content\/uploads\/2026\/04\/demko_diuna_linea_H1105_kaszmir_U702_001_przerobione-aranz-grafit-768x576.png 768w, https:\/\/demkohome.pl\/wp-content\/uploads\/2026\/04\/demko_diuna_linea_H1105_kaszmir_U702_001_przerobione-aranz-grafit-1536x1152.png 1536w, https:\/\/demkohome.pl\/wp-content\/uploads\/2026\/04\/demko_diuna_linea_H1105_kaszmir_U702_001_przerobione-aranz-grafit-2048x1536.png 2048w, https:\/\/demkohome.pl\/wp-content\/uploads\/2026\/04\/demko_diuna_linea_H1105_kaszmir_U702_001_przerobione-aranz-grafit-16x12.png 16w, https:\/\/demkohome.pl\/wp-content\/uploads\/2026\/04\/demko_diuna_linea_H1105_kaszmir_U702_001_przerobione-aranz-grafit-600x450.png 600w\" sizes=\"auto, (max-width: 2560px) 100vw, 2560px\" \/><\/p>\n<h4 data-start=\"680\" data-end=\"734\"><span style=\"color: #000000;\">Product Dimensions:<\/span><\/h4>\n<p>&nbsp;<\/p>\n<table class=\"o-product-features\" role=\"presentation\">\n<tbody>\n<tr class=\"m-product-attr-row\">\n<th class=\"m-product-attr-row__name\" scope=\"row\">\n<h6>Produkt po z\u0142o\u017ceniu: szeroko\u015b\u0107 (w cm)<\/h6>\n<\/th>\n<td class=\"m-product-attr-row__value\">\n<h6>59,6<\/h6>\n<\/td>\n<\/tr>\n<tr class=\"m-product-attr-row\">\n<th class=\"m-product-attr-row__name\" scope=\"row\"><\/th>\n<td class=\"m-product-attr-row__value\"><\/td>\n<\/tr>\n<tr class=\"m-product-attr-row\">\n<th class=\"m-product-attr-row__name\" scope=\"row\">\n<h6>Produkt po z\u0142o\u017ceniu: wysoko\u015b\u0107 (w cm)<\/h6>\n<\/th>\n<td class=\"m-product-attr-row__value\">\n<h6>77,6<\/h6>\n<\/td>\n<\/tr>\n<tr class=\"m-product-attr-row\">\n<th class=\"m-product-attr-row__name\" scope=\"row\">\n<h6>Produkt w opakowaniu: waga (w kg)<\/h6>\n<\/th>\n<td class=\"m-product-attr-row__value\">\n<h6>8<\/h6>\n<\/td>\n<\/tr>\n<\/tbody>\n<\/table>\n<p><img loading=\"lazy\" decoding=\"async\" class=\"alignleft wp-image-742970\" src=\"https:\/\/demkohome.pl\/wp-content\/uploads\/2026\/04\/81-cm-22-300x300.png\" alt=\"\" width=\"610\" height=\"610\" srcset=\"https:\/\/demkohome.pl\/wp-content\/uploads\/2026\/04\/81-cm-22-300x300.png 300w, https:\/\/demkohome.pl\/wp-content\/uploads\/2026\/04\/81-cm-22-1024x1024.png 1024w, https:\/\/demkohome.pl\/wp-content\/uploads\/2026\/04\/81-cm-22-150x150.png 150w, https:\/\/demkohome.pl\/wp-content\/uploads\/2026\/04\/81-cm-22-768x768.png 768w, https:\/\/demkohome.pl\/wp-content\/uploads\/2026\/04\/81-cm-22-1536x1536.png 1536w, https:\/\/demkohome.pl\/wp-content\/uploads\/2026\/04\/81-cm-22-12x12.png 12w, https:\/\/demkohome.pl\/wp-content\/uploads\/2026\/04\/81-cm-22-600x600.png 600w, https:\/\/demkohome.pl\/wp-content\/uploads\/2026\/04\/81-cm-22-100x100.png 100w, https:\/\/demkohome.pl\/wp-content\/uploads\/2026\/04\/81-cm-22.png 2048w\" sizes=\"auto, (max-width: 610px) 100vw, 610px\" \/><\/p>","protected":false},"excerpt":{"rendered":"<p>Panel zmywarki 60 cm w kolorze kaszmir to estetyczne i funkcjonalne rozwi\u0105zanie, kt\u00f3re pozwala na pe\u0142n\u0105 integracj\u0119 zmywarki z zabudow\u0105 (&#8230;)<\/p>","protected":false},"featured_media":742971,"comment_status":"open","ping_status":"closed","template":"","meta":{"_acf_changed":false,"inline_featured_image":false},"product_brand":[533],"product_cat":[65],"product_tag":[],"class_list":{"0":"post-742969","1":"product","2":"type-product","3":"status-publish","4":"has-post-thumbnail","6":"product_brand-demko-home","7":"product_cat-meble-kuchenne","8":"product_shipping_class-paczka-st-x-1","9":"collection-meble-kuchenne-modulowe","11":"first","12":"outofstock","13":"shipping-taxable","14":"purchasable","15":"product-type-simple"},"acf":[],"yoast_head":"<!-- This site is optimized with the Yoast SEO plugin v27.4 - https:\/\/yoast.com\/product\/yoast-seo-wordpress\/ -->\n<title>Panel zmywarki 60 cm Diuna - Demko Home<\/title>\n<meta name=\"robots\" content=\"index, follow, max-snippet:-1, max-image-preview:large, max-video-preview:-1\" \/>\n<link rel=\"canonical\" href=\"https:\/\/demkohome.pl\/en\/product\/panel-zmywarki-60-cm-diuna\/\" \/>\n<meta property=\"og:locale\" content=\"en_US\" \/>\n<meta property=\"og:type\" content=\"article\" \/>\n<meta property=\"og:title\" content=\"Panel zmywarki 60 cm Diuna - Demko Home\" \/>\n<meta property=\"og:description\" content=\"Panel zmywarki 60 cm w kolorze kaszmir to estetyczne i funkcjonalne rozwi\u0105zanie, kt\u00f3re pozwala na pe\u0142n\u0105 integracj\u0119 zmywarki z zabudow\u0105 (...)\" \/>\n<meta property=\"og:url\" content=\"https:\/\/demkohome.pl\/en\/product\/panel-zmywarki-60-cm-diuna\/\" \/>\n<meta property=\"og:site_name\" content=\"Demko Home\" \/>\n<meta property=\"article:modified_time\" content=\"2026-04-16T09:19:14+00:00\" \/>\n<meta property=\"og:image\" content=\"https:\/\/demkohome.pl\/wp-content\/uploads\/2026\/04\/5907736168590__DIUNA_D60_ZMYWARKA-1024x1024.png\" \/>\n\t<meta property=\"og:image:width\" content=\"1024\" \/>\n\t<meta property=\"og:image:height\" content=\"1024\" \/>\n\t<meta property=\"og:image:type\" content=\"image\/png\" \/>\n<meta name=\"twitter:card\" content=\"summary_large_image\" \/>\n<meta name=\"twitter:label1\" content=\"Est. reading time\" \/>\n\t<meta name=\"twitter:data1\" content=\"3 minutes\" \/>\n<script type=\"application\/ld+json\" class=\"yoast-schema-graph\">{\"@context\":\"https:\\\/\\\/schema.org\",\"@graph\":[{\"@type\":\"WebPage\",\"@id\":\"https:\\\/\\\/demkohome.pl\\\/produkt\\\/panel-zmywarki-60-cm-diuna\\\/\",\"url\":\"https:\\\/\\\/demkohome.pl\\\/produkt\\\/panel-zmywarki-60-cm-diuna\\\/\",\"name\":\"Panel zmywarki 60 cm Diuna - Demko Home\",\"isPartOf\":{\"@id\":\"https:\\\/\\\/demkohome.pl\\\/#website\"},\"primaryImageOfPage\":{\"@id\":\"https:\\\/\\\/demkohome.pl\\\/produkt\\\/panel-zmywarki-60-cm-diuna\\\/#primaryimage\"},\"image\":{\"@id\":\"https:\\\/\\\/demkohome.pl\\\/produkt\\\/panel-zmywarki-60-cm-diuna\\\/#primaryimage\"},\"thumbnailUrl\":\"https:\\\/\\\/demkohome.pl\\\/wp-content\\\/uploads\\\/2026\\\/04\\\/5907736168590__DIUNA_D60_ZMYWARKA.png\",\"datePublished\":\"2026-04-15T10:16:30+00:00\",\"dateModified\":\"2026-04-16T09:19:14+00:00\",\"breadcrumb\":{\"@id\":\"https:\\\/\\\/demkohome.pl\\\/produkt\\\/panel-zmywarki-60-cm-diuna\\\/#breadcrumb\"},\"inLanguage\":\"en-US\",\"potentialAction\":[{\"@type\":\"ReadAction\",\"target\":[\"https:\\\/\\\/demkohome.pl\\\/produkt\\\/panel-zmywarki-60-cm-diuna\\\/\"]}]},{\"@type\":\"ImageObject\",\"inLanguage\":\"en-US\",\"@id\":\"https:\\\/\\\/demkohome.pl\\\/produkt\\\/panel-zmywarki-60-cm-diuna\\\/#primaryimage\",\"url\":\"https:\\\/\\\/demkohome.pl\\\/wp-content\\\/uploads\\\/2026\\\/04\\\/5907736168590__DIUNA_D60_ZMYWARKA.png\",\"contentUrl\":\"https:\\\/\\\/demkohome.pl\\\/wp-content\\\/uploads\\\/2026\\\/04\\\/5907736168590__DIUNA_D60_ZMYWARKA.png\",\"width\":2500,\"height\":2500},{\"@type\":\"BreadcrumbList\",\"@id\":\"https:\\\/\\\/demkohome.pl\\\/produkt\\\/panel-zmywarki-60-cm-diuna\\\/#breadcrumb\",\"itemListElement\":[{\"@type\":\"ListItem\",\"position\":1,\"name\":\"Strona g\u0142\u00f3wna\",\"item\":\"https:\\\/\\\/demkohome.pl\\\/\"},{\"@type\":\"ListItem\",\"position\":2,\"name\":\"Sklep\",\"item\":\"https:\\\/\\\/demkohome.pl\\\/sklep\\\/\"},{\"@type\":\"ListItem\",\"position\":3,\"name\":\"Panel zmywarki 60 cm Diuna\"}]},{\"@type\":\"WebSite\",\"@id\":\"https:\\\/\\\/demkohome.pl\\\/#website\",\"url\":\"https:\\\/\\\/demkohome.pl\\\/\",\"name\":\"Demko Home\",\"description\":\"Make it simple\",\"publisher\":{\"@id\":\"https:\\\/\\\/demkohome.pl\\\/#organization\"},\"potentialAction\":[{\"@type\":\"SearchAction\",\"target\":{\"@type\":\"EntryPoint\",\"urlTemplate\":\"https:\\\/\\\/demkohome.pl\\\/?s={search_term_string}\"},\"query-input\":{\"@type\":\"PropertyValueSpecification\",\"valueRequired\":true,\"valueName\":\"search_term_string\"}}],\"inLanguage\":\"en-US\"},{\"@type\":\"Organization\",\"@id\":\"https:\\\/\\\/demkohome.pl\\\/#organization\",\"name\":\"Demko Home\",\"url\":\"https:\\\/\\\/demkohome.pl\\\/\",\"logo\":{\"@type\":\"ImageObject\",\"inLanguage\":\"en-US\",\"@id\":\"https:\\\/\\\/demkohome.pl\\\/#\\\/schema\\\/logo\\\/image\\\/\",\"url\":\"https:\\\/\\\/demkohome.pl\\\/wp-content\\\/uploads\\\/2026\\\/03\\\/cropped-3.png\",\"contentUrl\":\"https:\\\/\\\/demkohome.pl\\\/wp-content\\\/uploads\\\/2026\\\/03\\\/cropped-3.png\",\"width\":250,\"height\":63,\"caption\":\"Demko Home\"},\"image\":{\"@id\":\"https:\\\/\\\/demkohome.pl\\\/#\\\/schema\\\/logo\\\/image\\\/\"}}]}<\/script>\n<!-- \/ Yoast SEO plugin. -->","yoast_head_json":{"title":"Panel zmywarki 60 cm Diuna - Demko Home","robots":{"index":"index","follow":"follow","max-snippet":"max-snippet:-1","max-image-preview":"max-image-preview:large","max-video-preview":"max-video-preview:-1"},"canonical":"https:\/\/demkohome.pl\/en\/product\/panel-zmywarki-60-cm-diuna\/","og_locale":"en_US","og_type":"article","og_title":"Panel zmywarki 60 cm Diuna - Demko Home","og_description":"Panel zmywarki 60 cm w kolorze kaszmir to estetyczne i funkcjonalne rozwi\u0105zanie, kt\u00f3re pozwala na pe\u0142n\u0105 integracj\u0119 zmywarki z zabudow\u0105 (...)","og_url":"https:\/\/demkohome.pl\/en\/product\/panel-zmywarki-60-cm-diuna\/","og_site_name":"Demko Home","article_modified_time":"2026-04-16T09:19:14+00:00","og_image":[{"width":1024,"height":1024,"url":"https:\/\/demkohome.pl\/wp-content\/uploads\/2026\/04\/5907736168590__DIUNA_D60_ZMYWARKA-1024x1024.png","type":"image\/png"}],"twitter_card":"summary_large_image","twitter_misc":{"Est. reading time":"3 minutes"},"schema":{"@context":"https:\/\/schema.org","@graph":[{"@type":"WebPage","@id":"https:\/\/demkohome.pl\/produkt\/panel-zmywarki-60-cm-diuna\/","url":"https:\/\/demkohome.pl\/produkt\/panel-zmywarki-60-cm-diuna\/","name":"Panel zmywarki 60 cm Diuna - Demko Home","isPartOf":{"@id":"https:\/\/demkohome.pl\/#website"},"primaryImageOfPage":{"@id":"https:\/\/demkohome.pl\/produkt\/panel-zmywarki-60-cm-diuna\/#primaryimage"},"image":{"@id":"https:\/\/demkohome.pl\/produkt\/panel-zmywarki-60-cm-diuna\/#primaryimage"},"thumbnailUrl":"https:\/\/demkohome.pl\/wp-content\/uploads\/2026\/04\/5907736168590__DIUNA_D60_ZMYWARKA.png","datePublished":"2026-04-15T10:16:30+00:00","dateModified":"2026-04-16T09:19:14+00:00","breadcrumb":{"@id":"https:\/\/demkohome.pl\/produkt\/panel-zmywarki-60-cm-diuna\/#breadcrumb"},"inLanguage":"en-US","potentialAction":[{"@type":"ReadAction","target":["https:\/\/demkohome.pl\/produkt\/panel-zmywarki-60-cm-diuna\/"]}]},{"@type":"ImageObject","inLanguage":"en-US","@id":"https:\/\/demkohome.pl\/produkt\/panel-zmywarki-60-cm-diuna\/#primaryimage","url":"https:\/\/demkohome.pl\/wp-content\/uploads\/2026\/04\/5907736168590__DIUNA_D60_ZMYWARKA.png","contentUrl":"https:\/\/demkohome.pl\/wp-content\/uploads\/2026\/04\/5907736168590__DIUNA_D60_ZMYWARKA.png","width":2500,"height":2500},{"@type":"BreadcrumbList","@id":"https:\/\/demkohome.pl\/produkt\/panel-zmywarki-60-cm-diuna\/#breadcrumb","itemListElement":[{"@type":"ListItem","position":1,"name":"Strona g\u0142\u00f3wna","item":"https:\/\/demkohome.pl\/"},{"@type":"ListItem","position":2,"name":"Sklep","item":"https:\/\/demkohome.pl\/sklep\/"},{"@type":"ListItem","position":3,"name":"Panel zmywarki 60 cm Diuna"}]},{"@type":"WebSite","@id":"https:\/\/demkohome.pl\/#website","url":"https:\/\/demkohome.pl\/","name":"Demko Home","description":"Make it simple","publisher":{"@id":"https:\/\/demkohome.pl\/#organization"},"potentialAction":[{"@type":"SearchAction","target":{"@type":"EntryPoint","urlTemplate":"https:\/\/demkohome.pl\/?s={search_term_string}"},"query-input":{"@type":"PropertyValueSpecification","valueRequired":true,"valueName":"search_term_string"}}],"inLanguage":"en-US"},{"@type":"Organization","@id":"https:\/\/demkohome.pl\/#organization","name":"Demko Home","url":"https:\/\/demkohome.pl\/","logo":{"@type":"ImageObject","inLanguage":"en-US","@id":"https:\/\/demkohome.pl\/#\/schema\/logo\/image\/","url":"https:\/\/demkohome.pl\/wp-content\/uploads\/2026\/03\/cropped-3.png","contentUrl":"https:\/\/demkohome.pl\/wp-content\/uploads\/2026\/03\/cropped-3.png","width":250,"height":63,"caption":"Demko Home"},"image":{"@id":"https:\/\/demkohome.pl\/#\/schema\/logo\/image\/"}}]}},"_links":{"self":[{"href":"https:\/\/demkohome.pl\/en\/wp-json\/wp\/v2\/product\/742969","targetHints":{"allow":["GET"]}}],"collection":[{"href":"https:\/\/demkohome.pl\/en\/wp-json\/wp\/v2\/product"}],"about":[{"href":"https:\/\/demkohome.pl\/en\/wp-json\/wp\/v2\/types\/product"}],"replies":[{"embeddable":true,"href":"https:\/\/demkohome.pl\/en\/wp-json\/wp\/v2\/comments?post=742969"}],"wp:featuredmedia":[{"embeddable":true,"href":"https:\/\/demkohome.pl\/en\/wp-json\/wp\/v2\/media\/742971"}],"wp:attachment":[{"href":"https:\/\/demkohome.pl\/en\/wp-json\/wp\/v2\/media?parent=742969"}],"wp:term":[{"taxonomy":"product_brand","embeddable":true,"href":"https:\/\/demkohome.pl\/en\/wp-json\/wp\/v2\/product_brand?post=742969"},{"taxonomy":"product_cat","embeddable":true,"href":"https:\/\/demkohome.pl\/en\/wp-json\/wp\/v2\/product_cat?post=742969"},{"taxonomy":"product_tag","embeddable":true,"href":"https:\/\/demkohome.pl\/en\/wp-json\/wp\/v2\/product_tag?post=742969"}],"curies":[{"name":"wp","href":"https:\/\/api.w.org\/{rel}","templated":true}]}}