{"id":755,"date":"2023-08-25T00:32:44","date_gmt":"2023-08-24T22:32:44","guid":{"rendered":"https:\/\/demkohome.pl\/produkt\/szafka-kuchenna-dolna-40-cm-z-trzema-szufladami-laxy\/"},"modified":"2026-04-20T09:17:14","modified_gmt":"2026-04-20T07:17:14","slug":"szafka-kuchenna-dolna-40-cm-z-trzema-szufladami-laxy","status":"publish","type":"product","link":"https:\/\/demkohome.pl\/en\/product\/szafka-kuchenna-dolna-40-cm-z-trzema-szufladami-laxy\/","title":{"rendered":"Standing kitchen cabinet 40 cm with 3 drawers Laxy"},"content":{"rendered":"<div style=\"font-family: 'Noto Sans', sans-serif; font-size: 17px;\">Standing kitchen cabinet 40 cm with 3 drawers Laxy is a product of a Polish manufacturer, combining minimalist and practical design, ideal for Scandinavian style kitchens. The cabinet has dimensions of 40 x 81 x 56 cm, which makes it a compact, but very functional kitchen element, offering plenty of storage space thanks to three capacious drawers.Made of 16 mm thick laminated particleboard, the cabinet is resistant to moisture, which ensures its durability and ease of cleaning. Both the cabinet's bodies and fronts are made of the same high-quality material, which gives it a consistent and aesthetically pleasing appearance.<\/p>\n<p>Each drawer is equipped with a silent closing mechanism, which increases the comfort of use, and adjustable legs allow you to adjust the height of the furniture to individual needs. Metal handles in the color of steel and PVC edging emphasize the elegant, minimalist character of the cabinet.<\/p>\n<p>The product was created in accordance with the FSC standard, which proves its ecological origin. The cabinet is designed for self-assembly and can be easily expanded with other elements from the Laxy collection, which allows you to create a coherent and functional kitchen interior.<\/p>\n<hr \/>\n<p>Invest in quality and style - choose the \"Laxy\" kitchen cabinet!<\/p>\n<\/div>\n<p><img loading=\"lazy\" decoding=\"async\" class=\"wp-image-734 size-full alignnone\" src=\"https:\/\/demkohome.pl\/wp-content\/uploads\/2023\/08\/Segment-kuch.-LAXY-200_72-Hikora_Natura-Hikora_Natura-FSC-1920-EAN_-5907736137923.jpg\" alt=\"Segment kuchenny LAXY HIKORA\" width=\"1920\" height=\"1280\" srcset=\"https:\/\/demkohome.pl\/wp-content\/uploads\/2023\/08\/Segment-kuch.-LAXY-200_72-Hikora_Natura-Hikora_Natura-FSC-1920-EAN_-5907736137923.jpg 1920w, https:\/\/demkohome.pl\/wp-content\/uploads\/2023\/08\/Segment-kuch.-LAXY-200_72-Hikora_Natura-Hikora_Natura-FSC-1920-EAN_-5907736137923-300x200.jpg 300w, https:\/\/demkohome.pl\/wp-content\/uploads\/2023\/08\/Segment-kuch.-LAXY-200_72-Hikora_Natura-Hikora_Natura-FSC-1920-EAN_-5907736137923-600x400.jpg 600w, https:\/\/demkohome.pl\/wp-content\/uploads\/2023\/08\/Segment-kuch.-LAXY-200_72-Hikora_Natura-Hikora_Natura-FSC-1920-EAN_-5907736137923-768x512.jpg 768w, https:\/\/demkohome.pl\/wp-content\/uploads\/2023\/08\/Segment-kuch.-LAXY-200_72-Hikora_Natura-Hikora_Natura-FSC-1920-EAN_-5907736137923-1024x683.jpg 1024w, https:\/\/demkohome.pl\/wp-content\/uploads\/2023\/08\/Segment-kuch.-LAXY-200_72-Hikora_Natura-Hikora_Natura-FSC-1920-EAN_-5907736137923-1536x1024.jpg 1536w\" sizes=\"auto, (max-width: 1920px) 100vw, 1920px\" \/><\/p>\n<div style=\"font-family: 'Noto Sans', sans-serif; font-size: 17px;\">Laxy kitchen furniture collection was created for lovers of modern, minimalist interiors in Scandinavian style. Bright, warm bodies and fronts made of Hickory Natura board and the vertical structure of the wood grain give the interior an optical spaciousness and brighten the composition. In addition, the upper wall cabinets are equipped with open shelves, which allow you to display your favorite kitchen accessories. Laxy kitchen cabinets not only look aesthetically pleasing, but also have many functional advantages. The quiet closing system of the fronts ensures smooth and noiseless closing of the cabinets, and the steel-colored metal handles add a modern touch. A wide range of cabinets allows for any arrangement of kitchen space. The Laxy kitchen furniture collection is an excellent choice for those looking for modern and functional solutions for their kitchen. Its minimalist design combined with high quality workmanship make the interior gain character and style, while providing practical solutions for storage and organization in the kitchen.<\/div>","protected":false},"excerpt":{"rendered":"<p>Szafka kuchenna stoj\u0105ca 40 cm z 3 szufladami Laxy to produkt polskiego producenta, \u0142\u0105cz\u0105cy w sobie minimalistyczny i praktyczny design, (&#8230;)<\/p>","protected":false},"featured_media":10724,"comment_status":"open","ping_status":"closed","template":"","meta":{"_acf_changed":false,"inline_featured_image":false},"product_brand":[],"product_cat":[528,140,120,65,137,139,106,107],"product_tag":[],"class_list":{"0":"post-755","1":"product","2":"type-product","3":"status-publish","4":"has-post-thumbnail","6":"product_cat-black-friday","7":"product_cat-kuchnia","8":"product_cat-laxy-hikora","9":"product_cat-meble-kuchenne","10":"product_cat-meble-systemowe","11":"product_cat-pomieszczenia","12":"product_cat-szafki-kuchenne","13":"product_cat-szafki-kuchenne-stojace","14":"product_shipping_class-przesylka-dpd-15-pln","15":"collection-laxy","17":"first","18":"instock","19":"shipping-taxable","20":"purchasable","21":"product-type-simple"},"acf":[],"yoast_head":"<!-- This site is optimized with the Yoast SEO plugin v27.4 - https:\/\/yoast.com\/product\/yoast-seo-wordpress\/ -->\n<title>Szafka kuchenna stoj\u0105ca 40 cm z 3 szufladami Laxy - Demko Home<\/title>\n<meta name=\"robots\" content=\"index, follow, max-snippet:-1, max-image-preview:large, max-video-preview:-1\" \/>\n<link rel=\"canonical\" href=\"https:\/\/demkohome.pl\/en\/product\/szafka-kuchenna-dolna-40-cm-z-trzema-szufladami-laxy\/\" \/>\n<meta property=\"og:locale\" content=\"en_US\" \/>\n<meta property=\"og:type\" content=\"article\" \/>\n<meta property=\"og:title\" content=\"Szafka kuchenna stoj\u0105ca 40 cm z 3 szufladami Laxy - Demko Home\" \/>\n<meta property=\"og:description\" content=\"Szafka kuchenna stoj\u0105ca 40 cm z 3 szufladami Laxy to produkt polskiego producenta, \u0142\u0105cz\u0105cy w sobie minimalistyczny i praktyczny design, (...)\" \/>\n<meta property=\"og:url\" content=\"https:\/\/demkohome.pl\/en\/product\/szafka-kuchenna-dolna-40-cm-z-trzema-szufladami-laxy\/\" \/>\n<meta property=\"og:site_name\" content=\"Demko Home\" \/>\n<meta property=\"article:modified_time\" content=\"2026-04-20T07:17:14+00:00\" \/>\n<meta property=\"og:image\" content=\"https:\/\/demkohome.pl\/wp-content\/uploads\/2023\/08\/Kuchenna-szafka-stojaca-40-cm-z-3-szufladami-Laxy-Hikora-Natura-Demko-Home-Meble-Okmed.jpg\" \/>\n\t<meta property=\"og:image:width\" content=\"1024\" \/>\n\t<meta property=\"og:image:height\" content=\"1024\" \/>\n\t<meta property=\"og:image:type\" content=\"image\/jpeg\" \/>\n<meta name=\"twitter:card\" content=\"summary_large_image\" \/>\n<meta name=\"twitter:label1\" content=\"Est. reading time\" \/>\n\t<meta name=\"twitter:data1\" content=\"3 minutes\" \/>\n<script type=\"application\/ld+json\" class=\"yoast-schema-graph\">{\"@context\":\"https:\\\/\\\/schema.org\",\"@graph\":[{\"@type\":\"WebPage\",\"@id\":\"https:\\\/\\\/demkohome.pl\\\/produkt\\\/szafka-kuchenna-dolna-40-cm-z-trzema-szufladami-laxy\\\/\",\"url\":\"https:\\\/\\\/demkohome.pl\\\/produkt\\\/szafka-kuchenna-dolna-40-cm-z-trzema-szufladami-laxy\\\/\",\"name\":\"Szafka kuchenna stoj\u0105ca 40 cm z 3 szufladami Laxy - Demko Home\",\"isPartOf\":{\"@id\":\"https:\\\/\\\/demkohome.pl\\\/#website\"},\"primaryImageOfPage\":{\"@id\":\"https:\\\/\\\/demkohome.pl\\\/produkt\\\/szafka-kuchenna-dolna-40-cm-z-trzema-szufladami-laxy\\\/#primaryimage\"},\"image\":{\"@id\":\"https:\\\/\\\/demkohome.pl\\\/produkt\\\/szafka-kuchenna-dolna-40-cm-z-trzema-szufladami-laxy\\\/#primaryimage\"},\"thumbnailUrl\":\"https:\\\/\\\/demkohome.pl\\\/wp-content\\\/uploads\\\/2023\\\/08\\\/Kuchenna-szafka-stojaca-40-cm-z-3-szufladami-Laxy-Hikora-Natura-Demko-Home-Meble-Okmed.jpg\",\"datePublished\":\"2023-08-24T22:32:44+00:00\",\"dateModified\":\"2026-04-20T07:17:14+00:00\",\"breadcrumb\":{\"@id\":\"https:\\\/\\\/demkohome.pl\\\/produkt\\\/szafka-kuchenna-dolna-40-cm-z-trzema-szufladami-laxy\\\/#breadcrumb\"},\"inLanguage\":\"en-US\",\"potentialAction\":[{\"@type\":\"ReadAction\",\"target\":[\"https:\\\/\\\/demkohome.pl\\\/produkt\\\/szafka-kuchenna-dolna-40-cm-z-trzema-szufladami-laxy\\\/\"]}]},{\"@type\":\"ImageObject\",\"inLanguage\":\"en-US\",\"@id\":\"https:\\\/\\\/demkohome.pl\\\/produkt\\\/szafka-kuchenna-dolna-40-cm-z-trzema-szufladami-laxy\\\/#primaryimage\",\"url\":\"https:\\\/\\\/demkohome.pl\\\/wp-content\\\/uploads\\\/2023\\\/08\\\/Kuchenna-szafka-stojaca-40-cm-z-3-szufladami-Laxy-Hikora-Natura-Demko-Home-Meble-Okmed.jpg\",\"contentUrl\":\"https:\\\/\\\/demkohome.pl\\\/wp-content\\\/uploads\\\/2023\\\/08\\\/Kuchenna-szafka-stojaca-40-cm-z-3-szufladami-Laxy-Hikora-Natura-Demko-Home-Meble-Okmed.jpg\",\"width\":1024,\"height\":1024,\"caption\":\"Kuchenna szafka stoj\u0105ca 40 cm z 3 szufladami Laxy Hikora Natura Demko Home Meble Okmed\"},{\"@type\":\"BreadcrumbList\",\"@id\":\"https:\\\/\\\/demkohome.pl\\\/produkt\\\/szafka-kuchenna-dolna-40-cm-z-trzema-szufladami-laxy\\\/#breadcrumb\",\"itemListElement\":[{\"@type\":\"ListItem\",\"position\":1,\"name\":\"Strona g\u0142\u00f3wna\",\"item\":\"https:\\\/\\\/demkohome.pl\\\/\"},{\"@type\":\"ListItem\",\"position\":2,\"name\":\"Sklep\",\"item\":\"https:\\\/\\\/demkohome.pl\\\/sklep\\\/\"},{\"@type\":\"ListItem\",\"position\":3,\"name\":\"Szafka kuchenna stoj\u0105ca 40 cm z 3 szufladami Laxy\"}]},{\"@type\":\"WebSite\",\"@id\":\"https:\\\/\\\/demkohome.pl\\\/#website\",\"url\":\"https:\\\/\\\/demkohome.pl\\\/\",\"name\":\"Demko Home\",\"description\":\"Make it simple\",\"publisher\":{\"@id\":\"https:\\\/\\\/demkohome.pl\\\/#organization\"},\"potentialAction\":[{\"@type\":\"SearchAction\",\"target\":{\"@type\":\"EntryPoint\",\"urlTemplate\":\"https:\\\/\\\/demkohome.pl\\\/?s={search_term_string}\"},\"query-input\":{\"@type\":\"PropertyValueSpecification\",\"valueRequired\":true,\"valueName\":\"search_term_string\"}}],\"inLanguage\":\"en-US\"},{\"@type\":\"Organization\",\"@id\":\"https:\\\/\\\/demkohome.pl\\\/#organization\",\"name\":\"Demko Home\",\"url\":\"https:\\\/\\\/demkohome.pl\\\/\",\"logo\":{\"@type\":\"ImageObject\",\"inLanguage\":\"en-US\",\"@id\":\"https:\\\/\\\/demkohome.pl\\\/#\\\/schema\\\/logo\\\/image\\\/\",\"url\":\"https:\\\/\\\/demkohome.pl\\\/wp-content\\\/uploads\\\/2026\\\/03\\\/cropped-3.png\",\"contentUrl\":\"https:\\\/\\\/demkohome.pl\\\/wp-content\\\/uploads\\\/2026\\\/03\\\/cropped-3.png\",\"width\":250,\"height\":63,\"caption\":\"Demko Home\"},\"image\":{\"@id\":\"https:\\\/\\\/demkohome.pl\\\/#\\\/schema\\\/logo\\\/image\\\/\"}}]}<\/script>\n<!-- \/ Yoast SEO plugin. -->","yoast_head_json":{"title":"Szafka kuchenna stoj\u0105ca 40 cm z 3 szufladami Laxy - Demko Home","robots":{"index":"index","follow":"follow","max-snippet":"max-snippet:-1","max-image-preview":"max-image-preview:large","max-video-preview":"max-video-preview:-1"},"canonical":"https:\/\/demkohome.pl\/en\/product\/szafka-kuchenna-dolna-40-cm-z-trzema-szufladami-laxy\/","og_locale":"en_US","og_type":"article","og_title":"Szafka kuchenna stoj\u0105ca 40 cm z 3 szufladami Laxy - Demko Home","og_description":"Szafka kuchenna stoj\u0105ca 40 cm z 3 szufladami Laxy to produkt polskiego producenta, \u0142\u0105cz\u0105cy w sobie minimalistyczny i praktyczny design, (...)","og_url":"https:\/\/demkohome.pl\/en\/product\/szafka-kuchenna-dolna-40-cm-z-trzema-szufladami-laxy\/","og_site_name":"Demko Home","article_modified_time":"2026-04-20T07:17:14+00:00","og_image":[{"width":1024,"height":1024,"url":"https:\/\/demkohome.pl\/wp-content\/uploads\/2023\/08\/Kuchenna-szafka-stojaca-40-cm-z-3-szufladami-Laxy-Hikora-Natura-Demko-Home-Meble-Okmed.jpg","type":"image\/jpeg"}],"twitter_card":"summary_large_image","twitter_misc":{"Est. reading time":"3 minutes"},"schema":{"@context":"https:\/\/schema.org","@graph":[{"@type":"WebPage","@id":"https:\/\/demkohome.pl\/produkt\/szafka-kuchenna-dolna-40-cm-z-trzema-szufladami-laxy\/","url":"https:\/\/demkohome.pl\/produkt\/szafka-kuchenna-dolna-40-cm-z-trzema-szufladami-laxy\/","name":"Szafka kuchenna stoj\u0105ca 40 cm z 3 szufladami Laxy - Demko Home","isPartOf":{"@id":"https:\/\/demkohome.pl\/#website"},"primaryImageOfPage":{"@id":"https:\/\/demkohome.pl\/produkt\/szafka-kuchenna-dolna-40-cm-z-trzema-szufladami-laxy\/#primaryimage"},"image":{"@id":"https:\/\/demkohome.pl\/produkt\/szafka-kuchenna-dolna-40-cm-z-trzema-szufladami-laxy\/#primaryimage"},"thumbnailUrl":"https:\/\/demkohome.pl\/wp-content\/uploads\/2023\/08\/Kuchenna-szafka-stojaca-40-cm-z-3-szufladami-Laxy-Hikora-Natura-Demko-Home-Meble-Okmed.jpg","datePublished":"2023-08-24T22:32:44+00:00","dateModified":"2026-04-20T07:17:14+00:00","breadcrumb":{"@id":"https:\/\/demkohome.pl\/produkt\/szafka-kuchenna-dolna-40-cm-z-trzema-szufladami-laxy\/#breadcrumb"},"inLanguage":"en-US","potentialAction":[{"@type":"ReadAction","target":["https:\/\/demkohome.pl\/produkt\/szafka-kuchenna-dolna-40-cm-z-trzema-szufladami-laxy\/"]}]},{"@type":"ImageObject","inLanguage":"en-US","@id":"https:\/\/demkohome.pl\/produkt\/szafka-kuchenna-dolna-40-cm-z-trzema-szufladami-laxy\/#primaryimage","url":"https:\/\/demkohome.pl\/wp-content\/uploads\/2023\/08\/Kuchenna-szafka-stojaca-40-cm-z-3-szufladami-Laxy-Hikora-Natura-Demko-Home-Meble-Okmed.jpg","contentUrl":"https:\/\/demkohome.pl\/wp-content\/uploads\/2023\/08\/Kuchenna-szafka-stojaca-40-cm-z-3-szufladami-Laxy-Hikora-Natura-Demko-Home-Meble-Okmed.jpg","width":1024,"height":1024,"caption":"Kuchenna szafka stoj\u0105ca 40 cm z 3 szufladami Laxy Hikora Natura Demko Home Meble Okmed"},{"@type":"BreadcrumbList","@id":"https:\/\/demkohome.pl\/produkt\/szafka-kuchenna-dolna-40-cm-z-trzema-szufladami-laxy\/#breadcrumb","itemListElement":[{"@type":"ListItem","position":1,"name":"Strona g\u0142\u00f3wna","item":"https:\/\/demkohome.pl\/"},{"@type":"ListItem","position":2,"name":"Sklep","item":"https:\/\/demkohome.pl\/sklep\/"},{"@type":"ListItem","position":3,"name":"Szafka kuchenna stoj\u0105ca 40 cm z 3 szufladami Laxy"}]},{"@type":"WebSite","@id":"https:\/\/demkohome.pl\/#website","url":"https:\/\/demkohome.pl\/","name":"Demko Home","description":"Make it simple","publisher":{"@id":"https:\/\/demkohome.pl\/#organization"},"potentialAction":[{"@type":"SearchAction","target":{"@type":"EntryPoint","urlTemplate":"https:\/\/demkohome.pl\/?s={search_term_string}"},"query-input":{"@type":"PropertyValueSpecification","valueRequired":true,"valueName":"search_term_string"}}],"inLanguage":"en-US"},{"@type":"Organization","@id":"https:\/\/demkohome.pl\/#organization","name":"Demko Home","url":"https:\/\/demkohome.pl\/","logo":{"@type":"ImageObject","inLanguage":"en-US","@id":"https:\/\/demkohome.pl\/#\/schema\/logo\/image\/","url":"https:\/\/demkohome.pl\/wp-content\/uploads\/2026\/03\/cropped-3.png","contentUrl":"https:\/\/demkohome.pl\/wp-content\/uploads\/2026\/03\/cropped-3.png","width":250,"height":63,"caption":"Demko Home"},"image":{"@id":"https:\/\/demkohome.pl\/#\/schema\/logo\/image\/"}}]}},"_links":{"self":[{"href":"https:\/\/demkohome.pl\/en\/wp-json\/wp\/v2\/product\/755","targetHints":{"allow":["GET"]}}],"collection":[{"href":"https:\/\/demkohome.pl\/en\/wp-json\/wp\/v2\/product"}],"about":[{"href":"https:\/\/demkohome.pl\/en\/wp-json\/wp\/v2\/types\/product"}],"replies":[{"embeddable":true,"href":"https:\/\/demkohome.pl\/en\/wp-json\/wp\/v2\/comments?post=755"}],"wp:featuredmedia":[{"embeddable":true,"href":"https:\/\/demkohome.pl\/en\/wp-json\/wp\/v2\/media\/10724"}],"wp:attachment":[{"href":"https:\/\/demkohome.pl\/en\/wp-json\/wp\/v2\/media?parent=755"}],"wp:term":[{"taxonomy":"product_brand","embeddable":true,"href":"https:\/\/demkohome.pl\/en\/wp-json\/wp\/v2\/product_brand?post=755"},{"taxonomy":"product_cat","embeddable":true,"href":"https:\/\/demkohome.pl\/en\/wp-json\/wp\/v2\/product_cat?post=755"},{"taxonomy":"product_tag","embeddable":true,"href":"https:\/\/demkohome.pl\/en\/wp-json\/wp\/v2\/product_tag?post=755"}],"curies":[{"name":"wp","href":"https:\/\/api.w.org\/{rel}","templated":true}]}}