{"id":75956,"date":"2025-07-11T08:22:44","date_gmt":"2025-07-11T06:22:44","guid":{"rendered":"https:\/\/demkohome.pl\/?post_type=product&#038;p=75956"},"modified":"2026-04-18T03:16:48","modified_gmt":"2026-04-18T01:16:48","slug":"wieszak-lunis-pr","status":"publish","type":"product","link":"https:\/\/demkohome.pl\/en\/product\/wieszak-lunis-pr\/","title":{"rendered":"Lunis PR Hanger"},"content":{"rendered":"<p data-start=\"0\" data-end=\"474\">Lunis hanger for the hallway is a unique combination of aesthetics and functionality, which will easily fit into both modern and classic interior designs. Its minimalist form based on simple lines makes it look great on the wall, while not overwhelming the space. The warm shade of light San Remo oak warms the room and introduces a cozy, natural atmosphere that promotes a good first impression from the threshold of the house.<\/p>\n<p data-start=\"476\" data-end=\"936\">The hanger is equipped with three strong hooks made of durable metal, which allows you to hang heavier outer garments, bags or backpacks without worry. An additional shelf located in the upper part is a practical place for storing hats, caps, scarves or decorative boxes of trinkets that are worth keeping on hand. The bar mounted under the shelf allows you to hang clothes on hangers, which helps to keep them in order and take care of their proper form.<\/p>\n<p data-start=\"938\" data-end=\"1405\" data-is-last-node=\"\" data-is-only-node=\"\">Solidly made of laminated board resistant to scratches and daily use, the Lunis hanger will serve for a long time, maintaining its aesthetic appearance. This is the perfect solution for people who appreciate practical and elegant furniture, facilitating the organization of space and emphasizing the character of the interior. Regardless of the size of the hallway, the hanger will allow you to functionally develop the wall, offering space for everyday clothes and accessories.<\/p>\n<p data-start=\"938\" data-end=\"1405\" data-is-last-node=\"\" data-is-only-node=\"\"><img loading=\"lazy\" decoding=\"async\" class=\"alignnone wp-image-76407 size-full\" src=\"https:\/\/demkohome.pl\/wp-content\/uploads\/2025\/07\/LUNIS-garderoba-aranzacja-scaled.jpg\" alt=\"\" width=\"2560\" height=\"1658\" srcset=\"https:\/\/demkohome.pl\/wp-content\/uploads\/2025\/07\/LUNIS-garderoba-aranzacja-scaled.jpg 2560w, https:\/\/demkohome.pl\/wp-content\/uploads\/2025\/07\/LUNIS-garderoba-aranzacja-300x194.jpg 300w, https:\/\/demkohome.pl\/wp-content\/uploads\/2025\/07\/LUNIS-garderoba-aranzacja-1024x663.jpg 1024w, https:\/\/demkohome.pl\/wp-content\/uploads\/2025\/07\/LUNIS-garderoba-aranzacja-768x497.jpg 768w, https:\/\/demkohome.pl\/wp-content\/uploads\/2025\/07\/LUNIS-garderoba-aranzacja-1536x995.jpg 1536w, https:\/\/demkohome.pl\/wp-content\/uploads\/2025\/07\/LUNIS-garderoba-aranzacja-2048x1326.jpg 2048w, https:\/\/demkohome.pl\/wp-content\/uploads\/2025\/07\/LUNIS-garderoba-aranzacja-18x12.jpg 18w, https:\/\/demkohome.pl\/wp-content\/uploads\/2025\/07\/LUNIS-garderoba-aranzacja-600x389.jpg 600w\" sizes=\"auto, (max-width: 2560px) 100vw, 2560px\" \/><\/p>","protected":false},"excerpt":{"rendered":"<p>Wieszak Lunis do przedpokoju to wyj\u0105tkowe po\u0142\u0105czenie estetyki i funkcjonalno\u015bci, kt\u00f3re z \u0142atwo\u015bci\u0105 wpisze si\u0119 zar\u00f3wno w nowoczesne, jak i (&#8230;)<\/p>","protected":false},"featured_media":75957,"comment_status":"open","ping_status":"closed","template":"","meta":{"_acf_changed":false,"inline_featured_image":false},"product_brand":[],"product_cat":[27,125],"product_tag":[],"class_list":{"0":"post-75956","1":"product","2":"type-product","3":"status-publish","4":"has-post-thumbnail","6":"product_cat-przedpokoje","7":"product_cat-wieszaki-do-przedpokoju","8":"product_shipping_class-paczka-nst-x-1","9":"collection-lunis-pr","11":"first","12":"instock","13":"sale","14":"shipping-taxable","15":"purchasable","16":"product-type-simple"},"acf":[],"yoast_head":"<!-- This site is optimized with the Yoast SEO plugin v27.4 - https:\/\/yoast.com\/product\/yoast-seo-wordpress\/ -->\n<title>Wieszak Lunis PR - Demko Home<\/title>\n<meta name=\"robots\" content=\"index, follow, max-snippet:-1, max-image-preview:large, max-video-preview:-1\" \/>\n<link rel=\"canonical\" href=\"https:\/\/demkohome.pl\/en\/product\/wieszak-lunis-pr\/\" \/>\n<meta property=\"og:locale\" content=\"en_US\" \/>\n<meta property=\"og:type\" content=\"article\" \/>\n<meta property=\"og:title\" content=\"Wieszak Lunis PR - Demko Home\" \/>\n<meta property=\"og:description\" content=\"Wieszak Lunis do przedpokoju to wyj\u0105tkowe po\u0142\u0105czenie estetyki i funkcjonalno\u015bci, kt\u00f3re z \u0142atwo\u015bci\u0105 wpisze si\u0119 zar\u00f3wno w nowoczesne, jak i (...)\" \/>\n<meta property=\"og:url\" content=\"https:\/\/demkohome.pl\/en\/product\/wieszak-lunis-pr\/\" \/>\n<meta property=\"og:site_name\" content=\"Demko Home\" \/>\n<meta property=\"article:modified_time\" content=\"2026-04-18T01:16:48+00:00\" \/>\n<meta property=\"og:image\" content=\"https:\/\/demkohome.pl\/wp-content\/uploads\/2025\/07\/LINUS-G-Wieszak-SAN_REMO-5907736144082-scaled.jpg\" \/>\n\t<meta property=\"og:image:width\" content=\"2560\" \/>\n\t<meta property=\"og:image:height\" content=\"2560\" \/>\n\t<meta property=\"og:image:type\" content=\"image\/jpeg\" \/>\n<meta name=\"twitter:card\" content=\"summary_large_image\" \/>\n<meta name=\"twitter:label1\" content=\"Est. reading time\" \/>\n\t<meta name=\"twitter:data1\" content=\"2 minutes\" \/>\n<script type=\"application\/ld+json\" class=\"yoast-schema-graph\">{\"@context\":\"https:\\\/\\\/schema.org\",\"@graph\":[{\"@type\":\"WebPage\",\"@id\":\"https:\\\/\\\/demkohome.pl\\\/produkt\\\/wieszak-lunis-pr\\\/\",\"url\":\"https:\\\/\\\/demkohome.pl\\\/produkt\\\/wieszak-lunis-pr\\\/\",\"name\":\"Wieszak Lunis PR - Demko Home\",\"isPartOf\":{\"@id\":\"https:\\\/\\\/demkohome.pl\\\/#website\"},\"primaryImageOfPage\":{\"@id\":\"https:\\\/\\\/demkohome.pl\\\/produkt\\\/wieszak-lunis-pr\\\/#primaryimage\"},\"image\":{\"@id\":\"https:\\\/\\\/demkohome.pl\\\/produkt\\\/wieszak-lunis-pr\\\/#primaryimage\"},\"thumbnailUrl\":\"https:\\\/\\\/demkohome.pl\\\/wp-content\\\/uploads\\\/2025\\\/07\\\/LINUS-G-Wieszak-SAN_REMO-5907736144082-scaled.jpg\",\"datePublished\":\"2025-07-11T06:22:44+00:00\",\"dateModified\":\"2026-04-18T01:16:48+00:00\",\"breadcrumb\":{\"@id\":\"https:\\\/\\\/demkohome.pl\\\/produkt\\\/wieszak-lunis-pr\\\/#breadcrumb\"},\"inLanguage\":\"en-US\",\"potentialAction\":[{\"@type\":\"ReadAction\",\"target\":[\"https:\\\/\\\/demkohome.pl\\\/produkt\\\/wieszak-lunis-pr\\\/\"]}]},{\"@type\":\"ImageObject\",\"inLanguage\":\"en-US\",\"@id\":\"https:\\\/\\\/demkohome.pl\\\/produkt\\\/wieszak-lunis-pr\\\/#primaryimage\",\"url\":\"https:\\\/\\\/demkohome.pl\\\/wp-content\\\/uploads\\\/2025\\\/07\\\/LINUS-G-Wieszak-SAN_REMO-5907736144082-scaled.jpg\",\"contentUrl\":\"https:\\\/\\\/demkohome.pl\\\/wp-content\\\/uploads\\\/2025\\\/07\\\/LINUS-G-Wieszak-SAN_REMO-5907736144082-scaled.jpg\",\"width\":2560,\"height\":2560},{\"@type\":\"BreadcrumbList\",\"@id\":\"https:\\\/\\\/demkohome.pl\\\/produkt\\\/wieszak-lunis-pr\\\/#breadcrumb\",\"itemListElement\":[{\"@type\":\"ListItem\",\"position\":1,\"name\":\"Strona g\u0142\u00f3wna\",\"item\":\"https:\\\/\\\/demkohome.pl\\\/\"},{\"@type\":\"ListItem\",\"position\":2,\"name\":\"Sklep\",\"item\":\"https:\\\/\\\/demkohome.pl\\\/sklep\\\/\"},{\"@type\":\"ListItem\",\"position\":3,\"name\":\"Wieszak Lunis PR\"}]},{\"@type\":\"WebSite\",\"@id\":\"https:\\\/\\\/demkohome.pl\\\/#website\",\"url\":\"https:\\\/\\\/demkohome.pl\\\/\",\"name\":\"Demko Home\",\"description\":\"Make it simple\",\"publisher\":{\"@id\":\"https:\\\/\\\/demkohome.pl\\\/#organization\"},\"potentialAction\":[{\"@type\":\"SearchAction\",\"target\":{\"@type\":\"EntryPoint\",\"urlTemplate\":\"https:\\\/\\\/demkohome.pl\\\/?s={search_term_string}\"},\"query-input\":{\"@type\":\"PropertyValueSpecification\",\"valueRequired\":true,\"valueName\":\"search_term_string\"}}],\"inLanguage\":\"en-US\"},{\"@type\":\"Organization\",\"@id\":\"https:\\\/\\\/demkohome.pl\\\/#organization\",\"name\":\"Demko Home\",\"url\":\"https:\\\/\\\/demkohome.pl\\\/\",\"logo\":{\"@type\":\"ImageObject\",\"inLanguage\":\"en-US\",\"@id\":\"https:\\\/\\\/demkohome.pl\\\/#\\\/schema\\\/logo\\\/image\\\/\",\"url\":\"https:\\\/\\\/demkohome.pl\\\/wp-content\\\/uploads\\\/2026\\\/03\\\/cropped-3.png\",\"contentUrl\":\"https:\\\/\\\/demkohome.pl\\\/wp-content\\\/uploads\\\/2026\\\/03\\\/cropped-3.png\",\"width\":250,\"height\":63,\"caption\":\"Demko Home\"},\"image\":{\"@id\":\"https:\\\/\\\/demkohome.pl\\\/#\\\/schema\\\/logo\\\/image\\\/\"}}]}<\/script>\n<!-- \/ Yoast SEO plugin. -->","yoast_head_json":{"title":"Wieszak Lunis PR - Demko Home","robots":{"index":"index","follow":"follow","max-snippet":"max-snippet:-1","max-image-preview":"max-image-preview:large","max-video-preview":"max-video-preview:-1"},"canonical":"https:\/\/demkohome.pl\/en\/product\/wieszak-lunis-pr\/","og_locale":"en_US","og_type":"article","og_title":"Wieszak Lunis PR - Demko Home","og_description":"Wieszak Lunis do przedpokoju to wyj\u0105tkowe po\u0142\u0105czenie estetyki i funkcjonalno\u015bci, kt\u00f3re z \u0142atwo\u015bci\u0105 wpisze si\u0119 zar\u00f3wno w nowoczesne, jak i (...)","og_url":"https:\/\/demkohome.pl\/en\/product\/wieszak-lunis-pr\/","og_site_name":"Demko Home","article_modified_time":"2026-04-18T01:16:48+00:00","og_image":[{"width":2560,"height":2560,"url":"https:\/\/demkohome.pl\/wp-content\/uploads\/2025\/07\/LINUS-G-Wieszak-SAN_REMO-5907736144082-scaled.jpg","type":"image\/jpeg"}],"twitter_card":"summary_large_image","twitter_misc":{"Est. reading time":"2 minutes"},"schema":{"@context":"https:\/\/schema.org","@graph":[{"@type":"WebPage","@id":"https:\/\/demkohome.pl\/produkt\/wieszak-lunis-pr\/","url":"https:\/\/demkohome.pl\/produkt\/wieszak-lunis-pr\/","name":"Wieszak Lunis PR - Demko Home","isPartOf":{"@id":"https:\/\/demkohome.pl\/#website"},"primaryImageOfPage":{"@id":"https:\/\/demkohome.pl\/produkt\/wieszak-lunis-pr\/#primaryimage"},"image":{"@id":"https:\/\/demkohome.pl\/produkt\/wieszak-lunis-pr\/#primaryimage"},"thumbnailUrl":"https:\/\/demkohome.pl\/wp-content\/uploads\/2025\/07\/LINUS-G-Wieszak-SAN_REMO-5907736144082-scaled.jpg","datePublished":"2025-07-11T06:22:44+00:00","dateModified":"2026-04-18T01:16:48+00:00","breadcrumb":{"@id":"https:\/\/demkohome.pl\/produkt\/wieszak-lunis-pr\/#breadcrumb"},"inLanguage":"en-US","potentialAction":[{"@type":"ReadAction","target":["https:\/\/demkohome.pl\/produkt\/wieszak-lunis-pr\/"]}]},{"@type":"ImageObject","inLanguage":"en-US","@id":"https:\/\/demkohome.pl\/produkt\/wieszak-lunis-pr\/#primaryimage","url":"https:\/\/demkohome.pl\/wp-content\/uploads\/2025\/07\/LINUS-G-Wieszak-SAN_REMO-5907736144082-scaled.jpg","contentUrl":"https:\/\/demkohome.pl\/wp-content\/uploads\/2025\/07\/LINUS-G-Wieszak-SAN_REMO-5907736144082-scaled.jpg","width":2560,"height":2560},{"@type":"BreadcrumbList","@id":"https:\/\/demkohome.pl\/produkt\/wieszak-lunis-pr\/#breadcrumb","itemListElement":[{"@type":"ListItem","position":1,"name":"Strona g\u0142\u00f3wna","item":"https:\/\/demkohome.pl\/"},{"@type":"ListItem","position":2,"name":"Sklep","item":"https:\/\/demkohome.pl\/sklep\/"},{"@type":"ListItem","position":3,"name":"Wieszak Lunis PR"}]},{"@type":"WebSite","@id":"https:\/\/demkohome.pl\/#website","url":"https:\/\/demkohome.pl\/","name":"Demko Home","description":"Make it simple","publisher":{"@id":"https:\/\/demkohome.pl\/#organization"},"potentialAction":[{"@type":"SearchAction","target":{"@type":"EntryPoint","urlTemplate":"https:\/\/demkohome.pl\/?s={search_term_string}"},"query-input":{"@type":"PropertyValueSpecification","valueRequired":true,"valueName":"search_term_string"}}],"inLanguage":"en-US"},{"@type":"Organization","@id":"https:\/\/demkohome.pl\/#organization","name":"Demko Home","url":"https:\/\/demkohome.pl\/","logo":{"@type":"ImageObject","inLanguage":"en-US","@id":"https:\/\/demkohome.pl\/#\/schema\/logo\/image\/","url":"https:\/\/demkohome.pl\/wp-content\/uploads\/2026\/03\/cropped-3.png","contentUrl":"https:\/\/demkohome.pl\/wp-content\/uploads\/2026\/03\/cropped-3.png","width":250,"height":63,"caption":"Demko Home"},"image":{"@id":"https:\/\/demkohome.pl\/#\/schema\/logo\/image\/"}}]}},"_links":{"self":[{"href":"https:\/\/demkohome.pl\/en\/wp-json\/wp\/v2\/product\/75956","targetHints":{"allow":["GET"]}}],"collection":[{"href":"https:\/\/demkohome.pl\/en\/wp-json\/wp\/v2\/product"}],"about":[{"href":"https:\/\/demkohome.pl\/en\/wp-json\/wp\/v2\/types\/product"}],"replies":[{"embeddable":true,"href":"https:\/\/demkohome.pl\/en\/wp-json\/wp\/v2\/comments?post=75956"}],"wp:featuredmedia":[{"embeddable":true,"href":"https:\/\/demkohome.pl\/en\/wp-json\/wp\/v2\/media\/75957"}],"wp:attachment":[{"href":"https:\/\/demkohome.pl\/en\/wp-json\/wp\/v2\/media?parent=75956"}],"wp:term":[{"taxonomy":"product_brand","embeddable":true,"href":"https:\/\/demkohome.pl\/en\/wp-json\/wp\/v2\/product_brand?post=75956"},{"taxonomy":"product_cat","embeddable":true,"href":"https:\/\/demkohome.pl\/en\/wp-json\/wp\/v2\/product_cat?post=75956"},{"taxonomy":"product_tag","embeddable":true,"href":"https:\/\/demkohome.pl\/en\/wp-json\/wp\/v2\/product_tag?post=75956"}],"curies":[{"name":"wp","href":"https:\/\/api.w.org\/{rel}","templated":true}]}}