{"id":77271,"date":"2025-07-09T10:16:08","date_gmt":"2025-07-09T08:16:08","guid":{"rendered":"https:\/\/demkohome.pl\/?post_type=product&#038;p=77271"},"modified":"2025-08-29T15:57:17","modified_gmt":"2025-08-29T13:57:17","slug":"sofa-rebi","status":"publish","type":"product","link":"https:\/\/demkohome.pl\/en\/product\/sofa-rebi\/","title":{"rendered":"Rebi sofa"},"content":{"rendered":"<p><strong>Rebi sofa - style and functionality in one.<br \/>\n<\/strong><\/p>\n<p data-start=\"0\" data-end=\"434\">The Rebi sofa is a modern and practical piece of furniture that perfectly combines elegant design with functionality. Its simple, minimalist form emphasized by subtle stitching makes it blend in with any interior - from classic arrangements to modern and Scandinavian spaces. Upholstered with soft, pleasant-to-touch fabric in a fashionable stripe, it looks extremely stylish, while being easy to keep clean.<\/p>\n<p data-start=\"436\" data-end=\"935\">The model is equipped with a convenient folding function, so you can turn the sofa into a comfortable place to sleep in a few moments. The capacious bedding storage allows you to easily store blankets, pillows or a comforter, making the sofa ideal for smaller apartments, studios or guest rooms. The sturdy construction ensures stability and durability, while the well-shaped backrest and soft seat guarantee comfort during both daily rest and nighttime sleep.<\/p>\n<p data-start=\"937\" data-end=\"1141\">The Rebi sofa is an option for people who appreciate aesthetics, functionality and comfort in one, choosing a piece of furniture that will serve for years and at the same time look beautiful in a home interior.<\/p>\n<p><strong>\u00a0<\/strong><\/p>\n<p><img loading=\"lazy\" decoding=\"async\" class=\"wp-image-77287 size-full\" src=\"https:\/\/demkohome.pl\/wp-content\/uploads\/2025\/07\/REBI_sofa_poso-100-1-scaled.jpg\" alt=\"nowoczesna sofa Rebi Demko Home z funkcj\u0105 rozk\u0142adania i pojemnikiem na po\u015bciel\" width=\"2560\" height=\"1804\" srcset=\"https:\/\/demkohome.pl\/wp-content\/uploads\/2025\/07\/REBI_sofa_poso-100-1-scaled.jpg 2560w, https:\/\/demkohome.pl\/wp-content\/uploads\/2025\/07\/REBI_sofa_poso-100-1-300x211.jpg 300w, https:\/\/demkohome.pl\/wp-content\/uploads\/2025\/07\/REBI_sofa_poso-100-1-1024x722.jpg 1024w, https:\/\/demkohome.pl\/wp-content\/uploads\/2025\/07\/REBI_sofa_poso-100-1-768x541.jpg 768w, https:\/\/demkohome.pl\/wp-content\/uploads\/2025\/07\/REBI_sofa_poso-100-1-1536x1083.jpg 1536w, https:\/\/demkohome.pl\/wp-content\/uploads\/2025\/07\/REBI_sofa_poso-100-1-2048x1444.jpg 2048w, https:\/\/demkohome.pl\/wp-content\/uploads\/2025\/07\/REBI_sofa_poso-100-1-18x12.jpg 18w, https:\/\/demkohome.pl\/wp-content\/uploads\/2025\/07\/REBI_sofa_poso-100-1-600x423.jpg 600w\" sizes=\"auto, (max-width: 2560px) 100vw, 2560px\" \/><\/p>\n<p data-start=\"1700\" data-end=\"1854\">","protected":false},"excerpt":{"rendered":"<p>Sofa Rebi \u2013 styl i funkcjonalno\u015b\u0107 w jednym. Sofa Rebi to nowoczesny i praktyczny mebel, kt\u00f3ry doskonale \u0142\u0105czy elegancki wygl\u0105d (&#8230;)<\/p>","protected":false},"featured_media":77275,"comment_status":"open","ping_status":"closed","template":"","meta":{"_acf_changed":false,"inline_featured_image":false},"product_brand":[],"product_cat":[127,460,139,141,432,461],"product_tag":[],"class_list":{"0":"post-77271","1":"product","2":"type-product","3":"status-publish","4":"has-post-thumbnail","6":"product_cat-meble-pokojowe","7":"product_cat-meble-tapicerowane","8":"product_cat-pomieszczenia","9":"product_cat-salon","10":"product_cat-sofy-meble-pokojowe","11":"product_cat-sofy-2","12":"product_shipping_class-sofy-3os","13":"collection-rebi","15":"first","16":"instock","17":"shipping-taxable","18":"purchasable","19":"product-type-variable","20":"has-default-attributes"},"acf":[],"yoast_head":"<!-- This site is optimized with the Yoast SEO plugin v27.4 - https:\/\/yoast.com\/product\/yoast-seo-wordpress\/ -->\n<title>Sofa Rebi - Demko Home<\/title>\n<meta name=\"robots\" content=\"index, follow, max-snippet:-1, max-image-preview:large, max-video-preview:-1\" \/>\n<link rel=\"canonical\" href=\"https:\/\/demkohome.pl\/en\/product\/sofa-rebi\/\" \/>\n<meta property=\"og:locale\" content=\"en_US\" \/>\n<meta property=\"og:type\" content=\"article\" \/>\n<meta property=\"og:title\" content=\"Sofa Rebi - Demko Home\" \/>\n<meta property=\"og:description\" content=\"Sofa Rebi \u2013 styl i funkcjonalno\u015b\u0107 w jednym. Sofa Rebi to nowoczesny i praktyczny mebel, kt\u00f3ry doskonale \u0142\u0105czy elegancki wygl\u0105d (...)\" \/>\n<meta property=\"og:url\" content=\"https:\/\/demkohome.pl\/en\/product\/sofa-rebi\/\" \/>\n<meta property=\"og:site_name\" content=\"Demko Home\" \/>\n<meta property=\"article:modified_time\" content=\"2025-08-29T13:57:17+00:00\" \/>\n<meta property=\"og:image\" content=\"https:\/\/demkohome.pl\/wp-content\/uploads\/2025\/07\/REBI_sofa_poso-100-scaled.jpg\" \/>\n\t<meta property=\"og:image:width\" content=\"2560\" \/>\n\t<meta property=\"og:image:height\" content=\"1804\" \/>\n\t<meta property=\"og:image:type\" content=\"image\/jpeg\" \/>\n<meta name=\"twitter:card\" content=\"summary_large_image\" \/>\n<meta name=\"twitter:label1\" content=\"Est. reading time\" \/>\n\t<meta name=\"twitter:data1\" content=\"2 minutes\" \/>\n<script type=\"application\/ld+json\" class=\"yoast-schema-graph\">{\"@context\":\"https:\\\/\\\/schema.org\",\"@graph\":[{\"@type\":\"WebPage\",\"@id\":\"https:\\\/\\\/demkohome.pl\\\/produkt\\\/sofa-rebi\\\/\",\"url\":\"https:\\\/\\\/demkohome.pl\\\/produkt\\\/sofa-rebi\\\/\",\"name\":\"Sofa Rebi - Demko Home\",\"isPartOf\":{\"@id\":\"https:\\\/\\\/demkohome.pl\\\/#website\"},\"primaryImageOfPage\":{\"@id\":\"https:\\\/\\\/demkohome.pl\\\/produkt\\\/sofa-rebi\\\/#primaryimage\"},\"image\":{\"@id\":\"https:\\\/\\\/demkohome.pl\\\/produkt\\\/sofa-rebi\\\/#primaryimage\"},\"thumbnailUrl\":\"https:\\\/\\\/demkohome.pl\\\/wp-content\\\/uploads\\\/2025\\\/07\\\/REBI_sofa_poso-100-scaled.jpg\",\"datePublished\":\"2025-07-09T08:16:08+00:00\",\"dateModified\":\"2025-08-29T13:57:17+00:00\",\"breadcrumb\":{\"@id\":\"https:\\\/\\\/demkohome.pl\\\/produkt\\\/sofa-rebi\\\/#breadcrumb\"},\"inLanguage\":\"en-US\",\"potentialAction\":[{\"@type\":\"ReadAction\",\"target\":[\"https:\\\/\\\/demkohome.pl\\\/produkt\\\/sofa-rebi\\\/\"]}]},{\"@type\":\"ImageObject\",\"inLanguage\":\"en-US\",\"@id\":\"https:\\\/\\\/demkohome.pl\\\/produkt\\\/sofa-rebi\\\/#primaryimage\",\"url\":\"https:\\\/\\\/demkohome.pl\\\/wp-content\\\/uploads\\\/2025\\\/07\\\/REBI_sofa_poso-100-scaled.jpg\",\"contentUrl\":\"https:\\\/\\\/demkohome.pl\\\/wp-content\\\/uploads\\\/2025\\\/07\\\/REBI_sofa_poso-100-scaled.jpg\",\"width\":2560,\"height\":1804,\"caption\":\"Sofa Rebi od Demko Home \u2013 wygodna i funkcjonalna do Twojego salonu\"},{\"@type\":\"BreadcrumbList\",\"@id\":\"https:\\\/\\\/demkohome.pl\\\/produkt\\\/sofa-rebi\\\/#breadcrumb\",\"itemListElement\":[{\"@type\":\"ListItem\",\"position\":1,\"name\":\"Strona g\u0142\u00f3wna\",\"item\":\"https:\\\/\\\/demkohome.pl\\\/\"},{\"@type\":\"ListItem\",\"position\":2,\"name\":\"Sklep\",\"item\":\"https:\\\/\\\/demkohome.pl\\\/sklep\\\/\"},{\"@type\":\"ListItem\",\"position\":3,\"name\":\"Sofa Rebi\"}]},{\"@type\":\"WebSite\",\"@id\":\"https:\\\/\\\/demkohome.pl\\\/#website\",\"url\":\"https:\\\/\\\/demkohome.pl\\\/\",\"name\":\"Demko Home\",\"description\":\"Make it simple\",\"publisher\":{\"@id\":\"https:\\\/\\\/demkohome.pl\\\/#organization\"},\"potentialAction\":[{\"@type\":\"SearchAction\",\"target\":{\"@type\":\"EntryPoint\",\"urlTemplate\":\"https:\\\/\\\/demkohome.pl\\\/?s={search_term_string}\"},\"query-input\":{\"@type\":\"PropertyValueSpecification\",\"valueRequired\":true,\"valueName\":\"search_term_string\"}}],\"inLanguage\":\"en-US\"},{\"@type\":\"Organization\",\"@id\":\"https:\\\/\\\/demkohome.pl\\\/#organization\",\"name\":\"Demko Home\",\"url\":\"https:\\\/\\\/demkohome.pl\\\/\",\"logo\":{\"@type\":\"ImageObject\",\"inLanguage\":\"en-US\",\"@id\":\"https:\\\/\\\/demkohome.pl\\\/#\\\/schema\\\/logo\\\/image\\\/\",\"url\":\"https:\\\/\\\/demkohome.pl\\\/wp-content\\\/uploads\\\/2026\\\/03\\\/cropped-3.png\",\"contentUrl\":\"https:\\\/\\\/demkohome.pl\\\/wp-content\\\/uploads\\\/2026\\\/03\\\/cropped-3.png\",\"width\":250,\"height\":63,\"caption\":\"Demko Home\"},\"image\":{\"@id\":\"https:\\\/\\\/demkohome.pl\\\/#\\\/schema\\\/logo\\\/image\\\/\"}}]}<\/script>\n<!-- \/ Yoast SEO plugin. -->","yoast_head_json":{"title":"Sofa Rebi - Demko Home","robots":{"index":"index","follow":"follow","max-snippet":"max-snippet:-1","max-image-preview":"max-image-preview:large","max-video-preview":"max-video-preview:-1"},"canonical":"https:\/\/demkohome.pl\/en\/product\/sofa-rebi\/","og_locale":"en_US","og_type":"article","og_title":"Sofa Rebi - Demko Home","og_description":"Sofa Rebi \u2013 styl i funkcjonalno\u015b\u0107 w jednym. Sofa Rebi to nowoczesny i praktyczny mebel, kt\u00f3ry doskonale \u0142\u0105czy elegancki wygl\u0105d (...)","og_url":"https:\/\/demkohome.pl\/en\/product\/sofa-rebi\/","og_site_name":"Demko Home","article_modified_time":"2025-08-29T13:57:17+00:00","og_image":[{"width":2560,"height":1804,"url":"https:\/\/demkohome.pl\/wp-content\/uploads\/2025\/07\/REBI_sofa_poso-100-scaled.jpg","type":"image\/jpeg"}],"twitter_card":"summary_large_image","twitter_misc":{"Est. reading time":"2 minutes"},"schema":{"@context":"https:\/\/schema.org","@graph":[{"@type":"WebPage","@id":"https:\/\/demkohome.pl\/produkt\/sofa-rebi\/","url":"https:\/\/demkohome.pl\/produkt\/sofa-rebi\/","name":"Sofa Rebi - Demko Home","isPartOf":{"@id":"https:\/\/demkohome.pl\/#website"},"primaryImageOfPage":{"@id":"https:\/\/demkohome.pl\/produkt\/sofa-rebi\/#primaryimage"},"image":{"@id":"https:\/\/demkohome.pl\/produkt\/sofa-rebi\/#primaryimage"},"thumbnailUrl":"https:\/\/demkohome.pl\/wp-content\/uploads\/2025\/07\/REBI_sofa_poso-100-scaled.jpg","datePublished":"2025-07-09T08:16:08+00:00","dateModified":"2025-08-29T13:57:17+00:00","breadcrumb":{"@id":"https:\/\/demkohome.pl\/produkt\/sofa-rebi\/#breadcrumb"},"inLanguage":"en-US","potentialAction":[{"@type":"ReadAction","target":["https:\/\/demkohome.pl\/produkt\/sofa-rebi\/"]}]},{"@type":"ImageObject","inLanguage":"en-US","@id":"https:\/\/demkohome.pl\/produkt\/sofa-rebi\/#primaryimage","url":"https:\/\/demkohome.pl\/wp-content\/uploads\/2025\/07\/REBI_sofa_poso-100-scaled.jpg","contentUrl":"https:\/\/demkohome.pl\/wp-content\/uploads\/2025\/07\/REBI_sofa_poso-100-scaled.jpg","width":2560,"height":1804,"caption":"Sofa Rebi od Demko Home \u2013 wygodna i funkcjonalna do Twojego salonu"},{"@type":"BreadcrumbList","@id":"https:\/\/demkohome.pl\/produkt\/sofa-rebi\/#breadcrumb","itemListElement":[{"@type":"ListItem","position":1,"name":"Strona g\u0142\u00f3wna","item":"https:\/\/demkohome.pl\/"},{"@type":"ListItem","position":2,"name":"Sklep","item":"https:\/\/demkohome.pl\/sklep\/"},{"@type":"ListItem","position":3,"name":"Sofa Rebi"}]},{"@type":"WebSite","@id":"https:\/\/demkohome.pl\/#website","url":"https:\/\/demkohome.pl\/","name":"Demko Home","description":"Make it simple","publisher":{"@id":"https:\/\/demkohome.pl\/#organization"},"potentialAction":[{"@type":"SearchAction","target":{"@type":"EntryPoint","urlTemplate":"https:\/\/demkohome.pl\/?s={search_term_string}"},"query-input":{"@type":"PropertyValueSpecification","valueRequired":true,"valueName":"search_term_string"}}],"inLanguage":"en-US"},{"@type":"Organization","@id":"https:\/\/demkohome.pl\/#organization","name":"Demko Home","url":"https:\/\/demkohome.pl\/","logo":{"@type":"ImageObject","inLanguage":"en-US","@id":"https:\/\/demkohome.pl\/#\/schema\/logo\/image\/","url":"https:\/\/demkohome.pl\/wp-content\/uploads\/2026\/03\/cropped-3.png","contentUrl":"https:\/\/demkohome.pl\/wp-content\/uploads\/2026\/03\/cropped-3.png","width":250,"height":63,"caption":"Demko Home"},"image":{"@id":"https:\/\/demkohome.pl\/#\/schema\/logo\/image\/"}}]}},"_links":{"self":[{"href":"https:\/\/demkohome.pl\/en\/wp-json\/wp\/v2\/product\/77271","targetHints":{"allow":["GET"]}}],"collection":[{"href":"https:\/\/demkohome.pl\/en\/wp-json\/wp\/v2\/product"}],"about":[{"href":"https:\/\/demkohome.pl\/en\/wp-json\/wp\/v2\/types\/product"}],"replies":[{"embeddable":true,"href":"https:\/\/demkohome.pl\/en\/wp-json\/wp\/v2\/comments?post=77271"}],"wp:featuredmedia":[{"embeddable":true,"href":"https:\/\/demkohome.pl\/en\/wp-json\/wp\/v2\/media\/77275"}],"wp:attachment":[{"href":"https:\/\/demkohome.pl\/en\/wp-json\/wp\/v2\/media?parent=77271"}],"wp:term":[{"taxonomy":"product_brand","embeddable":true,"href":"https:\/\/demkohome.pl\/en\/wp-json\/wp\/v2\/product_brand?post=77271"},{"taxonomy":"product_cat","embeddable":true,"href":"https:\/\/demkohome.pl\/en\/wp-json\/wp\/v2\/product_cat?post=77271"},{"taxonomy":"product_tag","embeddable":true,"href":"https:\/\/demkohome.pl\/en\/wp-json\/wp\/v2\/product_tag?post=77271"}],"curies":[{"name":"wp","href":"https:\/\/api.w.org\/{rel}","templated":true}]}}