{"id":81040,"date":"2025-07-11T10:55:01","date_gmt":"2025-07-11T08:55:01","guid":{"rendered":"https:\/\/demkohome.pl\/?post_type=product&#038;p=81040"},"modified":"2026-04-18T03:16:48","modified_gmt":"2026-04-18T01:16:48","slug":"wyspa-bilberry","status":"publish","type":"product","link":"https:\/\/demkohome.pl\/en\/product\/wyspa-bilberry\/","title":{"rendered":"Bilberry kitchen island"},"content":{"rendered":"<h3 data-start=\"39\" data-end=\"101\"><strong data-start=\"39\" data-end=\"99\">Bilberry kitchen island - Graphite grey \/ Sonoma oak<\/strong><\/h3>\n<p data-start=\"103\" data-end=\"361\">The Bilberry kitchen island is a stylish and functional piece of equipment that will become the focal point of your kitchen. It combines elegant design with practicality, offering a comfortable place to cook, store and spend time together. The compact yet roomy island, measuring 75 \u00d7 138 \u00d7 90 cm and weighing 60 kg, is characterized by an elegant combination of gray graphite with a warm shade of sonoma oak, giving the kitchen a modern and cozy character.<\/p>\n<p><img loading=\"lazy\" decoding=\"async\" class=\"wp-image-81052 size-full\" src=\"https:\/\/demkohome.pl\/wp-content\/uploads\/2025\/07\/ARANZACJA-BILBERRY.png\" alt=\"zestaw kuchenny Bilberry Demko Home, nowoczesne meble kuchenne z szafkami i blatem\" width=\"1024\" height=\"1024\" srcset=\"https:\/\/demkohome.pl\/wp-content\/uploads\/2025\/07\/ARANZACJA-BILBERRY.png 1024w, https:\/\/demkohome.pl\/wp-content\/uploads\/2025\/07\/ARANZACJA-BILBERRY-300x300.png 300w, https:\/\/demkohome.pl\/wp-content\/uploads\/2025\/07\/ARANZACJA-BILBERRY-150x150.png 150w, https:\/\/demkohome.pl\/wp-content\/uploads\/2025\/07\/ARANZACJA-BILBERRY-768x768.png 768w, https:\/\/demkohome.pl\/wp-content\/uploads\/2025\/07\/ARANZACJA-BILBERRY-12x12.png 12w, https:\/\/demkohome.pl\/wp-content\/uploads\/2025\/07\/ARANZACJA-BILBERRY-600x600.png 600w, https:\/\/demkohome.pl\/wp-content\/uploads\/2025\/07\/ARANZACJA-BILBERRY-100x100.png 100w\" sizes=\"auto, (max-width: 1024px) 100vw, 1024px\" \/><\/p>\n<p data-start=\"521\" data-end=\"543\"><strong data-start=\"521\" data-end=\"541\">Features and functions:<\/strong><\/p>\n<ul data-start=\"544\" data-end=\"1349\">\n<li data-start=\"544\" data-end=\"701\">\n<p data-start=\"546\" data-end=\"701\">The spacious worktop in Sonoma oak decor provides a large surface for preparing meals, cutting, kneading dough or serving food.<\/p>\n<\/li>\n<li data-start=\"702\" data-end=\"868\">\n<p data-start=\"704\" data-end=\"868\">The bar table function makes the island perfect for quick breakfasts, afternoon coffee, drinks or informal gatherings with family and friends.<\/p>\n<\/li>\n<li data-start=\"869\" data-end=\"1028\">\n<p data-start=\"871\" data-end=\"1028\">Equipped with additional cabinets, drawers and shelves to increase storage space for pots, dishes, utensils and grocery supplies.<\/p>\n<\/li>\n<li data-start=\"1029\" data-end=\"1130\">\n<p data-start=\"1031\" data-end=\"1130\">Ergonomic height of 90 cm provides comfort while cooking and eating.<\/p>\n<\/li>\n<li data-start=\"1131\" data-end=\"1210\">\n<p data-start=\"1133\" data-end=\"1210\">Robust construction with a weight of 60 kg guarantees stability and durability for years.<\/p>\n<\/li>\n<li data-start=\"1211\" data-end=\"1349\">\n<p data-start=\"1213\" data-end=\"1349\">The modern color scheme combines elegant gray graphite with a warm shade of Sonoma oak, creating a unique and timeless character of the furniture.<\/p>\n<\/li>\n<\/ul>\n<p data-start=\"1351\" data-end=\"1593\">Bilberry kitchen island kitchen island, but also an elegant accent to the interior. It will work great in both modern and classic kitchen arrangements, becoming the heart of the home and a place where everyone is happy to stay.<\/p>","protected":false},"excerpt":{"rendered":"<p>Wyspa kuchenna Bilberry \u2013 Szary grafit \/ D\u0105b Sonoma Wyspa kuchenna Bilberry to stylowy i funkcjonalny element wyposa\u017cenia, kt\u00f3ry stanie (&#8230;)<\/p>","protected":false},"featured_media":168400,"comment_status":"open","ping_status":"closed","template":"","meta":{"_acf_changed":false,"inline_featured_image":false},"product_brand":[],"product_cat":[302,294,65,300,317,106,107],"product_tag":[],"class_list":{"0":"post-81040","1":"product","2":"type-product","3":"status-publish","4":"has-post-thumbnail","6":"product_cat-kuchnia-pomieszczenia","7":"product_cat-meble","8":"product_cat-meble-kuchenne","9":"product_cat-meble-kuchenne-meble","10":"product_cat-szafki-meble-kuchenne-meble","11":"product_cat-szafki-kuchenne","12":"product_cat-szafki-kuchenne-stojace","13":"product_shipping_class-paleta-120cmx80cm","14":"collection-bilberry","16":"first","17":"instock","18":"sale","19":"shipping-taxable","20":"purchasable","21":"product-type-simple"},"acf":[],"yoast_head":"<!-- This site is optimized with the Yoast SEO plugin v27.4 - https:\/\/yoast.com\/product\/yoast-seo-wordpress\/ -->\n<title>Wyspa kuchenna Bilberry - Demko Home<\/title>\n<meta name=\"robots\" content=\"index, follow, max-snippet:-1, max-image-preview:large, max-video-preview:-1\" \/>\n<link rel=\"canonical\" href=\"https:\/\/demkohome.pl\/en\/product\/wyspa-bilberry\/\" \/>\n<meta property=\"og:locale\" content=\"en_US\" \/>\n<meta property=\"og:type\" content=\"article\" \/>\n<meta property=\"og:title\" content=\"Wyspa kuchenna Bilberry - Demko Home\" \/>\n<meta property=\"og:description\" content=\"Wyspa kuchenna Bilberry \u2013 Szary grafit \/ D\u0105b Sonoma Wyspa kuchenna Bilberry to stylowy i funkcjonalny element wyposa\u017cenia, kt\u00f3ry stanie (...)\" \/>\n<meta property=\"og:url\" content=\"https:\/\/demkohome.pl\/en\/product\/wyspa-bilberry\/\" \/>\n<meta property=\"og:site_name\" content=\"Demko Home\" \/>\n<meta property=\"article:modified_time\" content=\"2026-04-18T01:16:48+00:00\" \/>\n<meta property=\"og:image\" content=\"https:\/\/demkohome.pl\/wp-content\/uploads\/2025\/07\/4-1.png\" \/>\n\t<meta property=\"og:image:width\" content=\"1556\" \/>\n\t<meta property=\"og:image:height\" content=\"2000\" \/>\n\t<meta property=\"og:image:type\" content=\"image\/png\" \/>\n<meta name=\"twitter:card\" content=\"summary_large_image\" \/>\n<meta name=\"twitter:label1\" content=\"Est. reading time\" \/>\n\t<meta name=\"twitter:data1\" content=\"2 minutes\" \/>\n<script type=\"application\/ld+json\" class=\"yoast-schema-graph\">{\"@context\":\"https:\\\/\\\/schema.org\",\"@graph\":[{\"@type\":\"WebPage\",\"@id\":\"https:\\\/\\\/demkohome.pl\\\/produkt\\\/wyspa-bilberry\\\/\",\"url\":\"https:\\\/\\\/demkohome.pl\\\/produkt\\\/wyspa-bilberry\\\/\",\"name\":\"Wyspa kuchenna Bilberry - Demko Home\",\"isPartOf\":{\"@id\":\"https:\\\/\\\/demkohome.pl\\\/#website\"},\"primaryImageOfPage\":{\"@id\":\"https:\\\/\\\/demkohome.pl\\\/produkt\\\/wyspa-bilberry\\\/#primaryimage\"},\"image\":{\"@id\":\"https:\\\/\\\/demkohome.pl\\\/produkt\\\/wyspa-bilberry\\\/#primaryimage\"},\"thumbnailUrl\":\"https:\\\/\\\/demkohome.pl\\\/wp-content\\\/uploads\\\/2025\\\/07\\\/4-1.png\",\"datePublished\":\"2025-07-11T08:55:01+00:00\",\"dateModified\":\"2026-04-18T01:16:48+00:00\",\"breadcrumb\":{\"@id\":\"https:\\\/\\\/demkohome.pl\\\/produkt\\\/wyspa-bilberry\\\/#breadcrumb\"},\"inLanguage\":\"en-US\",\"potentialAction\":[{\"@type\":\"ReadAction\",\"target\":[\"https:\\\/\\\/demkohome.pl\\\/produkt\\\/wyspa-bilberry\\\/\"]}]},{\"@type\":\"ImageObject\",\"inLanguage\":\"en-US\",\"@id\":\"https:\\\/\\\/demkohome.pl\\\/produkt\\\/wyspa-bilberry\\\/#primaryimage\",\"url\":\"https:\\\/\\\/demkohome.pl\\\/wp-content\\\/uploads\\\/2025\\\/07\\\/4-1.png\",\"contentUrl\":\"https:\\\/\\\/demkohome.pl\\\/wp-content\\\/uploads\\\/2025\\\/07\\\/4-1.png\",\"width\":1556,\"height\":2000},{\"@type\":\"BreadcrumbList\",\"@id\":\"https:\\\/\\\/demkohome.pl\\\/produkt\\\/wyspa-bilberry\\\/#breadcrumb\",\"itemListElement\":[{\"@type\":\"ListItem\",\"position\":1,\"name\":\"Strona g\u0142\u00f3wna\",\"item\":\"https:\\\/\\\/demkohome.pl\\\/\"},{\"@type\":\"ListItem\",\"position\":2,\"name\":\"Sklep\",\"item\":\"https:\\\/\\\/demkohome.pl\\\/sklep\\\/\"},{\"@type\":\"ListItem\",\"position\":3,\"name\":\"Wyspa kuchenna Bilberry\"}]},{\"@type\":\"WebSite\",\"@id\":\"https:\\\/\\\/demkohome.pl\\\/#website\",\"url\":\"https:\\\/\\\/demkohome.pl\\\/\",\"name\":\"Demko Home\",\"description\":\"Make it simple\",\"publisher\":{\"@id\":\"https:\\\/\\\/demkohome.pl\\\/#organization\"},\"potentialAction\":[{\"@type\":\"SearchAction\",\"target\":{\"@type\":\"EntryPoint\",\"urlTemplate\":\"https:\\\/\\\/demkohome.pl\\\/?s={search_term_string}\"},\"query-input\":{\"@type\":\"PropertyValueSpecification\",\"valueRequired\":true,\"valueName\":\"search_term_string\"}}],\"inLanguage\":\"en-US\"},{\"@type\":\"Organization\",\"@id\":\"https:\\\/\\\/demkohome.pl\\\/#organization\",\"name\":\"Demko Home\",\"url\":\"https:\\\/\\\/demkohome.pl\\\/\",\"logo\":{\"@type\":\"ImageObject\",\"inLanguage\":\"en-US\",\"@id\":\"https:\\\/\\\/demkohome.pl\\\/#\\\/schema\\\/logo\\\/image\\\/\",\"url\":\"https:\\\/\\\/demkohome.pl\\\/wp-content\\\/uploads\\\/2026\\\/03\\\/cropped-3.png\",\"contentUrl\":\"https:\\\/\\\/demkohome.pl\\\/wp-content\\\/uploads\\\/2026\\\/03\\\/cropped-3.png\",\"width\":250,\"height\":63,\"caption\":\"Demko Home\"},\"image\":{\"@id\":\"https:\\\/\\\/demkohome.pl\\\/#\\\/schema\\\/logo\\\/image\\\/\"}}]}<\/script>\n<!-- \/ Yoast SEO plugin. -->","yoast_head_json":{"title":"Wyspa kuchenna Bilberry - Demko Home","robots":{"index":"index","follow":"follow","max-snippet":"max-snippet:-1","max-image-preview":"max-image-preview:large","max-video-preview":"max-video-preview:-1"},"canonical":"https:\/\/demkohome.pl\/en\/product\/wyspa-bilberry\/","og_locale":"en_US","og_type":"article","og_title":"Wyspa kuchenna Bilberry - Demko Home","og_description":"Wyspa kuchenna Bilberry \u2013 Szary grafit \/ D\u0105b Sonoma Wyspa kuchenna Bilberry to stylowy i funkcjonalny element wyposa\u017cenia, kt\u00f3ry stanie (...)","og_url":"https:\/\/demkohome.pl\/en\/product\/wyspa-bilberry\/","og_site_name":"Demko Home","article_modified_time":"2026-04-18T01:16:48+00:00","og_image":[{"width":1556,"height":2000,"url":"https:\/\/demkohome.pl\/wp-content\/uploads\/2025\/07\/4-1.png","type":"image\/png"}],"twitter_card":"summary_large_image","twitter_misc":{"Est. reading time":"2 minutes"},"schema":{"@context":"https:\/\/schema.org","@graph":[{"@type":"WebPage","@id":"https:\/\/demkohome.pl\/produkt\/wyspa-bilberry\/","url":"https:\/\/demkohome.pl\/produkt\/wyspa-bilberry\/","name":"Wyspa kuchenna Bilberry - Demko Home","isPartOf":{"@id":"https:\/\/demkohome.pl\/#website"},"primaryImageOfPage":{"@id":"https:\/\/demkohome.pl\/produkt\/wyspa-bilberry\/#primaryimage"},"image":{"@id":"https:\/\/demkohome.pl\/produkt\/wyspa-bilberry\/#primaryimage"},"thumbnailUrl":"https:\/\/demkohome.pl\/wp-content\/uploads\/2025\/07\/4-1.png","datePublished":"2025-07-11T08:55:01+00:00","dateModified":"2026-04-18T01:16:48+00:00","breadcrumb":{"@id":"https:\/\/demkohome.pl\/produkt\/wyspa-bilberry\/#breadcrumb"},"inLanguage":"en-US","potentialAction":[{"@type":"ReadAction","target":["https:\/\/demkohome.pl\/produkt\/wyspa-bilberry\/"]}]},{"@type":"ImageObject","inLanguage":"en-US","@id":"https:\/\/demkohome.pl\/produkt\/wyspa-bilberry\/#primaryimage","url":"https:\/\/demkohome.pl\/wp-content\/uploads\/2025\/07\/4-1.png","contentUrl":"https:\/\/demkohome.pl\/wp-content\/uploads\/2025\/07\/4-1.png","width":1556,"height":2000},{"@type":"BreadcrumbList","@id":"https:\/\/demkohome.pl\/produkt\/wyspa-bilberry\/#breadcrumb","itemListElement":[{"@type":"ListItem","position":1,"name":"Strona g\u0142\u00f3wna","item":"https:\/\/demkohome.pl\/"},{"@type":"ListItem","position":2,"name":"Sklep","item":"https:\/\/demkohome.pl\/sklep\/"},{"@type":"ListItem","position":3,"name":"Wyspa kuchenna Bilberry"}]},{"@type":"WebSite","@id":"https:\/\/demkohome.pl\/#website","url":"https:\/\/demkohome.pl\/","name":"Demko Home","description":"Make it simple","publisher":{"@id":"https:\/\/demkohome.pl\/#organization"},"potentialAction":[{"@type":"SearchAction","target":{"@type":"EntryPoint","urlTemplate":"https:\/\/demkohome.pl\/?s={search_term_string}"},"query-input":{"@type":"PropertyValueSpecification","valueRequired":true,"valueName":"search_term_string"}}],"inLanguage":"en-US"},{"@type":"Organization","@id":"https:\/\/demkohome.pl\/#organization","name":"Demko Home","url":"https:\/\/demkohome.pl\/","logo":{"@type":"ImageObject","inLanguage":"en-US","@id":"https:\/\/demkohome.pl\/#\/schema\/logo\/image\/","url":"https:\/\/demkohome.pl\/wp-content\/uploads\/2026\/03\/cropped-3.png","contentUrl":"https:\/\/demkohome.pl\/wp-content\/uploads\/2026\/03\/cropped-3.png","width":250,"height":63,"caption":"Demko Home"},"image":{"@id":"https:\/\/demkohome.pl\/#\/schema\/logo\/image\/"}}]}},"_links":{"self":[{"href":"https:\/\/demkohome.pl\/en\/wp-json\/wp\/v2\/product\/81040","targetHints":{"allow":["GET"]}}],"collection":[{"href":"https:\/\/demkohome.pl\/en\/wp-json\/wp\/v2\/product"}],"about":[{"href":"https:\/\/demkohome.pl\/en\/wp-json\/wp\/v2\/types\/product"}],"replies":[{"embeddable":true,"href":"https:\/\/demkohome.pl\/en\/wp-json\/wp\/v2\/comments?post=81040"}],"wp:featuredmedia":[{"embeddable":true,"href":"https:\/\/demkohome.pl\/en\/wp-json\/wp\/v2\/media\/168400"}],"wp:attachment":[{"href":"https:\/\/demkohome.pl\/en\/wp-json\/wp\/v2\/media?parent=81040"}],"wp:term":[{"taxonomy":"product_brand","embeddable":true,"href":"https:\/\/demkohome.pl\/en\/wp-json\/wp\/v2\/product_brand?post=81040"},{"taxonomy":"product_cat","embeddable":true,"href":"https:\/\/demkohome.pl\/en\/wp-json\/wp\/v2\/product_cat?post=81040"},{"taxonomy":"product_tag","embeddable":true,"href":"https:\/\/demkohome.pl\/en\/wp-json\/wp\/v2\/product_tag?post=81040"}],"curies":[{"name":"wp","href":"https:\/\/api.w.org\/{rel}","templated":true}]}}