{"id":81093,"date":"2025-07-11T14:18:55","date_gmt":"2025-07-11T12:18:55","guid":{"rendered":"https:\/\/demkohome.pl\/?post_type=product&#038;p=81093"},"modified":"2026-04-18T03:16:47","modified_gmt":"2026-04-18T01:16:47","slug":"szafka-kuchenna-dolna-100-cm-bilberry","status":"publish","type":"product","link":"https:\/\/demkohome.pl\/en\/product\/szafka-kuchenna-dolna-100-cm-bilberry\/","title":{"rendered":"Bottom kitchen cabinet 100 cm Bilberry"},"content":{"rendered":"<p data-start=\"85\" data-end=\"502\">Kitchen base cabinet 100 cm Bilberry is a functional and aesthetic element that significantly facilitates the organization of space in the kitchen. Made in a modern graphite gray color, it brings elegance and a subtle hint of industrial style to the interior, which blends perfectly with various arrangements - both minimalist and more classic.<\/p>\n<p data-start=\"85\" data-end=\"502\"><img loading=\"lazy\" decoding=\"async\" class=\"alignnone wp-image-81057 size-full\" src=\"https:\/\/demkohome.pl\/wp-content\/uploads\/2025\/05\/ARANZACJA-BILBERRY.png\" alt=\"\" width=\"1024\" height=\"1024\" srcset=\"https:\/\/demkohome.pl\/wp-content\/uploads\/2025\/05\/ARANZACJA-BILBERRY.png 1024w, https:\/\/demkohome.pl\/wp-content\/uploads\/2025\/05\/ARANZACJA-BILBERRY-300x300.png 300w, https:\/\/demkohome.pl\/wp-content\/uploads\/2025\/05\/ARANZACJA-BILBERRY-150x150.png 150w, https:\/\/demkohome.pl\/wp-content\/uploads\/2025\/05\/ARANZACJA-BILBERRY-768x768.png 768w, https:\/\/demkohome.pl\/wp-content\/uploads\/2025\/05\/ARANZACJA-BILBERRY-12x12.png 12w, https:\/\/demkohome.pl\/wp-content\/uploads\/2025\/05\/ARANZACJA-BILBERRY-600x600.png 600w, https:\/\/demkohome.pl\/wp-content\/uploads\/2025\/05\/ARANZACJA-BILBERRY-100x100.png 100w\" sizes=\"auto, (max-width: 1024px) 100vw, 1024px\" \/><\/p>\n<p data-start=\"834\" data-end=\"1141\">The Bilberry kitchen cabinet is the perfect place to store everyday dishes, spices, small kitchen accessories and other essential items that you should always have on hand. It makes it easier to keep the kitchen tidy and aesthetically pleasing, making cooking more enjoyable and convenient.<\/p>\n<p data-start=\"1143\" data-end=\"1360\">Its versatile gray graphite color allows it to be easily combined with other furniture and accessories, and its minimalist design makes the Bilberry cabinet a timeless piece for your kitchen that will never go out of style.<\/p>","protected":false},"excerpt":{"rendered":"<p>Szafka kuchenna dolna 100 cm Bilberry to funkcjonalny i estetyczny element, kt\u00f3ry znacz\u0105co u\u0142atwia organizacj\u0119 przestrzeni w kuchni. Wykonana w (&#8230;)<\/p>","protected":false},"featured_media":168399,"comment_status":"open","ping_status":"closed","template":"","meta":{"_acf_changed":false,"inline_featured_image":false},"product_brand":[],"product_cat":[302,294,65,317,106,107],"product_tag":[],"class_list":{"0":"post-81093","1":"product","2":"type-product","3":"status-publish","4":"has-post-thumbnail","6":"product_cat-kuchnia-pomieszczenia","7":"product_cat-meble","8":"product_cat-meble-kuchenne","9":"product_cat-szafki-meble-kuchenne-meble","10":"product_cat-szafki-kuchenne","11":"product_cat-szafki-kuchenne-stojace","12":"collection-bilberry","14":"first","15":"instock","16":"sale","17":"shipping-taxable","18":"purchasable","19":"product-type-simple"},"acf":[],"yoast_head":"<!-- This site is optimized with the Yoast SEO plugin v27.4 - https:\/\/yoast.com\/product\/yoast-seo-wordpress\/ -->\n<title>Szafka kuchenna dolna 100 cm Bilberry - Demko Home<\/title>\n<meta name=\"robots\" content=\"index, follow, max-snippet:-1, max-image-preview:large, max-video-preview:-1\" \/>\n<link rel=\"canonical\" href=\"https:\/\/demkohome.pl\/en\/product\/szafka-kuchenna-dolna-100-cm-bilberry\/\" \/>\n<meta property=\"og:locale\" content=\"en_US\" \/>\n<meta property=\"og:type\" content=\"article\" \/>\n<meta property=\"og:title\" content=\"Szafka kuchenna dolna 100 cm Bilberry - Demko Home\" \/>\n<meta property=\"og:description\" content=\"Szafka kuchenna dolna 100 cm Bilberry to funkcjonalny i estetyczny element, kt\u00f3ry znacz\u0105co u\u0142atwia organizacj\u0119 przestrzeni w kuchni. Wykonana w (...)\" \/>\n<meta property=\"og:url\" content=\"https:\/\/demkohome.pl\/en\/product\/szafka-kuchenna-dolna-100-cm-bilberry\/\" \/>\n<meta property=\"og:site_name\" content=\"Demko Home\" \/>\n<meta property=\"article:modified_time\" content=\"2026-04-18T01:16:47+00:00\" \/>\n<meta property=\"og:image\" content=\"https:\/\/demkohome.pl\/wp-content\/uploads\/2025\/07\/3-1.png\" \/>\n\t<meta property=\"og:image:width\" content=\"1556\" \/>\n\t<meta property=\"og:image:height\" content=\"2000\" \/>\n\t<meta property=\"og:image:type\" content=\"image\/png\" \/>\n<meta name=\"twitter:card\" content=\"summary_large_image\" \/>\n<meta name=\"twitter:label1\" content=\"Est. reading time\" \/>\n\t<meta name=\"twitter:data1\" content=\"2 minutes\" \/>\n<script type=\"application\/ld+json\" class=\"yoast-schema-graph\">{\"@context\":\"https:\\\/\\\/schema.org\",\"@graph\":[{\"@type\":\"WebPage\",\"@id\":\"https:\\\/\\\/demkohome.pl\\\/produkt\\\/szafka-kuchenna-dolna-100-cm-bilberry\\\/\",\"url\":\"https:\\\/\\\/demkohome.pl\\\/produkt\\\/szafka-kuchenna-dolna-100-cm-bilberry\\\/\",\"name\":\"Szafka kuchenna dolna 100 cm Bilberry - Demko Home\",\"isPartOf\":{\"@id\":\"https:\\\/\\\/demkohome.pl\\\/#website\"},\"primaryImageOfPage\":{\"@id\":\"https:\\\/\\\/demkohome.pl\\\/produkt\\\/szafka-kuchenna-dolna-100-cm-bilberry\\\/#primaryimage\"},\"image\":{\"@id\":\"https:\\\/\\\/demkohome.pl\\\/produkt\\\/szafka-kuchenna-dolna-100-cm-bilberry\\\/#primaryimage\"},\"thumbnailUrl\":\"https:\\\/\\\/demkohome.pl\\\/wp-content\\\/uploads\\\/2025\\\/07\\\/3-1.png\",\"datePublished\":\"2025-07-11T12:18:55+00:00\",\"dateModified\":\"2026-04-18T01:16:47+00:00\",\"breadcrumb\":{\"@id\":\"https:\\\/\\\/demkohome.pl\\\/produkt\\\/szafka-kuchenna-dolna-100-cm-bilberry\\\/#breadcrumb\"},\"inLanguage\":\"en-US\",\"potentialAction\":[{\"@type\":\"ReadAction\",\"target\":[\"https:\\\/\\\/demkohome.pl\\\/produkt\\\/szafka-kuchenna-dolna-100-cm-bilberry\\\/\"]}]},{\"@type\":\"ImageObject\",\"inLanguage\":\"en-US\",\"@id\":\"https:\\\/\\\/demkohome.pl\\\/produkt\\\/szafka-kuchenna-dolna-100-cm-bilberry\\\/#primaryimage\",\"url\":\"https:\\\/\\\/demkohome.pl\\\/wp-content\\\/uploads\\\/2025\\\/07\\\/3-1.png\",\"contentUrl\":\"https:\\\/\\\/demkohome.pl\\\/wp-content\\\/uploads\\\/2025\\\/07\\\/3-1.png\",\"width\":1556,\"height\":2000},{\"@type\":\"BreadcrumbList\",\"@id\":\"https:\\\/\\\/demkohome.pl\\\/produkt\\\/szafka-kuchenna-dolna-100-cm-bilberry\\\/#breadcrumb\",\"itemListElement\":[{\"@type\":\"ListItem\",\"position\":1,\"name\":\"Strona g\u0142\u00f3wna\",\"item\":\"https:\\\/\\\/demkohome.pl\\\/\"},{\"@type\":\"ListItem\",\"position\":2,\"name\":\"Sklep\",\"item\":\"https:\\\/\\\/demkohome.pl\\\/sklep\\\/\"},{\"@type\":\"ListItem\",\"position\":3,\"name\":\"Szafka kuchenna dolna 100 cm Bilberry\"}]},{\"@type\":\"WebSite\",\"@id\":\"https:\\\/\\\/demkohome.pl\\\/#website\",\"url\":\"https:\\\/\\\/demkohome.pl\\\/\",\"name\":\"Demko Home\",\"description\":\"Make it simple\",\"publisher\":{\"@id\":\"https:\\\/\\\/demkohome.pl\\\/#organization\"},\"potentialAction\":[{\"@type\":\"SearchAction\",\"target\":{\"@type\":\"EntryPoint\",\"urlTemplate\":\"https:\\\/\\\/demkohome.pl\\\/?s={search_term_string}\"},\"query-input\":{\"@type\":\"PropertyValueSpecification\",\"valueRequired\":true,\"valueName\":\"search_term_string\"}}],\"inLanguage\":\"en-US\"},{\"@type\":\"Organization\",\"@id\":\"https:\\\/\\\/demkohome.pl\\\/#organization\",\"name\":\"Demko Home\",\"url\":\"https:\\\/\\\/demkohome.pl\\\/\",\"logo\":{\"@type\":\"ImageObject\",\"inLanguage\":\"en-US\",\"@id\":\"https:\\\/\\\/demkohome.pl\\\/#\\\/schema\\\/logo\\\/image\\\/\",\"url\":\"https:\\\/\\\/demkohome.pl\\\/wp-content\\\/uploads\\\/2026\\\/03\\\/cropped-3.png\",\"contentUrl\":\"https:\\\/\\\/demkohome.pl\\\/wp-content\\\/uploads\\\/2026\\\/03\\\/cropped-3.png\",\"width\":250,\"height\":63,\"caption\":\"Demko Home\"},\"image\":{\"@id\":\"https:\\\/\\\/demkohome.pl\\\/#\\\/schema\\\/logo\\\/image\\\/\"}}]}<\/script>\n<!-- \/ Yoast SEO plugin. -->","yoast_head_json":{"title":"Szafka kuchenna dolna 100 cm Bilberry - Demko Home","robots":{"index":"index","follow":"follow","max-snippet":"max-snippet:-1","max-image-preview":"max-image-preview:large","max-video-preview":"max-video-preview:-1"},"canonical":"https:\/\/demkohome.pl\/en\/product\/szafka-kuchenna-dolna-100-cm-bilberry\/","og_locale":"en_US","og_type":"article","og_title":"Szafka kuchenna dolna 100 cm Bilberry - Demko Home","og_description":"Szafka kuchenna dolna 100 cm Bilberry to funkcjonalny i estetyczny element, kt\u00f3ry znacz\u0105co u\u0142atwia organizacj\u0119 przestrzeni w kuchni. Wykonana w (...)","og_url":"https:\/\/demkohome.pl\/en\/product\/szafka-kuchenna-dolna-100-cm-bilberry\/","og_site_name":"Demko Home","article_modified_time":"2026-04-18T01:16:47+00:00","og_image":[{"width":1556,"height":2000,"url":"https:\/\/demkohome.pl\/wp-content\/uploads\/2025\/07\/3-1.png","type":"image\/png"}],"twitter_card":"summary_large_image","twitter_misc":{"Est. reading time":"2 minutes"},"schema":{"@context":"https:\/\/schema.org","@graph":[{"@type":"WebPage","@id":"https:\/\/demkohome.pl\/produkt\/szafka-kuchenna-dolna-100-cm-bilberry\/","url":"https:\/\/demkohome.pl\/produkt\/szafka-kuchenna-dolna-100-cm-bilberry\/","name":"Szafka kuchenna dolna 100 cm Bilberry - Demko Home","isPartOf":{"@id":"https:\/\/demkohome.pl\/#website"},"primaryImageOfPage":{"@id":"https:\/\/demkohome.pl\/produkt\/szafka-kuchenna-dolna-100-cm-bilberry\/#primaryimage"},"image":{"@id":"https:\/\/demkohome.pl\/produkt\/szafka-kuchenna-dolna-100-cm-bilberry\/#primaryimage"},"thumbnailUrl":"https:\/\/demkohome.pl\/wp-content\/uploads\/2025\/07\/3-1.png","datePublished":"2025-07-11T12:18:55+00:00","dateModified":"2026-04-18T01:16:47+00:00","breadcrumb":{"@id":"https:\/\/demkohome.pl\/produkt\/szafka-kuchenna-dolna-100-cm-bilberry\/#breadcrumb"},"inLanguage":"en-US","potentialAction":[{"@type":"ReadAction","target":["https:\/\/demkohome.pl\/produkt\/szafka-kuchenna-dolna-100-cm-bilberry\/"]}]},{"@type":"ImageObject","inLanguage":"en-US","@id":"https:\/\/demkohome.pl\/produkt\/szafka-kuchenna-dolna-100-cm-bilberry\/#primaryimage","url":"https:\/\/demkohome.pl\/wp-content\/uploads\/2025\/07\/3-1.png","contentUrl":"https:\/\/demkohome.pl\/wp-content\/uploads\/2025\/07\/3-1.png","width":1556,"height":2000},{"@type":"BreadcrumbList","@id":"https:\/\/demkohome.pl\/produkt\/szafka-kuchenna-dolna-100-cm-bilberry\/#breadcrumb","itemListElement":[{"@type":"ListItem","position":1,"name":"Strona g\u0142\u00f3wna","item":"https:\/\/demkohome.pl\/"},{"@type":"ListItem","position":2,"name":"Sklep","item":"https:\/\/demkohome.pl\/sklep\/"},{"@type":"ListItem","position":3,"name":"Szafka kuchenna dolna 100 cm Bilberry"}]},{"@type":"WebSite","@id":"https:\/\/demkohome.pl\/#website","url":"https:\/\/demkohome.pl\/","name":"Demko Home","description":"Make it simple","publisher":{"@id":"https:\/\/demkohome.pl\/#organization"},"potentialAction":[{"@type":"SearchAction","target":{"@type":"EntryPoint","urlTemplate":"https:\/\/demkohome.pl\/?s={search_term_string}"},"query-input":{"@type":"PropertyValueSpecification","valueRequired":true,"valueName":"search_term_string"}}],"inLanguage":"en-US"},{"@type":"Organization","@id":"https:\/\/demkohome.pl\/#organization","name":"Demko Home","url":"https:\/\/demkohome.pl\/","logo":{"@type":"ImageObject","inLanguage":"en-US","@id":"https:\/\/demkohome.pl\/#\/schema\/logo\/image\/","url":"https:\/\/demkohome.pl\/wp-content\/uploads\/2026\/03\/cropped-3.png","contentUrl":"https:\/\/demkohome.pl\/wp-content\/uploads\/2026\/03\/cropped-3.png","width":250,"height":63,"caption":"Demko Home"},"image":{"@id":"https:\/\/demkohome.pl\/#\/schema\/logo\/image\/"}}]}},"_links":{"self":[{"href":"https:\/\/demkohome.pl\/en\/wp-json\/wp\/v2\/product\/81093","targetHints":{"allow":["GET"]}}],"collection":[{"href":"https:\/\/demkohome.pl\/en\/wp-json\/wp\/v2\/product"}],"about":[{"href":"https:\/\/demkohome.pl\/en\/wp-json\/wp\/v2\/types\/product"}],"replies":[{"embeddable":true,"href":"https:\/\/demkohome.pl\/en\/wp-json\/wp\/v2\/comments?post=81093"}],"wp:featuredmedia":[{"embeddable":true,"href":"https:\/\/demkohome.pl\/en\/wp-json\/wp\/v2\/media\/168399"}],"wp:attachment":[{"href":"https:\/\/demkohome.pl\/en\/wp-json\/wp\/v2\/media?parent=81093"}],"wp:term":[{"taxonomy":"product_brand","embeddable":true,"href":"https:\/\/demkohome.pl\/en\/wp-json\/wp\/v2\/product_brand?post=81093"},{"taxonomy":"product_cat","embeddable":true,"href":"https:\/\/demkohome.pl\/en\/wp-json\/wp\/v2\/product_cat?post=81093"},{"taxonomy":"product_tag","embeddable":true,"href":"https:\/\/demkohome.pl\/en\/wp-json\/wp\/v2\/product_tag?post=81093"}],"curies":[{"name":"wp","href":"https:\/\/api.w.org\/{rel}","templated":true}]}}