{"id":827,"date":"2023-08-25T00:33:22","date_gmt":"2023-08-24T22:33:22","guid":{"rendered":"https:\/\/demkohome.pl\/produkt\/komoda-4d4s-monoss\/"},"modified":"2026-04-30T03:17:04","modified_gmt":"2026-04-30T01:17:04","slug":"czterodrzwiowa-komoda-4d4s-monoss","status":"publish","type":"product","link":"https:\/\/demkohome.pl\/en\/product\/czterodrzwiowa-komoda-4d4s-monoss\/","title":{"rendered":"Four-door dresser with 4 drawers Monoss"},"content":{"rendered":"<div style=\"font-family: 'Noto Sans', sans-serif; font-size: 17px;\">\n<h2>Designer gray 4-door chest of drawers Monoss - a piece of furniture that can not be passed by indifferently<\/h2>\n<p>Looking for furniture with character that will make your arrangement stand out from thousands of others? Our designer gray Monoss 4-door chest of drawers certainly belongs to such. Bring it into your interior, and you can be sure that it will effectively catch the eye of all visitors. Although the dresser is characterized by a simple, elegant form, the geometric juxtaposition of graphite color and artisan oak makes it a piece of furniture absolutely different from all others. It is an option even created for those who appreciate original design that breaks the usual schemes. Invite it to your arrangement, and we guarantee that no one will pass by it indifferently!<\/p>\n<h3>Grey 4-door dresser with 4 drawers - a capacious cabinet for the demanding<\/h3>\n<p>In the case of the gray 4D Monoss dresser, the first thing that strikes the eye is, of course, its unique design. However, it should be noted that this is not its only advantage. As is widely known, it is the interior that counts. In this piece of furniture it consists of 4 capacious shelves and 4 practical drawers. This is a very functional layout, which provides really a lot of storage space. Thus, the Monoss chest of drawers will help you organize your space, hiding in its interior all the things that should not lie on top. We also recommend your attention to the fact that the furniture is handle-less - we have used a convenient TIP-ON system, thanks to which you can open the door by simply pressing it. With all these features, the Monoss chest of drawers will allow you to create a capacious and convenient storage system in your living room, bedroom or even office.<\/p>\n<h3>Modern chest of drawers oak artisan + graphite - many arrangement possibilities<\/h3>\n<p>Monoss artisan oak and graphite chest of drawers, although very distinctive, is not one of the furniture difficult to arrange. No matter where you place it, you can easily match it with the rest of your furnishings. The artisan oak color is very popular and is often used for both home and office furniture. The case is no different with graphite. Furnishings in shades of gray are fashionable and at the same time universal, so maintaining consistency in an arrangement with the Monoss chest of drawers in the lead role can be really easy. The furniture will be perfect for modern design, although it can also be an interesting accent in a fashionable industrial arrangement or in a glamorous interior.<\/p>\n<h3>Monoss collection - get to know its other pieces!<\/h3>\n<div class=\"container\">\n<div class=\"row\"><img decoding=\"async\" style=\"width: 100%; border-radius: 5px; object-fit: cover; margin-top: 30px; margin-bottom: 30px;\" src=\"https:\/\/demkohome.pl\/wp-content\/uploads\/2024\/04\/Kolekcja-mebli-pokojowych-Monoss-w-odcieniach-szarosci-i-debu-artisan-Meble-Okmed-Demko.jpg\" alt=\"Zdj\u0119cie 1\" \/><\/div>\n<\/div>\n<\/div>\n<div style=\"font-family: 'Noto Sans', sans-serif; font-size: 17px;\">The gray 4D Monoss chest of drawers is just one piece of the modular furniture collection of the same name. If you are fascinated by its original design, you should definitely get acquainted with all the proposals from this series. The biggest advantage of modular furniture is that you can create any combination of your choice. Make use of them, and you will surely get your dream unique interior!<\/div>","protected":false},"excerpt":{"rendered":"<p>Designerska szara komoda 4-drzwiowa Monoss \u2013 mebel, obok kt\u00f3rego nie da si\u0119 przej\u015b\u0107 oboj\u0119tnie Szukasz mebli z charakterem, kt\u00f3re wyr\u00f3\u017cni\u0105 (&#8230;)<\/p>","protected":false},"featured_media":830,"comment_status":"open","ping_status":"closed","template":"","meta":{"_acf_changed":false,"inline_featured_image":false},"product_brand":[],"product_cat":[528,323,143,128,127,137,144,139,141],"product_tag":[],"class_list":{"0":"post-827","1":"product","2":"type-product","3":"status-publish","4":"has-post-thumbnail","6":"product_cat-black-friday","7":"product_cat-black-week","8":"product_cat-jadalnia","9":"product_cat-komody","10":"product_cat-meble-pokojowe","11":"product_cat-meble-systemowe","12":"product_cat-pokoj","13":"product_cat-pomieszczenia","14":"product_cat-salon","15":"product_shipping_class-przesylka-dpd-30-pln","16":"collection-monoss","17":"collection-targi-poznan-2025","19":"first","20":"instock","21":"shipping-taxable","22":"purchasable","23":"product-type-simple"},"acf":[],"yoast_head":"<!-- This site is optimized with the Yoast SEO plugin v27.4 - https:\/\/yoast.com\/product\/yoast-seo-wordpress\/ -->\n<title>Komoda 4-drzwiowa - szara, d\u0105b artisan | MONOSS | OKMED<\/title>\n<meta name=\"description\" content=\"Szara komoda 4-drzwiowa Monoss: praktyczne rozwi\u0105zanie do przechowywania w Twoim domu. Zapewnij sobie funkcjonalno\u015b\u0107 i estetyk\u0119 w jednym meblu. Dowiedz si\u0119 wi\u0119cej\" \/>\n<meta name=\"robots\" content=\"index, follow, max-snippet:-1, max-image-preview:large, max-video-preview:-1\" \/>\n<link rel=\"canonical\" href=\"https:\/\/demkohome.pl\/en\/product\/czterodrzwiowa-komoda-4d4s-monoss\/\" \/>\n<meta property=\"og:locale\" content=\"en_US\" \/>\n<meta property=\"og:type\" content=\"article\" \/>\n<meta property=\"og:title\" content=\"Komoda 4-drzwiowa - szara, d\u0105b artisan | MONOSS | OKMED\" \/>\n<meta property=\"og:description\" content=\"Szara komoda 4-drzwiowa Monoss: praktyczne rozwi\u0105zanie do przechowywania w Twoim domu. Zapewnij sobie funkcjonalno\u015b\u0107 i estetyk\u0119 w jednym meblu. Dowiedz si\u0119 wi\u0119cej\" \/>\n<meta property=\"og:url\" content=\"https:\/\/demkohome.pl\/en\/product\/czterodrzwiowa-komoda-4d4s-monoss\/\" \/>\n<meta property=\"og:site_name\" content=\"Demko Home\" \/>\n<meta property=\"article:modified_time\" content=\"2026-04-30T01:17:04+00:00\" \/>\n<meta property=\"og:image\" content=\"https:\/\/demkohome.pl\/wp-content\/uploads\/2023\/08\/Komoda-4szufl-4D_Monoss-Dab-Artisan-Grafit-EAN_-5907736155521.jpg\" \/>\n\t<meta property=\"og:image:width\" content=\"1920\" \/>\n\t<meta property=\"og:image:height\" content=\"1440\" \/>\n\t<meta property=\"og:image:type\" content=\"image\/jpeg\" \/>\n<meta name=\"twitter:card\" content=\"summary_large_image\" \/>\n<meta name=\"twitter:label1\" content=\"Est. reading time\" \/>\n\t<meta name=\"twitter:data1\" content=\"4 minutes\" \/>\n<script type=\"application\/ld+json\" class=\"yoast-schema-graph\">{\"@context\":\"https:\\\/\\\/schema.org\",\"@graph\":[{\"@type\":\"WebPage\",\"@id\":\"https:\\\/\\\/demkohome.pl\\\/produkt\\\/czterodrzwiowa-komoda-4d4s-monoss\\\/\",\"url\":\"https:\\\/\\\/demkohome.pl\\\/produkt\\\/czterodrzwiowa-komoda-4d4s-monoss\\\/\",\"name\":\"Komoda 4-drzwiowa - szara, d\u0105b artisan | MONOSS | OKMED\",\"isPartOf\":{\"@id\":\"https:\\\/\\\/demkohome.pl\\\/#website\"},\"primaryImageOfPage\":{\"@id\":\"https:\\\/\\\/demkohome.pl\\\/produkt\\\/czterodrzwiowa-komoda-4d4s-monoss\\\/#primaryimage\"},\"image\":{\"@id\":\"https:\\\/\\\/demkohome.pl\\\/produkt\\\/czterodrzwiowa-komoda-4d4s-monoss\\\/#primaryimage\"},\"thumbnailUrl\":\"https:\\\/\\\/demkohome.pl\\\/wp-content\\\/uploads\\\/2023\\\/08\\\/Komoda-4szufl-4D_Monoss-Dab-Artisan-Grafit-EAN_-5907736155521.jpg\",\"datePublished\":\"2023-08-24T22:33:22+00:00\",\"dateModified\":\"2026-04-30T01:17:04+00:00\",\"description\":\"Szara komoda 4-drzwiowa Monoss: praktyczne rozwi\u0105zanie do przechowywania w Twoim domu. Zapewnij sobie funkcjonalno\u015b\u0107 i estetyk\u0119 w jednym meblu. Dowiedz si\u0119 wi\u0119cej\",\"breadcrumb\":{\"@id\":\"https:\\\/\\\/demkohome.pl\\\/produkt\\\/czterodrzwiowa-komoda-4d4s-monoss\\\/#breadcrumb\"},\"inLanguage\":\"en-US\",\"potentialAction\":[{\"@type\":\"ReadAction\",\"target\":[\"https:\\\/\\\/demkohome.pl\\\/produkt\\\/czterodrzwiowa-komoda-4d4s-monoss\\\/\"]}]},{\"@type\":\"ImageObject\",\"inLanguage\":\"en-US\",\"@id\":\"https:\\\/\\\/demkohome.pl\\\/produkt\\\/czterodrzwiowa-komoda-4d4s-monoss\\\/#primaryimage\",\"url\":\"https:\\\/\\\/demkohome.pl\\\/wp-content\\\/uploads\\\/2023\\\/08\\\/Komoda-4szufl-4D_Monoss-Dab-Artisan-Grafit-EAN_-5907736155521.jpg\",\"contentUrl\":\"https:\\\/\\\/demkohome.pl\\\/wp-content\\\/uploads\\\/2023\\\/08\\\/Komoda-4szufl-4D_Monoss-Dab-Artisan-Grafit-EAN_-5907736155521.jpg\",\"width\":1920,\"height\":1440,\"caption\":\"Komoda 4szufl 4D_Monoss Dab Artisan Grafit EAN_ 5907736155521.jpg\"},{\"@type\":\"BreadcrumbList\",\"@id\":\"https:\\\/\\\/demkohome.pl\\\/produkt\\\/czterodrzwiowa-komoda-4d4s-monoss\\\/#breadcrumb\",\"itemListElement\":[{\"@type\":\"ListItem\",\"position\":1,\"name\":\"Strona g\u0142\u00f3wna\",\"item\":\"https:\\\/\\\/demkohome.pl\\\/\"},{\"@type\":\"ListItem\",\"position\":2,\"name\":\"Sklep\",\"item\":\"https:\\\/\\\/demkohome.pl\\\/sklep\\\/\"},{\"@type\":\"ListItem\",\"position\":3,\"name\":\"Czterodrzwiowa komoda z 4 szufladami Monoss\"}]},{\"@type\":\"WebSite\",\"@id\":\"https:\\\/\\\/demkohome.pl\\\/#website\",\"url\":\"https:\\\/\\\/demkohome.pl\\\/\",\"name\":\"Demko Home\",\"description\":\"Make it simple\",\"publisher\":{\"@id\":\"https:\\\/\\\/demkohome.pl\\\/#organization\"},\"potentialAction\":[{\"@type\":\"SearchAction\",\"target\":{\"@type\":\"EntryPoint\",\"urlTemplate\":\"https:\\\/\\\/demkohome.pl\\\/?s={search_term_string}\"},\"query-input\":{\"@type\":\"PropertyValueSpecification\",\"valueRequired\":true,\"valueName\":\"search_term_string\"}}],\"inLanguage\":\"en-US\"},{\"@type\":\"Organization\",\"@id\":\"https:\\\/\\\/demkohome.pl\\\/#organization\",\"name\":\"Demko Home\",\"url\":\"https:\\\/\\\/demkohome.pl\\\/\",\"logo\":{\"@type\":\"ImageObject\",\"inLanguage\":\"en-US\",\"@id\":\"https:\\\/\\\/demkohome.pl\\\/#\\\/schema\\\/logo\\\/image\\\/\",\"url\":\"https:\\\/\\\/demkohome.pl\\\/wp-content\\\/uploads\\\/2026\\\/03\\\/cropped-3.png\",\"contentUrl\":\"https:\\\/\\\/demkohome.pl\\\/wp-content\\\/uploads\\\/2026\\\/03\\\/cropped-3.png\",\"width\":250,\"height\":63,\"caption\":\"Demko Home\"},\"image\":{\"@id\":\"https:\\\/\\\/demkohome.pl\\\/#\\\/schema\\\/logo\\\/image\\\/\"}}]}<\/script>\n<!-- \/ Yoast SEO plugin. -->","yoast_head_json":{"title":"Komoda 4-drzwiowa - szara, d\u0105b artisan | MONOSS | OKMED","description":"Szara komoda 4-drzwiowa Monoss: praktyczne rozwi\u0105zanie do przechowywania w Twoim domu. Zapewnij sobie funkcjonalno\u015b\u0107 i estetyk\u0119 w jednym meblu. Dowiedz si\u0119 wi\u0119cej","robots":{"index":"index","follow":"follow","max-snippet":"max-snippet:-1","max-image-preview":"max-image-preview:large","max-video-preview":"max-video-preview:-1"},"canonical":"https:\/\/demkohome.pl\/en\/product\/czterodrzwiowa-komoda-4d4s-monoss\/","og_locale":"en_US","og_type":"article","og_title":"Komoda 4-drzwiowa - szara, d\u0105b artisan | MONOSS | OKMED","og_description":"Szara komoda 4-drzwiowa Monoss: praktyczne rozwi\u0105zanie do przechowywania w Twoim domu. Zapewnij sobie funkcjonalno\u015b\u0107 i estetyk\u0119 w jednym meblu. Dowiedz si\u0119 wi\u0119cej","og_url":"https:\/\/demkohome.pl\/en\/product\/czterodrzwiowa-komoda-4d4s-monoss\/","og_site_name":"Demko Home","article_modified_time":"2026-04-30T01:17:04+00:00","og_image":[{"width":1920,"height":1440,"url":"https:\/\/demkohome.pl\/wp-content\/uploads\/2023\/08\/Komoda-4szufl-4D_Monoss-Dab-Artisan-Grafit-EAN_-5907736155521.jpg","type":"image\/jpeg"}],"twitter_card":"summary_large_image","twitter_misc":{"Est. reading time":"4 minutes"},"schema":{"@context":"https:\/\/schema.org","@graph":[{"@type":"WebPage","@id":"https:\/\/demkohome.pl\/produkt\/czterodrzwiowa-komoda-4d4s-monoss\/","url":"https:\/\/demkohome.pl\/produkt\/czterodrzwiowa-komoda-4d4s-monoss\/","name":"Komoda 4-drzwiowa - szara, d\u0105b artisan | MONOSS | OKMED","isPartOf":{"@id":"https:\/\/demkohome.pl\/#website"},"primaryImageOfPage":{"@id":"https:\/\/demkohome.pl\/produkt\/czterodrzwiowa-komoda-4d4s-monoss\/#primaryimage"},"image":{"@id":"https:\/\/demkohome.pl\/produkt\/czterodrzwiowa-komoda-4d4s-monoss\/#primaryimage"},"thumbnailUrl":"https:\/\/demkohome.pl\/wp-content\/uploads\/2023\/08\/Komoda-4szufl-4D_Monoss-Dab-Artisan-Grafit-EAN_-5907736155521.jpg","datePublished":"2023-08-24T22:33:22+00:00","dateModified":"2026-04-30T01:17:04+00:00","description":"Szara komoda 4-drzwiowa Monoss: praktyczne rozwi\u0105zanie do przechowywania w Twoim domu. Zapewnij sobie funkcjonalno\u015b\u0107 i estetyk\u0119 w jednym meblu. Dowiedz si\u0119 wi\u0119cej","breadcrumb":{"@id":"https:\/\/demkohome.pl\/produkt\/czterodrzwiowa-komoda-4d4s-monoss\/#breadcrumb"},"inLanguage":"en-US","potentialAction":[{"@type":"ReadAction","target":["https:\/\/demkohome.pl\/produkt\/czterodrzwiowa-komoda-4d4s-monoss\/"]}]},{"@type":"ImageObject","inLanguage":"en-US","@id":"https:\/\/demkohome.pl\/produkt\/czterodrzwiowa-komoda-4d4s-monoss\/#primaryimage","url":"https:\/\/demkohome.pl\/wp-content\/uploads\/2023\/08\/Komoda-4szufl-4D_Monoss-Dab-Artisan-Grafit-EAN_-5907736155521.jpg","contentUrl":"https:\/\/demkohome.pl\/wp-content\/uploads\/2023\/08\/Komoda-4szufl-4D_Monoss-Dab-Artisan-Grafit-EAN_-5907736155521.jpg","width":1920,"height":1440,"caption":"Komoda 4szufl 4D_Monoss Dab Artisan Grafit EAN_ 5907736155521.jpg"},{"@type":"BreadcrumbList","@id":"https:\/\/demkohome.pl\/produkt\/czterodrzwiowa-komoda-4d4s-monoss\/#breadcrumb","itemListElement":[{"@type":"ListItem","position":1,"name":"Strona g\u0142\u00f3wna","item":"https:\/\/demkohome.pl\/"},{"@type":"ListItem","position":2,"name":"Sklep","item":"https:\/\/demkohome.pl\/sklep\/"},{"@type":"ListItem","position":3,"name":"Czterodrzwiowa komoda z 4 szufladami Monoss"}]},{"@type":"WebSite","@id":"https:\/\/demkohome.pl\/#website","url":"https:\/\/demkohome.pl\/","name":"Demko Home","description":"Make it simple","publisher":{"@id":"https:\/\/demkohome.pl\/#organization"},"potentialAction":[{"@type":"SearchAction","target":{"@type":"EntryPoint","urlTemplate":"https:\/\/demkohome.pl\/?s={search_term_string}"},"query-input":{"@type":"PropertyValueSpecification","valueRequired":true,"valueName":"search_term_string"}}],"inLanguage":"en-US"},{"@type":"Organization","@id":"https:\/\/demkohome.pl\/#organization","name":"Demko Home","url":"https:\/\/demkohome.pl\/","logo":{"@type":"ImageObject","inLanguage":"en-US","@id":"https:\/\/demkohome.pl\/#\/schema\/logo\/image\/","url":"https:\/\/demkohome.pl\/wp-content\/uploads\/2026\/03\/cropped-3.png","contentUrl":"https:\/\/demkohome.pl\/wp-content\/uploads\/2026\/03\/cropped-3.png","width":250,"height":63,"caption":"Demko Home"},"image":{"@id":"https:\/\/demkohome.pl\/#\/schema\/logo\/image\/"}}]}},"_links":{"self":[{"href":"https:\/\/demkohome.pl\/en\/wp-json\/wp\/v2\/product\/827","targetHints":{"allow":["GET"]}}],"collection":[{"href":"https:\/\/demkohome.pl\/en\/wp-json\/wp\/v2\/product"}],"about":[{"href":"https:\/\/demkohome.pl\/en\/wp-json\/wp\/v2\/types\/product"}],"replies":[{"embeddable":true,"href":"https:\/\/demkohome.pl\/en\/wp-json\/wp\/v2\/comments?post=827"}],"wp:featuredmedia":[{"embeddable":true,"href":"https:\/\/demkohome.pl\/en\/wp-json\/wp\/v2\/media\/830"}],"wp:attachment":[{"href":"https:\/\/demkohome.pl\/en\/wp-json\/wp\/v2\/media?parent=827"}],"wp:term":[{"taxonomy":"product_brand","embeddable":true,"href":"https:\/\/demkohome.pl\/en\/wp-json\/wp\/v2\/product_brand?post=827"},{"taxonomy":"product_cat","embeddable":true,"href":"https:\/\/demkohome.pl\/en\/wp-json\/wp\/v2\/product_cat?post=827"},{"taxonomy":"product_tag","embeddable":true,"href":"https:\/\/demkohome.pl\/en\/wp-json\/wp\/v2\/product_tag?post=827"}],"curies":[{"name":"wp","href":"https:\/\/api.w.org\/{rel}","templated":true}]}}