{"id":834,"date":"2023-08-25T00:33:24","date_gmt":"2023-08-24T22:33:24","guid":{"rendered":"https:\/\/demkohome.pl\/produkt\/lawa-monoss\/"},"modified":"2026-04-22T09:17:18","modified_gmt":"2026-04-22T07:17:18","slug":"stolik-monoss","status":"publish","type":"product","link":"https:\/\/demkohome.pl\/en\/product\/stolik-monoss\/","title":{"rendered":"Monoss table"},"content":{"rendered":"<div style=\"font-family: 'Noto Sans', sans-serif; font-size: 17px;\">\n<h2>Monoss graphite table - a stylish combination of gray and artisan oak<\/h2>\n<p>Gray furniture has a dose of versatility - after all, gray is timeless and neutral, so it looks great in a variety of interior styles. It is especially popular to combine it with wood, which slightly warms it and breaks its austere character. This exact combination is the gray artisan oak accent table from the Monoss collection. This stylish yet streamlined piece of furniture can prove to be a great addition to your living room - whether you use the rest of the Monoss series in it or not.<\/p>\n<h3>Grey coffee table with minimalist design - simple solutions are the best<\/h3>\n<p>The artisan oak and gray table from the Monoss collection is an ideal choice for those who appreciate modern, minimalist forms, as well as classic elegance. The piece of furniture is characterized by a simple design and convenient in use size. We also equipped it with a large, scratch- and stain-resistant top. What's more, we supplemented it with a practical shelf. It will provide you with additional storage space, and at the same time will allow you to keep the tabletop tidy and have all the things you need always at hand. Thus, the gray Monoss coffee table - despite its simple form - is a functional piece of furniture that will certainly increase the convenience of your home living room.<\/p>\n<h3>Artisan oak table and gray - in which interiors will it work best?<\/h3>\n<p>The simple graphite coffee table with artisan oak accents is ideal for interiors kept in a modern style. You can use it in a minimalist arrangement, although it will work equally well in an industrial or Scandinavian space. Boards in the color of oak artisan are very popular. So, on the market you will find a lot of furniture that will perfectly harmonize with the design of the Monoss table - they are waiting for you at least in our e-shop.<\/p>\n<h3>Gray furniture with artisan oak accents - discover other pieces from the Monoss collection!<\/h3>\n<div class=\"container\">\n<div class=\"row\"><img decoding=\"async\" style=\"width: 100%; border-radius: 5px; box-shadow: 0px 0px 5px rgba(0, 0, 0, 0.1); display: block; object-fit: cover; margin-top: 30px; margin-bottom: 30px;\" src=\"https:\/\/demkohome.pl\/wp-content\/uploads\/2024\/04\/Kolekcja-mebli-pokojowych-Monoss-w-odcieniach-szarosci-i-debu-artisan-Meble-Okmed-Demko.jpg\" alt=\"Zdj\u0119cie 1\" \/><\/div>\n<\/div>\n<\/div>\n<div style=\"font-family: 'Noto Sans', sans-serif; font-size: 17px;\">If our graphite Monoss table caught your eye, we are sure that other pieces of this original collection will also steal your heart! This is because the Monoss series is modular furniture, which is distinguished by its truly unusual design. What's more, due to the systemic nature of this collection, its individual elements can be combined in various combinations of your choice. Whether you use it to create a whole arrangement, or decide only on one element in the form of a coffee table, the Monoss series will bring a real breath of designer freshness to your interior - check it out and see for yourself!<\/div>","protected":false},"excerpt":{"rendered":"<p>Grafitowy stolik Monoss \u2013 stylowe po\u0142\u0105czenie szaro\u015bci i d\u0119bu artisan Meble w kolorze szarym maj\u0105 w sobie doz\u0119 uniwersalno\u015bci \u2013 (&#8230;)<\/p>","protected":false},"featured_media":10261,"comment_status":"open","ping_status":"closed","template":"","meta":{"_acf_changed":false,"inline_featured_image":false},"product_brand":[],"product_cat":[528,323,143,137,144,139,141,15],"product_tag":[],"class_list":{"0":"post-834","1":"product","2":"type-product","3":"status-publish","4":"has-post-thumbnail","6":"product_cat-black-friday","7":"product_cat-black-week","8":"product_cat-jadalnia","9":"product_cat-meble-systemowe","10":"product_cat-pokoj","11":"product_cat-pomieszczenia","12":"product_cat-salon","13":"product_cat-stoly-i-stoliki","14":"product_shipping_class-przesylka-dpd-15-pln","15":"collection-monoss","16":"collection-targi-poznan-2025","18":"first","19":"instock","20":"shipping-taxable","21":"purchasable","22":"product-type-simple"},"acf":[],"yoast_head":"<!-- This site is optimized with the Yoast SEO plugin v27.4 - https:\/\/yoast.com\/product\/yoast-seo-wordpress\/ -->\n<title>\u0141awa - d\u0105b artisan, szara, grafit | MONOSS | OKMED<\/title>\n<meta name=\"robots\" content=\"index, follow, max-snippet:-1, max-image-preview:large, max-video-preview:-1\" \/>\n<link rel=\"canonical\" href=\"https:\/\/demkohome.pl\/en\/product\/stolik-monoss\/\" \/>\n<meta property=\"og:locale\" content=\"en_US\" \/>\n<meta property=\"og:type\" content=\"article\" \/>\n<meta property=\"og:title\" content=\"\u0141awa - d\u0105b artisan, szara, grafit | MONOSS | OKMED\" \/>\n<meta property=\"og:description\" content=\"Grafitowy stolik Monoss \u2013 stylowe po\u0142\u0105czenie szaro\u015bci i d\u0119bu artisan Meble w kolorze szarym maj\u0105 w sobie doz\u0119 uniwersalno\u015bci \u2013 (...)\" \/>\n<meta property=\"og:url\" content=\"https:\/\/demkohome.pl\/en\/product\/stolik-monoss\/\" \/>\n<meta property=\"og:site_name\" content=\"Demko Home\" \/>\n<meta property=\"article:modified_time\" content=\"2026-04-22T07:17:18+00:00\" \/>\n<meta property=\"og:image\" content=\"https:\/\/demkohome.pl\/wp-content\/uploads\/2023\/08\/Lawa-Monoss-grafit-z-elementami-dab-artisan-Meble-Okmed-Demko.jpg\" \/>\n\t<meta property=\"og:image:width\" content=\"1024\" \/>\n\t<meta property=\"og:image:height\" content=\"1024\" \/>\n\t<meta property=\"og:image:type\" content=\"image\/jpeg\" \/>\n<meta name=\"twitter:card\" content=\"summary_large_image\" \/>\n<meta name=\"twitter:label1\" content=\"Est. reading time\" \/>\n\t<meta name=\"twitter:data1\" content=\"3 minutes\" \/>\n<script type=\"application\/ld+json\" class=\"yoast-schema-graph\">{\"@context\":\"https:\\\/\\\/schema.org\",\"@graph\":[{\"@type\":\"WebPage\",\"@id\":\"https:\\\/\\\/demkohome.pl\\\/produkt\\\/stolik-monoss\\\/\",\"url\":\"https:\\\/\\\/demkohome.pl\\\/produkt\\\/stolik-monoss\\\/\",\"name\":\"\u0141awa - d\u0105b artisan, szara, grafit | MONOSS | OKMED\",\"isPartOf\":{\"@id\":\"https:\\\/\\\/demkohome.pl\\\/#website\"},\"primaryImageOfPage\":{\"@id\":\"https:\\\/\\\/demkohome.pl\\\/produkt\\\/stolik-monoss\\\/#primaryimage\"},\"image\":{\"@id\":\"https:\\\/\\\/demkohome.pl\\\/produkt\\\/stolik-monoss\\\/#primaryimage\"},\"thumbnailUrl\":\"https:\\\/\\\/demkohome.pl\\\/wp-content\\\/uploads\\\/2023\\\/08\\\/Lawa-Monoss-grafit-z-elementami-dab-artisan-Meble-Okmed-Demko.jpg\",\"datePublished\":\"2023-08-24T22:33:24+00:00\",\"dateModified\":\"2026-04-22T07:17:18+00:00\",\"breadcrumb\":{\"@id\":\"https:\\\/\\\/demkohome.pl\\\/produkt\\\/stolik-monoss\\\/#breadcrumb\"},\"inLanguage\":\"en-US\",\"potentialAction\":[{\"@type\":\"ReadAction\",\"target\":[\"https:\\\/\\\/demkohome.pl\\\/produkt\\\/stolik-monoss\\\/\"]}]},{\"@type\":\"ImageObject\",\"inLanguage\":\"en-US\",\"@id\":\"https:\\\/\\\/demkohome.pl\\\/produkt\\\/stolik-monoss\\\/#primaryimage\",\"url\":\"https:\\\/\\\/demkohome.pl\\\/wp-content\\\/uploads\\\/2023\\\/08\\\/Lawa-Monoss-grafit-z-elementami-dab-artisan-Meble-Okmed-Demko.jpg\",\"contentUrl\":\"https:\\\/\\\/demkohome.pl\\\/wp-content\\\/uploads\\\/2023\\\/08\\\/Lawa-Monoss-grafit-z-elementami-dab-artisan-Meble-Okmed-Demko.jpg\",\"width\":1024,\"height\":1024,\"caption\":\"\u0141awa Monoss grafit z elementami dab artisan Meble Okmed Demko\"},{\"@type\":\"BreadcrumbList\",\"@id\":\"https:\\\/\\\/demkohome.pl\\\/produkt\\\/stolik-monoss\\\/#breadcrumb\",\"itemListElement\":[{\"@type\":\"ListItem\",\"position\":1,\"name\":\"Strona g\u0142\u00f3wna\",\"item\":\"https:\\\/\\\/demkohome.pl\\\/\"},{\"@type\":\"ListItem\",\"position\":2,\"name\":\"Sklep\",\"item\":\"https:\\\/\\\/demkohome.pl\\\/sklep\\\/\"},{\"@type\":\"ListItem\",\"position\":3,\"name\":\"Stolik Monoss\"}]},{\"@type\":\"WebSite\",\"@id\":\"https:\\\/\\\/demkohome.pl\\\/#website\",\"url\":\"https:\\\/\\\/demkohome.pl\\\/\",\"name\":\"Demko Home\",\"description\":\"Make it simple\",\"publisher\":{\"@id\":\"https:\\\/\\\/demkohome.pl\\\/#organization\"},\"potentialAction\":[{\"@type\":\"SearchAction\",\"target\":{\"@type\":\"EntryPoint\",\"urlTemplate\":\"https:\\\/\\\/demkohome.pl\\\/?s={search_term_string}\"},\"query-input\":{\"@type\":\"PropertyValueSpecification\",\"valueRequired\":true,\"valueName\":\"search_term_string\"}}],\"inLanguage\":\"en-US\"},{\"@type\":\"Organization\",\"@id\":\"https:\\\/\\\/demkohome.pl\\\/#organization\",\"name\":\"Demko Home\",\"url\":\"https:\\\/\\\/demkohome.pl\\\/\",\"logo\":{\"@type\":\"ImageObject\",\"inLanguage\":\"en-US\",\"@id\":\"https:\\\/\\\/demkohome.pl\\\/#\\\/schema\\\/logo\\\/image\\\/\",\"url\":\"https:\\\/\\\/demkohome.pl\\\/wp-content\\\/uploads\\\/2026\\\/03\\\/cropped-3.png\",\"contentUrl\":\"https:\\\/\\\/demkohome.pl\\\/wp-content\\\/uploads\\\/2026\\\/03\\\/cropped-3.png\",\"width\":250,\"height\":63,\"caption\":\"Demko Home\"},\"image\":{\"@id\":\"https:\\\/\\\/demkohome.pl\\\/#\\\/schema\\\/logo\\\/image\\\/\"}}]}<\/script>\n<!-- \/ Yoast SEO plugin. -->","yoast_head_json":{"title":"\u0141awa - d\u0105b artisan, szara, grafit | MONOSS | OKMED","robots":{"index":"index","follow":"follow","max-snippet":"max-snippet:-1","max-image-preview":"max-image-preview:large","max-video-preview":"max-video-preview:-1"},"canonical":"https:\/\/demkohome.pl\/en\/product\/stolik-monoss\/","og_locale":"en_US","og_type":"article","og_title":"\u0141awa - d\u0105b artisan, szara, grafit | MONOSS | OKMED","og_description":"Grafitowy stolik Monoss \u2013 stylowe po\u0142\u0105czenie szaro\u015bci i d\u0119bu artisan Meble w kolorze szarym maj\u0105 w sobie doz\u0119 uniwersalno\u015bci \u2013 (...)","og_url":"https:\/\/demkohome.pl\/en\/product\/stolik-monoss\/","og_site_name":"Demko Home","article_modified_time":"2026-04-22T07:17:18+00:00","og_image":[{"width":1024,"height":1024,"url":"https:\/\/demkohome.pl\/wp-content\/uploads\/2023\/08\/Lawa-Monoss-grafit-z-elementami-dab-artisan-Meble-Okmed-Demko.jpg","type":"image\/jpeg"}],"twitter_card":"summary_large_image","twitter_misc":{"Est. reading time":"3 minutes"},"schema":{"@context":"https:\/\/schema.org","@graph":[{"@type":"WebPage","@id":"https:\/\/demkohome.pl\/produkt\/stolik-monoss\/","url":"https:\/\/demkohome.pl\/produkt\/stolik-monoss\/","name":"\u0141awa - d\u0105b artisan, szara, grafit | MONOSS | OKMED","isPartOf":{"@id":"https:\/\/demkohome.pl\/#website"},"primaryImageOfPage":{"@id":"https:\/\/demkohome.pl\/produkt\/stolik-monoss\/#primaryimage"},"image":{"@id":"https:\/\/demkohome.pl\/produkt\/stolik-monoss\/#primaryimage"},"thumbnailUrl":"https:\/\/demkohome.pl\/wp-content\/uploads\/2023\/08\/Lawa-Monoss-grafit-z-elementami-dab-artisan-Meble-Okmed-Demko.jpg","datePublished":"2023-08-24T22:33:24+00:00","dateModified":"2026-04-22T07:17:18+00:00","breadcrumb":{"@id":"https:\/\/demkohome.pl\/produkt\/stolik-monoss\/#breadcrumb"},"inLanguage":"en-US","potentialAction":[{"@type":"ReadAction","target":["https:\/\/demkohome.pl\/produkt\/stolik-monoss\/"]}]},{"@type":"ImageObject","inLanguage":"en-US","@id":"https:\/\/demkohome.pl\/produkt\/stolik-monoss\/#primaryimage","url":"https:\/\/demkohome.pl\/wp-content\/uploads\/2023\/08\/Lawa-Monoss-grafit-z-elementami-dab-artisan-Meble-Okmed-Demko.jpg","contentUrl":"https:\/\/demkohome.pl\/wp-content\/uploads\/2023\/08\/Lawa-Monoss-grafit-z-elementami-dab-artisan-Meble-Okmed-Demko.jpg","width":1024,"height":1024,"caption":"\u0141awa Monoss grafit z elementami dab artisan Meble Okmed Demko"},{"@type":"BreadcrumbList","@id":"https:\/\/demkohome.pl\/produkt\/stolik-monoss\/#breadcrumb","itemListElement":[{"@type":"ListItem","position":1,"name":"Strona g\u0142\u00f3wna","item":"https:\/\/demkohome.pl\/"},{"@type":"ListItem","position":2,"name":"Sklep","item":"https:\/\/demkohome.pl\/sklep\/"},{"@type":"ListItem","position":3,"name":"Stolik Monoss"}]},{"@type":"WebSite","@id":"https:\/\/demkohome.pl\/#website","url":"https:\/\/demkohome.pl\/","name":"Demko Home","description":"Make it simple","publisher":{"@id":"https:\/\/demkohome.pl\/#organization"},"potentialAction":[{"@type":"SearchAction","target":{"@type":"EntryPoint","urlTemplate":"https:\/\/demkohome.pl\/?s={search_term_string}"},"query-input":{"@type":"PropertyValueSpecification","valueRequired":true,"valueName":"search_term_string"}}],"inLanguage":"en-US"},{"@type":"Organization","@id":"https:\/\/demkohome.pl\/#organization","name":"Demko Home","url":"https:\/\/demkohome.pl\/","logo":{"@type":"ImageObject","inLanguage":"en-US","@id":"https:\/\/demkohome.pl\/#\/schema\/logo\/image\/","url":"https:\/\/demkohome.pl\/wp-content\/uploads\/2026\/03\/cropped-3.png","contentUrl":"https:\/\/demkohome.pl\/wp-content\/uploads\/2026\/03\/cropped-3.png","width":250,"height":63,"caption":"Demko Home"},"image":{"@id":"https:\/\/demkohome.pl\/#\/schema\/logo\/image\/"}}]}},"_links":{"self":[{"href":"https:\/\/demkohome.pl\/en\/wp-json\/wp\/v2\/product\/834","targetHints":{"allow":["GET"]}}],"collection":[{"href":"https:\/\/demkohome.pl\/en\/wp-json\/wp\/v2\/product"}],"about":[{"href":"https:\/\/demkohome.pl\/en\/wp-json\/wp\/v2\/types\/product"}],"replies":[{"embeddable":true,"href":"https:\/\/demkohome.pl\/en\/wp-json\/wp\/v2\/comments?post=834"}],"wp:featuredmedia":[{"embeddable":true,"href":"https:\/\/demkohome.pl\/en\/wp-json\/wp\/v2\/media\/10261"}],"wp:attachment":[{"href":"https:\/\/demkohome.pl\/en\/wp-json\/wp\/v2\/media?parent=834"}],"wp:term":[{"taxonomy":"product_brand","embeddable":true,"href":"https:\/\/demkohome.pl\/en\/wp-json\/wp\/v2\/product_brand?post=834"},{"taxonomy":"product_cat","embeddable":true,"href":"https:\/\/demkohome.pl\/en\/wp-json\/wp\/v2\/product_cat?post=834"},{"taxonomy":"product_tag","embeddable":true,"href":"https:\/\/demkohome.pl\/en\/wp-json\/wp\/v2\/product_tag?post=834"}],"curies":[{"name":"wp","href":"https:\/\/api.w.org\/{rel}","templated":true}]}}