{"id":839,"date":"2023-08-25T00:33:26","date_gmt":"2023-08-24T22:33:26","guid":{"rendered":"https:\/\/demkohome.pl\/produkt\/komoda-rtv-monoss\/"},"modified":"2026-04-29T21:21:08","modified_gmt":"2026-04-29T19:21:08","slug":"komoda-rtv-monoss","status":"publish","type":"product","link":"https:\/\/demkohome.pl\/en\/product\/komoda-rtv-monoss\/","title":{"rendered":"Monoss RTV chest of drawers"},"content":{"rendered":"<div style=\"font-family: 'Noto Sans', sans-serif; font-size: 17px;\">\n<h2>RTV cabinet in gray and artisan oak - the captivating minimalism of the Monoss collection<\/h2>\n<p>Minimalism can be insanely impressive - if you have caught the eye of our gray RTV cabinet from the Monoss collection, you certainly have no more doubts about it. Although this piece of furniture is characterized by a really simple design, the original combination of gray and artisan oak gives it a truly unique character. It will certainly allow you to create an original RTV zone that will effectively catch the eye of all your visitors. Choose the gray RTV cabinet from the Monoss collection and see for yourself that it is impossible to pass by the furniture of this series indifferently!<\/p>\n<h3>Monoss 2-door RTV cabinet - ideal for a small living room<\/h3>\n<p>Are you looking for a compact RTV cabinet that will fit even in a small living room? Then the 2-door variant from the Monoss collection is the perfect answer to your needs. The piece of furniture is only 77 cm wide, so it is an ideal alternative to the commonly available 100 or 120 cm cabinets. Due to its size, the cabinet will allow you to save precious centimeters, while perfectly fulfilling its task. Its simple body will perfectly fit into many arrangements, especially since, thanks to the TIP-ON opening system, the cabinet does not need additional handles. What's more, its interior will provide you with storage space, and if you combine it with other elements of the Monoss collection, you can really gain a lot of it!<\/p>\n<h3>Small RTV cabinet oak artisan and gray - a stylish color scheme that you will appreciate for its versatility<\/h3>\n<p>The RTV cabinet in the color scheme of oak artisan and gray, although small in size, has a dose of universality. This is mainly due to the neutrality of the two colors, as well as the simplicity of the forms. In the furniture we used high-quality oak artisan boards, which perfectly reflect the natural character of the wood. The whole was complemented by expressive, but neutral graphite, which is one of the most desirable colors, especially in modern and industrial interiors. Both colors look very well in the company of other colors, so you can easily create your dream arrangement with their participation.<\/p>\n<h3>Idea for an arrangement with a gray RTV cabinet in the leading role? Opt for the Monoss collection!<\/h3>\n<div class=\"container\">\n<div class=\"row\"><img decoding=\"async\" style=\"width: 100%; border-radius: 5px; box-shadow: 0px 0px 5px rgba(0, 0, 0, 0.1); display: block; object-fit: cover; margin-top: 30px; margin-bottom: 30px;\" src=\"https:\/\/demkohome.pl\/wp-content\/uploads\/2024\/04\/Kolekcja-mebli-pokojowych-Monoss-w-odcieniach-szarosci-i-debu-artisan-Meble-Okmed-Demko.jpg\" alt=\"Zdj\u0119cie 1\" \/><\/div>\n<\/div>\n<\/div>\n<div style=\"font-family: 'Noto Sans', sans-serif; font-size: 17px;\">If you are looking for an interior idea with a gray RTV cabinet, you are in the perfect place. In our e-shop - in addition to the presented cabinet - other elements of the Monoss collection are waiting for you, which you can combine in any combination of your choice. We are convinced that the simplicity of geometric forms combined with fashionable graphite and artisan oak shade is something that will charm even the most demanding - check it out and you will see for yourself!<\/div>","protected":false},"excerpt":{"rendered":"<p>Szafka RTV w kolorze szarym i d\u0105b artisan \u2013 urzekaj\u0105cy minimalizm kolekcji Monoss Minimalizm mo\u017ce by\u0107 szalenie efektowny \u2013 je\u017celi (&#8230;)<\/p>","protected":false},"featured_media":10253,"comment_status":"open","ping_status":"closed","template":"","meta":{"_acf_changed":false,"inline_featured_image":false},"product_brand":[],"product_cat":[528,323,143,128,127,137,144,139,141],"product_tag":[],"class_list":{"0":"post-839","1":"product","2":"type-product","3":"status-publish","4":"has-post-thumbnail","6":"product_cat-black-friday","7":"product_cat-black-week","8":"product_cat-jadalnia","9":"product_cat-komody","10":"product_cat-meble-pokojowe","11":"product_cat-meble-systemowe","12":"product_cat-pokoj","13":"product_cat-pomieszczenia","14":"product_cat-salon","15":"product_shipping_class-przesylka-dpd-15-pln","16":"collection-monoss","17":"collection-targi-poznan-2025","19":"first","20":"instock","21":"shipping-taxable","22":"purchasable","23":"product-type-simple"},"acf":[],"yoast_head":"<!-- This site is optimized with the Yoast SEO plugin v27.4 - https:\/\/yoast.com\/product\/yoast-seo-wordpress\/ -->\n<title>Szafka RTV - d\u0105b artisan, szara | MONOSS | MEBLE-OKMED<\/title>\n<meta name=\"robots\" content=\"index, follow, max-snippet:-1, max-image-preview:large, max-video-preview:-1\" \/>\n<link rel=\"canonical\" href=\"https:\/\/demkohome.pl\/en\/product\/komoda-rtv-monoss\/\" \/>\n<meta property=\"og:locale\" content=\"en_US\" \/>\n<meta property=\"og:type\" content=\"article\" \/>\n<meta property=\"og:title\" content=\"Szafka RTV - d\u0105b artisan, szara | MONOSS | MEBLE-OKMED\" \/>\n<meta property=\"og:description\" content=\"Szafka RTV w kolorze szarym i d\u0105b artisan \u2013 urzekaj\u0105cy minimalizm kolekcji Monoss Minimalizm mo\u017ce by\u0107 szalenie efektowny \u2013 je\u017celi (...)\" \/>\n<meta property=\"og:url\" content=\"https:\/\/demkohome.pl\/en\/product\/komoda-rtv-monoss\/\" \/>\n<meta property=\"og:site_name\" content=\"Demko Home\" \/>\n<meta property=\"article:modified_time\" content=\"2026-04-29T19:21:08+00:00\" \/>\n<meta property=\"og:image\" content=\"https:\/\/demkohome.pl\/wp-content\/uploads\/2023\/08\/Mala-komoda-pod-telewizor-Monoss-dwudrzwiowa-kolor-grafit-dab-artisan-komoda-rtv-zamknieta-Okmed-Demko.jpg\" \/>\n\t<meta property=\"og:image:width\" content=\"1024\" \/>\n\t<meta property=\"og:image:height\" content=\"1024\" \/>\n\t<meta property=\"og:image:type\" content=\"image\/jpeg\" \/>\n<meta name=\"twitter:card\" content=\"summary_large_image\" \/>\n<meta name=\"twitter:label1\" content=\"Est. reading time\" \/>\n\t<meta name=\"twitter:data1\" content=\"4 minutes\" \/>\n<script type=\"application\/ld+json\" class=\"yoast-schema-graph\">{\"@context\":\"https:\\\/\\\/schema.org\",\"@graph\":[{\"@type\":\"WebPage\",\"@id\":\"https:\\\/\\\/demkohome.pl\\\/produkt\\\/komoda-rtv-monoss\\\/\",\"url\":\"https:\\\/\\\/demkohome.pl\\\/produkt\\\/komoda-rtv-monoss\\\/\",\"name\":\"Szafka RTV - d\u0105b artisan, szara | MONOSS | MEBLE-OKMED\",\"isPartOf\":{\"@id\":\"https:\\\/\\\/demkohome.pl\\\/#website\"},\"primaryImageOfPage\":{\"@id\":\"https:\\\/\\\/demkohome.pl\\\/produkt\\\/komoda-rtv-monoss\\\/#primaryimage\"},\"image\":{\"@id\":\"https:\\\/\\\/demkohome.pl\\\/produkt\\\/komoda-rtv-monoss\\\/#primaryimage\"},\"thumbnailUrl\":\"https:\\\/\\\/demkohome.pl\\\/wp-content\\\/uploads\\\/2023\\\/08\\\/Mala-komoda-pod-telewizor-Monoss-dwudrzwiowa-kolor-grafit-dab-artisan-komoda-rtv-zamknieta-Okmed-Demko.jpg\",\"datePublished\":\"2023-08-24T22:33:26+00:00\",\"dateModified\":\"2026-04-29T19:21:08+00:00\",\"breadcrumb\":{\"@id\":\"https:\\\/\\\/demkohome.pl\\\/produkt\\\/komoda-rtv-monoss\\\/#breadcrumb\"},\"inLanguage\":\"en-US\",\"potentialAction\":[{\"@type\":\"ReadAction\",\"target\":[\"https:\\\/\\\/demkohome.pl\\\/produkt\\\/komoda-rtv-monoss\\\/\"]}]},{\"@type\":\"ImageObject\",\"inLanguage\":\"en-US\",\"@id\":\"https:\\\/\\\/demkohome.pl\\\/produkt\\\/komoda-rtv-monoss\\\/#primaryimage\",\"url\":\"https:\\\/\\\/demkohome.pl\\\/wp-content\\\/uploads\\\/2023\\\/08\\\/Mala-komoda-pod-telewizor-Monoss-dwudrzwiowa-kolor-grafit-dab-artisan-komoda-rtv-zamknieta-Okmed-Demko.jpg\",\"contentUrl\":\"https:\\\/\\\/demkohome.pl\\\/wp-content\\\/uploads\\\/2023\\\/08\\\/Mala-komoda-pod-telewizor-Monoss-dwudrzwiowa-kolor-grafit-dab-artisan-komoda-rtv-zamknieta-Okmed-Demko.jpg\",\"width\":1024,\"height\":1024,\"caption\":\"Mala komoda pod telewizor Monoss dwudrzwiowa kolor grafit dab artisan komoda rtv zamknieta Okmed Demko\"},{\"@type\":\"BreadcrumbList\",\"@id\":\"https:\\\/\\\/demkohome.pl\\\/produkt\\\/komoda-rtv-monoss\\\/#breadcrumb\",\"itemListElement\":[{\"@type\":\"ListItem\",\"position\":1,\"name\":\"Strona g\u0142\u00f3wna\",\"item\":\"https:\\\/\\\/demkohome.pl\\\/\"},{\"@type\":\"ListItem\",\"position\":2,\"name\":\"Sklep\",\"item\":\"https:\\\/\\\/demkohome.pl\\\/sklep\\\/\"},{\"@type\":\"ListItem\",\"position\":3,\"name\":\"Komoda RTV Monoss\"}]},{\"@type\":\"WebSite\",\"@id\":\"https:\\\/\\\/demkohome.pl\\\/#website\",\"url\":\"https:\\\/\\\/demkohome.pl\\\/\",\"name\":\"Demko Home\",\"description\":\"Make it simple\",\"publisher\":{\"@id\":\"https:\\\/\\\/demkohome.pl\\\/#organization\"},\"potentialAction\":[{\"@type\":\"SearchAction\",\"target\":{\"@type\":\"EntryPoint\",\"urlTemplate\":\"https:\\\/\\\/demkohome.pl\\\/?s={search_term_string}\"},\"query-input\":{\"@type\":\"PropertyValueSpecification\",\"valueRequired\":true,\"valueName\":\"search_term_string\"}}],\"inLanguage\":\"en-US\"},{\"@type\":\"Organization\",\"@id\":\"https:\\\/\\\/demkohome.pl\\\/#organization\",\"name\":\"Demko Home\",\"url\":\"https:\\\/\\\/demkohome.pl\\\/\",\"logo\":{\"@type\":\"ImageObject\",\"inLanguage\":\"en-US\",\"@id\":\"https:\\\/\\\/demkohome.pl\\\/#\\\/schema\\\/logo\\\/image\\\/\",\"url\":\"https:\\\/\\\/demkohome.pl\\\/wp-content\\\/uploads\\\/2026\\\/03\\\/cropped-3.png\",\"contentUrl\":\"https:\\\/\\\/demkohome.pl\\\/wp-content\\\/uploads\\\/2026\\\/03\\\/cropped-3.png\",\"width\":250,\"height\":63,\"caption\":\"Demko Home\"},\"image\":{\"@id\":\"https:\\\/\\\/demkohome.pl\\\/#\\\/schema\\\/logo\\\/image\\\/\"}}]}<\/script>\n<!-- \/ Yoast SEO plugin. -->","yoast_head_json":{"title":"Szafka RTV - d\u0105b artisan, szara | MONOSS | MEBLE-OKMED","robots":{"index":"index","follow":"follow","max-snippet":"max-snippet:-1","max-image-preview":"max-image-preview:large","max-video-preview":"max-video-preview:-1"},"canonical":"https:\/\/demkohome.pl\/en\/product\/komoda-rtv-monoss\/","og_locale":"en_US","og_type":"article","og_title":"Szafka RTV - d\u0105b artisan, szara | MONOSS | MEBLE-OKMED","og_description":"Szafka RTV w kolorze szarym i d\u0105b artisan \u2013 urzekaj\u0105cy minimalizm kolekcji Monoss Minimalizm mo\u017ce by\u0107 szalenie efektowny \u2013 je\u017celi (...)","og_url":"https:\/\/demkohome.pl\/en\/product\/komoda-rtv-monoss\/","og_site_name":"Demko Home","article_modified_time":"2026-04-29T19:21:08+00:00","og_image":[{"width":1024,"height":1024,"url":"https:\/\/demkohome.pl\/wp-content\/uploads\/2023\/08\/Mala-komoda-pod-telewizor-Monoss-dwudrzwiowa-kolor-grafit-dab-artisan-komoda-rtv-zamknieta-Okmed-Demko.jpg","type":"image\/jpeg"}],"twitter_card":"summary_large_image","twitter_misc":{"Est. reading time":"4 minutes"},"schema":{"@context":"https:\/\/schema.org","@graph":[{"@type":"WebPage","@id":"https:\/\/demkohome.pl\/produkt\/komoda-rtv-monoss\/","url":"https:\/\/demkohome.pl\/produkt\/komoda-rtv-monoss\/","name":"Szafka RTV - d\u0105b artisan, szara | MONOSS | MEBLE-OKMED","isPartOf":{"@id":"https:\/\/demkohome.pl\/#website"},"primaryImageOfPage":{"@id":"https:\/\/demkohome.pl\/produkt\/komoda-rtv-monoss\/#primaryimage"},"image":{"@id":"https:\/\/demkohome.pl\/produkt\/komoda-rtv-monoss\/#primaryimage"},"thumbnailUrl":"https:\/\/demkohome.pl\/wp-content\/uploads\/2023\/08\/Mala-komoda-pod-telewizor-Monoss-dwudrzwiowa-kolor-grafit-dab-artisan-komoda-rtv-zamknieta-Okmed-Demko.jpg","datePublished":"2023-08-24T22:33:26+00:00","dateModified":"2026-04-29T19:21:08+00:00","breadcrumb":{"@id":"https:\/\/demkohome.pl\/produkt\/komoda-rtv-monoss\/#breadcrumb"},"inLanguage":"en-US","potentialAction":[{"@type":"ReadAction","target":["https:\/\/demkohome.pl\/produkt\/komoda-rtv-monoss\/"]}]},{"@type":"ImageObject","inLanguage":"en-US","@id":"https:\/\/demkohome.pl\/produkt\/komoda-rtv-monoss\/#primaryimage","url":"https:\/\/demkohome.pl\/wp-content\/uploads\/2023\/08\/Mala-komoda-pod-telewizor-Monoss-dwudrzwiowa-kolor-grafit-dab-artisan-komoda-rtv-zamknieta-Okmed-Demko.jpg","contentUrl":"https:\/\/demkohome.pl\/wp-content\/uploads\/2023\/08\/Mala-komoda-pod-telewizor-Monoss-dwudrzwiowa-kolor-grafit-dab-artisan-komoda-rtv-zamknieta-Okmed-Demko.jpg","width":1024,"height":1024,"caption":"Mala komoda pod telewizor Monoss dwudrzwiowa kolor grafit dab artisan komoda rtv zamknieta Okmed Demko"},{"@type":"BreadcrumbList","@id":"https:\/\/demkohome.pl\/produkt\/komoda-rtv-monoss\/#breadcrumb","itemListElement":[{"@type":"ListItem","position":1,"name":"Strona g\u0142\u00f3wna","item":"https:\/\/demkohome.pl\/"},{"@type":"ListItem","position":2,"name":"Sklep","item":"https:\/\/demkohome.pl\/sklep\/"},{"@type":"ListItem","position":3,"name":"Komoda RTV Monoss"}]},{"@type":"WebSite","@id":"https:\/\/demkohome.pl\/#website","url":"https:\/\/demkohome.pl\/","name":"Demko Home","description":"Make it simple","publisher":{"@id":"https:\/\/demkohome.pl\/#organization"},"potentialAction":[{"@type":"SearchAction","target":{"@type":"EntryPoint","urlTemplate":"https:\/\/demkohome.pl\/?s={search_term_string}"},"query-input":{"@type":"PropertyValueSpecification","valueRequired":true,"valueName":"search_term_string"}}],"inLanguage":"en-US"},{"@type":"Organization","@id":"https:\/\/demkohome.pl\/#organization","name":"Demko Home","url":"https:\/\/demkohome.pl\/","logo":{"@type":"ImageObject","inLanguage":"en-US","@id":"https:\/\/demkohome.pl\/#\/schema\/logo\/image\/","url":"https:\/\/demkohome.pl\/wp-content\/uploads\/2026\/03\/cropped-3.png","contentUrl":"https:\/\/demkohome.pl\/wp-content\/uploads\/2026\/03\/cropped-3.png","width":250,"height":63,"caption":"Demko Home"},"image":{"@id":"https:\/\/demkohome.pl\/#\/schema\/logo\/image\/"}}]}},"_links":{"self":[{"href":"https:\/\/demkohome.pl\/en\/wp-json\/wp\/v2\/product\/839","targetHints":{"allow":["GET"]}}],"collection":[{"href":"https:\/\/demkohome.pl\/en\/wp-json\/wp\/v2\/product"}],"about":[{"href":"https:\/\/demkohome.pl\/en\/wp-json\/wp\/v2\/types\/product"}],"replies":[{"embeddable":true,"href":"https:\/\/demkohome.pl\/en\/wp-json\/wp\/v2\/comments?post=839"}],"wp:featuredmedia":[{"embeddable":true,"href":"https:\/\/demkohome.pl\/en\/wp-json\/wp\/v2\/media\/10253"}],"wp:attachment":[{"href":"https:\/\/demkohome.pl\/en\/wp-json\/wp\/v2\/media?parent=839"}],"wp:term":[{"taxonomy":"product_brand","embeddable":true,"href":"https:\/\/demkohome.pl\/en\/wp-json\/wp\/v2\/product_brand?post=839"},{"taxonomy":"product_cat","embeddable":true,"href":"https:\/\/demkohome.pl\/en\/wp-json\/wp\/v2\/product_cat?post=839"},{"taxonomy":"product_tag","embeddable":true,"href":"https:\/\/demkohome.pl\/en\/wp-json\/wp\/v2\/product_tag?post=839"}],"curies":[{"name":"wp","href":"https:\/\/api.w.org\/{rel}","templated":true}]}}