{"id":846,"date":"2023-08-25T00:33:28","date_gmt":"2023-08-24T22:33:28","guid":{"rendered":"https:\/\/demkohome.pl\/produkt\/komoda-rtv-z-szuflada-monoss\/"},"modified":"2026-04-30T15:17:02","modified_gmt":"2026-04-30T13:17:02","slug":"dwudrzwiowa-komoda-rtv-z-szuflada-monoss","status":"publish","type":"product","link":"https:\/\/demkohome.pl\/en\/product\/dwudrzwiowa-komoda-rtv-z-szuflada-monoss\/","title":{"rendered":"Two-door RTV dresser with drawer Monoss"},"content":{"rendered":"<div style=\"font-family: 'Noto Sans', sans-serif; font-size: 17px;\">\n<h2>Elegant RTV Chest of Drawers in duo of grey and artisan oak<\/h2>\n<p>The Monoss RTV chest with drawer is a piece of furniture from the Monoss collection, created for lovers of modular furniture who prefer simplicity and elegance. This collection focuses on geometric and simple solids, which allow you to create an aesthetic space in different rooms, such as the living room, office or bedroom.<\/p>\n<h3>Two-door dresser with drawer and shelf - functionality and aesthetics<\/h3>\n<p>One of the most practical features of this RTV dresser is its multifunctional layout. The side spaces are each fitted with one door in two color options: artisan oak and graphite. Opening them reveals a spacious interior space, ideal for storing a variety of electronic devices, such as a game console, DVD player or TV set-top box. Meanwhile, the center section of the RTV dresser features an open shelf and a convenient drawer - perfect for storing smaller items such as remotes, DVDs or computer games. Thanks to the enclosed storage spaces, essential accessories are always at hand, eliminating the impression of clutter.<\/p>\n<h3>TV dresser - match it with other products from the Monoss collection<\/h3>\n<div class=\"container\">\n<div class=\"row\"><img decoding=\"async\" style=\"width: 100%; border-radius: 5px; box-shadow: 0px 0px 5px rgba(0, 0, 0, 0.1); display: block; object-fit: cover; margin-top: 30px; margin-bottom: 30px;\" src=\"https:\/\/demkohome.pl\/wp-content\/uploads\/2024\/04\/Kolekcja-mebli-pokojowych-Monoss-w-odcieniach-szarosci-i-debu-artisan-Meble-Okmed-Demko.jpg\" alt=\"Zdj\u0119cie 1\" \/><\/div>\n<\/div>\n<\/div>\n<div style=\"font-family: 'Noto Sans', sans-serif; font-size: 17px;\">The Monoss collection also offers dressers, display cabinets, benches or wall cabinets. Create your own arrangement from them and see for yourself that the combinations created from them will perfectly highlight the charms of your living room.<\/div>","protected":false},"excerpt":{"rendered":"<p>Elegancka Komoda RTV w duecie szaro\u015bci i d\u0119bu artisan Komoda RTV z szuflad\u0105 Monoss to mebel z kolekcji Monoss, stworzonej (&#8230;)<\/p>","protected":false},"featured_media":10249,"comment_status":"open","ping_status":"closed","template":"","meta":{"_acf_changed":false,"inline_featured_image":false},"product_brand":[],"product_cat":[528,323,143,128,127,137,144,139,141],"product_tag":[],"class_list":{"0":"post-846","1":"product","2":"type-product","3":"status-publish","4":"has-post-thumbnail","6":"product_cat-black-friday","7":"product_cat-black-week","8":"product_cat-jadalnia","9":"product_cat-komody","10":"product_cat-meble-pokojowe","11":"product_cat-meble-systemowe","12":"product_cat-pokoj","13":"product_cat-pomieszczenia","14":"product_cat-salon","15":"product_shipping_class-przesylka-dpd-30-pln","16":"collection-monoss","17":"collection-targi-poznan-2025","19":"first","20":"instock","21":"shipping-taxable","22":"purchasable","23":"product-type-simple"},"acf":[],"yoast_head":"<!-- This site is optimized with the Yoast SEO plugin v27.4 - https:\/\/yoast.com\/product\/yoast-seo-wordpress\/ -->\n<title>Dwudrzwiowa komoda RTV z szuflad\u0105 Monoss - Demko Home<\/title>\n<meta name=\"robots\" content=\"index, follow, max-snippet:-1, max-image-preview:large, max-video-preview:-1\" \/>\n<link rel=\"canonical\" href=\"https:\/\/demkohome.pl\/en\/product\/dwudrzwiowa-komoda-rtv-z-szuflada-monoss\/\" \/>\n<meta property=\"og:locale\" content=\"en_US\" \/>\n<meta property=\"og:type\" content=\"article\" \/>\n<meta property=\"og:title\" content=\"Dwudrzwiowa komoda RTV z szuflad\u0105 Monoss - Demko Home\" \/>\n<meta property=\"og:description\" content=\"Elegancka Komoda RTV w duecie szaro\u015bci i d\u0119bu artisan Komoda RTV z szuflad\u0105 Monoss to mebel z kolekcji Monoss, stworzonej (...)\" \/>\n<meta property=\"og:url\" content=\"https:\/\/demkohome.pl\/en\/product\/dwudrzwiowa-komoda-rtv-z-szuflada-monoss\/\" \/>\n<meta property=\"og:site_name\" content=\"Demko Home\" \/>\n<meta property=\"article:modified_time\" content=\"2026-04-30T13:17:02+00:00\" \/>\n<meta property=\"og:image\" content=\"https:\/\/demkohome.pl\/wp-content\/uploads\/2023\/08\/Dwudrzwiowa-komoda-pod-telewizor-z-szuflada-Monoss-grafit-dab-artisan-zamknieta-komoda-RTV-Okmed-Demko.jpg\" \/>\n\t<meta property=\"og:image:width\" content=\"1024\" \/>\n\t<meta property=\"og:image:height\" content=\"1024\" \/>\n\t<meta property=\"og:image:type\" content=\"image\/jpeg\" \/>\n<meta name=\"twitter:card\" content=\"summary_large_image\" \/>\n<meta name=\"twitter:label1\" content=\"Est. reading time\" \/>\n\t<meta name=\"twitter:data1\" content=\"3 minutes\" \/>\n<script type=\"application\/ld+json\" class=\"yoast-schema-graph\">{\"@context\":\"https:\\\/\\\/schema.org\",\"@graph\":[{\"@type\":\"WebPage\",\"@id\":\"https:\\\/\\\/demkohome.pl\\\/produkt\\\/dwudrzwiowa-komoda-rtv-z-szuflada-monoss\\\/\",\"url\":\"https:\\\/\\\/demkohome.pl\\\/produkt\\\/dwudrzwiowa-komoda-rtv-z-szuflada-monoss\\\/\",\"name\":\"Dwudrzwiowa komoda RTV z szuflad\u0105 Monoss - Demko Home\",\"isPartOf\":{\"@id\":\"https:\\\/\\\/demkohome.pl\\\/#website\"},\"primaryImageOfPage\":{\"@id\":\"https:\\\/\\\/demkohome.pl\\\/produkt\\\/dwudrzwiowa-komoda-rtv-z-szuflada-monoss\\\/#primaryimage\"},\"image\":{\"@id\":\"https:\\\/\\\/demkohome.pl\\\/produkt\\\/dwudrzwiowa-komoda-rtv-z-szuflada-monoss\\\/#primaryimage\"},\"thumbnailUrl\":\"https:\\\/\\\/demkohome.pl\\\/wp-content\\\/uploads\\\/2023\\\/08\\\/Dwudrzwiowa-komoda-pod-telewizor-z-szuflada-Monoss-grafit-dab-artisan-zamknieta-komoda-RTV-Okmed-Demko.jpg\",\"datePublished\":\"2023-08-24T22:33:28+00:00\",\"dateModified\":\"2026-04-30T13:17:02+00:00\",\"breadcrumb\":{\"@id\":\"https:\\\/\\\/demkohome.pl\\\/produkt\\\/dwudrzwiowa-komoda-rtv-z-szuflada-monoss\\\/#breadcrumb\"},\"inLanguage\":\"en-US\",\"potentialAction\":[{\"@type\":\"ReadAction\",\"target\":[\"https:\\\/\\\/demkohome.pl\\\/produkt\\\/dwudrzwiowa-komoda-rtv-z-szuflada-monoss\\\/\"]}]},{\"@type\":\"ImageObject\",\"inLanguage\":\"en-US\",\"@id\":\"https:\\\/\\\/demkohome.pl\\\/produkt\\\/dwudrzwiowa-komoda-rtv-z-szuflada-monoss\\\/#primaryimage\",\"url\":\"https:\\\/\\\/demkohome.pl\\\/wp-content\\\/uploads\\\/2023\\\/08\\\/Dwudrzwiowa-komoda-pod-telewizor-z-szuflada-Monoss-grafit-dab-artisan-zamknieta-komoda-RTV-Okmed-Demko.jpg\",\"contentUrl\":\"https:\\\/\\\/demkohome.pl\\\/wp-content\\\/uploads\\\/2023\\\/08\\\/Dwudrzwiowa-komoda-pod-telewizor-z-szuflada-Monoss-grafit-dab-artisan-zamknieta-komoda-RTV-Okmed-Demko.jpg\",\"width\":1024,\"height\":1024,\"caption\":\"Dwudrzwiowa komoda pod telewizor z szuflada Monoss grafit dab artisan zamknieta komoda RTV Okmed Demko\"},{\"@type\":\"BreadcrumbList\",\"@id\":\"https:\\\/\\\/demkohome.pl\\\/produkt\\\/dwudrzwiowa-komoda-rtv-z-szuflada-monoss\\\/#breadcrumb\",\"itemListElement\":[{\"@type\":\"ListItem\",\"position\":1,\"name\":\"Strona g\u0142\u00f3wna\",\"item\":\"https:\\\/\\\/demkohome.pl\\\/\"},{\"@type\":\"ListItem\",\"position\":2,\"name\":\"Sklep\",\"item\":\"https:\\\/\\\/demkohome.pl\\\/sklep\\\/\"},{\"@type\":\"ListItem\",\"position\":3,\"name\":\"Dwudrzwiowa komoda RTV z szuflad\u0105 Monoss\"}]},{\"@type\":\"WebSite\",\"@id\":\"https:\\\/\\\/demkohome.pl\\\/#website\",\"url\":\"https:\\\/\\\/demkohome.pl\\\/\",\"name\":\"Demko Home\",\"description\":\"Make it simple\",\"publisher\":{\"@id\":\"https:\\\/\\\/demkohome.pl\\\/#organization\"},\"potentialAction\":[{\"@type\":\"SearchAction\",\"target\":{\"@type\":\"EntryPoint\",\"urlTemplate\":\"https:\\\/\\\/demkohome.pl\\\/?s={search_term_string}\"},\"query-input\":{\"@type\":\"PropertyValueSpecification\",\"valueRequired\":true,\"valueName\":\"search_term_string\"}}],\"inLanguage\":\"en-US\"},{\"@type\":\"Organization\",\"@id\":\"https:\\\/\\\/demkohome.pl\\\/#organization\",\"name\":\"Demko Home\",\"url\":\"https:\\\/\\\/demkohome.pl\\\/\",\"logo\":{\"@type\":\"ImageObject\",\"inLanguage\":\"en-US\",\"@id\":\"https:\\\/\\\/demkohome.pl\\\/#\\\/schema\\\/logo\\\/image\\\/\",\"url\":\"https:\\\/\\\/demkohome.pl\\\/wp-content\\\/uploads\\\/2026\\\/03\\\/cropped-3.png\",\"contentUrl\":\"https:\\\/\\\/demkohome.pl\\\/wp-content\\\/uploads\\\/2026\\\/03\\\/cropped-3.png\",\"width\":250,\"height\":63,\"caption\":\"Demko Home\"},\"image\":{\"@id\":\"https:\\\/\\\/demkohome.pl\\\/#\\\/schema\\\/logo\\\/image\\\/\"}}]}<\/script>\n<!-- \/ Yoast SEO plugin. -->","yoast_head_json":{"title":"Dwudrzwiowa komoda RTV z szuflad\u0105 Monoss - Demko Home","robots":{"index":"index","follow":"follow","max-snippet":"max-snippet:-1","max-image-preview":"max-image-preview:large","max-video-preview":"max-video-preview:-1"},"canonical":"https:\/\/demkohome.pl\/en\/product\/dwudrzwiowa-komoda-rtv-z-szuflada-monoss\/","og_locale":"en_US","og_type":"article","og_title":"Dwudrzwiowa komoda RTV z szuflad\u0105 Monoss - Demko Home","og_description":"Elegancka Komoda RTV w duecie szaro\u015bci i d\u0119bu artisan Komoda RTV z szuflad\u0105 Monoss to mebel z kolekcji Monoss, stworzonej (...)","og_url":"https:\/\/demkohome.pl\/en\/product\/dwudrzwiowa-komoda-rtv-z-szuflada-monoss\/","og_site_name":"Demko Home","article_modified_time":"2026-04-30T13:17:02+00:00","og_image":[{"width":1024,"height":1024,"url":"https:\/\/demkohome.pl\/wp-content\/uploads\/2023\/08\/Dwudrzwiowa-komoda-pod-telewizor-z-szuflada-Monoss-grafit-dab-artisan-zamknieta-komoda-RTV-Okmed-Demko.jpg","type":"image\/jpeg"}],"twitter_card":"summary_large_image","twitter_misc":{"Est. reading time":"3 minutes"},"schema":{"@context":"https:\/\/schema.org","@graph":[{"@type":"WebPage","@id":"https:\/\/demkohome.pl\/produkt\/dwudrzwiowa-komoda-rtv-z-szuflada-monoss\/","url":"https:\/\/demkohome.pl\/produkt\/dwudrzwiowa-komoda-rtv-z-szuflada-monoss\/","name":"Dwudrzwiowa komoda RTV z szuflad\u0105 Monoss - Demko Home","isPartOf":{"@id":"https:\/\/demkohome.pl\/#website"},"primaryImageOfPage":{"@id":"https:\/\/demkohome.pl\/produkt\/dwudrzwiowa-komoda-rtv-z-szuflada-monoss\/#primaryimage"},"image":{"@id":"https:\/\/demkohome.pl\/produkt\/dwudrzwiowa-komoda-rtv-z-szuflada-monoss\/#primaryimage"},"thumbnailUrl":"https:\/\/demkohome.pl\/wp-content\/uploads\/2023\/08\/Dwudrzwiowa-komoda-pod-telewizor-z-szuflada-Monoss-grafit-dab-artisan-zamknieta-komoda-RTV-Okmed-Demko.jpg","datePublished":"2023-08-24T22:33:28+00:00","dateModified":"2026-04-30T13:17:02+00:00","breadcrumb":{"@id":"https:\/\/demkohome.pl\/produkt\/dwudrzwiowa-komoda-rtv-z-szuflada-monoss\/#breadcrumb"},"inLanguage":"en-US","potentialAction":[{"@type":"ReadAction","target":["https:\/\/demkohome.pl\/produkt\/dwudrzwiowa-komoda-rtv-z-szuflada-monoss\/"]}]},{"@type":"ImageObject","inLanguage":"en-US","@id":"https:\/\/demkohome.pl\/produkt\/dwudrzwiowa-komoda-rtv-z-szuflada-monoss\/#primaryimage","url":"https:\/\/demkohome.pl\/wp-content\/uploads\/2023\/08\/Dwudrzwiowa-komoda-pod-telewizor-z-szuflada-Monoss-grafit-dab-artisan-zamknieta-komoda-RTV-Okmed-Demko.jpg","contentUrl":"https:\/\/demkohome.pl\/wp-content\/uploads\/2023\/08\/Dwudrzwiowa-komoda-pod-telewizor-z-szuflada-Monoss-grafit-dab-artisan-zamknieta-komoda-RTV-Okmed-Demko.jpg","width":1024,"height":1024,"caption":"Dwudrzwiowa komoda pod telewizor z szuflada Monoss grafit dab artisan zamknieta komoda RTV Okmed Demko"},{"@type":"BreadcrumbList","@id":"https:\/\/demkohome.pl\/produkt\/dwudrzwiowa-komoda-rtv-z-szuflada-monoss\/#breadcrumb","itemListElement":[{"@type":"ListItem","position":1,"name":"Strona g\u0142\u00f3wna","item":"https:\/\/demkohome.pl\/"},{"@type":"ListItem","position":2,"name":"Sklep","item":"https:\/\/demkohome.pl\/sklep\/"},{"@type":"ListItem","position":3,"name":"Dwudrzwiowa komoda RTV z szuflad\u0105 Monoss"}]},{"@type":"WebSite","@id":"https:\/\/demkohome.pl\/#website","url":"https:\/\/demkohome.pl\/","name":"Demko Home","description":"Make it simple","publisher":{"@id":"https:\/\/demkohome.pl\/#organization"},"potentialAction":[{"@type":"SearchAction","target":{"@type":"EntryPoint","urlTemplate":"https:\/\/demkohome.pl\/?s={search_term_string}"},"query-input":{"@type":"PropertyValueSpecification","valueRequired":true,"valueName":"search_term_string"}}],"inLanguage":"en-US"},{"@type":"Organization","@id":"https:\/\/demkohome.pl\/#organization","name":"Demko Home","url":"https:\/\/demkohome.pl\/","logo":{"@type":"ImageObject","inLanguage":"en-US","@id":"https:\/\/demkohome.pl\/#\/schema\/logo\/image\/","url":"https:\/\/demkohome.pl\/wp-content\/uploads\/2026\/03\/cropped-3.png","contentUrl":"https:\/\/demkohome.pl\/wp-content\/uploads\/2026\/03\/cropped-3.png","width":250,"height":63,"caption":"Demko Home"},"image":{"@id":"https:\/\/demkohome.pl\/#\/schema\/logo\/image\/"}}]}},"_links":{"self":[{"href":"https:\/\/demkohome.pl\/en\/wp-json\/wp\/v2\/product\/846","targetHints":{"allow":["GET"]}}],"collection":[{"href":"https:\/\/demkohome.pl\/en\/wp-json\/wp\/v2\/product"}],"about":[{"href":"https:\/\/demkohome.pl\/en\/wp-json\/wp\/v2\/types\/product"}],"replies":[{"embeddable":true,"href":"https:\/\/demkohome.pl\/en\/wp-json\/wp\/v2\/comments?post=846"}],"wp:featuredmedia":[{"embeddable":true,"href":"https:\/\/demkohome.pl\/en\/wp-json\/wp\/v2\/media\/10249"}],"wp:attachment":[{"href":"https:\/\/demkohome.pl\/en\/wp-json\/wp\/v2\/media?parent=846"}],"wp:term":[{"taxonomy":"product_brand","embeddable":true,"href":"https:\/\/demkohome.pl\/en\/wp-json\/wp\/v2\/product_brand?post=846"},{"taxonomy":"product_cat","embeddable":true,"href":"https:\/\/demkohome.pl\/en\/wp-json\/wp\/v2\/product_cat?post=846"},{"taxonomy":"product_tag","embeddable":true,"href":"https:\/\/demkohome.pl\/en\/wp-json\/wp\/v2\/product_tag?post=846"}],"curies":[{"name":"wp","href":"https:\/\/api.w.org\/{rel}","templated":true}]}}