{"id":853,"date":"2023-08-25T00:33:30","date_gmt":"2023-08-24T22:33:30","guid":{"rendered":"https:\/\/demkohome.pl\/produkt\/szafka-wiszaca-monoss\/"},"modified":"2026-04-30T03:17:04","modified_gmt":"2026-04-30T01:17:04","slug":"szafka-wiszaca-monoss","status":"publish","type":"product","link":"https:\/\/demkohome.pl\/en\/product\/szafka-wiszaca-monoss\/","title":{"rendered":"Monoss wall cabinet"},"content":{"rendered":"<div style=\"font-family: 'Noto Sans', sans-serif; font-size: 17px;\">\n<h2>Gray Monoss wall cabinet - use the potential of your walls<\/h2>\n<p>No one probably needs to be convinced that properly selected cabinets allow you to take full advantage of the space you have. However, it is worth remembering that the potential of the interior is not only the floor area. In many arrangements, functionality can be clearly increased by using the walls as well. With such interiors in mind, we created the gray Monoss wall cabinet. Invite it to your home and see for yourself how practical it is!<\/p>\n<h3>Artisan oak + gray wall cabinet - perfect for trendy, modern interiors<\/h3>\n<p>Artisan oak and gray wall cabinet is a piece of furniture even made for fashionable modern arrangements. Gray furniture fits perfectly into this style, and accents maintained in the color of natural oak add chic and warmth, introducing a bit of coziness and elegance to the arrangement. If you are looking for an idea for an original arrangement of your living room, bedroom or teenager's room, the gray hanging cabinet from the Monoss collection should prove to be a hit.<\/p>\n<h3>Practical size and roomy interior<\/h3>\n<p>Of course, in the case of the gray Monoss wall cabinet, it is not only the design that deserves attention. Its functionality is also important. The furniture is characterized by a relatively small depth of 30 cm and a fairly large width of 115 cm. Thanks to this, it allows you to effectively use the wall and at the same time does not impede the use of the room. The whole structure consists of two separate cabinets closed with doors using a convenient handleless Tip-On system. Between them there was an open module. This is a place even created for books or beautiful decorations that will add a unique atmosphere to the arrangement.<\/p>\n<h3>Gray artisan oak accent cabinet - find a company for it<\/h3>\n<div class=\"container\">\n<div class=\"row\"><img decoding=\"async\" style=\"width: 100%; border-radius: 5px; box-shadow: 0px 0px 5px rgba(0, 0, 0, 0.1); display: block; object-fit: cover; margin-top: 30px; margin-bottom: 30px;\" src=\"https:\/\/demkohome.pl\/wp-content\/uploads\/2024\/04\/Aranzacja-mebli-pokojowych-kolekcji-Monoss-utrzymana-w-minimalistycznym-stylu-dab-artisan-grafit-Okmed-Demko.jpg\" alt=\"Zdj\u0119cie 1\" \/><\/div>\n<\/div>\n<\/div>\n<div style=\"font-family: 'Noto Sans', sans-serif; font-size: 17px;\">Although you can use our gray wall cabinet exactly as you like, there's no denying that it will work best in combination with other furniture from the Monoss collection. Among them you will find RTV cabinets, chests of drawers, display cabinets and even a capacious closet. Explore all the available options and create a combination that will allow you to use the available space optimally and stylishly at the same time!<\/div>\n<p><img decoding=\"async\" class=\"alignnone wp-image-12132\" src=\"https:\/\/demkohome.pl\/wp-content\/uploads\/2024\/04\/Kolekcja-mebli-pokojowych-Monoss-w-odcieniach-szarosci-i-debu-artisan-Meble-Okmed-Demko.jpg\" \/><\/p>","protected":false},"excerpt":{"rendered":"<p>Szara szafka wisz\u0105ca Monoss \u2013 wykorzystaj potencja\u0142 swoich \u015bcian Nikogo nie trzeba chyba przekonywa\u0107 o tym, \u017ce odpowiednio dobrane szafki (&#8230;)<\/p>","protected":false},"featured_media":10241,"comment_status":"open","ping_status":"closed","template":"","meta":{"_acf_changed":false,"inline_featured_image":false},"product_brand":[],"product_cat":[528,323,143,127,137,144,139,141,130],"product_tag":[],"class_list":{"0":"post-853","1":"product","2":"type-product","3":"status-publish","4":"has-post-thumbnail","6":"product_cat-black-friday","7":"product_cat-black-week","8":"product_cat-jadalnia","9":"product_cat-meble-pokojowe","10":"product_cat-meble-systemowe","11":"product_cat-pokoj","12":"product_cat-pomieszczenia","13":"product_cat-salon","14":"product_cat-szafki","15":"product_shipping_class-przesylka-dpd-15-pln","16":"collection-monoss","17":"collection-targi-poznan-2025","19":"first","20":"instock","21":"shipping-taxable","22":"purchasable","23":"product-type-simple"},"acf":[],"yoast_head":"<!-- This site is optimized with the Yoast SEO plugin v27.4 - https:\/\/yoast.com\/product\/yoast-seo-wordpress\/ -->\n<title>Szafka wisz\u0105ca - d\u0105b artisan, szara | MONOSS | MEBLE-OKMED<\/title>\n<meta name=\"robots\" content=\"index, follow, max-snippet:-1, max-image-preview:large, max-video-preview:-1\" \/>\n<link rel=\"canonical\" href=\"https:\/\/demkohome.pl\/en\/product\/szafka-wiszaca-monoss\/\" \/>\n<meta property=\"og:locale\" content=\"en_US\" \/>\n<meta property=\"og:type\" content=\"article\" \/>\n<meta property=\"og:title\" content=\"Szafka wisz\u0105ca - d\u0105b artisan, szara | MONOSS | MEBLE-OKMED\" \/>\n<meta property=\"og:description\" content=\"Szara szafka wisz\u0105ca Monoss \u2013 wykorzystaj potencja\u0142 swoich \u015bcian Nikogo nie trzeba chyba przekonywa\u0107 o tym, \u017ce odpowiednio dobrane szafki (...)\" \/>\n<meta property=\"og:url\" content=\"https:\/\/demkohome.pl\/en\/product\/szafka-wiszaca-monoss\/\" \/>\n<meta property=\"og:site_name\" content=\"Demko Home\" \/>\n<meta property=\"article:modified_time\" content=\"2026-04-30T01:17:04+00:00\" \/>\n<meta property=\"og:image\" content=\"https:\/\/demkohome.pl\/wp-content\/uploads\/2023\/08\/Szafka-wiszaca-monoss-2-drzwi-i-polka-kolro-grafitowy-i-dab-artisan-drzwiczki-zamkniete-Okmed-Demko.jpg\" \/>\n\t<meta property=\"og:image:width\" content=\"1024\" \/>\n\t<meta property=\"og:image:height\" content=\"1024\" \/>\n\t<meta property=\"og:image:type\" content=\"image\/jpeg\" \/>\n<meta name=\"twitter:card\" content=\"summary_large_image\" \/>\n<meta name=\"twitter:label1\" content=\"Est. reading time\" \/>\n\t<meta name=\"twitter:data1\" content=\"3 minutes\" \/>\n<script type=\"application\/ld+json\" class=\"yoast-schema-graph\">{\"@context\":\"https:\\\/\\\/schema.org\",\"@graph\":[{\"@type\":\"WebPage\",\"@id\":\"https:\\\/\\\/demkohome.pl\\\/produkt\\\/szafka-wiszaca-monoss\\\/\",\"url\":\"https:\\\/\\\/demkohome.pl\\\/produkt\\\/szafka-wiszaca-monoss\\\/\",\"name\":\"Szafka wisz\u0105ca - d\u0105b artisan, szara | MONOSS | MEBLE-OKMED\",\"isPartOf\":{\"@id\":\"https:\\\/\\\/demkohome.pl\\\/#website\"},\"primaryImageOfPage\":{\"@id\":\"https:\\\/\\\/demkohome.pl\\\/produkt\\\/szafka-wiszaca-monoss\\\/#primaryimage\"},\"image\":{\"@id\":\"https:\\\/\\\/demkohome.pl\\\/produkt\\\/szafka-wiszaca-monoss\\\/#primaryimage\"},\"thumbnailUrl\":\"https:\\\/\\\/demkohome.pl\\\/wp-content\\\/uploads\\\/2023\\\/08\\\/Szafka-wiszaca-monoss-2-drzwi-i-polka-kolro-grafitowy-i-dab-artisan-drzwiczki-zamkniete-Okmed-Demko.jpg\",\"datePublished\":\"2023-08-24T22:33:30+00:00\",\"dateModified\":\"2026-04-30T01:17:04+00:00\",\"breadcrumb\":{\"@id\":\"https:\\\/\\\/demkohome.pl\\\/produkt\\\/szafka-wiszaca-monoss\\\/#breadcrumb\"},\"inLanguage\":\"en-US\",\"potentialAction\":[{\"@type\":\"ReadAction\",\"target\":[\"https:\\\/\\\/demkohome.pl\\\/produkt\\\/szafka-wiszaca-monoss\\\/\"]}]},{\"@type\":\"ImageObject\",\"inLanguage\":\"en-US\",\"@id\":\"https:\\\/\\\/demkohome.pl\\\/produkt\\\/szafka-wiszaca-monoss\\\/#primaryimage\",\"url\":\"https:\\\/\\\/demkohome.pl\\\/wp-content\\\/uploads\\\/2023\\\/08\\\/Szafka-wiszaca-monoss-2-drzwi-i-polka-kolro-grafitowy-i-dab-artisan-drzwiczki-zamkniete-Okmed-Demko.jpg\",\"contentUrl\":\"https:\\\/\\\/demkohome.pl\\\/wp-content\\\/uploads\\\/2023\\\/08\\\/Szafka-wiszaca-monoss-2-drzwi-i-polka-kolro-grafitowy-i-dab-artisan-drzwiczki-zamkniete-Okmed-Demko.jpg\",\"width\":1024,\"height\":1024,\"caption\":\"Szafka wiszaca monoss 2 drzwi i p\u00f3lka kolro grafitowy i dab artisan drzwiczki zamkniete Okmed Demko\"},{\"@type\":\"BreadcrumbList\",\"@id\":\"https:\\\/\\\/demkohome.pl\\\/produkt\\\/szafka-wiszaca-monoss\\\/#breadcrumb\",\"itemListElement\":[{\"@type\":\"ListItem\",\"position\":1,\"name\":\"Strona g\u0142\u00f3wna\",\"item\":\"https:\\\/\\\/demkohome.pl\\\/\"},{\"@type\":\"ListItem\",\"position\":2,\"name\":\"Sklep\",\"item\":\"https:\\\/\\\/demkohome.pl\\\/sklep\\\/\"},{\"@type\":\"ListItem\",\"position\":3,\"name\":\"Szafka wisz\u0105ca Monoss\"}]},{\"@type\":\"WebSite\",\"@id\":\"https:\\\/\\\/demkohome.pl\\\/#website\",\"url\":\"https:\\\/\\\/demkohome.pl\\\/\",\"name\":\"Demko Home\",\"description\":\"Make it simple\",\"publisher\":{\"@id\":\"https:\\\/\\\/demkohome.pl\\\/#organization\"},\"potentialAction\":[{\"@type\":\"SearchAction\",\"target\":{\"@type\":\"EntryPoint\",\"urlTemplate\":\"https:\\\/\\\/demkohome.pl\\\/?s={search_term_string}\"},\"query-input\":{\"@type\":\"PropertyValueSpecification\",\"valueRequired\":true,\"valueName\":\"search_term_string\"}}],\"inLanguage\":\"en-US\"},{\"@type\":\"Organization\",\"@id\":\"https:\\\/\\\/demkohome.pl\\\/#organization\",\"name\":\"Demko Home\",\"url\":\"https:\\\/\\\/demkohome.pl\\\/\",\"logo\":{\"@type\":\"ImageObject\",\"inLanguage\":\"en-US\",\"@id\":\"https:\\\/\\\/demkohome.pl\\\/#\\\/schema\\\/logo\\\/image\\\/\",\"url\":\"https:\\\/\\\/demkohome.pl\\\/wp-content\\\/uploads\\\/2026\\\/03\\\/cropped-3.png\",\"contentUrl\":\"https:\\\/\\\/demkohome.pl\\\/wp-content\\\/uploads\\\/2026\\\/03\\\/cropped-3.png\",\"width\":250,\"height\":63,\"caption\":\"Demko Home\"},\"image\":{\"@id\":\"https:\\\/\\\/demkohome.pl\\\/#\\\/schema\\\/logo\\\/image\\\/\"}}]}<\/script>\n<!-- \/ Yoast SEO plugin. -->","yoast_head_json":{"title":"Szafka wisz\u0105ca - d\u0105b artisan, szara | MONOSS | MEBLE-OKMED","robots":{"index":"index","follow":"follow","max-snippet":"max-snippet:-1","max-image-preview":"max-image-preview:large","max-video-preview":"max-video-preview:-1"},"canonical":"https:\/\/demkohome.pl\/en\/product\/szafka-wiszaca-monoss\/","og_locale":"en_US","og_type":"article","og_title":"Szafka wisz\u0105ca - d\u0105b artisan, szara | MONOSS | MEBLE-OKMED","og_description":"Szara szafka wisz\u0105ca Monoss \u2013 wykorzystaj potencja\u0142 swoich \u015bcian Nikogo nie trzeba chyba przekonywa\u0107 o tym, \u017ce odpowiednio dobrane szafki (...)","og_url":"https:\/\/demkohome.pl\/en\/product\/szafka-wiszaca-monoss\/","og_site_name":"Demko Home","article_modified_time":"2026-04-30T01:17:04+00:00","og_image":[{"width":1024,"height":1024,"url":"https:\/\/demkohome.pl\/wp-content\/uploads\/2023\/08\/Szafka-wiszaca-monoss-2-drzwi-i-polka-kolro-grafitowy-i-dab-artisan-drzwiczki-zamkniete-Okmed-Demko.jpg","type":"image\/jpeg"}],"twitter_card":"summary_large_image","twitter_misc":{"Est. reading time":"3 minutes"},"schema":{"@context":"https:\/\/schema.org","@graph":[{"@type":"WebPage","@id":"https:\/\/demkohome.pl\/produkt\/szafka-wiszaca-monoss\/","url":"https:\/\/demkohome.pl\/produkt\/szafka-wiszaca-monoss\/","name":"Szafka wisz\u0105ca - d\u0105b artisan, szara | MONOSS | MEBLE-OKMED","isPartOf":{"@id":"https:\/\/demkohome.pl\/#website"},"primaryImageOfPage":{"@id":"https:\/\/demkohome.pl\/produkt\/szafka-wiszaca-monoss\/#primaryimage"},"image":{"@id":"https:\/\/demkohome.pl\/produkt\/szafka-wiszaca-monoss\/#primaryimage"},"thumbnailUrl":"https:\/\/demkohome.pl\/wp-content\/uploads\/2023\/08\/Szafka-wiszaca-monoss-2-drzwi-i-polka-kolro-grafitowy-i-dab-artisan-drzwiczki-zamkniete-Okmed-Demko.jpg","datePublished":"2023-08-24T22:33:30+00:00","dateModified":"2026-04-30T01:17:04+00:00","breadcrumb":{"@id":"https:\/\/demkohome.pl\/produkt\/szafka-wiszaca-monoss\/#breadcrumb"},"inLanguage":"en-US","potentialAction":[{"@type":"ReadAction","target":["https:\/\/demkohome.pl\/produkt\/szafka-wiszaca-monoss\/"]}]},{"@type":"ImageObject","inLanguage":"en-US","@id":"https:\/\/demkohome.pl\/produkt\/szafka-wiszaca-monoss\/#primaryimage","url":"https:\/\/demkohome.pl\/wp-content\/uploads\/2023\/08\/Szafka-wiszaca-monoss-2-drzwi-i-polka-kolro-grafitowy-i-dab-artisan-drzwiczki-zamkniete-Okmed-Demko.jpg","contentUrl":"https:\/\/demkohome.pl\/wp-content\/uploads\/2023\/08\/Szafka-wiszaca-monoss-2-drzwi-i-polka-kolro-grafitowy-i-dab-artisan-drzwiczki-zamkniete-Okmed-Demko.jpg","width":1024,"height":1024,"caption":"Szafka wiszaca monoss 2 drzwi i p\u00f3lka kolro grafitowy i dab artisan drzwiczki zamkniete Okmed Demko"},{"@type":"BreadcrumbList","@id":"https:\/\/demkohome.pl\/produkt\/szafka-wiszaca-monoss\/#breadcrumb","itemListElement":[{"@type":"ListItem","position":1,"name":"Strona g\u0142\u00f3wna","item":"https:\/\/demkohome.pl\/"},{"@type":"ListItem","position":2,"name":"Sklep","item":"https:\/\/demkohome.pl\/sklep\/"},{"@type":"ListItem","position":3,"name":"Szafka wisz\u0105ca Monoss"}]},{"@type":"WebSite","@id":"https:\/\/demkohome.pl\/#website","url":"https:\/\/demkohome.pl\/","name":"Demko Home","description":"Make it simple","publisher":{"@id":"https:\/\/demkohome.pl\/#organization"},"potentialAction":[{"@type":"SearchAction","target":{"@type":"EntryPoint","urlTemplate":"https:\/\/demkohome.pl\/?s={search_term_string}"},"query-input":{"@type":"PropertyValueSpecification","valueRequired":true,"valueName":"search_term_string"}}],"inLanguage":"en-US"},{"@type":"Organization","@id":"https:\/\/demkohome.pl\/#organization","name":"Demko Home","url":"https:\/\/demkohome.pl\/","logo":{"@type":"ImageObject","inLanguage":"en-US","@id":"https:\/\/demkohome.pl\/#\/schema\/logo\/image\/","url":"https:\/\/demkohome.pl\/wp-content\/uploads\/2026\/03\/cropped-3.png","contentUrl":"https:\/\/demkohome.pl\/wp-content\/uploads\/2026\/03\/cropped-3.png","width":250,"height":63,"caption":"Demko Home"},"image":{"@id":"https:\/\/demkohome.pl\/#\/schema\/logo\/image\/"}}]}},"_links":{"self":[{"href":"https:\/\/demkohome.pl\/en\/wp-json\/wp\/v2\/product\/853","targetHints":{"allow":["GET"]}}],"collection":[{"href":"https:\/\/demkohome.pl\/en\/wp-json\/wp\/v2\/product"}],"about":[{"href":"https:\/\/demkohome.pl\/en\/wp-json\/wp\/v2\/types\/product"}],"replies":[{"embeddable":true,"href":"https:\/\/demkohome.pl\/en\/wp-json\/wp\/v2\/comments?post=853"}],"wp:featuredmedia":[{"embeddable":true,"href":"https:\/\/demkohome.pl\/en\/wp-json\/wp\/v2\/media\/10241"}],"wp:attachment":[{"href":"https:\/\/demkohome.pl\/en\/wp-json\/wp\/v2\/media?parent=853"}],"wp:term":[{"taxonomy":"product_brand","embeddable":true,"href":"https:\/\/demkohome.pl\/en\/wp-json\/wp\/v2\/product_brand?post=853"},{"taxonomy":"product_cat","embeddable":true,"href":"https:\/\/demkohome.pl\/en\/wp-json\/wp\/v2\/product_cat?post=853"},{"taxonomy":"product_tag","embeddable":true,"href":"https:\/\/demkohome.pl\/en\/wp-json\/wp\/v2\/product_tag?post=853"}],"curies":[{"name":"wp","href":"https:\/\/api.w.org\/{rel}","templated":true}]}}