{"id":85731,"date":"2025-07-14T12:27:59","date_gmt":"2025-07-14T10:27:59","guid":{"rendered":"https:\/\/demkohome.pl\/?post_type=product&#038;p=85731"},"modified":"2026-04-18T03:16:47","modified_gmt":"2026-04-18T01:16:47","slug":"modul-kuchenny-bilberry","status":"publish","type":"product","link":"https:\/\/demkohome.pl\/en\/product\/modul-kuchenny-bilberry\/","title":{"rendered":"Bilberry kitchen module"},"content":{"rendered":"<p data-start=\"175\" data-end=\"510\">With a width of 160 cm, a length of 60 cm and a height of 90 cm, the Bilberry kitchen unit is a well-thought-out and functional kitchen built-in that perfectly combines aesthetics with practicality. Designed with modern interiors in mind, it offers an elegant look and solid construction that will prove its worth in everyday use. The dimensions of the hanging shelf are: 100 x 14 x 13 cm.<\/p>\n<p data-start=\"512\" data-end=\"841\">The model from the Bilberry collection is distinguished by a separate space for the oven, which allows you to comfortably and aesthetically integrate household appliances into the kitchen design. Capacious shelves in the cabinets allow comfortable organization of space - ideal for storing pots, pans, dishes, utensils or grocery supplies.<\/p>\n<p data-start=\"512\" data-end=\"841\">The set includes:<\/p>\n<p data-start=\"512\" data-end=\"841\">- oven cabinet 60 cm<\/p>\n<p data-start=\"512\" data-end=\"841\">- standing cabinet under the sink 100 cm<\/p>\n<p data-start=\"512\" data-end=\"841\">- wall shelf 100cm<\/p>\n<p data-start=\"512\" data-end=\"841\">The Bilberry kitchen module can be expanded with additional solids, such as an island, a 100cm hanging cabinet, a 100cm standing cabinet and a 60cm base kitchen cabinet, shown in the photo below.<\/p>\n<p><img loading=\"lazy\" decoding=\"async\" class=\"alignnone wp-image-81052 size-full\" src=\"https:\/\/demkohome.pl\/wp-content\/uploads\/2025\/07\/ARANZACJA-BILBERRY.png\" alt=\"zestaw kuchenny Bilberry Demko Home, nowoczesne meble kuchenne z szafkami i blatem\" width=\"1024\" height=\"1024\" srcset=\"https:\/\/demkohome.pl\/wp-content\/uploads\/2025\/07\/ARANZACJA-BILBERRY.png 1024w, https:\/\/demkohome.pl\/wp-content\/uploads\/2025\/07\/ARANZACJA-BILBERRY-300x300.png 300w, https:\/\/demkohome.pl\/wp-content\/uploads\/2025\/07\/ARANZACJA-BILBERRY-150x150.png 150w, https:\/\/demkohome.pl\/wp-content\/uploads\/2025\/07\/ARANZACJA-BILBERRY-768x768.png 768w, https:\/\/demkohome.pl\/wp-content\/uploads\/2025\/07\/ARANZACJA-BILBERRY-12x12.png 12w, https:\/\/demkohome.pl\/wp-content\/uploads\/2025\/07\/ARANZACJA-BILBERRY-600x600.png 600w, https:\/\/demkohome.pl\/wp-content\/uploads\/2025\/07\/ARANZACJA-BILBERRY-100x100.png 100w\" sizes=\"auto, (max-width: 1024px) 100vw, 1024px\" \/><\/p>\n<p data-start=\"843\" data-end=\"1225\">The unique character of the furniture is emphasized by the carefully selected color scheme - the body in a shade of gray graphite perfectly contrasts with the top in a warm Sonoma Oak decor, creating a modern, yet cozy impression. This combination of colors makes the Bilberry kitchen unit fit perfectly into a variety of arrangements - from minimalist and loft to more classic kitchens.<\/p>\n<p data-start=\"1227\" data-end=\"1630\">Solid materials and precise workmanship guarantee durability and reliability for years to come, while the ergonomic height of 90 cm ensures comfort during daily cooking and working in the kitchen. The Bilberry kitchen unit from the Demko Home brand is the perfect choice for people who appreciate high quality, functional solutions and timeless design, creating in their kitchen a space that is not only beautiful, but also fully practical.<\/p>","protected":false},"excerpt":{"rendered":"<p>Modu\u0142 kuchenny Bilberry o szeroko\u015bci 160 cm, d\u0142ugo\u015bci 60 cm i wysoko\u015bci 90 cm to przemy\u015blany i funkcjonalny element zabudowy (&#8230;)<\/p>","protected":false},"featured_media":483635,"comment_status":"open","ping_status":"closed","template":"","meta":{"_acf_changed":false,"inline_featured_image":false},"product_brand":[],"product_cat":[302,111,294,65,300,301,110],"product_tag":[],"class_list":{"0":"post-85731","1":"product","2":"type-product","3":"status-publish","4":"has-post-thumbnail","6":"product_cat-kuchnia-pomieszczenia","7":"product_cat-kuchnie-modulowe","8":"product_cat-meble","9":"product_cat-meble-kuchenne","10":"product_cat-meble-kuchenne-meble","11":"product_cat-zestawy-mebli-kuchennych-meble-kuchenne-meble","12":"product_cat-zestawy-mebli-kuchennych","13":"product_shipping_class-paleta-175cm-x-80cm","14":"collection-bilberry","16":"first","17":"instock","18":"sale","19":"shipping-taxable","20":"purchasable","21":"product-type-simple"},"acf":[],"yoast_head":"<!-- This site is optimized with the Yoast SEO plugin v27.4 - https:\/\/yoast.com\/product\/yoast-seo-wordpress\/ -->\n<title>Modu\u0142 kuchenny Bilberry - Demko Home<\/title>\n<meta name=\"robots\" content=\"index, follow, max-snippet:-1, max-image-preview:large, max-video-preview:-1\" \/>\n<link rel=\"canonical\" href=\"https:\/\/demkohome.pl\/en\/product\/modul-kuchenny-bilberry\/\" \/>\n<meta property=\"og:locale\" content=\"en_US\" \/>\n<meta property=\"og:type\" content=\"article\" \/>\n<meta property=\"og:title\" content=\"Modu\u0142 kuchenny Bilberry - Demko Home\" \/>\n<meta property=\"og:description\" content=\"Modu\u0142 kuchenny Bilberry o szeroko\u015bci 160 cm, d\u0142ugo\u015bci 60 cm i wysoko\u015bci 90 cm to przemy\u015blany i funkcjonalny element zabudowy (...)\" \/>\n<meta property=\"og:url\" content=\"https:\/\/demkohome.pl\/en\/product\/modul-kuchenny-bilberry\/\" \/>\n<meta property=\"og:site_name\" content=\"Demko Home\" \/>\n<meta property=\"article:modified_time\" content=\"2026-04-18T01:16:47+00:00\" \/>\n<meta property=\"og:image\" content=\"https:\/\/demkohome.pl\/wp-content\/uploads\/2025\/07\/bilberry.jpeg\" \/>\n\t<meta property=\"og:image:width\" content=\"800\" \/>\n\t<meta property=\"og:image:height\" content=\"1024\" \/>\n\t<meta property=\"og:image:type\" content=\"image\/jpeg\" \/>\n<meta name=\"twitter:card\" content=\"summary_large_image\" \/>\n<meta name=\"twitter:label1\" content=\"Est. reading time\" \/>\n\t<meta name=\"twitter:data1\" content=\"3 minutes\" \/>\n<script type=\"application\/ld+json\" class=\"yoast-schema-graph\">{\"@context\":\"https:\\\/\\\/schema.org\",\"@graph\":[{\"@type\":\"WebPage\",\"@id\":\"https:\\\/\\\/demkohome.pl\\\/produkt\\\/modul-kuchenny-bilberry\\\/\",\"url\":\"https:\\\/\\\/demkohome.pl\\\/produkt\\\/modul-kuchenny-bilberry\\\/\",\"name\":\"Modu\u0142 kuchenny Bilberry - Demko Home\",\"isPartOf\":{\"@id\":\"https:\\\/\\\/demkohome.pl\\\/#website\"},\"primaryImageOfPage\":{\"@id\":\"https:\\\/\\\/demkohome.pl\\\/produkt\\\/modul-kuchenny-bilberry\\\/#primaryimage\"},\"image\":{\"@id\":\"https:\\\/\\\/demkohome.pl\\\/produkt\\\/modul-kuchenny-bilberry\\\/#primaryimage\"},\"thumbnailUrl\":\"https:\\\/\\\/demkohome.pl\\\/wp-content\\\/uploads\\\/2025\\\/07\\\/bilberry.jpeg\",\"datePublished\":\"2025-07-14T10:27:59+00:00\",\"dateModified\":\"2026-04-18T01:16:47+00:00\",\"breadcrumb\":{\"@id\":\"https:\\\/\\\/demkohome.pl\\\/produkt\\\/modul-kuchenny-bilberry\\\/#breadcrumb\"},\"inLanguage\":\"en-US\",\"potentialAction\":[{\"@type\":\"ReadAction\",\"target\":[\"https:\\\/\\\/demkohome.pl\\\/produkt\\\/modul-kuchenny-bilberry\\\/\"]}]},{\"@type\":\"ImageObject\",\"inLanguage\":\"en-US\",\"@id\":\"https:\\\/\\\/demkohome.pl\\\/produkt\\\/modul-kuchenny-bilberry\\\/#primaryimage\",\"url\":\"https:\\\/\\\/demkohome.pl\\\/wp-content\\\/uploads\\\/2025\\\/07\\\/bilberry.jpeg\",\"contentUrl\":\"https:\\\/\\\/demkohome.pl\\\/wp-content\\\/uploads\\\/2025\\\/07\\\/bilberry.jpeg\",\"width\":800,\"height\":1024},{\"@type\":\"BreadcrumbList\",\"@id\":\"https:\\\/\\\/demkohome.pl\\\/produkt\\\/modul-kuchenny-bilberry\\\/#breadcrumb\",\"itemListElement\":[{\"@type\":\"ListItem\",\"position\":1,\"name\":\"Strona g\u0142\u00f3wna\",\"item\":\"https:\\\/\\\/demkohome.pl\\\/\"},{\"@type\":\"ListItem\",\"position\":2,\"name\":\"Sklep\",\"item\":\"https:\\\/\\\/demkohome.pl\\\/sklep\\\/\"},{\"@type\":\"ListItem\",\"position\":3,\"name\":\"Modu\u0142 kuchenny Bilberry\"}]},{\"@type\":\"WebSite\",\"@id\":\"https:\\\/\\\/demkohome.pl\\\/#website\",\"url\":\"https:\\\/\\\/demkohome.pl\\\/\",\"name\":\"Demko Home\",\"description\":\"Make it simple\",\"publisher\":{\"@id\":\"https:\\\/\\\/demkohome.pl\\\/#organization\"},\"potentialAction\":[{\"@type\":\"SearchAction\",\"target\":{\"@type\":\"EntryPoint\",\"urlTemplate\":\"https:\\\/\\\/demkohome.pl\\\/?s={search_term_string}\"},\"query-input\":{\"@type\":\"PropertyValueSpecification\",\"valueRequired\":true,\"valueName\":\"search_term_string\"}}],\"inLanguage\":\"en-US\"},{\"@type\":\"Organization\",\"@id\":\"https:\\\/\\\/demkohome.pl\\\/#organization\",\"name\":\"Demko Home\",\"url\":\"https:\\\/\\\/demkohome.pl\\\/\",\"logo\":{\"@type\":\"ImageObject\",\"inLanguage\":\"en-US\",\"@id\":\"https:\\\/\\\/demkohome.pl\\\/#\\\/schema\\\/logo\\\/image\\\/\",\"url\":\"https:\\\/\\\/demkohome.pl\\\/wp-content\\\/uploads\\\/2026\\\/03\\\/cropped-3.png\",\"contentUrl\":\"https:\\\/\\\/demkohome.pl\\\/wp-content\\\/uploads\\\/2026\\\/03\\\/cropped-3.png\",\"width\":250,\"height\":63,\"caption\":\"Demko Home\"},\"image\":{\"@id\":\"https:\\\/\\\/demkohome.pl\\\/#\\\/schema\\\/logo\\\/image\\\/\"}}]}<\/script>\n<!-- \/ Yoast SEO plugin. -->","yoast_head_json":{"title":"Modu\u0142 kuchenny Bilberry - Demko Home","robots":{"index":"index","follow":"follow","max-snippet":"max-snippet:-1","max-image-preview":"max-image-preview:large","max-video-preview":"max-video-preview:-1"},"canonical":"https:\/\/demkohome.pl\/en\/product\/modul-kuchenny-bilberry\/","og_locale":"en_US","og_type":"article","og_title":"Modu\u0142 kuchenny Bilberry - Demko Home","og_description":"Modu\u0142 kuchenny Bilberry o szeroko\u015bci 160 cm, d\u0142ugo\u015bci 60 cm i wysoko\u015bci 90 cm to przemy\u015blany i funkcjonalny element zabudowy (...)","og_url":"https:\/\/demkohome.pl\/en\/product\/modul-kuchenny-bilberry\/","og_site_name":"Demko Home","article_modified_time":"2026-04-18T01:16:47+00:00","og_image":[{"width":800,"height":1024,"url":"https:\/\/demkohome.pl\/wp-content\/uploads\/2025\/07\/bilberry.jpeg","type":"image\/jpeg"}],"twitter_card":"summary_large_image","twitter_misc":{"Est. reading time":"3 minutes"},"schema":{"@context":"https:\/\/schema.org","@graph":[{"@type":"WebPage","@id":"https:\/\/demkohome.pl\/produkt\/modul-kuchenny-bilberry\/","url":"https:\/\/demkohome.pl\/produkt\/modul-kuchenny-bilberry\/","name":"Modu\u0142 kuchenny Bilberry - Demko Home","isPartOf":{"@id":"https:\/\/demkohome.pl\/#website"},"primaryImageOfPage":{"@id":"https:\/\/demkohome.pl\/produkt\/modul-kuchenny-bilberry\/#primaryimage"},"image":{"@id":"https:\/\/demkohome.pl\/produkt\/modul-kuchenny-bilberry\/#primaryimage"},"thumbnailUrl":"https:\/\/demkohome.pl\/wp-content\/uploads\/2025\/07\/bilberry.jpeg","datePublished":"2025-07-14T10:27:59+00:00","dateModified":"2026-04-18T01:16:47+00:00","breadcrumb":{"@id":"https:\/\/demkohome.pl\/produkt\/modul-kuchenny-bilberry\/#breadcrumb"},"inLanguage":"en-US","potentialAction":[{"@type":"ReadAction","target":["https:\/\/demkohome.pl\/produkt\/modul-kuchenny-bilberry\/"]}]},{"@type":"ImageObject","inLanguage":"en-US","@id":"https:\/\/demkohome.pl\/produkt\/modul-kuchenny-bilberry\/#primaryimage","url":"https:\/\/demkohome.pl\/wp-content\/uploads\/2025\/07\/bilberry.jpeg","contentUrl":"https:\/\/demkohome.pl\/wp-content\/uploads\/2025\/07\/bilberry.jpeg","width":800,"height":1024},{"@type":"BreadcrumbList","@id":"https:\/\/demkohome.pl\/produkt\/modul-kuchenny-bilberry\/#breadcrumb","itemListElement":[{"@type":"ListItem","position":1,"name":"Strona g\u0142\u00f3wna","item":"https:\/\/demkohome.pl\/"},{"@type":"ListItem","position":2,"name":"Sklep","item":"https:\/\/demkohome.pl\/sklep\/"},{"@type":"ListItem","position":3,"name":"Modu\u0142 kuchenny Bilberry"}]},{"@type":"WebSite","@id":"https:\/\/demkohome.pl\/#website","url":"https:\/\/demkohome.pl\/","name":"Demko Home","description":"Make it simple","publisher":{"@id":"https:\/\/demkohome.pl\/#organization"},"potentialAction":[{"@type":"SearchAction","target":{"@type":"EntryPoint","urlTemplate":"https:\/\/demkohome.pl\/?s={search_term_string}"},"query-input":{"@type":"PropertyValueSpecification","valueRequired":true,"valueName":"search_term_string"}}],"inLanguage":"en-US"},{"@type":"Organization","@id":"https:\/\/demkohome.pl\/#organization","name":"Demko Home","url":"https:\/\/demkohome.pl\/","logo":{"@type":"ImageObject","inLanguage":"en-US","@id":"https:\/\/demkohome.pl\/#\/schema\/logo\/image\/","url":"https:\/\/demkohome.pl\/wp-content\/uploads\/2026\/03\/cropped-3.png","contentUrl":"https:\/\/demkohome.pl\/wp-content\/uploads\/2026\/03\/cropped-3.png","width":250,"height":63,"caption":"Demko Home"},"image":{"@id":"https:\/\/demkohome.pl\/#\/schema\/logo\/image\/"}}]}},"_links":{"self":[{"href":"https:\/\/demkohome.pl\/en\/wp-json\/wp\/v2\/product\/85731","targetHints":{"allow":["GET"]}}],"collection":[{"href":"https:\/\/demkohome.pl\/en\/wp-json\/wp\/v2\/product"}],"about":[{"href":"https:\/\/demkohome.pl\/en\/wp-json\/wp\/v2\/types\/product"}],"replies":[{"embeddable":true,"href":"https:\/\/demkohome.pl\/en\/wp-json\/wp\/v2\/comments?post=85731"}],"wp:featuredmedia":[{"embeddable":true,"href":"https:\/\/demkohome.pl\/en\/wp-json\/wp\/v2\/media\/483635"}],"wp:attachment":[{"href":"https:\/\/demkohome.pl\/en\/wp-json\/wp\/v2\/media?parent=85731"}],"wp:term":[{"taxonomy":"product_brand","embeddable":true,"href":"https:\/\/demkohome.pl\/en\/wp-json\/wp\/v2\/product_brand?post=85731"},{"taxonomy":"product_cat","embeddable":true,"href":"https:\/\/demkohome.pl\/en\/wp-json\/wp\/v2\/product_cat?post=85731"},{"taxonomy":"product_tag","embeddable":true,"href":"https:\/\/demkohome.pl\/en\/wp-json\/wp\/v2\/product_tag?post=85731"}],"curies":[{"name":"wp","href":"https:\/\/api.w.org\/{rel}","templated":true}]}}