{"id":867,"date":"2023-08-25T00:33:34","date_gmt":"2023-08-24T22:33:34","guid":{"rendered":"https:\/\/demkohome.pl\/produkt\/witryna-monoss\/"},"modified":"2026-04-30T03:17:03","modified_gmt":"2026-04-30T01:17:03","slug":"witryna-monoss","status":"publish","type":"product","link":"https:\/\/demkohome.pl\/en\/product\/witryna-monoss\/","title":{"rendered":"Monoss website"},"content":{"rendered":"<div style=\"font-family: 'Noto Sans', sans-serif; font-size: 17px;\">\n<h2>Gray showcase with oak artisan fronts and glass - bring designer elegance to your interior<\/h2>\n<p>Elegant interiors can have really different faces - our gray display cabinet with oak artisan fronts and glazing is the best example of this. The furniture is distinguished by a very impressive style and perfectly combines the classic face of the showcase with modern design. This is a real gem of the Monoss collection and a perfect proposal for a fashionable living room. If you appreciate traditional display cabinets, but their style has already become boring to you, this model may be exactly what you need.<\/p>\n<h3>Striking design in duet with functionality<\/h3>\n<p>Furniture is not just about design. After all, home furnishings have many tasks to perform and should, above all, make your life easier. We are well aware of this, which is why our gray Monoss display cabinet is also distinguished by its valuable utility qualities. This is a very capacious piece of furniture, in which you can easily organize your things. Inside it, numerous deep shelves await you - perfect for storing tableware, home textiles, documents or other accessories you don't want to keep on top. We know that exposed shelves are very obliging when it comes to keeping things in order. That's why in our gray display case we used one glass and three built-in fronts. Thanks to this treatment, the piece of furniture looks elegant, but does not force you to constantly clean. In your busy everyday life you will certainly appreciate it for this.<\/p>\n<h3>TIP-ON system and LED backlighting<\/h3>\n<p>A great advantage of our gray Monoss display cabinet is that it will work well in interiors of different styles. All thanks to its simple, minimalist form. This is due not only to the shape of the solid, but also to the use of the TIP-ON system, thanks to which there is no need to mount handles on the surface of the furniture. An extremely impressive addition are the LED backlights - it is thanks to them that the furniture has gained an extremely decorative character and can turn out to be not only a piece of living room equipment, but also its true decoration.<\/p>\n<h3>Gray showcase for living room - create an arrangement in your favorite style<\/h3>\n<div class=\"container\">\n<div class=\"row\"><img decoding=\"async\" style=\"width: 100%; border-radius: 5px; box-shadow: 0px 0px 5px rgba(0, 0, 0, 0.1); display: block; object-fit: cover; margin-top: 30px; margin-bottom: 30px;\" src=\"https:\/\/demkohome.pl\/wp-content\/uploads\/2024\/04\/Kolekcja-mebli-pokojowych-Monoss-w-odcieniach-szarosci-i-debu-artisan-Meble-Okmed-Demko.jpg\" alt=\"Zdj\u0119cie 1\" \/><\/div>\n<\/div>\n<\/div>\n<div style=\"font-family: 'Noto Sans', sans-serif; font-size: 17px;\">The artisan oak + gray showcase will be downright perfect for a modern living room, including one with a minimalist, industrial, glamour or Scandinavian decor. Order it today and see for yourself that its design really impresses - especially when accompanied by other furniture from our modular Monoss collection!<\/div>","protected":false},"excerpt":{"rendered":"<p>Szara witryna z frontami d\u0105b artisan i szk\u0142o \u2013 wprowad\u017a do swojego wn\u0119trza designersk\u0105 elegancj\u0119 Eleganckie wn\u0119trza mog\u0105 mie\u0107 naprawd\u0119 (&#8230;)<\/p>","protected":false},"featured_media":6014,"comment_status":"open","ping_status":"closed","template":"","meta":{"_acf_changed":false,"inline_featured_image":false},"product_brand":[],"product_cat":[528,323,143,127,137,144,139,141,129],"product_tag":[],"class_list":{"0":"post-867","1":"product","2":"type-product","3":"status-publish","4":"has-post-thumbnail","6":"product_cat-black-friday","7":"product_cat-black-week","8":"product_cat-jadalnia","9":"product_cat-meble-pokojowe","10":"product_cat-meble-systemowe","11":"product_cat-pokoj","12":"product_cat-pomieszczenia","13":"product_cat-salon","14":"product_cat-witryny","15":"product_shipping_class-paleta-210cm-x-80cm","16":"collection-monoss","17":"collection-targi-poznan-2025","19":"first","20":"instock","21":"shipping-taxable","22":"purchasable","23":"product-type-simple"},"acf":[],"yoast_head":"<!-- This site is optimized with the Yoast SEO plugin v27.4 - https:\/\/yoast.com\/product\/yoast-seo-wordpress\/ -->\n<title>Witryna 4D - d\u0105b artisan, szara | MONOSS | MEBLE-OKMED<\/title>\n<meta name=\"robots\" content=\"index, follow, max-snippet:-1, max-image-preview:large, max-video-preview:-1\" \/>\n<link rel=\"canonical\" href=\"https:\/\/demkohome.pl\/en\/product\/witryna-monoss\/\" \/>\n<meta property=\"og:locale\" content=\"en_US\" \/>\n<meta property=\"og:type\" content=\"article\" \/>\n<meta property=\"og:title\" content=\"Witryna 4D - d\u0105b artisan, szara | MONOSS | MEBLE-OKMED\" \/>\n<meta property=\"og:description\" content=\"Szara witryna z frontami d\u0105b artisan i szk\u0142o \u2013 wprowad\u017a do swojego wn\u0119trza designersk\u0105 elegancj\u0119 Eleganckie wn\u0119trza mog\u0105 mie\u0107 naprawd\u0119 (...)\" \/>\n<meta property=\"og:url\" content=\"https:\/\/demkohome.pl\/en\/product\/witryna-monoss\/\" \/>\n<meta property=\"og:site_name\" content=\"Demko Home\" \/>\n<meta property=\"article:modified_time\" content=\"2026-04-30T01:17:03+00:00\" \/>\n<meta property=\"og:image\" content=\"https:\/\/demkohome.pl\/wp-content\/uploads\/2023\/08\/Witryna-czterodrzwiowa-Monoss-kolor-Dab-Artisan-i-Grafit-zamkniete-drzwiczki-od-Meble-Okmed-Demko.jpg\" \/>\n\t<meta property=\"og:image:width\" content=\"1920\" \/>\n\t<meta property=\"og:image:height\" content=\"1920\" \/>\n\t<meta property=\"og:image:type\" content=\"image\/jpeg\" \/>\n<meta name=\"twitter:card\" content=\"summary_large_image\" \/>\n<meta name=\"twitter:label1\" content=\"Est. reading time\" \/>\n\t<meta name=\"twitter:data1\" content=\"3 minutes\" \/>\n<script type=\"application\/ld+json\" class=\"yoast-schema-graph\">{\"@context\":\"https:\\\/\\\/schema.org\",\"@graph\":[{\"@type\":\"WebPage\",\"@id\":\"https:\\\/\\\/demkohome.pl\\\/produkt\\\/witryna-monoss\\\/\",\"url\":\"https:\\\/\\\/demkohome.pl\\\/produkt\\\/witryna-monoss\\\/\",\"name\":\"Witryna 4D - d\u0105b artisan, szara | MONOSS | MEBLE-OKMED\",\"isPartOf\":{\"@id\":\"https:\\\/\\\/demkohome.pl\\\/#website\"},\"primaryImageOfPage\":{\"@id\":\"https:\\\/\\\/demkohome.pl\\\/produkt\\\/witryna-monoss\\\/#primaryimage\"},\"image\":{\"@id\":\"https:\\\/\\\/demkohome.pl\\\/produkt\\\/witryna-monoss\\\/#primaryimage\"},\"thumbnailUrl\":\"https:\\\/\\\/demkohome.pl\\\/wp-content\\\/uploads\\\/2023\\\/08\\\/Witryna-czterodrzwiowa-Monoss-kolor-Dab-Artisan-i-Grafit-zamkniete-drzwiczki-od-Meble-Okmed-Demko.jpg\",\"datePublished\":\"2023-08-24T22:33:34+00:00\",\"dateModified\":\"2026-04-30T01:17:03+00:00\",\"breadcrumb\":{\"@id\":\"https:\\\/\\\/demkohome.pl\\\/produkt\\\/witryna-monoss\\\/#breadcrumb\"},\"inLanguage\":\"en-US\",\"potentialAction\":[{\"@type\":\"ReadAction\",\"target\":[\"https:\\\/\\\/demkohome.pl\\\/produkt\\\/witryna-monoss\\\/\"]}]},{\"@type\":\"ImageObject\",\"inLanguage\":\"en-US\",\"@id\":\"https:\\\/\\\/demkohome.pl\\\/produkt\\\/witryna-monoss\\\/#primaryimage\",\"url\":\"https:\\\/\\\/demkohome.pl\\\/wp-content\\\/uploads\\\/2023\\\/08\\\/Witryna-czterodrzwiowa-Monoss-kolor-Dab-Artisan-i-Grafit-zamkniete-drzwiczki-od-Meble-Okmed-Demko.jpg\",\"contentUrl\":\"https:\\\/\\\/demkohome.pl\\\/wp-content\\\/uploads\\\/2023\\\/08\\\/Witryna-czterodrzwiowa-Monoss-kolor-Dab-Artisan-i-Grafit-zamkniete-drzwiczki-od-Meble-Okmed-Demko.jpg\",\"width\":1920,\"height\":1920,\"caption\":\"Witryna czterodrzwiowa Monoss kolor Dab Artisan i Grafit zamkniete drzwiczki od Meble Okmed Demko\"},{\"@type\":\"BreadcrumbList\",\"@id\":\"https:\\\/\\\/demkohome.pl\\\/produkt\\\/witryna-monoss\\\/#breadcrumb\",\"itemListElement\":[{\"@type\":\"ListItem\",\"position\":1,\"name\":\"Strona g\u0142\u00f3wna\",\"item\":\"https:\\\/\\\/demkohome.pl\\\/\"},{\"@type\":\"ListItem\",\"position\":2,\"name\":\"Sklep\",\"item\":\"https:\\\/\\\/demkohome.pl\\\/sklep\\\/\"},{\"@type\":\"ListItem\",\"position\":3,\"name\":\"Witryna Monoss\"}]},{\"@type\":\"WebSite\",\"@id\":\"https:\\\/\\\/demkohome.pl\\\/#website\",\"url\":\"https:\\\/\\\/demkohome.pl\\\/\",\"name\":\"Demko Home\",\"description\":\"Make it simple\",\"publisher\":{\"@id\":\"https:\\\/\\\/demkohome.pl\\\/#organization\"},\"potentialAction\":[{\"@type\":\"SearchAction\",\"target\":{\"@type\":\"EntryPoint\",\"urlTemplate\":\"https:\\\/\\\/demkohome.pl\\\/?s={search_term_string}\"},\"query-input\":{\"@type\":\"PropertyValueSpecification\",\"valueRequired\":true,\"valueName\":\"search_term_string\"}}],\"inLanguage\":\"en-US\"},{\"@type\":\"Organization\",\"@id\":\"https:\\\/\\\/demkohome.pl\\\/#organization\",\"name\":\"Demko Home\",\"url\":\"https:\\\/\\\/demkohome.pl\\\/\",\"logo\":{\"@type\":\"ImageObject\",\"inLanguage\":\"en-US\",\"@id\":\"https:\\\/\\\/demkohome.pl\\\/#\\\/schema\\\/logo\\\/image\\\/\",\"url\":\"https:\\\/\\\/demkohome.pl\\\/wp-content\\\/uploads\\\/2026\\\/03\\\/cropped-3.png\",\"contentUrl\":\"https:\\\/\\\/demkohome.pl\\\/wp-content\\\/uploads\\\/2026\\\/03\\\/cropped-3.png\",\"width\":250,\"height\":63,\"caption\":\"Demko Home\"},\"image\":{\"@id\":\"https:\\\/\\\/demkohome.pl\\\/#\\\/schema\\\/logo\\\/image\\\/\"}}]}<\/script>\n<!-- \/ Yoast SEO plugin. -->","yoast_head_json":{"title":"Witryna 4D - d\u0105b artisan, szara | MONOSS | MEBLE-OKMED","robots":{"index":"index","follow":"follow","max-snippet":"max-snippet:-1","max-image-preview":"max-image-preview:large","max-video-preview":"max-video-preview:-1"},"canonical":"https:\/\/demkohome.pl\/en\/product\/witryna-monoss\/","og_locale":"en_US","og_type":"article","og_title":"Witryna 4D - d\u0105b artisan, szara | MONOSS | MEBLE-OKMED","og_description":"Szara witryna z frontami d\u0105b artisan i szk\u0142o \u2013 wprowad\u017a do swojego wn\u0119trza designersk\u0105 elegancj\u0119 Eleganckie wn\u0119trza mog\u0105 mie\u0107 naprawd\u0119 (...)","og_url":"https:\/\/demkohome.pl\/en\/product\/witryna-monoss\/","og_site_name":"Demko Home","article_modified_time":"2026-04-30T01:17:03+00:00","og_image":[{"width":1920,"height":1920,"url":"https:\/\/demkohome.pl\/wp-content\/uploads\/2023\/08\/Witryna-czterodrzwiowa-Monoss-kolor-Dab-Artisan-i-Grafit-zamkniete-drzwiczki-od-Meble-Okmed-Demko.jpg","type":"image\/jpeg"}],"twitter_card":"summary_large_image","twitter_misc":{"Est. reading time":"3 minutes"},"schema":{"@context":"https:\/\/schema.org","@graph":[{"@type":"WebPage","@id":"https:\/\/demkohome.pl\/produkt\/witryna-monoss\/","url":"https:\/\/demkohome.pl\/produkt\/witryna-monoss\/","name":"Witryna 4D - d\u0105b artisan, szara | MONOSS | MEBLE-OKMED","isPartOf":{"@id":"https:\/\/demkohome.pl\/#website"},"primaryImageOfPage":{"@id":"https:\/\/demkohome.pl\/produkt\/witryna-monoss\/#primaryimage"},"image":{"@id":"https:\/\/demkohome.pl\/produkt\/witryna-monoss\/#primaryimage"},"thumbnailUrl":"https:\/\/demkohome.pl\/wp-content\/uploads\/2023\/08\/Witryna-czterodrzwiowa-Monoss-kolor-Dab-Artisan-i-Grafit-zamkniete-drzwiczki-od-Meble-Okmed-Demko.jpg","datePublished":"2023-08-24T22:33:34+00:00","dateModified":"2026-04-30T01:17:03+00:00","breadcrumb":{"@id":"https:\/\/demkohome.pl\/produkt\/witryna-monoss\/#breadcrumb"},"inLanguage":"en-US","potentialAction":[{"@type":"ReadAction","target":["https:\/\/demkohome.pl\/produkt\/witryna-monoss\/"]}]},{"@type":"ImageObject","inLanguage":"en-US","@id":"https:\/\/demkohome.pl\/produkt\/witryna-monoss\/#primaryimage","url":"https:\/\/demkohome.pl\/wp-content\/uploads\/2023\/08\/Witryna-czterodrzwiowa-Monoss-kolor-Dab-Artisan-i-Grafit-zamkniete-drzwiczki-od-Meble-Okmed-Demko.jpg","contentUrl":"https:\/\/demkohome.pl\/wp-content\/uploads\/2023\/08\/Witryna-czterodrzwiowa-Monoss-kolor-Dab-Artisan-i-Grafit-zamkniete-drzwiczki-od-Meble-Okmed-Demko.jpg","width":1920,"height":1920,"caption":"Witryna czterodrzwiowa Monoss kolor Dab Artisan i Grafit zamkniete drzwiczki od Meble Okmed Demko"},{"@type":"BreadcrumbList","@id":"https:\/\/demkohome.pl\/produkt\/witryna-monoss\/#breadcrumb","itemListElement":[{"@type":"ListItem","position":1,"name":"Strona g\u0142\u00f3wna","item":"https:\/\/demkohome.pl\/"},{"@type":"ListItem","position":2,"name":"Sklep","item":"https:\/\/demkohome.pl\/sklep\/"},{"@type":"ListItem","position":3,"name":"Witryna Monoss"}]},{"@type":"WebSite","@id":"https:\/\/demkohome.pl\/#website","url":"https:\/\/demkohome.pl\/","name":"Demko Home","description":"Make it simple","publisher":{"@id":"https:\/\/demkohome.pl\/#organization"},"potentialAction":[{"@type":"SearchAction","target":{"@type":"EntryPoint","urlTemplate":"https:\/\/demkohome.pl\/?s={search_term_string}"},"query-input":{"@type":"PropertyValueSpecification","valueRequired":true,"valueName":"search_term_string"}}],"inLanguage":"en-US"},{"@type":"Organization","@id":"https:\/\/demkohome.pl\/#organization","name":"Demko Home","url":"https:\/\/demkohome.pl\/","logo":{"@type":"ImageObject","inLanguage":"en-US","@id":"https:\/\/demkohome.pl\/#\/schema\/logo\/image\/","url":"https:\/\/demkohome.pl\/wp-content\/uploads\/2026\/03\/cropped-3.png","contentUrl":"https:\/\/demkohome.pl\/wp-content\/uploads\/2026\/03\/cropped-3.png","width":250,"height":63,"caption":"Demko Home"},"image":{"@id":"https:\/\/demkohome.pl\/#\/schema\/logo\/image\/"}}]}},"_links":{"self":[{"href":"https:\/\/demkohome.pl\/en\/wp-json\/wp\/v2\/product\/867","targetHints":{"allow":["GET"]}}],"collection":[{"href":"https:\/\/demkohome.pl\/en\/wp-json\/wp\/v2\/product"}],"about":[{"href":"https:\/\/demkohome.pl\/en\/wp-json\/wp\/v2\/types\/product"}],"replies":[{"embeddable":true,"href":"https:\/\/demkohome.pl\/en\/wp-json\/wp\/v2\/comments?post=867"}],"wp:featuredmedia":[{"embeddable":true,"href":"https:\/\/demkohome.pl\/en\/wp-json\/wp\/v2\/media\/6014"}],"wp:attachment":[{"href":"https:\/\/demkohome.pl\/en\/wp-json\/wp\/v2\/media?parent=867"}],"wp:term":[{"taxonomy":"product_brand","embeddable":true,"href":"https:\/\/demkohome.pl\/en\/wp-json\/wp\/v2\/product_brand?post=867"},{"taxonomy":"product_cat","embeddable":true,"href":"https:\/\/demkohome.pl\/en\/wp-json\/wp\/v2\/product_cat?post=867"},{"taxonomy":"product_tag","embeddable":true,"href":"https:\/\/demkohome.pl\/en\/wp-json\/wp\/v2\/product_tag?post=867"}],"curies":[{"name":"wp","href":"https:\/\/api.w.org\/{rel}","templated":true}]}}