{"id":874,"date":"2023-08-25T00:33:36","date_gmt":"2023-08-24T22:33:36","guid":{"rendered":"https:\/\/demkohome.pl\/produkt\/witryna-wiszaca-monoss\/"},"modified":"2026-04-30T03:17:03","modified_gmt":"2026-04-30T01:17:03","slug":"witryna-wiszaca-monoss","status":"publish","type":"product","link":"https:\/\/demkohome.pl\/en\/product\/witryna-wiszaca-monoss\/","title":{"rendered":"Monoss pendant window"},"content":{"rendered":"<div style=\"font-family: 'Noto Sans', sans-serif; font-size: 17px;\">\n<h2>Hanging showcase for the living room Monoss - design for the discerning<\/h2>\n<p>Showcases are back in favor! However, these iconic pieces of furniture today have gained a completely new and original design, best exemplified by our Monoss hanging showcase for the living room. Its sleek design and compact dimensions make it perfect for both smaller and larger living rooms. Get to know it a little closer and see for yourself that this is a piece of furniture that will become a real ornament of your living room!<\/p>\n<h3>Grey pendant cabinet with oak artisan front and glass - modern elegance in your interior<\/h3>\n<p>The gray Monoss wall-mounted display cabinet is an ideal choice for all those who appreciate unforced, modern elegance. The furniture was made of solid laminated panels in interesting colors. In the display case we used fashionable, yet expressive graphite, as well as a noble shade of wood - oak artisan. We supplemented the whole with stylish glazing and LEDs, which effectively but unobtrusively emphasize the modern style of the furniture. What's more, in order to get rid of the handles and give the showcase an even more universal form, we used the TIP-ON system. Thanks to it, the doors are opened by pressing them.<\/p>\n<h3>A subtle display case that will facilitate storage and expose decorations<\/h3>\n<p>Although the gray Monoss hanging display cabinet is not a piece of furniture of impressive size, it offers you up to two functionalities. The part built with a full front will provide you with additional storage space, hiding from the sight of guests and household members things that should not lie in plain sight. On the other hand, the part with glazing all the time asks for decorations or elegant pieces of crockery, which will be further exposed by LED lighting. Looking for multifunctional furniture that won't take up much space? Then the gray Monoss hanging display cabinet is exactly what you need.<\/p>\n<h3>Monoss modular furniture collection - your idea for a unique arrangement<\/h3>\n<div class=\"container\">\n<div class=\"row\"><img decoding=\"async\" style=\"width: 100%; border-radius: 5px; box-shadow: 0px 0px 5px rgba(0, 0, 0, 0.1); display: block; object-fit: cover; margin-top: 30px; margin-bottom: 30px;\" src=\"https:\/\/demkohome.pl\/wp-content\/uploads\/2024\/04\/Kolekcja-mebli-pokojowych-Monoss-w-odcieniach-szarosci-i-debu-artisan-Meble-Okmed-Demko.jpg\" alt=\"Zdj\u0119cie 1\" \/><\/div>\n<\/div>\n<\/div>\n<div style=\"font-family: 'Noto Sans', sans-serif; font-size: 17px;\">Are you interested in our hanging showcase for the living room? Then we have great news for you - this is just one of the elements included in the Monoss modular furniture collection. All the others offer you equally interesting design and equally high functionality - get to know them and see for yourself!<\/div>","protected":false},"excerpt":{"rendered":"<p>Wisz\u0105ca witryna do salonu Monoss \u2013 design dla wymagaj\u0105cych Witryny wracaj\u0105 do \u0142ask! Te kultowe meble zyska\u0142y dzi\u015b jednak zupe\u0142nie (&#8230;)<\/p>","protected":false},"featured_media":10257,"comment_status":"open","ping_status":"closed","template":"","meta":{"_acf_changed":false,"inline_featured_image":false},"product_brand":[],"product_cat":[528,323,143,127,137,144,139,141,129],"product_tag":[],"class_list":{"0":"post-874","1":"product","2":"type-product","3":"status-publish","4":"has-post-thumbnail","6":"product_cat-black-friday","7":"product_cat-black-week","8":"product_cat-jadalnia","9":"product_cat-meble-pokojowe","10":"product_cat-meble-systemowe","11":"product_cat-pokoj","12":"product_cat-pomieszczenia","13":"product_cat-salon","14":"product_cat-witryny","15":"product_shipping_class-przesylka-dpd-30-pln","16":"collection-monoss","17":"collection-targi-poznan-2025","19":"first","20":"instock","21":"shipping-taxable","22":"purchasable","23":"product-type-simple"},"acf":[],"yoast_head":"<!-- This site is optimized with the Yoast SEO plugin v27.4 - https:\/\/yoast.com\/product\/yoast-seo-wordpress\/ -->\n<title>Witryna wisz\u0105ca - szara | MONOSS | MEBLE-OKMED<\/title>\n<meta name=\"robots\" content=\"index, follow, max-snippet:-1, max-image-preview:large, max-video-preview:-1\" \/>\n<link rel=\"canonical\" href=\"https:\/\/demkohome.pl\/en\/product\/witryna-wiszaca-monoss\/\" \/>\n<meta property=\"og:locale\" content=\"en_US\" \/>\n<meta property=\"og:type\" content=\"article\" \/>\n<meta property=\"og:title\" content=\"Witryna wisz\u0105ca - szara | MONOSS | MEBLE-OKMED\" \/>\n<meta property=\"og:description\" content=\"Wisz\u0105ca witryna do salonu Monoss \u2013 design dla wymagaj\u0105cych Witryny wracaj\u0105 do \u0142ask! Te kultowe meble zyska\u0142y dzi\u015b jednak zupe\u0142nie (...)\" \/>\n<meta property=\"og:url\" content=\"https:\/\/demkohome.pl\/en\/product\/witryna-wiszaca-monoss\/\" \/>\n<meta property=\"og:site_name\" content=\"Demko Home\" \/>\n<meta property=\"article:modified_time\" content=\"2026-04-30T01:17:03+00:00\" \/>\n<meta property=\"og:image\" content=\"https:\/\/demkohome.pl\/wp-content\/uploads\/2023\/08\/Dwudrzwiowa-witryna-wiszaca-Monoss-grafit-dab-artisan-drzwiczki-zamkniete-Okmed-Demko.jpg\" \/>\n\t<meta property=\"og:image:width\" content=\"1024\" \/>\n\t<meta property=\"og:image:height\" content=\"1024\" \/>\n\t<meta property=\"og:image:type\" content=\"image\/jpeg\" \/>\n<meta name=\"twitter:card\" content=\"summary_large_image\" \/>\n<meta name=\"twitter:label1\" content=\"Est. reading time\" \/>\n\t<meta name=\"twitter:data1\" content=\"3 minutes\" \/>\n<script type=\"application\/ld+json\" class=\"yoast-schema-graph\">{\"@context\":\"https:\\\/\\\/schema.org\",\"@graph\":[{\"@type\":\"WebPage\",\"@id\":\"https:\\\/\\\/demkohome.pl\\\/produkt\\\/witryna-wiszaca-monoss\\\/\",\"url\":\"https:\\\/\\\/demkohome.pl\\\/produkt\\\/witryna-wiszaca-monoss\\\/\",\"name\":\"Witryna wisz\u0105ca - szara | MONOSS | MEBLE-OKMED\",\"isPartOf\":{\"@id\":\"https:\\\/\\\/demkohome.pl\\\/#website\"},\"primaryImageOfPage\":{\"@id\":\"https:\\\/\\\/demkohome.pl\\\/produkt\\\/witryna-wiszaca-monoss\\\/#primaryimage\"},\"image\":{\"@id\":\"https:\\\/\\\/demkohome.pl\\\/produkt\\\/witryna-wiszaca-monoss\\\/#primaryimage\"},\"thumbnailUrl\":\"https:\\\/\\\/demkohome.pl\\\/wp-content\\\/uploads\\\/2023\\\/08\\\/Dwudrzwiowa-witryna-wiszaca-Monoss-grafit-dab-artisan-drzwiczki-zamkniete-Okmed-Demko.jpg\",\"datePublished\":\"2023-08-24T22:33:36+00:00\",\"dateModified\":\"2026-04-30T01:17:03+00:00\",\"breadcrumb\":{\"@id\":\"https:\\\/\\\/demkohome.pl\\\/produkt\\\/witryna-wiszaca-monoss\\\/#breadcrumb\"},\"inLanguage\":\"en-US\",\"potentialAction\":[{\"@type\":\"ReadAction\",\"target\":[\"https:\\\/\\\/demkohome.pl\\\/produkt\\\/witryna-wiszaca-monoss\\\/\"]}]},{\"@type\":\"ImageObject\",\"inLanguage\":\"en-US\",\"@id\":\"https:\\\/\\\/demkohome.pl\\\/produkt\\\/witryna-wiszaca-monoss\\\/#primaryimage\",\"url\":\"https:\\\/\\\/demkohome.pl\\\/wp-content\\\/uploads\\\/2023\\\/08\\\/Dwudrzwiowa-witryna-wiszaca-Monoss-grafit-dab-artisan-drzwiczki-zamkniete-Okmed-Demko.jpg\",\"contentUrl\":\"https:\\\/\\\/demkohome.pl\\\/wp-content\\\/uploads\\\/2023\\\/08\\\/Dwudrzwiowa-witryna-wiszaca-Monoss-grafit-dab-artisan-drzwiczki-zamkniete-Okmed-Demko.jpg\",\"width\":1024,\"height\":1024,\"caption\":\"Dwudrzwiowa witryna wiszaca Monoss grafit dab artisan drzwiczki zamkniete Okmed Demko\"},{\"@type\":\"BreadcrumbList\",\"@id\":\"https:\\\/\\\/demkohome.pl\\\/produkt\\\/witryna-wiszaca-monoss\\\/#breadcrumb\",\"itemListElement\":[{\"@type\":\"ListItem\",\"position\":1,\"name\":\"Strona g\u0142\u00f3wna\",\"item\":\"https:\\\/\\\/demkohome.pl\\\/\"},{\"@type\":\"ListItem\",\"position\":2,\"name\":\"Sklep\",\"item\":\"https:\\\/\\\/demkohome.pl\\\/sklep\\\/\"},{\"@type\":\"ListItem\",\"position\":3,\"name\":\"Witryna wisz\u0105ca Monoss\"}]},{\"@type\":\"WebSite\",\"@id\":\"https:\\\/\\\/demkohome.pl\\\/#website\",\"url\":\"https:\\\/\\\/demkohome.pl\\\/\",\"name\":\"Demko Home\",\"description\":\"Make it simple\",\"publisher\":{\"@id\":\"https:\\\/\\\/demkohome.pl\\\/#organization\"},\"potentialAction\":[{\"@type\":\"SearchAction\",\"target\":{\"@type\":\"EntryPoint\",\"urlTemplate\":\"https:\\\/\\\/demkohome.pl\\\/?s={search_term_string}\"},\"query-input\":{\"@type\":\"PropertyValueSpecification\",\"valueRequired\":true,\"valueName\":\"search_term_string\"}}],\"inLanguage\":\"en-US\"},{\"@type\":\"Organization\",\"@id\":\"https:\\\/\\\/demkohome.pl\\\/#organization\",\"name\":\"Demko Home\",\"url\":\"https:\\\/\\\/demkohome.pl\\\/\",\"logo\":{\"@type\":\"ImageObject\",\"inLanguage\":\"en-US\",\"@id\":\"https:\\\/\\\/demkohome.pl\\\/#\\\/schema\\\/logo\\\/image\\\/\",\"url\":\"https:\\\/\\\/demkohome.pl\\\/wp-content\\\/uploads\\\/2026\\\/03\\\/cropped-3.png\",\"contentUrl\":\"https:\\\/\\\/demkohome.pl\\\/wp-content\\\/uploads\\\/2026\\\/03\\\/cropped-3.png\",\"width\":250,\"height\":63,\"caption\":\"Demko Home\"},\"image\":{\"@id\":\"https:\\\/\\\/demkohome.pl\\\/#\\\/schema\\\/logo\\\/image\\\/\"}}]}<\/script>\n<!-- \/ Yoast SEO plugin. -->","yoast_head_json":{"title":"Witryna wisz\u0105ca - szara | MONOSS | MEBLE-OKMED","robots":{"index":"index","follow":"follow","max-snippet":"max-snippet:-1","max-image-preview":"max-image-preview:large","max-video-preview":"max-video-preview:-1"},"canonical":"https:\/\/demkohome.pl\/en\/product\/witryna-wiszaca-monoss\/","og_locale":"en_US","og_type":"article","og_title":"Witryna wisz\u0105ca - szara | MONOSS | MEBLE-OKMED","og_description":"Wisz\u0105ca witryna do salonu Monoss \u2013 design dla wymagaj\u0105cych Witryny wracaj\u0105 do \u0142ask! Te kultowe meble zyska\u0142y dzi\u015b jednak zupe\u0142nie (...)","og_url":"https:\/\/demkohome.pl\/en\/product\/witryna-wiszaca-monoss\/","og_site_name":"Demko Home","article_modified_time":"2026-04-30T01:17:03+00:00","og_image":[{"width":1024,"height":1024,"url":"https:\/\/demkohome.pl\/wp-content\/uploads\/2023\/08\/Dwudrzwiowa-witryna-wiszaca-Monoss-grafit-dab-artisan-drzwiczki-zamkniete-Okmed-Demko.jpg","type":"image\/jpeg"}],"twitter_card":"summary_large_image","twitter_misc":{"Est. reading time":"3 minutes"},"schema":{"@context":"https:\/\/schema.org","@graph":[{"@type":"WebPage","@id":"https:\/\/demkohome.pl\/produkt\/witryna-wiszaca-monoss\/","url":"https:\/\/demkohome.pl\/produkt\/witryna-wiszaca-monoss\/","name":"Witryna wisz\u0105ca - szara | MONOSS | MEBLE-OKMED","isPartOf":{"@id":"https:\/\/demkohome.pl\/#website"},"primaryImageOfPage":{"@id":"https:\/\/demkohome.pl\/produkt\/witryna-wiszaca-monoss\/#primaryimage"},"image":{"@id":"https:\/\/demkohome.pl\/produkt\/witryna-wiszaca-monoss\/#primaryimage"},"thumbnailUrl":"https:\/\/demkohome.pl\/wp-content\/uploads\/2023\/08\/Dwudrzwiowa-witryna-wiszaca-Monoss-grafit-dab-artisan-drzwiczki-zamkniete-Okmed-Demko.jpg","datePublished":"2023-08-24T22:33:36+00:00","dateModified":"2026-04-30T01:17:03+00:00","breadcrumb":{"@id":"https:\/\/demkohome.pl\/produkt\/witryna-wiszaca-monoss\/#breadcrumb"},"inLanguage":"en-US","potentialAction":[{"@type":"ReadAction","target":["https:\/\/demkohome.pl\/produkt\/witryna-wiszaca-monoss\/"]}]},{"@type":"ImageObject","inLanguage":"en-US","@id":"https:\/\/demkohome.pl\/produkt\/witryna-wiszaca-monoss\/#primaryimage","url":"https:\/\/demkohome.pl\/wp-content\/uploads\/2023\/08\/Dwudrzwiowa-witryna-wiszaca-Monoss-grafit-dab-artisan-drzwiczki-zamkniete-Okmed-Demko.jpg","contentUrl":"https:\/\/demkohome.pl\/wp-content\/uploads\/2023\/08\/Dwudrzwiowa-witryna-wiszaca-Monoss-grafit-dab-artisan-drzwiczki-zamkniete-Okmed-Demko.jpg","width":1024,"height":1024,"caption":"Dwudrzwiowa witryna wiszaca Monoss grafit dab artisan drzwiczki zamkniete Okmed Demko"},{"@type":"BreadcrumbList","@id":"https:\/\/demkohome.pl\/produkt\/witryna-wiszaca-monoss\/#breadcrumb","itemListElement":[{"@type":"ListItem","position":1,"name":"Strona g\u0142\u00f3wna","item":"https:\/\/demkohome.pl\/"},{"@type":"ListItem","position":2,"name":"Sklep","item":"https:\/\/demkohome.pl\/sklep\/"},{"@type":"ListItem","position":3,"name":"Witryna wisz\u0105ca Monoss"}]},{"@type":"WebSite","@id":"https:\/\/demkohome.pl\/#website","url":"https:\/\/demkohome.pl\/","name":"Demko Home","description":"Make it simple","publisher":{"@id":"https:\/\/demkohome.pl\/#organization"},"potentialAction":[{"@type":"SearchAction","target":{"@type":"EntryPoint","urlTemplate":"https:\/\/demkohome.pl\/?s={search_term_string}"},"query-input":{"@type":"PropertyValueSpecification","valueRequired":true,"valueName":"search_term_string"}}],"inLanguage":"en-US"},{"@type":"Organization","@id":"https:\/\/demkohome.pl\/#organization","name":"Demko Home","url":"https:\/\/demkohome.pl\/","logo":{"@type":"ImageObject","inLanguage":"en-US","@id":"https:\/\/demkohome.pl\/#\/schema\/logo\/image\/","url":"https:\/\/demkohome.pl\/wp-content\/uploads\/2026\/03\/cropped-3.png","contentUrl":"https:\/\/demkohome.pl\/wp-content\/uploads\/2026\/03\/cropped-3.png","width":250,"height":63,"caption":"Demko Home"},"image":{"@id":"https:\/\/demkohome.pl\/#\/schema\/logo\/image\/"}}]}},"_links":{"self":[{"href":"https:\/\/demkohome.pl\/en\/wp-json\/wp\/v2\/product\/874","targetHints":{"allow":["GET"]}}],"collection":[{"href":"https:\/\/demkohome.pl\/en\/wp-json\/wp\/v2\/product"}],"about":[{"href":"https:\/\/demkohome.pl\/en\/wp-json\/wp\/v2\/types\/product"}],"replies":[{"embeddable":true,"href":"https:\/\/demkohome.pl\/en\/wp-json\/wp\/v2\/comments?post=874"}],"wp:featuredmedia":[{"embeddable":true,"href":"https:\/\/demkohome.pl\/en\/wp-json\/wp\/v2\/media\/10257"}],"wp:attachment":[{"href":"https:\/\/demkohome.pl\/en\/wp-json\/wp\/v2\/media?parent=874"}],"wp:term":[{"taxonomy":"product_brand","embeddable":true,"href":"https:\/\/demkohome.pl\/en\/wp-json\/wp\/v2\/product_brand?post=874"},{"taxonomy":"product_cat","embeddable":true,"href":"https:\/\/demkohome.pl\/en\/wp-json\/wp\/v2\/product_cat?post=874"},{"taxonomy":"product_tag","embeddable":true,"href":"https:\/\/demkohome.pl\/en\/wp-json\/wp\/v2\/product_tag?post=874"}],"curies":[{"name":"wp","href":"https:\/\/api.w.org\/{rel}","templated":true}]}}