{"id":914,"date":"2024-05-07T21:03:55","date_gmt":"2024-05-07T19:03:55","guid":{"rendered":"https:\/\/demkohome.pl\/produkt\/szafa-toronto-90-cm\/"},"modified":"2026-04-20T03:17:04","modified_gmt":"2026-04-20T01:17:04","slug":"szafa-dwudrzwiowa-90-cm-toronto","status":"publish","type":"product","link":"https:\/\/demkohome.pl\/en\/product\/szafa-dwudrzwiowa-90-cm-toronto\/","title":{"rendered":"Two-door closet 90 cm Toronto"},"content":{"rendered":"<h2>Two-door closet 90 cm Toronto<\/h2>\n<p><span style=\"font-family: 'Noto Sans',sans-serif; color: #111111; font-size: 17px;\"><br \/>\nHave you thought about an elegant piece of furniture?<br \/>\n<span style=\"font-family: 'Noto Sans',sans-serif; color: #111111; font-size: 17px;\"><br \/>\nThe Toronto two-door closet 90 cm is a piece of furniture from a Polish manufacturer that combines elegance and practicality, fitting perfectly in the living room and bedroom. Its universal design makes it ideal for storing things, and the ability to expand with other products from the Toronto collection allows you to create a consistent look throughout the house. The closet was created in accordance with the FSC standard, which demonstrates a responsible approach to the environment and guarantees the durability of the furniture. The GTV hydraulic hinge ensures a quiet and smooth operation, and the edges are finished with durable ABS plastic, which adds to the furniture's resilience.<br \/>\n<span style=\"font-family: 'Noto Sans',sans-serif; color: #111111; font-size: 17px;\"><br \/>\nThe materials used for the closet are 16 mm and 22 mm laminated particleboard, which promises long-lasting use. Matte fronts in the color of Oak Warmia, combined with bodies in the color of Oak Warmia and black, give the closet an elegant look. Handles and legs made of plastic in black complete the whole, creating a consistent and modern design.<\/span><\/span><\/span><\/p>\n<p><img loading=\"lazy\" decoding=\"async\" class=\"wp-image-5780 size-large\" src=\"https:\/\/demkohome.pl\/wp-content\/uploads\/2024\/02\/Zestaw-mebli-do-pokoju-Toronto-kolor-dab-Warmia-komody-szafka-RTV-szafy-polki-od-Meble-Okmed-Demko-1024x671.jpg\" alt=\"Zestaw mebli do pokoju Toronto kolor d\u0105b Warmia komody szafka RTV szafy p\u00f3\u0142ki od Meble Okmed Demko\" width=\"1024\" height=\"671\" srcset=\"https:\/\/demkohome.pl\/wp-content\/uploads\/2024\/02\/Zestaw-mebli-do-pokoju-Toronto-kolor-dab-Warmia-komody-szafka-RTV-szafy-polki-od-Meble-Okmed-Demko-1024x671.jpg 1024w, https:\/\/demkohome.pl\/wp-content\/uploads\/2024\/02\/Zestaw-mebli-do-pokoju-Toronto-kolor-dab-Warmia-komody-szafka-RTV-szafy-polki-od-Meble-Okmed-Demko-300x197.jpg 300w, https:\/\/demkohome.pl\/wp-content\/uploads\/2024\/02\/Zestaw-mebli-do-pokoju-Toronto-kolor-dab-Warmia-komody-szafka-RTV-szafy-polki-od-Meble-Okmed-Demko-600x393.jpg 600w, https:\/\/demkohome.pl\/wp-content\/uploads\/2024\/02\/Zestaw-mebli-do-pokoju-Toronto-kolor-dab-Warmia-komody-szafka-RTV-szafy-polki-od-Meble-Okmed-Demko-768x503.jpg 768w, https:\/\/demkohome.pl\/wp-content\/uploads\/2024\/02\/Zestaw-mebli-do-pokoju-Toronto-kolor-dab-Warmia-komody-szafka-RTV-szafy-polki-od-Meble-Okmed-Demko-1536x1007.jpg 1536w, https:\/\/demkohome.pl\/wp-content\/uploads\/2024\/02\/Zestaw-mebli-do-pokoju-Toronto-kolor-dab-Warmia-komody-szafka-RTV-szafy-polki-od-Meble-Okmed-Demko.jpg 1648w\" sizes=\"auto, (max-width: 1024px) 100vw, 1024px\" \/><br \/>\n<span style=\"font-family: 'Noto Sans',sans-serif; color: #111111; font-size: 17px;\">Move into the space of your dreams with Toronto furniture!<\/span><br \/>\n<span style=\"font-family: 'Noto Sans',sans-serif; color: #111111; font-size: 17px;\">This timeless furniture from a Polish manufacturer is the quintessence of functionality and style. Their universal design makes them ideal for both the living room and bedroom. They will accommodate all your belongings in practical drawers and cabinets, and the possibility of expanding with other elements of the collection will allow you to create a cohesive arrangement.<br \/>\nManufactured in accordance with FSC standards with care for the environment. GTV hydraulic hinges guarantee smooth and quiet opening, and ABS edges protect against damage. The carcasses and fronts are made of high-quality laminated particleboard in the fashionable color of Warmia Oak with black accessories.<br \/>\nToronto furniture is a durable and stylish choice that will make your space stand out. Don't miss the opportunity to create the interior of your dreams! Order today and enjoy functionality and aesthetics at the highest level.<br \/>\n<\/span><\/p>","protected":false},"excerpt":{"rendered":"<p>Szafa dwudrzwiowa 90 cm Toronto Czy my\u015bleli\u015bcie o eleganckim meblu? Szafa dwudrzwiowa 90 cm Toronto to mebel polskiego producenta, kt\u00f3ry (&#8230;)<\/p>","protected":false},"featured_media":10740,"comment_status":"open","ping_status":"closed","template":"","meta":{"_acf_changed":false,"inline_featured_image":false},"product_brand":[],"product_cat":[528,323,143,127,137,144,139,27,141,132,122],"product_tag":[],"class_list":{"0":"post-914","1":"product","2":"type-product","3":"status-publish","4":"has-post-thumbnail","6":"product_cat-black-friday","7":"product_cat-black-week","8":"product_cat-jadalnia","9":"product_cat-meble-pokojowe","10":"product_cat-meble-systemowe","11":"product_cat-pokoj","12":"product_cat-pomieszczenia","13":"product_cat-przedpokoje","14":"product_cat-salon","15":"product_cat-szafy","16":"product_cat-szafy-do-przedpokoju","17":"product_shipping_class-paleta-210cm-x-80cm","18":"collection-toronto","20":"first","21":"instock","22":"shipping-taxable","23":"purchasable","24":"product-type-simple"},"acf":[],"yoast_head":"<!-- This site is optimized with the Yoast SEO plugin v27.4 - https:\/\/yoast.com\/product\/yoast-seo-wordpress\/ -->\n<title>Szafa dwudrzwiowa 90 cm Toronto - Demko Home<\/title>\n<meta name=\"robots\" content=\"index, follow, max-snippet:-1, max-image-preview:large, max-video-preview:-1\" \/>\n<link rel=\"canonical\" href=\"https:\/\/demkohome.pl\/en\/product\/szafa-dwudrzwiowa-90-cm-toronto\/\" \/>\n<meta property=\"og:locale\" content=\"en_US\" \/>\n<meta property=\"og:type\" content=\"article\" \/>\n<meta property=\"og:title\" content=\"Szafa dwudrzwiowa 90 cm Toronto - Demko Home\" \/>\n<meta property=\"og:description\" content=\"Szafa dwudrzwiowa 90 cm Toronto Czy my\u015bleli\u015bcie o eleganckim meblu? Szafa dwudrzwiowa 90 cm Toronto to mebel polskiego producenta, kt\u00f3ry (...)\" \/>\n<meta property=\"og:url\" content=\"https:\/\/demkohome.pl\/en\/product\/szafa-dwudrzwiowa-90-cm-toronto\/\" \/>\n<meta property=\"og:site_name\" content=\"Demko Home\" \/>\n<meta property=\"article:modified_time\" content=\"2026-04-20T01:17:04+00:00\" \/>\n<meta property=\"og:image\" content=\"https:\/\/demkohome.pl\/wp-content\/uploads\/2024\/04\/Brazowa-szafa-pokojowa-Toronto-dwudrzwiowa-90-x-55-x-195-cm-kolor-Dab-Warmia-i-Czarne-akcenty-Meble-Okmed-Demko-Home-zamknieta.jpg\" \/>\n\t<meta property=\"og:image:width\" content=\"1024\" \/>\n\t<meta property=\"og:image:height\" content=\"1024\" \/>\n\t<meta property=\"og:image:type\" content=\"image\/jpeg\" \/>\n<meta name=\"twitter:card\" content=\"summary_large_image\" \/>\n<meta name=\"twitter:label1\" content=\"Est. reading time\" \/>\n\t<meta name=\"twitter:data1\" content=\"3 minutes\" \/>\n<script type=\"application\/ld+json\" class=\"yoast-schema-graph\">{\"@context\":\"https:\\\/\\\/schema.org\",\"@graph\":[{\"@type\":\"WebPage\",\"@id\":\"https:\\\/\\\/demkohome.pl\\\/produkt\\\/szafa-dwudrzwiowa-90-cm-toronto\\\/\",\"url\":\"https:\\\/\\\/demkohome.pl\\\/produkt\\\/szafa-dwudrzwiowa-90-cm-toronto\\\/\",\"name\":\"Szafa dwudrzwiowa 90 cm Toronto - Demko Home\",\"isPartOf\":{\"@id\":\"https:\\\/\\\/demkohome.pl\\\/#website\"},\"primaryImageOfPage\":{\"@id\":\"https:\\\/\\\/demkohome.pl\\\/produkt\\\/szafa-dwudrzwiowa-90-cm-toronto\\\/#primaryimage\"},\"image\":{\"@id\":\"https:\\\/\\\/demkohome.pl\\\/produkt\\\/szafa-dwudrzwiowa-90-cm-toronto\\\/#primaryimage\"},\"thumbnailUrl\":\"https:\\\/\\\/demkohome.pl\\\/wp-content\\\/uploads\\\/2024\\\/04\\\/Brazowa-szafa-pokojowa-Toronto-dwudrzwiowa-90-x-55-x-195-cm-kolor-Dab-Warmia-i-Czarne-akcenty-Meble-Okmed-Demko-Home-zamknieta.jpg\",\"datePublished\":\"2024-05-07T19:03:55+00:00\",\"dateModified\":\"2026-04-20T01:17:04+00:00\",\"breadcrumb\":{\"@id\":\"https:\\\/\\\/demkohome.pl\\\/produkt\\\/szafa-dwudrzwiowa-90-cm-toronto\\\/#breadcrumb\"},\"inLanguage\":\"en-US\",\"potentialAction\":[{\"@type\":\"ReadAction\",\"target\":[\"https:\\\/\\\/demkohome.pl\\\/produkt\\\/szafa-dwudrzwiowa-90-cm-toronto\\\/\"]}]},{\"@type\":\"ImageObject\",\"inLanguage\":\"en-US\",\"@id\":\"https:\\\/\\\/demkohome.pl\\\/produkt\\\/szafa-dwudrzwiowa-90-cm-toronto\\\/#primaryimage\",\"url\":\"https:\\\/\\\/demkohome.pl\\\/wp-content\\\/uploads\\\/2024\\\/04\\\/Brazowa-szafa-pokojowa-Toronto-dwudrzwiowa-90-x-55-x-195-cm-kolor-Dab-Warmia-i-Czarne-akcenty-Meble-Okmed-Demko-Home-zamknieta.jpg\",\"contentUrl\":\"https:\\\/\\\/demkohome.pl\\\/wp-content\\\/uploads\\\/2024\\\/04\\\/Brazowa-szafa-pokojowa-Toronto-dwudrzwiowa-90-x-55-x-195-cm-kolor-Dab-Warmia-i-Czarne-akcenty-Meble-Okmed-Demko-Home-zamknieta.jpg\",\"width\":1024,\"height\":1024,\"caption\":\"Br\u0105zowa szafa pokojowa Toronto dwudrzwiowa 90 x 55 x 195 cm kolor D\u0105b Warmia i Czarne akcenty Meble Okmed Demko Home zamkni\u0119ta\"},{\"@type\":\"BreadcrumbList\",\"@id\":\"https:\\\/\\\/demkohome.pl\\\/produkt\\\/szafa-dwudrzwiowa-90-cm-toronto\\\/#breadcrumb\",\"itemListElement\":[{\"@type\":\"ListItem\",\"position\":1,\"name\":\"Strona g\u0142\u00f3wna\",\"item\":\"https:\\\/\\\/demkohome.pl\\\/\"},{\"@type\":\"ListItem\",\"position\":2,\"name\":\"Sklep\",\"item\":\"https:\\\/\\\/demkohome.pl\\\/sklep\\\/\"},{\"@type\":\"ListItem\",\"position\":3,\"name\":\"Szafa dwudrzwiowa 90 cm Toronto\"}]},{\"@type\":\"WebSite\",\"@id\":\"https:\\\/\\\/demkohome.pl\\\/#website\",\"url\":\"https:\\\/\\\/demkohome.pl\\\/\",\"name\":\"Demko Home\",\"description\":\"Make it simple\",\"publisher\":{\"@id\":\"https:\\\/\\\/demkohome.pl\\\/#organization\"},\"potentialAction\":[{\"@type\":\"SearchAction\",\"target\":{\"@type\":\"EntryPoint\",\"urlTemplate\":\"https:\\\/\\\/demkohome.pl\\\/?s={search_term_string}\"},\"query-input\":{\"@type\":\"PropertyValueSpecification\",\"valueRequired\":true,\"valueName\":\"search_term_string\"}}],\"inLanguage\":\"en-US\"},{\"@type\":\"Organization\",\"@id\":\"https:\\\/\\\/demkohome.pl\\\/#organization\",\"name\":\"Demko Home\",\"url\":\"https:\\\/\\\/demkohome.pl\\\/\",\"logo\":{\"@type\":\"ImageObject\",\"inLanguage\":\"en-US\",\"@id\":\"https:\\\/\\\/demkohome.pl\\\/#\\\/schema\\\/logo\\\/image\\\/\",\"url\":\"https:\\\/\\\/demkohome.pl\\\/wp-content\\\/uploads\\\/2026\\\/03\\\/cropped-3.png\",\"contentUrl\":\"https:\\\/\\\/demkohome.pl\\\/wp-content\\\/uploads\\\/2026\\\/03\\\/cropped-3.png\",\"width\":250,\"height\":63,\"caption\":\"Demko Home\"},\"image\":{\"@id\":\"https:\\\/\\\/demkohome.pl\\\/#\\\/schema\\\/logo\\\/image\\\/\"}}]}<\/script>\n<!-- \/ Yoast SEO plugin. -->","yoast_head_json":{"title":"Two-door closet 90 cm Toronto - Demko Home","robots":{"index":"index","follow":"follow","max-snippet":"max-snippet:-1","max-image-preview":"max-image-preview:large","max-video-preview":"max-video-preview:-1"},"canonical":"https:\/\/demkohome.pl\/en\/product\/szafa-dwudrzwiowa-90-cm-toronto\/","og_locale":"en_US","og_type":"article","og_title":"Szafa dwudrzwiowa 90 cm Toronto - Demko Home","og_description":"Szafa dwudrzwiowa 90 cm Toronto Czy my\u015bleli\u015bcie o eleganckim meblu? Szafa dwudrzwiowa 90 cm Toronto to mebel polskiego producenta, kt\u00f3ry (...)","og_url":"https:\/\/demkohome.pl\/en\/product\/szafa-dwudrzwiowa-90-cm-toronto\/","og_site_name":"Demko Home","article_modified_time":"2026-04-20T01:17:04+00:00","og_image":[{"width":1024,"height":1024,"url":"https:\/\/demkohome.pl\/wp-content\/uploads\/2024\/04\/Brazowa-szafa-pokojowa-Toronto-dwudrzwiowa-90-x-55-x-195-cm-kolor-Dab-Warmia-i-Czarne-akcenty-Meble-Okmed-Demko-Home-zamknieta.jpg","type":"image\/jpeg"}],"twitter_card":"summary_large_image","twitter_misc":{"Est. reading time":"3 minutes"},"schema":{"@context":"https:\/\/schema.org","@graph":[{"@type":"WebPage","@id":"https:\/\/demkohome.pl\/produkt\/szafa-dwudrzwiowa-90-cm-toronto\/","url":"https:\/\/demkohome.pl\/produkt\/szafa-dwudrzwiowa-90-cm-toronto\/","name":"Two-door closet 90 cm Toronto - Demko Home","isPartOf":{"@id":"https:\/\/demkohome.pl\/#website"},"primaryImageOfPage":{"@id":"https:\/\/demkohome.pl\/produkt\/szafa-dwudrzwiowa-90-cm-toronto\/#primaryimage"},"image":{"@id":"https:\/\/demkohome.pl\/produkt\/szafa-dwudrzwiowa-90-cm-toronto\/#primaryimage"},"thumbnailUrl":"https:\/\/demkohome.pl\/wp-content\/uploads\/2024\/04\/Brazowa-szafa-pokojowa-Toronto-dwudrzwiowa-90-x-55-x-195-cm-kolor-Dab-Warmia-i-Czarne-akcenty-Meble-Okmed-Demko-Home-zamknieta.jpg","datePublished":"2024-05-07T19:03:55+00:00","dateModified":"2026-04-20T01:17:04+00:00","breadcrumb":{"@id":"https:\/\/demkohome.pl\/produkt\/szafa-dwudrzwiowa-90-cm-toronto\/#breadcrumb"},"inLanguage":"en-US","potentialAction":[{"@type":"ReadAction","target":["https:\/\/demkohome.pl\/produkt\/szafa-dwudrzwiowa-90-cm-toronto\/"]}]},{"@type":"ImageObject","inLanguage":"en-US","@id":"https:\/\/demkohome.pl\/produkt\/szafa-dwudrzwiowa-90-cm-toronto\/#primaryimage","url":"https:\/\/demkohome.pl\/wp-content\/uploads\/2024\/04\/Brazowa-szafa-pokojowa-Toronto-dwudrzwiowa-90-x-55-x-195-cm-kolor-Dab-Warmia-i-Czarne-akcenty-Meble-Okmed-Demko-Home-zamknieta.jpg","contentUrl":"https:\/\/demkohome.pl\/wp-content\/uploads\/2024\/04\/Brazowa-szafa-pokojowa-Toronto-dwudrzwiowa-90-x-55-x-195-cm-kolor-Dab-Warmia-i-Czarne-akcenty-Meble-Okmed-Demko-Home-zamknieta.jpg","width":1024,"height":1024,"caption":"Br\u0105zowa szafa pokojowa Toronto dwudrzwiowa 90 x 55 x 195 cm kolor D\u0105b Warmia i Czarne akcenty Meble Okmed Demko Home zamkni\u0119ta"},{"@type":"BreadcrumbList","@id":"https:\/\/demkohome.pl\/produkt\/szafa-dwudrzwiowa-90-cm-toronto\/#breadcrumb","itemListElement":[{"@type":"ListItem","position":1,"name":"Strona g\u0142\u00f3wna","item":"https:\/\/demkohome.pl\/"},{"@type":"ListItem","position":2,"name":"Sklep","item":"https:\/\/demkohome.pl\/sklep\/"},{"@type":"ListItem","position":3,"name":"Szafa dwudrzwiowa 90 cm Toronto"}]},{"@type":"WebSite","@id":"https:\/\/demkohome.pl\/#website","url":"https:\/\/demkohome.pl\/","name":"Demko Home","description":"Make it simple","publisher":{"@id":"https:\/\/demkohome.pl\/#organization"},"potentialAction":[{"@type":"SearchAction","target":{"@type":"EntryPoint","urlTemplate":"https:\/\/demkohome.pl\/?s={search_term_string}"},"query-input":{"@type":"PropertyValueSpecification","valueRequired":true,"valueName":"search_term_string"}}],"inLanguage":"en-US"},{"@type":"Organization","@id":"https:\/\/demkohome.pl\/#organization","name":"Demko Home","url":"https:\/\/demkohome.pl\/","logo":{"@type":"ImageObject","inLanguage":"en-US","@id":"https:\/\/demkohome.pl\/#\/schema\/logo\/image\/","url":"https:\/\/demkohome.pl\/wp-content\/uploads\/2026\/03\/cropped-3.png","contentUrl":"https:\/\/demkohome.pl\/wp-content\/uploads\/2026\/03\/cropped-3.png","width":250,"height":63,"caption":"Demko Home"},"image":{"@id":"https:\/\/demkohome.pl\/#\/schema\/logo\/image\/"}}]}},"_links":{"self":[{"href":"https:\/\/demkohome.pl\/en\/wp-json\/wp\/v2\/product\/914","targetHints":{"allow":["GET"]}}],"collection":[{"href":"https:\/\/demkohome.pl\/en\/wp-json\/wp\/v2\/product"}],"about":[{"href":"https:\/\/demkohome.pl\/en\/wp-json\/wp\/v2\/types\/product"}],"replies":[{"embeddable":true,"href":"https:\/\/demkohome.pl\/en\/wp-json\/wp\/v2\/comments?post=914"}],"wp:featuredmedia":[{"embeddable":true,"href":"https:\/\/demkohome.pl\/en\/wp-json\/wp\/v2\/media\/10740"}],"wp:attachment":[{"href":"https:\/\/demkohome.pl\/en\/wp-json\/wp\/v2\/media?parent=914"}],"wp:term":[{"taxonomy":"product_brand","embeddable":true,"href":"https:\/\/demkohome.pl\/en\/wp-json\/wp\/v2\/product_brand?post=914"},{"taxonomy":"product_cat","embeddable":true,"href":"https:\/\/demkohome.pl\/en\/wp-json\/wp\/v2\/product_cat?post=914"},{"taxonomy":"product_tag","embeddable":true,"href":"https:\/\/demkohome.pl\/en\/wp-json\/wp\/v2\/product_tag?post=914"}],"curies":[{"name":"wp","href":"https:\/\/api.w.org\/{rel}","templated":true}]}}