{"id":949,"date":"2024-04-20T21:37:17","date_gmt":"2024-04-20T19:37:17","guid":{"rendered":"https:\/\/demkohome.pl\/produkt\/zestaw-kuchenny-salma\/"},"modified":"2026-05-12T15:26:29","modified_gmt":"2026-05-12T13:26:29","slug":"zestaw-kuchenny-salma","status":"publish","type":"product","link":"https:\/\/demkohome.pl\/en\/product\/zestaw-kuchenny-salma\/","title":{"rendered":"Kitchen furniture set 200 cm Salma"},"content":{"rendered":"<h2>Salma kitchen furniture set - a functional kitchen at your fingertips<\/h2>\n<p>Looking for an idea for a small but practical kitchen? Contrary to appearances, its arrangement does not have to be difficult at all. Perfect proof of this is our Salma kitchen furniture set. This is a set with a modern, yet timeless in its simplicity character. It will be perfect for both a separate kitchen and a living room with a kitchenette. It consists of several very capacious cabinets. Thanks to them, you will cleverly use the square footage of the room, even if it is really small. You can additionally expand the set with other cabinets from the Salma series available in our offer. In a word: it's a solution that you can easily match to your kitchen!<\/p>\n<h3><\/h3>\n<p><!--more--><\/p>\n<h3>Salma furniture set - a small kitchen that can meet even large needs<\/h3>\n<p>The main problem faced by owners of small kitchens is how to furnish this room to accommodate all the equipment needed on a daily basis. If you are also wondering about this, Salma kitchen furniture provides a ready solution. The cabinets are characterized by their capacity and create a practical, easy-to-arrange layout. Forget about the hours spent planning your kitchen. Bet on a functional set created by our designers!<\/p>\n<h3>Salma - modern kitchen furniture at its most fashionable<\/h3>\n<p>Are you looking for furniture that will allow you to arrange a stylish kitchen in accordance with the latest trends? Salma furniture set comes to the rescue! The cabinets that comprise it, with a simple form, will find themselves perfectly in many arrangements. What's more, the whole set is finished with glossy fronts, very fashionable in recent years, which are covered with damage-resistant acrylic. Thanks to this, the furniture not only looks impressive, but also reflects light, which will further optically enlarge your room.<\/p>\n<h3>Salma furniture is proof that practical kitchen furniture does not have to be expensive<\/h3>\n<p>We know that decorating an apartment is a considerable expense. By creating Salma kitchen furniture, we decided to prove that arranging a stylish yet functional kitchen does not have to cost a fortune! The undoubted advantage of this set is a really low price. Kitchen for less than 1500 PLN? With us it is possible!<\/p>\n<h3>Salma kitchen furniture set - white matt and elegant graphite<\/h3>\n<p>Now that you know the main advantages of Salma furniture, it's time to briefly mention its color scheme. The offered set of kitchen furniture is a combination of white bodies and elegant graphite fronts. This is a relatively universal duo. It will be a good choice for both minimalist interiors and glamorous arrangements. A set of kitchen furniture with bodies in white matte is a classic, which will not visually weigh down the interior. In turn, graphite on the fronts will add character and expressiveness to the arrangement. The possibilities of using Salma kitchen furniture are really many. We are confident that you will create with their help the kitchen of your dreams!<\/p>","protected":false},"excerpt":{"rendered":"<p>Salma kitchen furniture set - a functional kitchen at your fingertips Looking for an idea for a small, but practical kitchen? Despite appearances, its (...)<\/p>","protected":false},"featured_media":10366,"comment_status":"open","ping_status":"closed","template":"","meta":{"_acf_changed":false,"inline_featured_image":false},"product_brand":[],"product_cat":[65,110],"product_tag":[],"class_list":{"0":"post-949","1":"product","2":"type-product","3":"status-publish","4":"has-post-thumbnail","6":"product_cat-meble-kuchenne","7":"product_cat-zestawy-mebli-kuchennych","8":"product_shipping_class-paleta-120cmx80cm","9":"collection-salma","11":"first","12":"instock","13":"shipping-taxable","14":"purchasable","15":"product-type-variable"},"acf":[],"yoast_head":"<!-- This site is optimized with the Yoast SEO plugin v27.6 - https:\/\/yoast.com\/product\/yoast-seo-wordpress\/ -->\n<title>Zestaw mebli kuchennych Salma | bia\u0142y mat, grafit akryl | OKMED<\/title>\n<meta name=\"robots\" content=\"index, follow, max-snippet:-1, max-image-preview:large, max-video-preview:-1\" \/>\n<link rel=\"canonical\" href=\"https:\/\/demkohome.pl\/en\/product\/zestaw-kuchenny-salma\/\" \/>\n<meta property=\"og:locale\" content=\"en_US\" \/>\n<meta property=\"og:type\" content=\"article\" \/>\n<meta property=\"og:title\" content=\"Zestaw mebli kuchennych Salma | bia\u0142y mat, grafit akryl | OKMED\" \/>\n<meta property=\"og:description\" content=\"Zestaw mebli kuchennych Salma \u2013 funkcjonalna kuchnia na wyci\u0105gni\u0119cie r\u0119ki Szukasz pomys\u0142u na niewielk\u0105, ale praktyczn\u0105 kuchni\u0119? Wbrew pozorom jej (...)\" \/>\n<meta property=\"og:url\" content=\"https:\/\/demkohome.pl\/en\/product\/zestaw-kuchenny-salma\/\" \/>\n<meta property=\"og:site_name\" content=\"Demko Home\" \/>\n<meta property=\"article:modified_time\" content=\"2026-05-12T13:26:29+00:00\" \/>\n<meta property=\"og:image\" content=\"https:\/\/demkohome.pl\/wp-content\/uploads\/2023\/08\/Zestaw-mebli-kuchennych-Salma-wariant-bialy-Meble-Okmed-Demko.jpg\" \/>\n\t<meta property=\"og:image:width\" content=\"1600\" \/>\n\t<meta property=\"og:image:height\" content=\"1080\" \/>\n\t<meta property=\"og:image:type\" content=\"image\/jpeg\" \/>\n<meta name=\"twitter:card\" content=\"summary_large_image\" \/>\n<meta name=\"twitter:label1\" content=\"Est. reading time\" \/>\n\t<meta name=\"twitter:data1\" content=\"3 minutes\" \/>\n<script type=\"application\/ld+json\" class=\"yoast-schema-graph\">{\"@context\":\"https:\\\/\\\/schema.org\",\"@graph\":[{\"@type\":\"WebPage\",\"@id\":\"https:\\\/\\\/demkohome.pl\\\/produkt\\\/zestaw-kuchenny-salma\\\/\",\"url\":\"https:\\\/\\\/demkohome.pl\\\/produkt\\\/zestaw-kuchenny-salma\\\/\",\"name\":\"Zestaw mebli kuchennych Salma | bia\u0142y mat, grafit akryl | OKMED\",\"isPartOf\":{\"@id\":\"https:\\\/\\\/demkohome.pl\\\/#website\"},\"primaryImageOfPage\":{\"@id\":\"https:\\\/\\\/demkohome.pl\\\/produkt\\\/zestaw-kuchenny-salma\\\/#primaryimage\"},\"image\":{\"@id\":\"https:\\\/\\\/demkohome.pl\\\/produkt\\\/zestaw-kuchenny-salma\\\/#primaryimage\"},\"thumbnailUrl\":\"https:\\\/\\\/demkohome.pl\\\/wp-content\\\/uploads\\\/2023\\\/08\\\/Zestaw-mebli-kuchennych-Salma-wariant-bialy-Meble-Okmed-Demko.jpg\",\"datePublished\":\"2024-04-20T19:37:17+00:00\",\"dateModified\":\"2026-05-12T13:26:29+00:00\",\"breadcrumb\":{\"@id\":\"https:\\\/\\\/demkohome.pl\\\/produkt\\\/zestaw-kuchenny-salma\\\/#breadcrumb\"},\"inLanguage\":\"en-US\",\"potentialAction\":[{\"@type\":\"ReadAction\",\"target\":[\"https:\\\/\\\/demkohome.pl\\\/produkt\\\/zestaw-kuchenny-salma\\\/\"]}]},{\"@type\":\"ImageObject\",\"inLanguage\":\"en-US\",\"@id\":\"https:\\\/\\\/demkohome.pl\\\/produkt\\\/zestaw-kuchenny-salma\\\/#primaryimage\",\"url\":\"https:\\\/\\\/demkohome.pl\\\/wp-content\\\/uploads\\\/2023\\\/08\\\/Zestaw-mebli-kuchennych-Salma-wariant-bialy-Meble-Okmed-Demko.jpg\",\"contentUrl\":\"https:\\\/\\\/demkohome.pl\\\/wp-content\\\/uploads\\\/2023\\\/08\\\/Zestaw-mebli-kuchennych-Salma-wariant-bialy-Meble-Okmed-Demko.jpg\",\"width\":1600,\"height\":1080,\"caption\":\"Zestaw mebli kuchennych Salma wariant bia\u0142y Meble Okmed Demko\"},{\"@type\":\"BreadcrumbList\",\"@id\":\"https:\\\/\\\/demkohome.pl\\\/produkt\\\/zestaw-kuchenny-salma\\\/#breadcrumb\",\"itemListElement\":[{\"@type\":\"ListItem\",\"position\":1,\"name\":\"Strona g\u0142\u00f3wna\",\"item\":\"https:\\\/\\\/demkohome.pl\\\/\"},{\"@type\":\"ListItem\",\"position\":2,\"name\":\"Sklep\",\"item\":\"https:\\\/\\\/demkohome.pl\\\/sklep\\\/\"},{\"@type\":\"ListItem\",\"position\":3,\"name\":\"Zestaw mebli kuchennych 200 cm Salma\"}]},{\"@type\":\"WebSite\",\"@id\":\"https:\\\/\\\/demkohome.pl\\\/#website\",\"url\":\"https:\\\/\\\/demkohome.pl\\\/\",\"name\":\"Demko Home\",\"description\":\"Make it simple\",\"publisher\":{\"@id\":\"https:\\\/\\\/demkohome.pl\\\/#organization\"},\"potentialAction\":[{\"@type\":\"SearchAction\",\"target\":{\"@type\":\"EntryPoint\",\"urlTemplate\":\"https:\\\/\\\/demkohome.pl\\\/?s={search_term_string}\"},\"query-input\":{\"@type\":\"PropertyValueSpecification\",\"valueRequired\":true,\"valueName\":\"search_term_string\"}}],\"inLanguage\":\"en-US\"},{\"@type\":\"Organization\",\"@id\":\"https:\\\/\\\/demkohome.pl\\\/#organization\",\"name\":\"Demko Home\",\"url\":\"https:\\\/\\\/demkohome.pl\\\/\",\"logo\":{\"@type\":\"ImageObject\",\"inLanguage\":\"en-US\",\"@id\":\"https:\\\/\\\/demkohome.pl\\\/#\\\/schema\\\/logo\\\/image\\\/\",\"url\":\"https:\\\/\\\/demkohome.pl\\\/wp-content\\\/uploads\\\/2026\\\/03\\\/cropped-3.png\",\"contentUrl\":\"https:\\\/\\\/demkohome.pl\\\/wp-content\\\/uploads\\\/2026\\\/03\\\/cropped-3.png\",\"width\":250,\"height\":63,\"caption\":\"Demko Home\"},\"image\":{\"@id\":\"https:\\\/\\\/demkohome.pl\\\/#\\\/schema\\\/logo\\\/image\\\/\"}}]}<\/script>\n<!-- \/ Yoast SEO plugin. -->","yoast_head_json":{"title":"Zestaw mebli kuchennych Salma | bia\u0142y mat, grafit akryl | OKMED","robots":{"index":"index","follow":"follow","max-snippet":"max-snippet:-1","max-image-preview":"max-image-preview:large","max-video-preview":"max-video-preview:-1"},"canonical":"https:\/\/demkohome.pl\/en\/product\/zestaw-kuchenny-salma\/","og_locale":"en_US","og_type":"article","og_title":"Zestaw mebli kuchennych Salma | bia\u0142y mat, grafit akryl | OKMED","og_description":"Zestaw mebli kuchennych Salma \u2013 funkcjonalna kuchnia na wyci\u0105gni\u0119cie r\u0119ki Szukasz pomys\u0142u na niewielk\u0105, ale praktyczn\u0105 kuchni\u0119? Wbrew pozorom jej (...)","og_url":"https:\/\/demkohome.pl\/en\/product\/zestaw-kuchenny-salma\/","og_site_name":"Demko Home","article_modified_time":"2026-05-12T13:26:29+00:00","og_image":[{"width":1600,"height":1080,"url":"https:\/\/demkohome.pl\/wp-content\/uploads\/2023\/08\/Zestaw-mebli-kuchennych-Salma-wariant-bialy-Meble-Okmed-Demko.jpg","type":"image\/jpeg"}],"twitter_card":"summary_large_image","twitter_misc":{"Est. reading time":"3 minutes"},"schema":{"@context":"https:\/\/schema.org","@graph":[{"@type":"WebPage","@id":"https:\/\/demkohome.pl\/produkt\/zestaw-kuchenny-salma\/","url":"https:\/\/demkohome.pl\/produkt\/zestaw-kuchenny-salma\/","name":"Zestaw mebli kuchennych Salma | bia\u0142y mat, grafit akryl | OKMED","isPartOf":{"@id":"https:\/\/demkohome.pl\/#website"},"primaryImageOfPage":{"@id":"https:\/\/demkohome.pl\/produkt\/zestaw-kuchenny-salma\/#primaryimage"},"image":{"@id":"https:\/\/demkohome.pl\/produkt\/zestaw-kuchenny-salma\/#primaryimage"},"thumbnailUrl":"https:\/\/demkohome.pl\/wp-content\/uploads\/2023\/08\/Zestaw-mebli-kuchennych-Salma-wariant-bialy-Meble-Okmed-Demko.jpg","datePublished":"2024-04-20T19:37:17+00:00","dateModified":"2026-05-12T13:26:29+00:00","breadcrumb":{"@id":"https:\/\/demkohome.pl\/produkt\/zestaw-kuchenny-salma\/#breadcrumb"},"inLanguage":"en-US","potentialAction":[{"@type":"ReadAction","target":["https:\/\/demkohome.pl\/produkt\/zestaw-kuchenny-salma\/"]}]},{"@type":"ImageObject","inLanguage":"en-US","@id":"https:\/\/demkohome.pl\/produkt\/zestaw-kuchenny-salma\/#primaryimage","url":"https:\/\/demkohome.pl\/wp-content\/uploads\/2023\/08\/Zestaw-mebli-kuchennych-Salma-wariant-bialy-Meble-Okmed-Demko.jpg","contentUrl":"https:\/\/demkohome.pl\/wp-content\/uploads\/2023\/08\/Zestaw-mebli-kuchennych-Salma-wariant-bialy-Meble-Okmed-Demko.jpg","width":1600,"height":1080,"caption":"Zestaw mebli kuchennych Salma wariant bia\u0142y Meble Okmed Demko"},{"@type":"BreadcrumbList","@id":"https:\/\/demkohome.pl\/produkt\/zestaw-kuchenny-salma\/#breadcrumb","itemListElement":[{"@type":"ListItem","position":1,"name":"Strona g\u0142\u00f3wna","item":"https:\/\/demkohome.pl\/"},{"@type":"ListItem","position":2,"name":"Sklep","item":"https:\/\/demkohome.pl\/sklep\/"},{"@type":"ListItem","position":3,"name":"Zestaw mebli kuchennych 200 cm Salma"}]},{"@type":"WebSite","@id":"https:\/\/demkohome.pl\/#website","url":"https:\/\/demkohome.pl\/","name":"Demko Home","description":"Make it simple","publisher":{"@id":"https:\/\/demkohome.pl\/#organization"},"potentialAction":[{"@type":"SearchAction","target":{"@type":"EntryPoint","urlTemplate":"https:\/\/demkohome.pl\/?s={search_term_string}"},"query-input":{"@type":"PropertyValueSpecification","valueRequired":true,"valueName":"search_term_string"}}],"inLanguage":"en-US"},{"@type":"Organization","@id":"https:\/\/demkohome.pl\/#organization","name":"Demko Home","url":"https:\/\/demkohome.pl\/","logo":{"@type":"ImageObject","inLanguage":"en-US","@id":"https:\/\/demkohome.pl\/#\/schema\/logo\/image\/","url":"https:\/\/demkohome.pl\/wp-content\/uploads\/2026\/03\/cropped-3.png","contentUrl":"https:\/\/demkohome.pl\/wp-content\/uploads\/2026\/03\/cropped-3.png","width":250,"height":63,"caption":"Demko Home"},"image":{"@id":"https:\/\/demkohome.pl\/#\/schema\/logo\/image\/"}}]}},"_links":{"self":[{"href":"https:\/\/demkohome.pl\/en\/wp-json\/wp\/v2\/product\/949","targetHints":{"allow":["GET"]}}],"collection":[{"href":"https:\/\/demkohome.pl\/en\/wp-json\/wp\/v2\/product"}],"about":[{"href":"https:\/\/demkohome.pl\/en\/wp-json\/wp\/v2\/types\/product"}],"replies":[{"embeddable":true,"href":"https:\/\/demkohome.pl\/en\/wp-json\/wp\/v2\/comments?post=949"}],"wp:featuredmedia":[{"embeddable":true,"href":"https:\/\/demkohome.pl\/en\/wp-json\/wp\/v2\/media\/10366"}],"wp:attachment":[{"href":"https:\/\/demkohome.pl\/en\/wp-json\/wp\/v2\/media?parent=949"}],"wp:term":[{"taxonomy":"product_brand","embeddable":true,"href":"https:\/\/demkohome.pl\/en\/wp-json\/wp\/v2\/product_brand?post=949"},{"taxonomy":"product_cat","embeddable":true,"href":"https:\/\/demkohome.pl\/en\/wp-json\/wp\/v2\/product_cat?post=949"},{"taxonomy":"product_tag","embeddable":true,"href":"https:\/\/demkohome.pl\/en\/wp-json\/wp\/v2\/product_tag?post=949"}],"curies":[{"name":"wp","href":"https:\/\/api.w.org\/{rel}","templated":true}]}}